{"id":129,"date":"2019-05-16T15:32:13","date_gmt":"2019-05-16T13:32:13","guid":{"rendered":"https:\/\/svkirchzarten.de\/volleyball\/?page_id=129"},"modified":"2024-06-11T12:17:16","modified_gmt":"2024-06-11T10:17:16","slug":"sponsoring","status":"publish","type":"page","link":"https:\/\/svkirchzarten.de\/volleyball\/sponsoring\/","title":{"rendered":"Sponsoring"},"content":{"rendered":"[vc_row type=&#8220;in_container&#8220; full_screen_row_position=&#8220;middle&#8220; column_margin=&#8220;default&#8220; column_direction=&#8220;default&#8220; column_direction_tablet=&#8220;default&#8220; column_direction_phone=&#8220;default&#8220; scene_position=&#8220;center&#8220; text_color=&#8220;dark&#8220; text_align=&#8220;left&#8220; row_border_radius=&#8220;none&#8220; row_border_radius_applies=&#8220;bg&#8220; overflow=&#8220;visible&#8220; overlay_strength=&#8220;0.3&#8243; gradient_direction=&#8220;left_to_right&#8220; shape_divider_position=&#8220;bottom&#8220; bg_image_animation=&#8220;none&#8220;][vc_column column_padding=&#8220;no-extra-padding&#8220; column_padding_tablet=&#8220;inherit&#8220; column_padding_phone=&#8220;inherit&#8220; column_padding_position=&#8220;all&#8220; column_element_direction_desktop=&#8220;default&#8220; column_element_spacing=&#8220;default&#8220; desktop_text_alignment=&#8220;default&#8220; tablet_text_alignment=&#8220;default&#8220; phone_text_alignment=&#8220;default&#8220; background_color_opacity=&#8220;1&#8243; background_hover_color_opacity=&#8220;1&#8243; column_backdrop_filter=&#8220;none&#8220; column_shadow=&#8220;none&#8220; column_border_radius=&#8220;none&#8220; column_link_target=&#8220;_self&#8220; column_position=&#8220;default&#8220; gradient_direction=&#8220;left_to_right&#8220; overlay_strength=&#8220;0.3&#8243; width=&#8220;2\/3&#8243; tablet_width_inherit=&#8220;default&#8220; animation_type=&#8220;default&#8220; bg_image_animation=&#8220;none&#8220; border_type=&#8220;simple&#8220; column_border_width=&#8220;none&#8220; column_border_style=&#8220;solid&#8220;][vc_column_text]\n<h2>Werde Sponsor und unterst\u00fctze unsere Jugendarbeit!<\/h2>\n<p>&#8222;Sorge gut f\u00fcr deinen K\u00f6rper. Es ist der einzige Ort, den du zum Leben hast&#8220; (Zitat: Jim Rohn; Motivationstrainer)<\/p>\n<p>Sport und Gesundheit sind eng miteinander verkn\u00fcpft: Wer regelm\u00e4\u00dfig Sport treibt, tut Gutes f\u00fcr seine Gesundheit und h\u00e4lt sich nicht nur fit, sondern auch jung (vgl. Deutsches \u00c4rzteblatt).<br \/>\nUmso wichtiger ist es, dass Kinder und Jugendliche schon in sehr jungen Jahren mit dem Sport treiben anfangen, statt sich nach und nach in der digitalen Welt des Internets zu verirren.<\/p>\n<p>Mit unseren Sportangeboten f\u00fcr Jugend- und Aktivenbereich, decken wir dabei nicht nur die sportlichen F\u00e4higkeiten ab, sondern leben auch wichtige soziale Kompetenzen.<br \/>\nAu\u00dferdem ziehen wir gerne eigene Jugendspieler in die Verantwortung, fr\u00fch selbst j\u00fcngeren Kindern Training zu geben. So profitieren die ganz Kleinen durch einen jungen Trainer und unsere Jugendlichen k\u00f6nnen sich sowohl was dazu verdienen, als auch ihre eigenen Kompetenzen weiterentwickeln.<\/p>\n<p>Wenn Du unsere (Jugend-)Arbeit unterst\u00fctzen m\u00f6chtest, darfst du das gerne mit einer Spende oder Mitarbeit in unserer Abteilung tun.<br \/>\nBei Fragen stehen wir jederzeit zur Verf\u00fcgung.<\/p>\n<p>Eure Volleyball Abteilung.[\/vc_column_text]<style id=\"wpforms-css-vars-906\">\n\t\t\t\t#wpforms-906 {\n\t\t\t\t--wpforms-container-padding: 0px;\n--wpforms-container-border-width: 1px;\n--wpforms-container-border-radius: 3px;\n--wpforms-background-color: rgba(0, 0, 0, 0);\n--wpforms-field-size-input-height: 43px;\n--wpforms-field-size-input-spacing: 15px;\n--wpforms-field-size-font-size: 16px;\n--wpforms-field-size-line-height: 19px;\n--wpforms-field-size-padding-h: 14px;\n--wpforms-field-size-checkbox-size: 16px;\n--wpforms-field-size-sublabel-spacing: 5px;\n--wpforms-field-size-icon-size: 1;\n--wpforms-label-size-font-size: 16px;\n--wpforms-label-size-line-height: 19px;\n--wpforms-label-size-sublabel-font-size: 14px;\n--wpforms-label-size-sublabel-line-height: 17px;\n--wpforms-button-size-font-size: 17px;\n--wpforms-button-size-height: 41px;\n--wpforms-button-size-padding-h: 15px;\n--wpforms-button-size-margin-top: 10px;\n--wpforms-container-shadow-size-box-shadow: none;\n\t\t\t}\n\t\t\t<\/style><div class=\"wpforms-container wpforms-container-full wpforms-render-modern\" id=\"wpforms-906\"><form id=\"wpforms-form-906\" class=\"wpforms-validate wpforms-form wpforms-ajax-form\" data-formid=\"906\" method=\"post\" enctype=\"multipart\/form-data\" action=\"\/volleyball\/wp-json\/wp\/v2\/pages\/129\" data-token=\"a02354a5cbb4cc7f68dea1cfadf0d433\" data-token-time=\"1778864120\"><noscript class=\"wpforms-error-noscript\">Bitte aktiviere JavaScript in deinem Browser, um dieses Formular fertigzustellen.<\/noscript><div id=\"wpforms-error-noscript\" style=\"display: none;\">Bitte aktiviere JavaScript in deinem Browser, um dieses Formular fertigzustellen.<\/div><div class=\"wpforms-field-container\"><div id=\"wpforms-906-field_1-container\" class=\"wpforms-field wpforms-field-name\" data-field-id=\"1\"><fieldset><legend class=\"wpforms-field-label\">Name <span class=\"wpforms-required-label\" aria-hidden=\"true\">*<\/span><\/legend><div class=\"wpforms-field-row wpforms-field-medium\"><div class=\"wpforms-field-row-block wpforms-first wpforms-one-half\"><input type=\"text\" id=\"wpforms-906-field_1\" class=\"wpforms-field-name-first wpforms-field-required\" name=\"wpforms[fields][1][first]\" aria-errormessage=\"wpforms-906-field_1-error\" required><label for=\"wpforms-906-field_1\" class=\"wpforms-field-sublabel after\">Vorname<\/label><\/div><div class=\"wpforms-field-row-block wpforms-one-half\"><input type=\"text\" id=\"wpforms-906-field_1-last\" class=\"wpforms-field-name-last wpforms-field-required\" name=\"wpforms[fields][1][last]\" aria-errormessage=\"wpforms-906-field_1-last-error\" required><label for=\"wpforms-906-field_1-last\" class=\"wpforms-field-sublabel after\">Nachname<\/label><\/div><\/div><\/fieldset><\/div><div id=\"wpforms-906-field_3-container\" class=\"wpforms-field wpforms-field-email\" data-field-id=\"3\"><label class=\"wpforms-field-label\" for=\"wpforms-906-field_3\">E-Mail-Adresse <span class=\"wpforms-required-label\" aria-hidden=\"true\">*<\/span><\/label><input type=\"email\" id=\"wpforms-906-field_3\" class=\"wpforms-field-medium wpforms-field-required\" name=\"wpforms[fields][3]\" spellcheck=\"false\" aria-errormessage=\"wpforms-906-field_3-error\" required><\/div><div id=\"wpforms-906-field_5-container\" class=\"wpforms-field wpforms-field-text\" data-field-id=\"5\"><label class=\"wpforms-field-label\" for=\"wpforms-906-field_5\">Telefonnummer <span class=\"wpforms-required-label\" aria-hidden=\"true\">*<\/span><\/label><input type=\"text\" id=\"wpforms-906-field_5\" class=\"wpforms-field-medium wpforms-field-required\" name=\"wpforms[fields][5]\" aria-errormessage=\"wpforms-906-field_5-error\" required><\/div>\t\t<div id=\"wpforms-906-field_2-container\"\n\t\t\tclass=\"wpforms-field wpforms-field-text\"\n\t\t\tdata-field-type=\"text\"\n\t\t\tdata-field-id=\"2\"\n\t\t\t>\n\t\t\t<label class=\"wpforms-field-label\" for=\"wpforms-906-field_2\" >Name Sonstige Firma<\/label>\n\t\t\t<input type=\"text\" id=\"wpforms-906-field_2\" class=\"wpforms-field-medium\" name=\"wpforms[fields][2]\" >\n\t\t<\/div>\n\t\t<div id=\"wpforms-906-field_6-container\" class=\"wpforms-field wpforms-field-text\" data-field-id=\"6\"><label class=\"wpforms-field-label\" for=\"wpforms-906-field_6\">Firma<\/label><input type=\"text\" id=\"wpforms-906-field_6\" class=\"wpforms-field-medium\" name=\"wpforms[fields][6]\" aria-errormessage=\"wpforms-906-field_6-error\" ><\/div><div id=\"wpforms-906-field_4-container\" class=\"wpforms-field wpforms-field-textarea\" data-field-id=\"4\"><label class=\"wpforms-field-label\" for=\"wpforms-906-field_4\">Sonstige Anmerkungen<\/label><textarea id=\"wpforms-906-field_4\" class=\"wpforms-field-medium\" name=\"wpforms[fields][4]\" aria-errormessage=\"wpforms-906-field_4-error\" ><\/textarea><\/div><div id=\"wpforms-906-field_9-container\" class=\"wpforms-field wpforms-field-gdpr-checkbox\" data-field-id=\"9\"><label class=\"wpforms-field-label\">DSGVO-Einverst\u00e4ndnis <span class=\"wpforms-required-label\" aria-hidden=\"true\">*<\/span><\/label><ul id=\"wpforms-906-field_9\" class=\"wpforms-field-required\"><li class=\"choice-1\"><input type=\"checkbox\" id=\"wpforms-906-field_9_1\" name=\"wpforms[fields][9][]\" value=\"Ich akzeptiere die &lt;a href=&quot;https:\/\/svkirchzarten.de\/datenschutz\/&quot; target=&quot;_blank&quot;&gt;Datenschutzbedingungen&lt;\/a&gt; des SV Kirchzarten e.V.\" aria-errormessage=\"wpforms-906-field_9_1-error\" required ><label class=\"wpforms-field-label-inline\" for=\"wpforms-906-field_9_1\">Ich akzeptiere die <a href=\"https:\/\/svkirchzarten.de\/datenschutz\/\" target=\"_blank\">Datenschutzbedingungen<\/a> des SV Kirchzarten e.V.<\/label><\/li><\/ul><\/div><script>\n\t\t\t\t( function() {\n\t\t\t\t\tconst style = document.createElement( 'style' );\n\t\t\t\t\tstyle.appendChild( document.createTextNode( '#wpforms-906-field_2-container { position: absolute !important; overflow: hidden !important; display: inline !important; height: 1px !important; width: 1px !important; z-index: -1000 !important; padding: 0 !important; } #wpforms-906-field_2-container input { visibility: hidden; } #wpforms-conversational-form-page #wpforms-906-field_2-container label { counter-increment: none; }' ) );\n\t\t\t\t\tdocument.head.appendChild( style );\n\t\t\t\t\tdocument.currentScript?.remove();\n\t\t\t\t} )();\n\t\t\t<\/script><\/div><!-- .wpforms-field-container --><div class=\"wpforms-submit-container\" ><input type=\"hidden\" name=\"wpforms[id]\" value=\"906\"><input type=\"hidden\" name=\"page_title\" value=\"\"><input type=\"hidden\" name=\"page_url\" value=\"https:\/\/svkirchzarten.de\/volleyball\/wp-json\/wp\/v2\/pages\/129\"><input type=\"hidden\" name=\"url_referer\" value=\"\"><button type=\"submit\" name=\"wpforms[submit]\" id=\"wpforms-submit-906\" class=\"wpforms-submit\" data-alt-text=\"Wird gesendet\u00a0\u2026\" data-submit-text=\"Absenden\" aria-live=\"assertive\" value=\"wpforms-submit\">Absenden<\/button><img loading=\"lazy\" decoding=\"async\" src=\"https:\/\/svkirchzarten.de\/volleyball\/wp-content\/plugins\/wpforms-lite\/assets\/images\/submit-spin.svg\" class=\"wpforms-submit-spinner\" style=\"display: none;\" width=\"26\" height=\"26\" alt=\"Wird geladen\"><\/div><\/form><\/div>  <!-- .wpforms-container -->[\/vc_column][vc_column column_padding=&#8220;no-extra-padding&#8220; column_padding_tablet=&#8220;inherit&#8220; column_padding_phone=&#8220;inherit&#8220; column_padding_position=&#8220;all&#8220; column_element_direction_desktop=&#8220;default&#8220; column_element_spacing=&#8220;default&#8220; desktop_text_alignment=&#8220;default&#8220; tablet_text_alignment=&#8220;default&#8220; phone_text_alignment=&#8220;default&#8220; background_color_opacity=&#8220;1&#8243; background_hover_color_opacity=&#8220;1&#8243; column_backdrop_filter=&#8220;none&#8220; column_shadow=&#8220;none&#8220; column_border_radius=&#8220;none&#8220; column_link_target=&#8220;_self&#8220; column_position=&#8220;default&#8220; gradient_direction=&#8220;left_to_right&#8220; overlay_strength=&#8220;0.3&#8243; width=&#8220;1\/3&#8243; tablet_width_inherit=&#8220;default&#8220; animation_type=&#8220;default&#8220; bg_image_animation=&#8220;none&#8220; border_type=&#8220;simple&#8220; column_border_width=&#8220;none&#8220; column_border_style=&#8220;solid&#8220;][nectar_btn size=&#8220;small&#8220; button_style=&#8220;regular&#8220; button_color_2=&#8220;Accent-Color&#8220; icon_family=&#8220;none&#8220; text=&#8220;Ansprechpartner&#8220; url=&#8220;\/volleyball\/ansprechpartner\/&#8220;][\/vc_column][\/vc_row]\n","protected":false},"excerpt":{"rendered":"<p>[vc_row type=&#8220;in_container&#8220; full_screen_row_position=&#8220;middle&#8220; column_margin=&#8220;default&#8220; column_direction=&#8220;default&#8220; column_direction_tablet=&#8220;default&#8220; column_direction_phone=&#8220;default&#8220; scene_position=&#8220;center&#8220; text_color=&#8220;dark&#8220; text_align=&#8220;left&#8220;&#8230;<\/p>\n","protected":false},"author":14,"featured_media":0,"parent":0,"menu_order":0,"comment_status":"closed","ping_status":"closed","template":"","meta":{"footnotes":""},"class_list":["post-129","page","type-page","status-publish"],"publishpress_future_action":{"enabled":false,"date":"2026-05-22 18:55:20","action":"change-status","newStatus":"draft","terms":[],"taxonomy":"","extraData":[]},"publishpress_future_workflow_manual_trigger":{"enabledWorkflows":[]},"_links":{"self":[{"href":"https:\/\/svkirchzarten.de\/volleyball\/wp-json\/wp\/v2\/pages\/129","targetHints":{"allow":["GET"]}}],"collection":[{"href":"https:\/\/svkirchzarten.de\/volleyball\/wp-json\/wp\/v2\/pages"}],"about":[{"href":"https:\/\/svkirchzarten.de\/volleyball\/wp-json\/wp\/v2\/types\/page"}],"author":[{"embeddable":true,"href":"https:\/\/svkirchzarten.de\/volleyball\/wp-json\/wp\/v2\/users\/14"}],"replies":[{"embeddable":true,"href":"https:\/\/svkirchzarten.de\/volleyball\/wp-json\/wp\/v2\/comments?post=129"}],"version-history":[{"count":0,"href":"https:\/\/svkirchzarten.de\/volleyball\/wp-json\/wp\/v2\/pages\/129\/revisions"}],"wp:attachment":[{"href":"https:\/\/svkirchzarten.de\/volleyball\/wp-json\/wp\/v2\/media?parent=129"}],"curies":[{"name":"wp","href":"https:\/\/api.w.org\/{rel}","templated":true}]}}