{"id":478,"date":"2025-01-14T13:48:04","date_gmt":"2025-01-14T12:48:04","guid":{"rendered":"https:\/\/svkirchzarten.de\/triathlon\/?page_id=478"},"modified":"2026-01-23T12:16:51","modified_gmt":"2026-01-23T11:16:51","slug":"svk-ft-cross-triathlon","status":"publish","type":"page","link":"https:\/\/svkirchzarten.de\/triathlon\/svk-ft-cross-triathlon\/","title":{"rendered":"SVK &amp; FT Cross Triathlon"},"content":{"rendered":"[vc_row type=&#8220;in_container&#8220; full_screen_row_position=&#8220;middle&#8220; column_margin=&#8220;default&#8220; column_direction=&#8220;default&#8220; column_direction_tablet=&#8220;default&#8220; column_direction_phone=&#8220;default&#8220; scene_position=&#8220;center&#8220; text_color=&#8220;dark&#8220; text_align=&#8220;left&#8220; row_border_radius=&#8220;none&#8220; row_border_radius_applies=&#8220;bg&#8220; row_position_desktop=&#8220;default&#8220; row_position_tablet=&#8220;inherit&#8220; row_position_phone=&#8220;inherit&#8220; overflow=&#8220;visible&#8220; overlay_strength=&#8220;0.3&#8243; gradient_direction=&#8220;left_to_right&#8220; shape_divider_position=&#8220;bottom&#8220; bg_image_animation=&#8220;none&#8220;][vc_column column_padding=&#8220;no-extra-padding&#8220; column_padding_tablet=&#8220;inherit&#8220; column_padding_phone=&#8220;inherit&#8220; column_padding_position=&#8220;all&#8220; flex_gap_desktop=&#8220;10px&#8220; column_element_direction_desktop=&#8220;default&#8220; column_element_spacing=&#8220;default&#8220; desktop_text_alignment=&#8220;default&#8220; tablet_text_alignment=&#8220;default&#8220; phone_text_alignment=&#8220;default&#8220; background_color_opacity=&#8220;1&#8243; background_hover_color_opacity=&#8220;1&#8243; column_backdrop_filter=&#8220;none&#8220; column_shadow=&#8220;none&#8220; column_border_radius=&#8220;none&#8220; column_link_target=&#8220;_self&#8220; column_position=&#8220;default&#8220; gradient_direction=&#8220;left_to_right&#8220; overlay_strength=&#8220;0.3&#8243; width=&#8220;1\/1&#8243; tablet_width_inherit=&#8220;default&#8220; animation_type=&#8220;default&#8220; bg_image_animation=&#8220;none&#8220; border_type=&#8220;simple&#8220; column_border_width=&#8220;none&#8220; column_border_style=&#8220;solid&#8220;][vc_column_text css=&#8220;&#8220; text_direction=&#8220;default&#8220;]\n<h2 style=\"font-weight: 400\"><strong><img loading=\"lazy\" decoding=\"async\" class=\"alignnone size-large wp-image-632\" src=\"https:\/\/svkirchzarten.de\/triathlon\/wp-content\/uploads\/sites\/13\/2026\/01\/Gemini_Generated_Image_veq2a3veq2a3veq2-1024x535.png\" alt=\"\" width=\"1024\" height=\"535\" srcset=\"https:\/\/svkirchzarten.de\/triathlon\/wp-content\/uploads\/sites\/13\/2026\/01\/Gemini_Generated_Image_veq2a3veq2a3veq2-1024x535.png 1024w, https:\/\/svkirchzarten.de\/triathlon\/wp-content\/uploads\/sites\/13\/2026\/01\/Gemini_Generated_Image_veq2a3veq2a3veq2-300x157.png 300w, https:\/\/svkirchzarten.de\/triathlon\/wp-content\/uploads\/sites\/13\/2026\/01\/Gemini_Generated_Image_veq2a3veq2a3veq2-768x401.png 768w, https:\/\/svkirchzarten.de\/triathlon\/wp-content\/uploads\/sites\/13\/2026\/01\/Gemini_Generated_Image_veq2a3veq2a3veq2-280x146.png 280w, https:\/\/svkirchzarten.de\/triathlon\/wp-content\/uploads\/sites\/13\/2026\/01\/Gemini_Generated_Image_veq2a3veq2a3veq2.png 1408w\" sizes=\"auto, (max-width: 1024px) 100vw, 1024px\" \/><\/strong><\/h2>\n<h2 style=\"font-weight: 400\"><strong>SVK-FT Crosstriathlon \u2013 Einzel<\/strong><\/h2>\n<h3 style=\"font-weight: 400\">32. Cross- Triathlon SVK + FT 1844 am Samstag, 25. April 2026<br \/>\n750 m Schwimmen, 17.7 km Rad (460hm) und 7.7 km Trailrun (160hm)<\/h3>\n<h2 style=\"font-weight: 400\"><strong>Anmeldung<\/strong><\/h2>\n<h3 style=\"font-weight: 400\"><a href=\"https:\/\/widgets.yolawo.de\/w\/0\/bookables\/6973565494491d5e66aa14d8\">Anmeldung bitte hier \u00fcber Yolawo<\/a><\/h3>\n<h4><strong>Zeitplan<\/strong><\/h4>\n<table style=\"font-weight: 400\">\n<tbody>\n<tr>\n<td width=\"113\"><strong>Zeit<\/strong><\/td>\n<td width=\"236\"><strong>Ereignis<\/strong><\/td>\n<td width=\"252\"><strong>Ort<\/strong><\/td>\n<\/tr>\n<tr>\n<td width=\"113\">08.00 Uhr<\/td>\n<td width=\"236\">Check-In und Abholung der Startnummern<\/td>\n<td width=\"252\">FT Schwimmbad Eingang<\/td>\n<\/tr>\n<tr>\n<td width=\"113\">9.00 Uhr<\/td>\n<td width=\"236\">Schwimmen<\/td>\n<td width=\"252\">FT Schwimmbad 25m Becken<\/td>\n<\/tr>\n<tr>\n<td width=\"113\">Ca. 12.00 Uhr<\/td>\n<td width=\"236\">Start Rad &amp; Laufen<\/td>\n<td width=\"252\">Ochsenkarrenspielplatz<\/td>\n<\/tr>\n<tr>\n<td width=\"113\">Ca. 15.00 Uhr<\/td>\n<td width=\"236\">Siegerehrung alle Klassen<\/td>\n<td width=\"252\">Ochsenkarrenspielplatz<\/td>\n<\/tr>\n<\/tbody>\n<\/table>\n<p style=\"font-weight: 400\"><strong>\u00a0<\/strong><\/p>\n<h2 style=\"font-weight: 400\"><strong>Schwimmen im FT Hallenbad<\/strong><\/h2>\n<p style=\"font-weight: 400\"><strong>Ort:<\/strong> Schwimmbad der Freiburger Turnerschaft, Schwarzwaldstr. 181, 79117 Freiburg<\/p>\n<p style=\"font-weight: 400\">Das Schwimmen erfolgt ohne Neoprenanzug in drei bis vier Gruppen mit jeweils etwa 10 Personen. Mindestens zwei Personen nutzen parallel eine 25-Meter-Bahn. Nach dem Schwimmen gibt es eine Pause zum Abtrocknen und Anziehen warmer Kleidung.<\/p>\n<h2 style=\"font-weight: 400\"><strong>Mountainbike rund um den Rosskopf<\/strong><\/h2>\n<p style=\"font-weight: 400\"><strong>Ort: <\/strong>Ochsenkarrenspielplatz, Kart\u00e4userstra\u00dfe 151, 79104 Freiburg im Breisgau (5 Minuten mit dem Rad und 15 Minuten zu Fu\u00df)<\/p>\n<p style=\"font-weight: 400\">Das Radrennen beginnt als Jagdstart. Der schnellste Schwimmer startet zuerst mit dem Vorsprung, den er herausgeschwommen hat. Dieses System gilt f\u00fcr alle Teilnehmer.<br \/>\nDas Rennen findet ausschlie\u00dflich auf mindestens 3 m breiten Waldwegen statt. Der Kurs verl\u00e4uft \u00fcber eine Runde um den Ro\u00dfkopf-Ochsenlager. Die Wege sind markiert aber nicht f\u00fcr den \u00f6ffentlichen Verkehr gesperrt. Erlaubt sind MTB&#8217;s und Cross-\/Gravelbikes, empfohlen. Es besteht Helmpflicht! Jeder Teilnehmer haftet f\u00fcr sich selbst! Wir bitten euch auf der Radstrecke \u00e4u\u00dferst r\u00fccksichtsvoll zu fahren!<\/p>\n<p style=\"font-weight: 400\">Streckenplan bei Strava:<br \/>\nBike: <a href=\"https:\/\/www.strava.com\/routes\/3212720602822977308\">https:\/\/www.strava.com\/routes\/3212720602822977308<\/a><\/p>\n<h2 style=\"font-weight: 400\"><strong>Wechselzone<\/strong><\/h2>\n<p style=\"font-weight: 400\">Der Wechsel zum Lauf wird ohne Anhalten der Uhr vollzogen. Die Wechselzone wird mit rotem Band eingez\u00e4unt sein und Helfer werden Euch die R\u00e4der abnehmen, damit ihr gleich auf die Laufstrecke gehen k\u00f6nnt.<\/p>\n<h2 style=\"font-weight: 400\"><strong>Crosslauf zum Kanonenplatz<\/strong><\/h2>\n<p style=\"font-weight: 400\">Nach dem Wechsel vom Rad wird ohne Pause weitergemacht. Gelaufen wird auf einer Wendepunktstrecke am Katholikentagskreuz vorbei zum Kanonenplatz. S\u00e4mtliche Strecken sind mit S\u00e4gesp\u00e4nen und rotem Band markiert. Bitte schaut euch nochmal den Track genau an.<\/p>\n<p style=\"font-weight: 400\">Streckenplan bei Strava:<br \/>\nRun: <a href=\"https:\/\/www.strava.com\/routes\/3212742728398301980\">https:\/\/www.strava.com\/routes\/3212742728398301980<\/a><\/p>\n<h2><strong>Regularien Einzelstarter und Staffel<\/strong><\/h2>\n<p style=\"font-weight: 400\">Bitte beachtet, dass das Ziel zwei Stunden nach dem Radstart geschlossen wird und die offizielle Zeitnahme dann endet. Ihr k\u00f6nnt nat\u00fcrlich das Rennen noch selbstst\u00e4ndig beenden. Teilnehmerlimit: 40 Einzelstarter und 15 Staffeln!<\/p>\n<p style=\"font-weight: 400\">Einzel: Es gibt eine Wertung f\u00fcr Damen und Herren<br \/>\nStaffeln: Es k\u00f6nnen 2er oder 3er Teams gebildet werden.<\/p>\n<h2 style=\"font-weight: 400\"><strong>Anmeldegeb\u00fchren<\/strong><\/h2>\n<p style=\"font-weight: 400\">Bis zum 28.02.2025<br \/>\nEinzelstarter 30 Euro<\/p>\n<p style=\"font-weight: 400\">Ab dem 1.03.2025<br \/>\nEinzelstarter 35 Euro<\/p>\n<h2 style=\"font-weight: 400\"><strong>Zielverpflegung<\/strong><\/h2>\n<p style=\"font-weight: 400\">Wie letztes Jahr werden wir wieder alkoholfreie Getr\u00e4nke (Radler, Bier und Wasser), s\u00fc\u00dfes und salziges Geb\u00e4ck sowie Fr\u00fcchte kostelos anbieten.<\/p>\n<h2 style=\"font-weight: 400\"><strong>Fragen?<\/strong><\/h2>\n<p style=\"font-weight: 400\">Bitte wende dich direkt an:<br \/>\nMark Frischknecht, Am Heidengraben 9, 79199 Kirchzarten, Mobil 0160\/90432579 , <a href=\"mailto:tri@svkirchzarten.de\">tri@svkirchzarten.de<\/a><\/p>\n<p style=\"font-weight: 400\">Wir w\u00fcnschen Euch viel Erfolg und Spa\u00df beim Wettkampf!<\/p>\n<h2 style=\"font-weight: 400\"><strong>Anmeldung<\/strong><\/h2>\n<h3><a href=\"https:\/\/widgets.yolawo.de\/w\/0\/bookables\/6973565494491d5e66aa14d8\">Anmeldung bitte hier \u00fcber Yolawo<\/a><\/h3>\n<p>&nbsp;<\/p>\n<h2>Impressionen &amp; Ergebnis Wettkampf 2024<\/h2>\n<iframe loading=\"lazy\"  id=\"_ytid_72652\"  width=\"1080\" height=\"608\"  data-origwidth=\"1080\" data-origheight=\"608\" src=\"https:\/\/www.youtube.com\/embed\/A21Zj8atpRk?enablejsapi=1&autoplay=0&cc_load_policy=0&cc_lang_pref=&iv_load_policy=1&loop=0&rel=1&fs=1&playsinline=0&autohide=2&theme=dark&color=red&controls=1&disablekb=0&\" class=\"__youtube_prefs__  no-lazyload\" title=\"YouTube player\"  allow=\"fullscreen; accelerometer; autoplay; clipboard-write; encrypted-media; gyroscope; picture-in-picture; web-share\" referrerpolicy=\"strict-origin-when-cross-origin\" allowfullscreen data-no-lazy=\"1\" data-skipgform_ajax_framebjll=\"\"><\/iframe>\n(c) Jochen Haupt<\/p>\n<p><a href=\"https:\/\/svkirchzarten.de\/triathlon\/2024\/04\/13\/ergebnisse-30-svk-ft-cross-triathlon-2024\">Ergebnisse 2024<\/a>[\/vc_column_text][\/vc_column][\/vc_row]\n","protected":false},"excerpt":{"rendered":"<p>[vc_row type=&#8220;in_container&#8220; full_screen_row_position=&#8220;middle&#8220; column_margin=&#8220;default&#8220; column_direction=&#8220;default&#8220; column_direction_tablet=&#8220;default&#8220; column_direction_phone=&#8220;default&#8220; scene_position=&#8220;center&#8220; text_color=&#8220;dark&#8220; text_align=&#8220;left&#8220;&#8230;<\/p>\n","protected":false},"author":24,"featured_media":0,"parent":0,"menu_order":0,"comment_status":"closed","ping_status":"closed","template":"","meta":{"footnotes":""},"class_list":["post-478","page","type-page","status-publish"],"yoast_head":"<!-- This site is optimized with the Yoast SEO plugin v27.4 - https:\/\/yoast.com\/product\/yoast-seo-wordpress\/ -->\n<title>SVK &amp; FT Cross Triathlon | Triathlon<\/title>\n<meta name=\"robots\" content=\"index, follow, max-snippet:-1, max-image-preview:large, max-video-preview:-1\" \/>\n<link rel=\"canonical\" href=\"https:\/\/svkirchzarten.de\/triathlon\/svk-ft-cross-triathlon\/\" \/>\n<meta property=\"og:locale\" content=\"de_DE\" \/>\n<meta property=\"og:type\" content=\"article\" \/>\n<meta property=\"og:title\" content=\"SVK &amp; FT Cross Triathlon | Triathlon\" \/>\n<meta property=\"og:description\" content=\"[vc_row type=&#8220;in_container&#8220; full_screen_row_position=&#8220;middle&#8220; column_margin=&#8220;default&#8220; column_direction=&#8220;default&#8220; column_direction_tablet=&#8220;default&#8220; column_direction_phone=&#8220;default&#8220; scene_position=&#8220;center&#8220; text_color=&#8220;dark&#8220; text_align=&#8220;left&#8220;...\" \/>\n<meta property=\"og:url\" content=\"https:\/\/svkirchzarten.de\/triathlon\/svk-ft-cross-triathlon\/\" \/>\n<meta property=\"og:site_name\" content=\"Triathlon\" \/>\n<meta property=\"article:modified_time\" content=\"2026-01-23T11:16:51+00:00\" \/>\n<meta property=\"og:image\" content=\"https:\/\/svkirchzarten.de\/triathlon\/wp-content\/uploads\/sites\/13\/2026\/01\/Gemini_Generated_Image_veq2a3veq2a3veq2.png\" \/>\n\t<meta property=\"og:image:width\" content=\"1408\" \/>\n\t<meta property=\"og:image:height\" content=\"736\" \/>\n\t<meta property=\"og:image:type\" content=\"image\/png\" \/>\n<meta name=\"twitter:card\" content=\"summary_large_image\" \/>\n<meta name=\"twitter:label1\" content=\"Gesch\u00e4tzte Lesezeit\" \/>\n\t<meta name=\"twitter:data1\" content=\"3\u00a0Minuten\" \/>\n<script type=\"application\/ld+json\" class=\"yoast-schema-graph\">{\"@context\":\"https:\\\/\\\/schema.org\",\"@graph\":[{\"@type\":\"WebPage\",\"@id\":\"https:\\\/\\\/svkirchzarten.de\\\/triathlon\\\/svk-ft-cross-triathlon\\\/\",\"url\":\"https:\\\/\\\/svkirchzarten.de\\\/triathlon\\\/svk-ft-cross-triathlon\\\/\",\"name\":\"SVK &amp; FT Cross Triathlon | Triathlon\",\"isPartOf\":{\"@id\":\"https:\\\/\\\/svkirchzarten.de\\\/triathlon\\\/#website\"},\"primaryImageOfPage\":{\"@id\":\"https:\\\/\\\/svkirchzarten.de\\\/triathlon\\\/svk-ft-cross-triathlon\\\/#primaryimage\"},\"image\":{\"@id\":\"https:\\\/\\\/svkirchzarten.de\\\/triathlon\\\/svk-ft-cross-triathlon\\\/#primaryimage\"},\"thumbnailUrl\":\"https:\\\/\\\/svkirchzarten.de\\\/triathlon\\\/wp-content\\\/uploads\\\/sites\\\/13\\\/2026\\\/01\\\/Gemini_Generated_Image_veq2a3veq2a3veq2-1024x535.png\",\"datePublished\":\"2025-01-14T12:48:04+00:00\",\"dateModified\":\"2026-01-23T11:16:51+00:00\",\"breadcrumb\":{\"@id\":\"https:\\\/\\\/svkirchzarten.de\\\/triathlon\\\/svk-ft-cross-triathlon\\\/#breadcrumb\"},\"inLanguage\":\"de\",\"potentialAction\":[{\"@type\":\"ReadAction\",\"target\":[\"https:\\\/\\\/svkirchzarten.de\\\/triathlon\\\/svk-ft-cross-triathlon\\\/\"]}]},{\"@type\":\"ImageObject\",\"inLanguage\":\"de\",\"@id\":\"https:\\\/\\\/svkirchzarten.de\\\/triathlon\\\/svk-ft-cross-triathlon\\\/#primaryimage\",\"url\":\"https:\\\/\\\/svkirchzarten.de\\\/triathlon\\\/wp-content\\\/uploads\\\/sites\\\/13\\\/2026\\\/01\\\/Gemini_Generated_Image_veq2a3veq2a3veq2.png\",\"contentUrl\":\"https:\\\/\\\/svkirchzarten.de\\\/triathlon\\\/wp-content\\\/uploads\\\/sites\\\/13\\\/2026\\\/01\\\/Gemini_Generated_Image_veq2a3veq2a3veq2.png\",\"width\":1408,\"height\":736},{\"@type\":\"BreadcrumbList\",\"@id\":\"https:\\\/\\\/svkirchzarten.de\\\/triathlon\\\/svk-ft-cross-triathlon\\\/#breadcrumb\",\"itemListElement\":[{\"@type\":\"ListItem\",\"position\":1,\"name\":\"SV Kirchzarten\",\"item\":\"https:\\\/\\\/svkirchzarten.de\\\/triathlon\\\/\"},{\"@type\":\"ListItem\",\"position\":2,\"name\":\"SVK &amp; FT Cross Triathlon\"}]},{\"@type\":\"WebSite\",\"@id\":\"https:\\\/\\\/svkirchzarten.de\\\/triathlon\\\/#website\",\"url\":\"https:\\\/\\\/svkirchzarten.de\\\/triathlon\\\/\",\"name\":\"Triathlon\",\"description\":\"Triathlon und Lauftreff\",\"alternateName\":\"SV Kirchzarten Triathlon\",\"potentialAction\":[{\"@type\":\"SearchAction\",\"target\":{\"@type\":\"EntryPoint\",\"urlTemplate\":\"https:\\\/\\\/svkirchzarten.de\\\/triathlon\\\/?s={search_term_string}\"},\"query-input\":{\"@type\":\"PropertyValueSpecification\",\"valueRequired\":true,\"valueName\":\"search_term_string\"}}],\"inLanguage\":\"de\"}]}<\/script>\n<!-- \/ Yoast SEO plugin. -->","yoast_head_json":{"title":"SVK &amp; FT Cross Triathlon | Triathlon","robots":{"index":"index","follow":"follow","max-snippet":"max-snippet:-1","max-image-preview":"max-image-preview:large","max-video-preview":"max-video-preview:-1"},"canonical":"https:\/\/svkirchzarten.de\/triathlon\/svk-ft-cross-triathlon\/","og_locale":"de_DE","og_type":"article","og_title":"SVK &amp; FT Cross Triathlon | Triathlon","og_description":"[vc_row type=&#8220;in_container&#8220; full_screen_row_position=&#8220;middle&#8220; column_margin=&#8220;default&#8220; column_direction=&#8220;default&#8220; column_direction_tablet=&#8220;default&#8220; column_direction_phone=&#8220;default&#8220; scene_position=&#8220;center&#8220; text_color=&#8220;dark&#8220; text_align=&#8220;left&#8220;...","og_url":"https:\/\/svkirchzarten.de\/triathlon\/svk-ft-cross-triathlon\/","og_site_name":"Triathlon","article_modified_time":"2026-01-23T11:16:51+00:00","og_image":[{"width":1408,"height":736,"url":"https:\/\/svkirchzarten.de\/triathlon\/wp-content\/uploads\/sites\/13\/2026\/01\/Gemini_Generated_Image_veq2a3veq2a3veq2.png","type":"image\/png"}],"twitter_card":"summary_large_image","twitter_misc":{"Gesch\u00e4tzte Lesezeit":"3\u00a0Minuten"},"schema":{"@context":"https:\/\/schema.org","@graph":[{"@type":"WebPage","@id":"https:\/\/svkirchzarten.de\/triathlon\/svk-ft-cross-triathlon\/","url":"https:\/\/svkirchzarten.de\/triathlon\/svk-ft-cross-triathlon\/","name":"SVK &amp; FT Cross Triathlon | Triathlon","isPartOf":{"@id":"https:\/\/svkirchzarten.de\/triathlon\/#website"},"primaryImageOfPage":{"@id":"https:\/\/svkirchzarten.de\/triathlon\/svk-ft-cross-triathlon\/#primaryimage"},"image":{"@id":"https:\/\/svkirchzarten.de\/triathlon\/svk-ft-cross-triathlon\/#primaryimage"},"thumbnailUrl":"https:\/\/svkirchzarten.de\/triathlon\/wp-content\/uploads\/sites\/13\/2026\/01\/Gemini_Generated_Image_veq2a3veq2a3veq2-1024x535.png","datePublished":"2025-01-14T12:48:04+00:00","dateModified":"2026-01-23T11:16:51+00:00","breadcrumb":{"@id":"https:\/\/svkirchzarten.de\/triathlon\/svk-ft-cross-triathlon\/#breadcrumb"},"inLanguage":"de","potentialAction":[{"@type":"ReadAction","target":["https:\/\/svkirchzarten.de\/triathlon\/svk-ft-cross-triathlon\/"]}]},{"@type":"ImageObject","inLanguage":"de","@id":"https:\/\/svkirchzarten.de\/triathlon\/svk-ft-cross-triathlon\/#primaryimage","url":"https:\/\/svkirchzarten.de\/triathlon\/wp-content\/uploads\/sites\/13\/2026\/01\/Gemini_Generated_Image_veq2a3veq2a3veq2.png","contentUrl":"https:\/\/svkirchzarten.de\/triathlon\/wp-content\/uploads\/sites\/13\/2026\/01\/Gemini_Generated_Image_veq2a3veq2a3veq2.png","width":1408,"height":736},{"@type":"BreadcrumbList","@id":"https:\/\/svkirchzarten.de\/triathlon\/svk-ft-cross-triathlon\/#breadcrumb","itemListElement":[{"@type":"ListItem","position":1,"name":"SV Kirchzarten","item":"https:\/\/svkirchzarten.de\/triathlon\/"},{"@type":"ListItem","position":2,"name":"SVK &amp; FT Cross Triathlon"}]},{"@type":"WebSite","@id":"https:\/\/svkirchzarten.de\/triathlon\/#website","url":"https:\/\/svkirchzarten.de\/triathlon\/","name":"Triathlon","description":"Triathlon und Lauftreff","alternateName":"SV Kirchzarten Triathlon","potentialAction":[{"@type":"SearchAction","target":{"@type":"EntryPoint","urlTemplate":"https:\/\/svkirchzarten.de\/triathlon\/?s={search_term_string}"},"query-input":{"@type":"PropertyValueSpecification","valueRequired":true,"valueName":"search_term_string"}}],"inLanguage":"de"}]}},"publishpress_future_action":{"enabled":false,"date":"2026-04-21 19:43:57","action":"change-status","newStatus":"draft","terms":[],"taxonomy":"","extraData":[]},"publishpress_future_workflow_manual_trigger":{"enabledWorkflows":[]},"_links":{"self":[{"href":"https:\/\/svkirchzarten.de\/triathlon\/wp-json\/wp\/v2\/pages\/478","targetHints":{"allow":["GET"]}}],"collection":[{"href":"https:\/\/svkirchzarten.de\/triathlon\/wp-json\/wp\/v2\/pages"}],"about":[{"href":"https:\/\/svkirchzarten.de\/triathlon\/wp-json\/wp\/v2\/types\/page"}],"author":[{"embeddable":true,"href":"https:\/\/svkirchzarten.de\/triathlon\/wp-json\/wp\/v2\/users\/24"}],"replies":[{"embeddable":true,"href":"https:\/\/svkirchzarten.de\/triathlon\/wp-json\/wp\/v2\/comments?post=478"}],"version-history":[{"count":8,"href":"https:\/\/svkirchzarten.de\/triathlon\/wp-json\/wp\/v2\/pages\/478\/revisions"}],"predecessor-version":[{"id":633,"href":"https:\/\/svkirchzarten.de\/triathlon\/wp-json\/wp\/v2\/pages\/478\/revisions\/633"}],"wp:attachment":[{"href":"https:\/\/svkirchzarten.de\/triathlon\/wp-json\/wp\/v2\/media?parent=478"}],"curies":[{"name":"wp","href":"https:\/\/api.w.org\/{rel}","templated":true}]}}