{"id":225,"date":"2023-05-16T09:18:45","date_gmt":"2023-05-16T07:18:45","guid":{"rendered":"https:\/\/svkirchzarten.de\/triathlon\/?page_id=225"},"modified":"2025-07-22T14:58:56","modified_gmt":"2025-07-22T12:58:56","slug":"schwimmfest","status":"publish","type":"page","link":"https:\/\/svkirchzarten.de\/triathlon\/schwimmfest\/","title":{"rendered":"Schwimmfest 26 Juli 2025 im Dreisambad"},"content":{"rendered":"[vc_row type=&#8220;in_container&#8220; full_screen_row_position=&#8220;middle&#8220; column_margin=&#8220;default&#8220; column_direction=&#8220;default&#8220; column_direction_tablet=&#8220;default&#8220; column_direction_phone=&#8220;default&#8220; scene_position=&#8220;center&#8220; text_color=&#8220;dark&#8220; text_align=&#8220;left&#8220; row_border_radius=&#8220;none&#8220; row_border_radius_applies=&#8220;bg&#8220; overflow=&#8220;visible&#8220; overlay_strength=&#8220;0.3&#8243; gradient_direction=&#8220;left_to_right&#8220; shape_divider_position=&#8220;bottom&#8220; bg_image_animation=&#8220;none&#8220;][vc_column column_padding=&#8220;no-extra-padding&#8220; column_padding_tablet=&#8220;inherit&#8220; column_padding_phone=&#8220;inherit&#8220; column_padding_position=&#8220;all&#8220; column_element_direction_desktop=&#8220;default&#8220; column_element_spacing=&#8220;default&#8220; desktop_text_alignment=&#8220;default&#8220; tablet_text_alignment=&#8220;default&#8220; phone_text_alignment=&#8220;default&#8220; background_color_opacity=&#8220;1&#8243; background_hover_color_opacity=&#8220;1&#8243; column_backdrop_filter=&#8220;none&#8220; column_shadow=&#8220;none&#8220; column_border_radius=&#8220;none&#8220; column_link_target=&#8220;_self&#8220; column_position=&#8220;default&#8220; gradient_direction=&#8220;left_to_right&#8220; overlay_strength=&#8220;0.3&#8243; width=&#8220;1\/1&#8243; tablet_width_inherit=&#8220;default&#8220; animation_type=&#8220;default&#8220; bg_image_animation=&#8220;none&#8220; border_type=&#8220;simple&#8220; column_border_width=&#8220;none&#8220; column_border_style=&#8220;solid&#8220;][vc_column_text css=&#8220;&#8220; text_direction=&#8220;default&#8220;]\n<div>\n<h3 style=\"font-weight: 400\"><strong><img loading=\"lazy\" decoding=\"async\" class=\"alignnone size-full wp-image-523\" src=\"https:\/\/svkirchzarten.de\/triathlon\/wp-content\/uploads\/sites\/13\/2025\/02\/Screenshot-2025-02-03-at-17.48.12.png\" alt=\"\" width=\"986\" height=\"598\" srcset=\"https:\/\/svkirchzarten.de\/triathlon\/wp-content\/uploads\/sites\/13\/2025\/02\/Screenshot-2025-02-03-at-17.48.12.png 986w, https:\/\/svkirchzarten.de\/triathlon\/wp-content\/uploads\/sites\/13\/2025\/02\/Screenshot-2025-02-03-at-17.48.12-300x182.png 300w, https:\/\/svkirchzarten.de\/triathlon\/wp-content\/uploads\/sites\/13\/2025\/02\/Screenshot-2025-02-03-at-17.48.12-768x466.png 768w, https:\/\/svkirchzarten.de\/triathlon\/wp-content\/uploads\/sites\/13\/2025\/02\/Screenshot-2025-02-03-at-17.48.12-280x170.png 280w\" sizes=\"auto, (max-width: 986px) 100vw, 986px\" \/><\/strong><\/h3>\n<h3 style=\"font-weight: 400\"><strong>Lust auf Schwimmen und Lust auf Wettkampf? Das ist am 26. Juli 2025 beim dritten SVK-Schwimmfest f\u00fcr Gro\u00df und Klein im Dreisambad m\u00f6glich!<\/strong><\/h3>\n<p style=\"font-weight: 400\"><img loading=\"lazy\" decoding=\"async\" class=\"size-full wp-image-258 alignright\" src=\"https:\/\/svkirchzarten.de\/triathlon\/wp-content\/uploads\/sites\/13\/2023\/05\/Schnuppertriathlon_Logo_neu.jpg\" alt=\"\" width=\"204\" height=\"206\" srcset=\"https:\/\/svkirchzarten.de\/triathlon\/wp-content\/uploads\/sites\/13\/2023\/05\/Schnuppertriathlon_Logo_neu.jpg 204w, https:\/\/svkirchzarten.de\/triathlon\/wp-content\/uploads\/sites\/13\/2023\/05\/Schnuppertriathlon_Logo_neu-150x150.jpg 150w, https:\/\/svkirchzarten.de\/triathlon\/wp-content\/uploads\/sites\/13\/2023\/05\/Schnuppertriathlon_Logo_neu-100x100.jpg 100w, https:\/\/svkirchzarten.de\/triathlon\/wp-content\/uploads\/sites\/13\/2023\/05\/Schnuppertriathlon_Logo_neu-140x140.jpg 140w\" sizes=\"auto, (max-width: 204px) 100vw, 204px\" \/>Ausgerichtet wird das SVK-Schwimmfest von der Schwimm- und Triathlon-Abteilung des SVK. Um Kinder an die faszinierende und vielseitige Sportart Triathlon heranzuf\u00fchren, gibt es f\u00fcr die jungen Jahrg\u00e4nge die Kombi &#8218;Swim &amp; Run&#8216; mit einem Parcours durch das Dreisambad. Spannend werden sicher auch die Sch\u00fcler- und Familienstaffeln im Freistil; au\u00dferdem k\u00f6nnen ambitionierte Schwimmerinnen und Schwimmer jeden Alters im Brust-, Freistil- und Lagenschwimmen antreten. Neben den Wettk\u00e4mpfen wird es die eine oder andere kleine Showeinlage geben. Lasst euch \u00fcberraschen! Und nat\u00fcrlich ist auch f\u00fcr das leibliche Wohl mit Getr\u00e4nken und leckeren Kleinigkeiten gesorgt. Bis es so weit ist, kann noch intensiv trainiert werden \u2013 der SVK bietet daf\u00fcr dreimal die Woche (Montag, Mittwoch, Freitag ab 19:25 Uhr) Trainingsm\u00f6glichkeiten im Dreisambad an. Zudem gibt es freitags schon ab 18:30 Uhr unser Spezialtraining f\u00fcr Kinder und Jugendliche.<\/p>\n<p>Ganz neu in diesem Jahr wird die Flamingostaffel ausgerichtet. Als kr\u00f6nender Abschluss werden Teams zu zweit auf aufblasbaren Flamingos 2x25m Meter gegen die Zeit zur\u00fccklegen. Dabei muss ein Teammitglied auf dem Flamingo sitzen, w\u00e4hrend das andere schiebt. Ein Wechsel darf nur nach einer kompletten Bahn erfolgen. Jeder Schwimmer muss mindestens eine Bahn schieben. Hier k\u00f6nnen Alt gegen Jung gegeneinander antreten, wir werden die Teilnehmer in entsprechende Altersklassen einteilen, je nachdem wieviel Anmeldungen wir am Ende haben.<\/p>\n<p>Auch f\u00fcr ein Rahmenprogramm ist gesorgt, Essen und Getr\u00e4nke gibt es dieses Jahr \u00fcber den Kiosk im Dreisambad. Wie letztes Jahr gibt es auch wieder Street Dance und Hip Hip Auff\u00fchrungen von unseren DanceKids und DanceTeens.<\/p>\n<h3>Neu mit Vorbereitung f\u00fcr den Swim &amp; Run<\/h3>\n<p>Es gibt ein Swim&amp;Run Schnuppertraining, das ihr bei der Anmeldung dazu buchen k\u00f6nnt. Dieses findet am 4., 11., 18., 25. Juli 19:30-20:30 im Dreisambad Kirchzarten statt. Das Swim&amp;Run Schnuppertraining richtet sich an alle Kinder mit und ohne k\u00f6rperlicher Beeintr\u00e4chtigung im Alter von 6-15 Jahren (Jahrgang 2018-2010). Einzige Voraussetzung ist, dass eine Bahn von 25m ohne Hilfe geschwommen werden kann.<\/p>\n<p>An 4 Terminen wird alles einge\u00fcbt, was man f\u00fcr die Teilnahme am Swim&amp;Run im Rahmen des Schwimmfests k\u00f6nnen muss. An den ersten beiden Terminen wird zuerst nur das Schwimmen trainiert, am 3. und 4. Termin \u00fcben wir zudem den Wechsel vom Schwimmen zum Laufen.<\/p>\n<p>N\u00f6tige Ausr\u00fcstung zum Mitbringen: Schwimmsachen sowie (zum 3. und 4. Termin) Laufschuhe, Sportkleidung, 1 kleines Extrahandtuch f\u00fcr den Wechsel<\/p>\n<\/div>\n<h3>Wettbewerbsmodus:<\/h3>\n<ul>\n<li>Jeder gemeldete Teilnehmer darf die Strecke auf Zeit schwimmen. Am Ende werden die 3 schnellsten Schwimmer je Altersklasse geehrt.<\/li>\n<\/ul>\n<h3>Zeitplan<\/h3>\n<ul>\n<li>Die Veranstaltung wird zwischen 18 und 21 Uhr stattfinden, wobei die Wettk\u00e4mpfe unserer jungen Starter ganz am Anfang stehen. Sobald wir genau wissen, wieviel Anmeldung wir f\u00fcr die einzelnen Wettbewerbe haben, werden wir den Zeitplan an die Teilnehmer versenden und hier publizieren.<\/li>\n<\/ul>\n<h3><strong>Einzelwettbewerbe<\/strong><\/h3>\n<ul>\n<li>50m Brust &#8211; Startgeld: 3 Euro<\/li>\n<li>50 Freistil &#8211; Startgeld: 3 Euro<\/li>\n<li>100m Lagen &#8211; Startgeld: 5 Euro<\/li>\n<li>100m Freistil &#8211; Startgeld: 5 Euro<\/li>\n<li>400m Freistil &#8211; Startgeld: 8 Euro<\/li>\n<\/ul>\n<h3><strong>Staffeln:<\/strong><\/h3>\n<ul>\n<li>3x50m Freistil Familienstaffel &#8211; Startgeld: 8 Euro<\/li>\n<li>4x50m Freistil Sch\u00fclerstaffel &#8211; Startgeld: 8 Euro<\/li>\n<li>2x25m Flamingostaffel &#8211; Startgeld: 10 Euro<\/li>\n<\/ul>\n<h4><strong>Hier unser Video zur <a href=\"https:\/\/svkirchzarten.de\/triathlon\/wp-content\/uploads\/sites\/13\/2024\/06\/Flamingo-Staffel.mov\">Flamingo Staffel<\/a><\/strong><\/h4>\n<h3><strong>Swim &amp; Run:<\/strong><\/h3>\n<table border=\"0\" width=\"730\" cellspacing=\"0\" cellpadding=\"0\">\n<colgroup>\n<col width=\"108\" \/>\n<col width=\"140\" \/>\n<col width=\"375\" \/>\n<col width=\"107\" \/><\/colgroup>\n<tbody>\n<tr>\n<td class=\"xl65\" align=\"left\" width=\"108\" height=\"31\"><strong>Klasse<\/strong><\/td>\n<td class=\"xl65\" align=\"left\" width=\"140\"><strong>Alter<\/strong><\/td>\n<td class=\"xl65\" align=\"left\" width=\"375\"><strong>Distanz<\/strong><\/td>\n<td class=\"xl65\" align=\"left\" width=\"107\"><strong>Startgeld<\/strong><\/td>\n<\/tr>\n<tr>\n<td class=\"xl66\" align=\"left\" height=\"31\">Sch\u00fcler\u00a0D<\/td>\n<td class=\"xl66\" align=\"left\">6 &#8211; 7 Jahre<\/td>\n<td class=\"xl66\" align=\"left\">25m Schwimmen &amp; 400m Laufen<\/td>\n<td class=\"xl66\" align=\"left\">10 Euro<\/td>\n<\/tr>\n<tr>\n<td class=\"xl66\" align=\"left\" height=\"31\">Sch\u00fcler\u00a0C<\/td>\n<td class=\"xl66\" align=\"left\">8 &#8211; 9 Jahre<\/td>\n<td class=\"xl66\" align=\"left\">50m Schwimmen &amp; 400m Laufen<\/td>\n<td class=\"xl66\" align=\"left\">10 Euro<\/td>\n<\/tr>\n<tr>\n<td class=\"xl66\" align=\"left\" height=\"31\">Sch\u00fcler\u00a0B<\/td>\n<td class=\"xl66\" align=\"left\">10 &#8211; 11 Jahre<\/td>\n<td class=\"xl66\" align=\"left\">50m Schwimmen &amp; 800m Laufen<\/td>\n<td class=\"xl66\" align=\"left\">10 Euro<\/td>\n<\/tr>\n<tr>\n<td class=\"xl66\" align=\"left\" height=\"31\">Sch\u00fcler\u00a0A<\/td>\n<td class=\"xl66\" align=\"left\">12 &#8211; 13 Jahre<\/td>\n<td class=\"xl66\" align=\"left\">100m Schwimmen &amp; 800 Laufen<\/td>\n<td class=\"xl66\" align=\"left\">10 Euro<\/td>\n<\/tr>\n<tr>\n<td class=\"xl66\" align=\"left\" height=\"31\">Jugend B<\/td>\n<td class=\"xl66\" align=\"left\">14 &#8211; 15 Jahre<\/td>\n<td class=\"xl66\" align=\"left\">150m Schwimmen &amp; 1200m Laufen<\/td>\n<td class=\"xl66\" align=\"left\">10 Euro<\/td>\n<\/tr>\n<\/tbody>\n<\/table>\n<p>Dies ist ein \u201eBWTV-Schnuppertriathlon\u201c. Wer im Laufe einer Saison an drei Schnuppertriathlons teilgenommen hat, bekommt vom Verband gegen Vorlage der Ergebnisliste oder Teilnahmebest\u00e4tigung das \u201eTriathlonabzeichen f\u00fcr Kinder\u201c. Es beinhaltet einen Stoffaufn\u00e4her und eine Urkunde.Anmeldung:<\/p>\n<ul>\n<li><a href=\"https:\/\/widgets.yolawo.de\/w\/0\/bookables\/681a051496fff30ed66377a2\">Anmeldung jetzt ge\u00f6ffnet!<\/a> <strong>Anmeldeschlu\u00df ist der 24. Juli.<\/strong><\/li>\n<li>Nachmeldungen gegen eine <strong>Geb\u00fchr von 5\u20ac<\/strong> sind dieses Jahr sehr begrenzt f\u00fcr einzelne Schwimmwettk\u00e4mpfe von 15:00 bis 17:00 Uhr im Dreisambad m\u00f6glich.<\/li>\n<li>Die Regeln zum Swim &amp; Run <a href=\"https:\/\/svkirchzarten.de\/triathlon\/regularien-swim-run-dreisambad\/\">findet ihr hier<\/a>.<\/li>\n<\/ul>\n<p>Adresse:<\/p>\n<ul>\n<li>Dreisambad, Dietenbacher Str. 15, 79199 Kirchzarten<\/li>\n<\/ul>\n<p>Fragen?<\/p>\n<ul>\n<li>Bitte sendet eure Fragen and schwimmen@svkirchzarten.de<\/li>\n<\/ul>\n<p><img loading=\"lazy\" decoding=\"async\" class=\"alignnone size-large wp-image-539\" src=\"https:\/\/svkirchzarten.de\/triathlon\/wp-content\/uploads\/sites\/13\/2025\/02\/Genehmigungssiegel_01-25-08-06142-1024x242.jpg\" alt=\"\" width=\"1024\" height=\"242\" srcset=\"https:\/\/svkirchzarten.de\/triathlon\/wp-content\/uploads\/sites\/13\/2025\/02\/Genehmigungssiegel_01-25-08-06142-1024x242.jpg 1024w, https:\/\/svkirchzarten.de\/triathlon\/wp-content\/uploads\/sites\/13\/2025\/02\/Genehmigungssiegel_01-25-08-06142-300x71.jpg 300w, https:\/\/svkirchzarten.de\/triathlon\/wp-content\/uploads\/sites\/13\/2025\/02\/Genehmigungssiegel_01-25-08-06142-768x181.jpg 768w, https:\/\/svkirchzarten.de\/triathlon\/wp-content\/uploads\/sites\/13\/2025\/02\/Genehmigungssiegel_01-25-08-06142-1536x363.jpg 1536w, https:\/\/svkirchzarten.de\/triathlon\/wp-content\/uploads\/sites\/13\/2025\/02\/Genehmigungssiegel_01-25-08-06142-2048x483.jpg 2048w, https:\/\/svkirchzarten.de\/triathlon\/wp-content\/uploads\/sites\/13\/2025\/02\/Genehmigungssiegel_01-25-08-06142-280x66.jpg 280w\" sizes=\"auto, (max-width: 1024px) 100vw, 1024px\" \/><\/p>\n","protected":false},"excerpt":{"rendered":"<p>[vc_row type=&#8220;in_container&#8220; full_screen_row_position=&#8220;middle&#8220; column_margin=&#8220;default&#8220; column_direction=&#8220;default&#8220; column_direction_tablet=&#8220;default&#8220; column_direction_phone=&#8220;default&#8220; scene_position=&#8220;center&#8220; text_color=&#8220;dark&#8220; text_align=&#8220;left&#8220;&#8230;<\/p>\n","protected":false},"author":24,"featured_media":0,"parent":0,"menu_order":0,"comment_status":"closed","ping_status":"closed","template":"","meta":{"footnotes":""},"class_list":["post-225","page","type-page","status-publish"],"yoast_head":"<!-- This site is optimized with the Yoast SEO plugin v27.4 - https:\/\/yoast.com\/product\/yoast-seo-wordpress\/ -->\n<title>Schwimmfest 26 Juli 2025 im Dreisambad | Triathlon<\/title>\n<meta name=\"robots\" content=\"index, follow, max-snippet:-1, max-image-preview:large, max-video-preview:-1\" \/>\n<link rel=\"canonical\" href=\"https:\/\/svkirchzarten.de\/triathlon\/schwimmfest\/\" \/>\n<meta property=\"og:locale\" content=\"de_DE\" \/>\n<meta property=\"og:type\" content=\"article\" \/>\n<meta property=\"og:title\" content=\"Schwimmfest 26 Juli 2025 im Dreisambad | Triathlon\" \/>\n<meta property=\"og:description\" content=\"[vc_row type=&#8220;in_container&#8220; full_screen_row_position=&#8220;middle&#8220; column_margin=&#8220;default&#8220; column_direction=&#8220;default&#8220; column_direction_tablet=&#8220;default&#8220; column_direction_phone=&#8220;default&#8220; scene_position=&#8220;center&#8220; text_color=&#8220;dark&#8220; text_align=&#8220;left&#8220;...\" \/>\n<meta property=\"og:url\" content=\"https:\/\/svkirchzarten.de\/triathlon\/schwimmfest\/\" \/>\n<meta property=\"og:site_name\" content=\"Triathlon\" \/>\n<meta property=\"article:modified_time\" content=\"2025-07-22T12:58:56+00:00\" \/>\n<meta property=\"og:image\" content=\"https:\/\/svkirchzarten.de\/triathlon\/wp-content\/uploads\/sites\/13\/2025\/02\/Screenshot-2025-02-03-at-17.48.12.png\" \/>\n\t<meta property=\"og:image:width\" content=\"986\" \/>\n\t<meta property=\"og:image:height\" content=\"598\" \/>\n\t<meta property=\"og:image:type\" content=\"image\/png\" \/>\n<meta name=\"twitter:card\" content=\"summary_large_image\" \/>\n<script type=\"application\/ld+json\" class=\"yoast-schema-graph\">{\"@context\":\"https:\\\/\\\/schema.org\",\"@graph\":[{\"@type\":\"WebPage\",\"@id\":\"https:\\\/\\\/svkirchzarten.de\\\/triathlon\\\/schwimmfest\\\/\",\"url\":\"https:\\\/\\\/svkirchzarten.de\\\/triathlon\\\/schwimmfest\\\/\",\"name\":\"Schwimmfest 26 Juli 2025 im Dreisambad | Triathlon\",\"isPartOf\":{\"@id\":\"https:\\\/\\\/svkirchzarten.de\\\/triathlon\\\/#website\"},\"primaryImageOfPage\":{\"@id\":\"https:\\\/\\\/svkirchzarten.de\\\/triathlon\\\/schwimmfest\\\/#primaryimage\"},\"image\":{\"@id\":\"https:\\\/\\\/svkirchzarten.de\\\/triathlon\\\/schwimmfest\\\/#primaryimage\"},\"thumbnailUrl\":\"https:\\\/\\\/svkirchzarten.de\\\/triathlon\\\/wp-content\\\/uploads\\\/sites\\\/13\\\/2025\\\/02\\\/Screenshot-2025-02-03-at-17.48.12.png\",\"datePublished\":\"2023-05-16T07:18:45+00:00\",\"dateModified\":\"2025-07-22T12:58:56+00:00\",\"breadcrumb\":{\"@id\":\"https:\\\/\\\/svkirchzarten.de\\\/triathlon\\\/schwimmfest\\\/#breadcrumb\"},\"inLanguage\":\"de\",\"potentialAction\":[{\"@type\":\"ReadAction\",\"target\":[\"https:\\\/\\\/svkirchzarten.de\\\/triathlon\\\/schwimmfest\\\/\"]}]},{\"@type\":\"ImageObject\",\"inLanguage\":\"de\",\"@id\":\"https:\\\/\\\/svkirchzarten.de\\\/triathlon\\\/schwimmfest\\\/#primaryimage\",\"url\":\"https:\\\/\\\/svkirchzarten.de\\\/triathlon\\\/wp-content\\\/uploads\\\/sites\\\/13\\\/2025\\\/02\\\/Screenshot-2025-02-03-at-17.48.12.png\",\"contentUrl\":\"https:\\\/\\\/svkirchzarten.de\\\/triathlon\\\/wp-content\\\/uploads\\\/sites\\\/13\\\/2025\\\/02\\\/Screenshot-2025-02-03-at-17.48.12.png\",\"width\":986,\"height\":598},{\"@type\":\"BreadcrumbList\",\"@id\":\"https:\\\/\\\/svkirchzarten.de\\\/triathlon\\\/schwimmfest\\\/#breadcrumb\",\"itemListElement\":[{\"@type\":\"ListItem\",\"position\":1,\"name\":\"SV Kirchzarten\",\"item\":\"https:\\\/\\\/svkirchzarten.de\\\/triathlon\\\/\"},{\"@type\":\"ListItem\",\"position\":2,\"name\":\"Schwimmfest 26 Juli 2025 im Dreisambad\"}]},{\"@type\":\"WebSite\",\"@id\":\"https:\\\/\\\/svkirchzarten.de\\\/triathlon\\\/#website\",\"url\":\"https:\\\/\\\/svkirchzarten.de\\\/triathlon\\\/\",\"name\":\"Triathlon\",\"description\":\"Triathlon und Lauftreff\",\"alternateName\":\"SV Kirchzarten Triathlon\",\"potentialAction\":[{\"@type\":\"SearchAction\",\"target\":{\"@type\":\"EntryPoint\",\"urlTemplate\":\"https:\\\/\\\/svkirchzarten.de\\\/triathlon\\\/?s={search_term_string}\"},\"query-input\":{\"@type\":\"PropertyValueSpecification\",\"valueRequired\":true,\"valueName\":\"search_term_string\"}}],\"inLanguage\":\"de\"}]}<\/script>\n<!-- \/ Yoast SEO plugin. -->","yoast_head_json":{"title":"Schwimmfest 26 Juli 2025 im Dreisambad | Triathlon","robots":{"index":"index","follow":"follow","max-snippet":"max-snippet:-1","max-image-preview":"max-image-preview:large","max-video-preview":"max-video-preview:-1"},"canonical":"https:\/\/svkirchzarten.de\/triathlon\/schwimmfest\/","og_locale":"de_DE","og_type":"article","og_title":"Schwimmfest 26 Juli 2025 im Dreisambad | Triathlon","og_description":"[vc_row type=&#8220;in_container&#8220; full_screen_row_position=&#8220;middle&#8220; column_margin=&#8220;default&#8220; column_direction=&#8220;default&#8220; column_direction_tablet=&#8220;default&#8220; column_direction_phone=&#8220;default&#8220; scene_position=&#8220;center&#8220; text_color=&#8220;dark&#8220; text_align=&#8220;left&#8220;...","og_url":"https:\/\/svkirchzarten.de\/triathlon\/schwimmfest\/","og_site_name":"Triathlon","article_modified_time":"2025-07-22T12:58:56+00:00","og_image":[{"width":986,"height":598,"url":"https:\/\/svkirchzarten.de\/triathlon\/wp-content\/uploads\/sites\/13\/2025\/02\/Screenshot-2025-02-03-at-17.48.12.png","type":"image\/png"}],"twitter_card":"summary_large_image","schema":{"@context":"https:\/\/schema.org","@graph":[{"@type":"WebPage","@id":"https:\/\/svkirchzarten.de\/triathlon\/schwimmfest\/","url":"https:\/\/svkirchzarten.de\/triathlon\/schwimmfest\/","name":"Schwimmfest 26 Juli 2025 im Dreisambad | Triathlon","isPartOf":{"@id":"https:\/\/svkirchzarten.de\/triathlon\/#website"},"primaryImageOfPage":{"@id":"https:\/\/svkirchzarten.de\/triathlon\/schwimmfest\/#primaryimage"},"image":{"@id":"https:\/\/svkirchzarten.de\/triathlon\/schwimmfest\/#primaryimage"},"thumbnailUrl":"https:\/\/svkirchzarten.de\/triathlon\/wp-content\/uploads\/sites\/13\/2025\/02\/Screenshot-2025-02-03-at-17.48.12.png","datePublished":"2023-05-16T07:18:45+00:00","dateModified":"2025-07-22T12:58:56+00:00","breadcrumb":{"@id":"https:\/\/svkirchzarten.de\/triathlon\/schwimmfest\/#breadcrumb"},"inLanguage":"de","potentialAction":[{"@type":"ReadAction","target":["https:\/\/svkirchzarten.de\/triathlon\/schwimmfest\/"]}]},{"@type":"ImageObject","inLanguage":"de","@id":"https:\/\/svkirchzarten.de\/triathlon\/schwimmfest\/#primaryimage","url":"https:\/\/svkirchzarten.de\/triathlon\/wp-content\/uploads\/sites\/13\/2025\/02\/Screenshot-2025-02-03-at-17.48.12.png","contentUrl":"https:\/\/svkirchzarten.de\/triathlon\/wp-content\/uploads\/sites\/13\/2025\/02\/Screenshot-2025-02-03-at-17.48.12.png","width":986,"height":598},{"@type":"BreadcrumbList","@id":"https:\/\/svkirchzarten.de\/triathlon\/schwimmfest\/#breadcrumb","itemListElement":[{"@type":"ListItem","position":1,"name":"SV Kirchzarten","item":"https:\/\/svkirchzarten.de\/triathlon\/"},{"@type":"ListItem","position":2,"name":"Schwimmfest 26 Juli 2025 im Dreisambad"}]},{"@type":"WebSite","@id":"https:\/\/svkirchzarten.de\/triathlon\/#website","url":"https:\/\/svkirchzarten.de\/triathlon\/","name":"Triathlon","description":"Triathlon und Lauftreff","alternateName":"SV Kirchzarten Triathlon","potentialAction":[{"@type":"SearchAction","target":{"@type":"EntryPoint","urlTemplate":"https:\/\/svkirchzarten.de\/triathlon\/?s={search_term_string}"},"query-input":{"@type":"PropertyValueSpecification","valueRequired":true,"valueName":"search_term_string"}}],"inLanguage":"de"}]}},"publishpress_future_action":{"enabled":false,"date":"2026-04-21 19:51:00","action":"change-status","newStatus":"draft","terms":[],"taxonomy":"","extraData":[]},"publishpress_future_workflow_manual_trigger":{"enabledWorkflows":[]},"_links":{"self":[{"href":"https:\/\/svkirchzarten.de\/triathlon\/wp-json\/wp\/v2\/pages\/225","targetHints":{"allow":["GET"]}}],"collection":[{"href":"https:\/\/svkirchzarten.de\/triathlon\/wp-json\/wp\/v2\/pages"}],"about":[{"href":"https:\/\/svkirchzarten.de\/triathlon\/wp-json\/wp\/v2\/types\/page"}],"author":[{"embeddable":true,"href":"https:\/\/svkirchzarten.de\/triathlon\/wp-json\/wp\/v2\/users\/24"}],"replies":[{"embeddable":true,"href":"https:\/\/svkirchzarten.de\/triathlon\/wp-json\/wp\/v2\/comments?post=225"}],"version-history":[{"count":15,"href":"https:\/\/svkirchzarten.de\/triathlon\/wp-json\/wp\/v2\/pages\/225\/revisions"}],"predecessor-version":[{"id":570,"href":"https:\/\/svkirchzarten.de\/triathlon\/wp-json\/wp\/v2\/pages\/225\/revisions\/570"}],"wp:attachment":[{"href":"https:\/\/svkirchzarten.de\/triathlon\/wp-json\/wp\/v2\/media?parent=225"}],"curies":[{"name":"wp","href":"https:\/\/api.w.org\/{rel}","templated":true}]}}