{"id":6,"date":"2020-01-22T14:53:04","date_gmt":"2020-01-22T13:53:04","guid":{"rendered":"https:\/\/svkirchzarten.de\/tanzen\/?page_id=6"},"modified":"2026-02-23T12:34:35","modified_gmt":"2026-02-23T11:34:35","slug":"sv-kirchzarten-tanzen","status":"publish","type":"page","link":"https:\/\/svkirchzarten.de\/tanzen\/","title":{"rendered":"SV Kirchzarten Tanzen"},"content":{"rendered":"[vc_row type=&#8220;in_container&#8220; full_screen_row_position=&#8220;middle&#8220; column_margin=&#8220;default&#8220; column_direction=&#8220;default&#8220; column_direction_tablet=&#8220;default&#8220; column_direction_phone=&#8220;default&#8220; scene_position=&#8220;center&#8220; text_color=&#8220;dark&#8220; text_align=&#8220;left&#8220; row_border_radius=&#8220;none&#8220; row_border_radius_applies=&#8220;bg&#8220; row_position_desktop=&#8220;default&#8220; row_position_tablet=&#8220;inherit&#8220; row_position_phone=&#8220;inherit&#8220; overflow=&#8220;visible&#8220; overlay_strength=&#8220;0.3&#8243; gradient_direction=&#8220;left_to_right&#8220; shape_divider_position=&#8220;bottom&#8220; bg_image_animation=&#8220;none&#8220;][vc_column column_padding=&#8220;no-extra-padding&#8220; column_padding_tablet=&#8220;inherit&#8220; column_padding_phone=&#8220;inherit&#8220; column_padding_position=&#8220;all&#8220; flex_gap_desktop=&#8220;10px&#8220; column_element_direction_desktop=&#8220;default&#8220; column_element_spacing=&#8220;default&#8220; desktop_text_alignment=&#8220;default&#8220; tablet_text_alignment=&#8220;default&#8220; phone_text_alignment=&#8220;default&#8220; background_color_opacity=&#8220;1&#8243; background_hover_color_opacity=&#8220;1&#8243; column_backdrop_filter=&#8220;none&#8220; column_shadow=&#8220;none&#8220; column_border_radius=&#8220;none&#8220; column_link_target=&#8220;_self&#8220; column_position=&#8220;default&#8220; gradient_direction=&#8220;left_to_right&#8220; overlay_strength=&#8220;0.3&#8243; width=&#8220;1\/1&#8243; tablet_width_inherit=&#8220;default&#8220; animation_type=&#8220;default&#8220; bg_image_animation=&#8220;none&#8220; border_type=&#8220;simple&#8220; column_border_width=&#8220;none&#8220; column_border_style=&#8220;solid&#8220;][vc_column_text css=&#8220;&#8220; text_direction=&#8220;default&#8220;]\n<h1>Tanzprogramm 2026<\/h1>\n<p data-start=\"135\" data-end=\"319\">Der Sportverein Kirchzarten e.V. bietet in der Sparte <strong data-start=\"189\" data-end=\"199\">Tanzen<\/strong> verschiedene Angebote f\u00fcr Kinder und Jugendliche an.<br data-start=\"252\" data-end=\"255\" \/>Die Sparte geh\u00f6rt organisatorisch zur Turnabteilung des Vereins.<\/p>\n<p data-start=\"321\" data-end=\"515\">F\u00fcr Erwachsene findet <strong data-start=\"343\" data-end=\"409\">Line Dance im <a href=\"http:\/\/svkirchzarten.de\/svkfit\">SVKFIT <\/a><\/strong>statt.<\/p>\n<p>Eine Anmeldung zu den Kursen ist verpflichtend und die Vereinsmitgliedschaft ist f\u00fcr den Besuch der regelm\u00e4\u00dfigen Tanzgruppen erforderlich! (Ausnahme: Workshops und Kurse, in denen Nichtmitglieder teilnehmen k\u00f6nnen.)[\/vc_column_text][divider line_type=&#8220;No Line&#8220; custom_height=&#8220;50&#8243;][vc_column_text]\n<h2><strong>Aktuelle Tanz-Angebote<\/strong><\/h2>\n[\/vc_column_text][vc_column_text css=&#8220;&#8220; text_direction=&#8220;default&#8220;]\n<h3><a href=\"https:\/\/svkirchzarten.de\/turnen\/wp-content\/uploads\/sites\/8\/2019\/01\/fragezeichen.jpg\"><br \/>\n<img loading=\"lazy\" decoding=\"async\" class=\"alignleft size-thumbnail wp-image-201\" src=\"https:\/\/svkirchzarten.de\/turnen\/wp-content\/uploads\/sites\/8\/2019\/01\/fragezeichen-150x150.jpg\" alt=\"\" width=\"150\" height=\"150\" \/><br \/>\n<\/a><\/h3>\n<h2>Anmeldung f\u00fcr das 2. Schulhalbjahr 2025\/26 startet am 23. Februar 2026<\/h2>\n<p>F\u00fcr das <strong>2. Schulhalbjahr 2025\/26 (M\u00e4rz \u2013 Juli 2026)<\/strong> ist eine<br \/>\n<strong>neue Anmeldung f\u00fcr alle Tanzgruppen erforderlich<\/strong>.<\/p>\n<p>Die <strong>Online-Anmeldung startet am 23.02.2026 um 18:00 Uhr<\/strong> und erfolgt ausschlie\u00dflich \u00fcber unsere Website.<br \/>\n\ud83d\udc49 Anmeldungen per E-Mail k\u00f6nnen leider nicht ber\u00fccksichtigt werden.<\/p>\n<p><strong>\ud83d\udccc Wichtige Hinweise:<\/strong><\/p>\n<ul>\n<li>Aus versicherungsrechtlichen Gr\u00fcnden d\u00fcrfen <strong>an den Tanzstunden ausschlie\u00dflich Kinder teilnehmen<\/strong>,<br \/>\ndie <strong>offiziell angemeldet sind<\/strong>. Eine Teilnahme ohne vorherige Anmeldung ist nicht m\u00f6glich.<\/li>\n<li>Die Gruppeneinteilung richtet sich nach dem<br \/>\n<strong>Alter des Kindes zum Zeitpunkt des Kursstarts<\/strong>.<\/li>\n<li>Die Teilnahme ist nur mit <strong>aktiver Vereinsmitgliedschaft<\/strong> beim SV Kirchzarten m\u00f6glich.<br \/>\n\u2192 Infos &amp; Online-Antrag:<br \/>\n<a href=\"https:\/\/www.svkirchzarten.de\/mitgliedschaft\" target=\"_blank\" rel=\"noopener\"><br \/>\nwww.svkirchzarten.de\/mitgliedschaft<br \/>\n<\/a><\/li>\n<\/ul>\n<p>Wir freuen uns auf ein bewegungsreiches, fr\u00f6hliches neues Tanzhalbjahr mit Euch und Euren Kindern! \ud83d\udc83\ud83d\udd7a<\/p>\n[\/vc_column_text][divider line_type=&#8220;No Line&#8220; custom_height=&#8220;50&#8243;][vc_raw_js]JTNDaWZyYW1lJTIwaWQlM0QlMjI2NjhlOWY5MTk0OTNkOTNjNmIxNzFlNjAlMjIlMjB3aWR0aCUzRCUyMjEwMCUyNSUyMiUyMGhlaWdodCUzRCUyMjE1MCUyMiUyMGNsYXNzJTNEJTIyeW9sYXdvLXdpZGdldCUyMiUyMGFsbG93JTNEJTIycGF5bWVudCUyMiUyMHNyYyUzRCUyMmh0dHBzJTNBJTJGJTJGd2lkZ2V0cy55b2xhd28uZGUlMkZ3JTJGNjY4ZTlmOTE5NDkzZDkzYzZiMTcxZTYwJTIyJTIwZnJhbWVib3JkZXIlM0QlMjIwJTIyJTIwZGF0YS1vZmZzZXQteCUzRCUyMjUwJTIyJTIwc2Nyb2xsaW5nJTNEJTIybm8lMjIlM0UlM0MlMkZpZnJhbWUlM0UlM0NzY3JpcHQlMjB0eXBlJTNEJTIydGV4dCUyRmphdmFzY3JpcHQlMjIlMjBzcmMlM0QlMjJodHRwcyUzQSUyRiUyRndpZGdldHMueW9sYXdvLmRlJTJGYXNzZXRzJTJGc2NyaXB0LmpzJTIyJTNFJTNDJTJGc2NyaXB0JTNF[\/vc_raw_js][\/vc_column][\/vc_row][vc_row type=&#8220;in_container&#8220; full_screen_row_position=&#8220;middle&#8220; column_margin=&#8220;default&#8220; column_direction=&#8220;default&#8220; column_direction_tablet=&#8220;default&#8220; column_direction_phone=&#8220;default&#8220; scene_position=&#8220;center&#8220; text_color=&#8220;dark&#8220; text_align=&#8220;left&#8220; row_border_radius=&#8220;none&#8220; row_border_radius_applies=&#8220;bg&#8220; row_position_desktop=&#8220;default&#8220; row_position_tablet=&#8220;inherit&#8220; row_position_phone=&#8220;inherit&#8220; overflow=&#8220;visible&#8220; overlay_strength=&#8220;0.3&#8243; gradient_direction=&#8220;left_to_right&#8220; shape_divider_position=&#8220;bottom&#8220; bg_image_animation=&#8220;none&#8220;][vc_column column_padding=&#8220;no-extra-padding&#8220; column_padding_tablet=&#8220;inherit&#8220; column_padding_phone=&#8220;inherit&#8220; column_padding_position=&#8220;all&#8220; flex_gap_desktop=&#8220;10px&#8220; column_element_direction_desktop=&#8220;default&#8220; column_element_spacing=&#8220;default&#8220; desktop_text_alignment=&#8220;default&#8220; tablet_text_alignment=&#8220;default&#8220; phone_text_alignment=&#8220;default&#8220; background_color_opacity=&#8220;1&#8243; background_hover_color_opacity=&#8220;1&#8243; column_backdrop_filter=&#8220;none&#8220; column_shadow=&#8220;none&#8220; column_border_radius=&#8220;none&#8220; column_link_target=&#8220;_self&#8220; column_position=&#8220;default&#8220; gradient_direction=&#8220;left_to_right&#8220; overlay_strength=&#8220;0.3&#8243; width=&#8220;1\/1&#8243; tablet_width_inherit=&#8220;default&#8220; animation_type=&#8220;default&#8220; bg_image_animation=&#8220;none&#8220; border_type=&#8220;simple&#8220; column_border_width=&#8220;none&#8220; column_border_style=&#8220;solid&#8220;][\/vc_column][\/vc_row]\n","protected":false},"excerpt":{"rendered":"<p>[vc_row type=&#8220;in_container&#8220; full_screen_row_position=&#8220;middle&#8220; column_margin=&#8220;default&#8220; column_direction=&#8220;default&#8220; column_direction_tablet=&#8220;default&#8220; column_direction_phone=&#8220;default&#8220; scene_position=&#8220;center&#8220; text_color=&#8220;dark&#8220; text_align=&#8220;left&#8220;&#8230;<\/p>\n","protected":false},"author":3,"featured_media":0,"parent":0,"menu_order":0,"comment_status":"closed","ping_status":"closed","template":"template-home-1.php","meta":{"footnotes":""},"class_list":["post-6","page","type-page","status-publish"],"yoast_head":"<!-- This site is optimized with the Yoast SEO plugin v27.3 - https:\/\/yoast.com\/product\/yoast-seo-wordpress\/ -->\n<title>SV Kirchzarten Tanzen | Tanzen<\/title>\n<meta name=\"robots\" content=\"index, follow, max-snippet:-1, max-image-preview:large, max-video-preview:-1\" \/>\n<link rel=\"canonical\" href=\"https:\/\/svkirchzarten.de\/tanzen\/\" \/>\n<meta property=\"og:locale\" content=\"de_DE\" \/>\n<meta property=\"og:type\" content=\"article\" \/>\n<meta property=\"og:title\" content=\"SV Kirchzarten Tanzen | Tanzen\" \/>\n<meta property=\"og:description\" content=\"[vc_row type=&#8220;in_container&#8220; full_screen_row_position=&#8220;middle&#8220; column_margin=&#8220;default&#8220; column_direction=&#8220;default&#8220; column_direction_tablet=&#8220;default&#8220; column_direction_phone=&#8220;default&#8220; scene_position=&#8220;center&#8220; text_color=&#8220;dark&#8220; text_align=&#8220;left&#8220;...\" \/>\n<meta property=\"og:url\" content=\"https:\/\/svkirchzarten.de\/tanzen\/\" \/>\n<meta property=\"og:site_name\" content=\"Tanzen\" \/>\n<meta property=\"article:modified_time\" content=\"2026-02-23T11:34:35+00:00\" \/>\n<meta name=\"twitter:card\" content=\"summary_large_image\" \/>\n<meta name=\"twitter:label1\" content=\"Gesch\u00e4tzte Lesezeit\" \/>\n\t<meta name=\"twitter:data1\" content=\"2\u00a0Minuten\" \/>\n<script type=\"application\/ld+json\" class=\"yoast-schema-graph\">{\"@context\":\"https:\\\/\\\/schema.org\",\"@graph\":[{\"@type\":\"WebPage\",\"@id\":\"https:\\\/\\\/svkirchzarten.de\\\/tanzen\\\/\",\"url\":\"https:\\\/\\\/svkirchzarten.de\\\/tanzen\\\/\",\"name\":\"SV Kirchzarten Tanzen | Tanzen\",\"isPartOf\":{\"@id\":\"https:\\\/\\\/svkirchzarten.de\\\/tanzen\\\/#website\"},\"primaryImageOfPage\":{\"@id\":\"https:\\\/\\\/svkirchzarten.de\\\/tanzen\\\/#primaryimage\"},\"image\":{\"@id\":\"https:\\\/\\\/svkirchzarten.de\\\/tanzen\\\/#primaryimage\"},\"thumbnailUrl\":\"https:\\\/\\\/svkirchzarten.de\\\/turnen\\\/wp-content\\\/uploads\\\/sites\\\/8\\\/2019\\\/01\\\/fragezeichen-150x150.jpg\",\"datePublished\":\"2020-01-22T13:53:04+00:00\",\"dateModified\":\"2026-02-23T11:34:35+00:00\",\"breadcrumb\":{\"@id\":\"https:\\\/\\\/svkirchzarten.de\\\/tanzen\\\/#breadcrumb\"},\"inLanguage\":\"de\",\"potentialAction\":[{\"@type\":\"ReadAction\",\"target\":[\"https:\\\/\\\/svkirchzarten.de\\\/tanzen\\\/\"]}]},{\"@type\":\"ImageObject\",\"inLanguage\":\"de\",\"@id\":\"https:\\\/\\\/svkirchzarten.de\\\/tanzen\\\/#primaryimage\",\"url\":\"https:\\\/\\\/svkirchzarten.de\\\/turnen\\\/wp-content\\\/uploads\\\/sites\\\/8\\\/2019\\\/01\\\/fragezeichen-150x150.jpg\",\"contentUrl\":\"https:\\\/\\\/svkirchzarten.de\\\/turnen\\\/wp-content\\\/uploads\\\/sites\\\/8\\\/2019\\\/01\\\/fragezeichen-150x150.jpg\"},{\"@type\":\"BreadcrumbList\",\"@id\":\"https:\\\/\\\/svkirchzarten.de\\\/tanzen\\\/#breadcrumb\",\"itemListElement\":[{\"@type\":\"ListItem\",\"position\":1,\"name\":\"SV Kirchzarten\",\"item\":\"https:\\\/\\\/svkirchzarten.de\\\/tanzen\\\/\"},{\"@type\":\"ListItem\",\"position\":2,\"name\":\"SV Kirchzarten Tanzen\"}]},{\"@type\":\"WebSite\",\"@id\":\"https:\\\/\\\/svkirchzarten.de\\\/tanzen\\\/#website\",\"url\":\"https:\\\/\\\/svkirchzarten.de\\\/tanzen\\\/\",\"name\":\"Tanzen\",\"description\":\"\",\"alternateName\":\"SV Kirchzarten Tanzen\",\"potentialAction\":[{\"@type\":\"SearchAction\",\"target\":{\"@type\":\"EntryPoint\",\"urlTemplate\":\"https:\\\/\\\/svkirchzarten.de\\\/tanzen\\\/?s={search_term_string}\"},\"query-input\":{\"@type\":\"PropertyValueSpecification\",\"valueRequired\":true,\"valueName\":\"search_term_string\"}}],\"inLanguage\":\"de\"}]}<\/script>\n<!-- \/ Yoast SEO plugin. -->","yoast_head_json":{"title":"SV Kirchzarten Tanzen | Tanzen","robots":{"index":"index","follow":"follow","max-snippet":"max-snippet:-1","max-image-preview":"max-image-preview:large","max-video-preview":"max-video-preview:-1"},"canonical":"https:\/\/svkirchzarten.de\/tanzen\/","og_locale":"de_DE","og_type":"article","og_title":"SV Kirchzarten Tanzen | Tanzen","og_description":"[vc_row type=&#8220;in_container&#8220; full_screen_row_position=&#8220;middle&#8220; column_margin=&#8220;default&#8220; column_direction=&#8220;default&#8220; column_direction_tablet=&#8220;default&#8220; column_direction_phone=&#8220;default&#8220; scene_position=&#8220;center&#8220; text_color=&#8220;dark&#8220; text_align=&#8220;left&#8220;...","og_url":"https:\/\/svkirchzarten.de\/tanzen\/","og_site_name":"Tanzen","article_modified_time":"2026-02-23T11:34:35+00:00","twitter_card":"summary_large_image","twitter_misc":{"Gesch\u00e4tzte Lesezeit":"2\u00a0Minuten"},"schema":{"@context":"https:\/\/schema.org","@graph":[{"@type":"WebPage","@id":"https:\/\/svkirchzarten.de\/tanzen\/","url":"https:\/\/svkirchzarten.de\/tanzen\/","name":"SV Kirchzarten Tanzen | Tanzen","isPartOf":{"@id":"https:\/\/svkirchzarten.de\/tanzen\/#website"},"primaryImageOfPage":{"@id":"https:\/\/svkirchzarten.de\/tanzen\/#primaryimage"},"image":{"@id":"https:\/\/svkirchzarten.de\/tanzen\/#primaryimage"},"thumbnailUrl":"https:\/\/svkirchzarten.de\/turnen\/wp-content\/uploads\/sites\/8\/2019\/01\/fragezeichen-150x150.jpg","datePublished":"2020-01-22T13:53:04+00:00","dateModified":"2026-02-23T11:34:35+00:00","breadcrumb":{"@id":"https:\/\/svkirchzarten.de\/tanzen\/#breadcrumb"},"inLanguage":"de","potentialAction":[{"@type":"ReadAction","target":["https:\/\/svkirchzarten.de\/tanzen\/"]}]},{"@type":"ImageObject","inLanguage":"de","@id":"https:\/\/svkirchzarten.de\/tanzen\/#primaryimage","url":"https:\/\/svkirchzarten.de\/turnen\/wp-content\/uploads\/sites\/8\/2019\/01\/fragezeichen-150x150.jpg","contentUrl":"https:\/\/svkirchzarten.de\/turnen\/wp-content\/uploads\/sites\/8\/2019\/01\/fragezeichen-150x150.jpg"},{"@type":"BreadcrumbList","@id":"https:\/\/svkirchzarten.de\/tanzen\/#breadcrumb","itemListElement":[{"@type":"ListItem","position":1,"name":"SV Kirchzarten","item":"https:\/\/svkirchzarten.de\/tanzen\/"},{"@type":"ListItem","position":2,"name":"SV Kirchzarten Tanzen"}]},{"@type":"WebSite","@id":"https:\/\/svkirchzarten.de\/tanzen\/#website","url":"https:\/\/svkirchzarten.de\/tanzen\/","name":"Tanzen","description":"","alternateName":"SV Kirchzarten Tanzen","potentialAction":[{"@type":"SearchAction","target":{"@type":"EntryPoint","urlTemplate":"https:\/\/svkirchzarten.de\/tanzen\/?s={search_term_string}"},"query-input":{"@type":"PropertyValueSpecification","valueRequired":true,"valueName":"search_term_string"}}],"inLanguage":"de"}]}},"publishpress_future_action":{"enabled":false,"date":"2026-04-20 11:13:51","action":"change-status","newStatus":"draft","terms":[],"taxonomy":"","extraData":[]},"publishpress_future_workflow_manual_trigger":{"enabledWorkflows":[]},"_links":{"self":[{"href":"https:\/\/svkirchzarten.de\/tanzen\/wp-json\/wp\/v2\/pages\/6","targetHints":{"allow":["GET"]}}],"collection":[{"href":"https:\/\/svkirchzarten.de\/tanzen\/wp-json\/wp\/v2\/pages"}],"about":[{"href":"https:\/\/svkirchzarten.de\/tanzen\/wp-json\/wp\/v2\/types\/page"}],"author":[{"embeddable":true,"href":"https:\/\/svkirchzarten.de\/tanzen\/wp-json\/wp\/v2\/users\/3"}],"replies":[{"embeddable":true,"href":"https:\/\/svkirchzarten.de\/tanzen\/wp-json\/wp\/v2\/comments?post=6"}],"version-history":[{"count":11,"href":"https:\/\/svkirchzarten.de\/tanzen\/wp-json\/wp\/v2\/pages\/6\/revisions"}],"predecessor-version":[{"id":163,"href":"https:\/\/svkirchzarten.de\/tanzen\/wp-json\/wp\/v2\/pages\/6\/revisions\/163"}],"wp:attachment":[{"href":"https:\/\/svkirchzarten.de\/tanzen\/wp-json\/wp\/v2\/media?parent=6"}],"curies":[{"name":"wp","href":"https:\/\/api.w.org\/{rel}","templated":true}]}}