{"id":9,"date":"2017-11-28T14:19:26","date_gmt":"2017-11-28T13:19:26","guid":{"rendered":"http:\/\/dev.svkirchzarten.de\/svkfit\/?page_id=9"},"modified":"2026-03-30T12:38:50","modified_gmt":"2026-03-30T10:38:50","slug":"kontakt","status":"publish","type":"page","link":"https:\/\/svkirchzarten.de\/svkfit\/kontakt\/","title":{"rendered":"Kontakt"},"content":{"rendered":"[vc_row type=&#8220;in_container&#8220; full_screen_row_position=&#8220;middle&#8220; column_margin=&#8220;default&#8220; column_direction=&#8220;default&#8220; column_direction_tablet=&#8220;default&#8220; column_direction_phone=&#8220;default&#8220; scene_position=&#8220;center&#8220; text_color=&#8220;dark&#8220; text_align=&#8220;left&#8220; row_border_radius=&#8220;none&#8220; row_border_radius_applies=&#8220;bg&#8220; row_position_desktop=&#8220;default&#8220; row_position_tablet=&#8220;inherit&#8220; row_position_phone=&#8220;inherit&#8220; overflow=&#8220;visible&#8220; overlay_strength=&#8220;0.3&#8243; gradient_direction=&#8220;left_to_right&#8220; shape_divider_position=&#8220;bottom&#8220; bg_image_animation=&#8220;none&#8220;][vc_column column_padding=&#8220;no-extra-padding&#8220; column_padding_tablet=&#8220;inherit&#8220; column_padding_phone=&#8220;inherit&#8220; column_padding_position=&#8220;all&#8220; flex_gap_desktop=&#8220;10px&#8220; column_element_direction_desktop=&#8220;default&#8220; column_element_spacing=&#8220;default&#8220; desktop_text_alignment=&#8220;default&#8220; tablet_text_alignment=&#8220;default&#8220; phone_text_alignment=&#8220;default&#8220; background_color_opacity=&#8220;1&#8243; background_hover_color_opacity=&#8220;1&#8243; column_backdrop_filter=&#8220;none&#8220; column_shadow=&#8220;none&#8220; column_border_radius=&#8220;none&#8220; column_link_target=&#8220;_self&#8220; column_position=&#8220;default&#8220; gradient_direction=&#8220;left_to_right&#8220; overlay_strength=&#8220;0.3&#8243; width=&#8220;2\/3&#8243; tablet_width_inherit=&#8220;default&#8220; animation_type=&#8220;default&#8220; bg_image_animation=&#8220;none&#8220; border_type=&#8220;simple&#8220; column_border_width=&#8220;none&#8220; column_border_style=&#8220;solid&#8220;][vc_column_text]\n<h2>Wie k\u00f6nnen wir Dir weiterhelfen?<\/h2>\n<p>Wir freuen uns \u00fcber Deine Nachricht.[\/vc_column_text][vc_column_text]<style id=\"wpforms-css-vars-451\">\n\t\t\t\t#wpforms-451 {\n\t\t\t\t--wpforms-container-padding: 0px;\n--wpforms-container-border-width: 1px;\n--wpforms-container-border-radius: 3px;\n--wpforms-background-color: rgba(0, 0, 0, 0);\n--wpforms-field-size-input-height: 43px;\n--wpforms-field-size-input-spacing: 15px;\n--wpforms-field-size-font-size: 16px;\n--wpforms-field-size-line-height: 19px;\n--wpforms-field-size-padding-h: 14px;\n--wpforms-field-size-checkbox-size: 16px;\n--wpforms-field-size-sublabel-spacing: 5px;\n--wpforms-field-size-icon-size: 1;\n--wpforms-label-size-font-size: 16px;\n--wpforms-label-size-line-height: 19px;\n--wpforms-label-size-sublabel-font-size: 14px;\n--wpforms-label-size-sublabel-line-height: 17px;\n--wpforms-button-size-font-size: 17px;\n--wpforms-button-size-height: 41px;\n--wpforms-button-size-padding-h: 15px;\n--wpforms-button-size-margin-top: 10px;\n--wpforms-container-shadow-size-box-shadow: none;\n\t\t\t}\n\t\t\t<\/style><div class=\"wpforms-container wpforms-container-full wpforms-render-modern\" id=\"wpforms-451\"><form id=\"wpforms-form-451\" class=\"wpforms-validate wpforms-form wpforms-ajax-form\" data-formid=\"451\" method=\"post\" enctype=\"multipart\/form-data\" action=\"\/svkfit\/wp-json\/wp\/v2\/pages\/9\" data-token=\"82b853306e359e1e2a8120b71e0214a0\" data-token-time=\"1775739784\"><noscript class=\"wpforms-error-noscript\">Bitte aktiviere JavaScript in deinem Browser, um dieses Formular fertigzustellen.<\/noscript><div id=\"wpforms-error-noscript\" style=\"display: none;\">Bitte aktiviere JavaScript in deinem Browser, um dieses Formular fertigzustellen.<\/div><div class=\"wpforms-field-container\"><div id=\"wpforms-451-field_3-container\" class=\"wpforms-field wpforms-field-name\" data-field-id=\"3\"><fieldset><legend class=\"wpforms-field-label\">Name <span class=\"wpforms-required-label\" aria-hidden=\"true\">*<\/span><\/legend><div class=\"wpforms-field-row wpforms-field-medium\"><div class=\"wpforms-field-row-block wpforms-first wpforms-one-half\"><input type=\"text\" id=\"wpforms-451-field_3\" class=\"wpforms-field-name-first wpforms-field-required\" name=\"wpforms[fields][3][first]\" aria-errormessage=\"wpforms-451-field_3-error\" required><label for=\"wpforms-451-field_3\" class=\"wpforms-field-sublabel after\">Vorname<\/label><\/div><div class=\"wpforms-field-row-block wpforms-one-half\"><input type=\"text\" id=\"wpforms-451-field_3-last\" class=\"wpforms-field-name-last wpforms-field-required\" name=\"wpforms[fields][3][last]\" aria-errormessage=\"wpforms-451-field_3-last-error\" required><label for=\"wpforms-451-field_3-last\" class=\"wpforms-field-sublabel after\">Nachname<\/label><\/div><\/div><\/fieldset><\/div><div id=\"wpforms-451-field_4-container\" class=\"wpforms-field wpforms-field-email\" data-field-id=\"4\"><label class=\"wpforms-field-label\" for=\"wpforms-451-field_4\">E-Mail-Adresse <span class=\"wpforms-required-label\" aria-hidden=\"true\">*<\/span><\/label><input type=\"email\" id=\"wpforms-451-field_4\" class=\"wpforms-field-medium wpforms-field-required\" name=\"wpforms[fields][4]\" spellcheck=\"false\" aria-errormessage=\"wpforms-451-field_4-error\" required><\/div>\t\t<div id=\"wpforms-451-field_1-container\"\n\t\t\tclass=\"wpforms-field wpforms-field-text\"\n\t\t\tdata-field-type=\"text\"\n\t\t\tdata-field-id=\"1\"\n\t\t\t>\n\t\t\t<label class=\"wpforms-field-label\" for=\"wpforms-451-field_1\" >DSGVO-Einverst\u00e4ndnis E-Mail-Adresse Nachricht<\/label>\n\t\t\t<input type=\"text\" id=\"wpforms-451-field_1\" class=\"wpforms-field-medium\" name=\"wpforms[fields][1]\" >\n\t\t<\/div>\n\t\t<div id=\"wpforms-451-field_6-container\" class=\"wpforms-field wpforms-field-text\" data-field-id=\"6\"><label class=\"wpforms-field-label\" for=\"wpforms-451-field_6\">Telefonnummer<\/label><input type=\"text\" id=\"wpforms-451-field_6\" class=\"wpforms-field-medium\" name=\"wpforms[fields][6]\" aria-errormessage=\"wpforms-451-field_6-error\" ><\/div><div id=\"wpforms-451-field_5-container\" class=\"wpforms-field wpforms-field-textarea\" data-field-id=\"5\"><label class=\"wpforms-field-label\" for=\"wpforms-451-field_5\">Deine Nachricht <span class=\"wpforms-required-label\" aria-hidden=\"true\">*<\/span><\/label><textarea id=\"wpforms-451-field_5\" class=\"wpforms-field-medium wpforms-field-required\" name=\"wpforms[fields][5]\" aria-errormessage=\"wpforms-451-field_5-error\" required><\/textarea><\/div><div id=\"wpforms-451-field_7-container\" class=\"wpforms-field wpforms-field-radio\" data-field-id=\"7\"><fieldset><legend class=\"wpforms-field-label\">DSGVO-Einverst\u00e4ndnis <span class=\"wpforms-required-label\" aria-hidden=\"true\">*<\/span><\/legend><ul id=\"wpforms-451-field_7\" class=\"wpforms-field-required\"><li class=\"choice-1 depth-1\"><input type=\"radio\" id=\"wpforms-451-field_7_1\" name=\"wpforms[fields][7]\" value=\"Ich akzeptiere die &lt;a target=&quot;_blank&quot; href=&quot;\/datenschutz\/&quot;&gt;Datenschutzbedingungen&lt;\/a&gt; des SV Kirchzarten e.V.\" aria-errormessage=\"wpforms-451-field_7_1-error\" required ><label class=\"wpforms-field-label-inline\" for=\"wpforms-451-field_7_1\">Ich akzeptiere die <a target=\"_blank\" href=\"\/datenschutz\/\">Datenschutzbedingungen<\/a> des SV Kirchzarten e.V.<\/label><\/li><\/ul><\/fieldset><\/div><script>\n\t\t\t\t( function() {\n\t\t\t\t\tconst style = document.createElement( 'style' );\n\t\t\t\t\tstyle.appendChild( document.createTextNode( '#wpforms-451-field_1-container { position: absolute !important; overflow: hidden !important; display: inline !important; height: 1px !important; width: 1px !important; z-index: -1000 !important; padding: 0 !important; } #wpforms-451-field_1-container input { visibility: hidden; } #wpforms-conversational-form-page #wpforms-451-field_1-container label { counter-increment: none; }' ) );\n\t\t\t\t\tdocument.head.appendChild( style );\n\t\t\t\t\tdocument.currentScript?.remove();\n\t\t\t\t} )();\n\t\t\t<\/script><\/div><!-- .wpforms-field-container --><div class=\"wpforms-submit-container\" ><input type=\"hidden\" name=\"wpforms[id]\" value=\"451\"><input type=\"hidden\" name=\"page_title\" value=\"\"><input type=\"hidden\" name=\"page_url\" value=\"https:\/\/svkirchzarten.de\/svkfit\/wp-json\/wp\/v2\/pages\/9\"><input type=\"hidden\" name=\"url_referer\" value=\"\"><button type=\"submit\" name=\"wpforms[submit]\" id=\"wpforms-submit-451\" class=\"wpforms-submit\" data-alt-text=\"Wird gesendet\u00a0\u2026\" data-submit-text=\"Absenden\" aria-live=\"assertive\" value=\"wpforms-submit\">Absenden<\/button><img loading=\"lazy\" decoding=\"async\" src=\"https:\/\/svkirchzarten.de\/svkfit\/wp-content\/plugins\/wpforms-lite\/assets\/images\/submit-spin.svg\" class=\"wpforms-submit-spinner\" style=\"display: none;\" width=\"26\" height=\"26\" alt=\"Wird geladen\"><\/div><\/form><\/div>  <!-- .wpforms-container -->[\/vc_column_text][\/vc_column][vc_column column_padding=&#8220;no-extra-padding&#8220; column_padding_tablet=&#8220;inherit&#8220; column_padding_phone=&#8220;inherit&#8220; column_padding_position=&#8220;all&#8220; flex_gap_desktop=&#8220;10px&#8220; column_element_direction_desktop=&#8220;default&#8220; column_element_spacing=&#8220;default&#8220; desktop_text_alignment=&#8220;default&#8220; tablet_text_alignment=&#8220;default&#8220; phone_text_alignment=&#8220;default&#8220; background_color_opacity=&#8220;1&#8243; background_hover_color_opacity=&#8220;1&#8243; column_backdrop_filter=&#8220;none&#8220; column_shadow=&#8220;none&#8220; column_border_radius=&#8220;none&#8220; column_link_target=&#8220;_self&#8220; column_position=&#8220;default&#8220; gradient_direction=&#8220;left_to_right&#8220; overlay_strength=&#8220;0.3&#8243; width=&#8220;1\/3&#8243; tablet_width_inherit=&#8220;default&#8220; animation_type=&#8220;default&#8220; bg_image_animation=&#8220;none&#8220; border_type=&#8220;simple&#8220; column_border_width=&#8220;none&#8220; column_border_style=&#8220;solid&#8220;][vc_column_text css=&#8220;&#8220; text_direction=&#8220;default&#8220;]\n<h2>Adresse<\/h2>\n<p>Sportverein Kirchzarten e.V.<br \/>\nOberrieder Stra\u00dfe 3<br \/>\n79199 Kirchzarten<\/p>\n<p>Tel. 07661-9081508<\/p>\n<p><a href=\"https:\/\/www.google.com\/maps\/dir\/\/Sportverein+Kirchzarten+e.V.+Oberrieder+Str.+3+79199+Kirchzarten\/@47.9588822,7.9549347,16z\/data=!4m8!4m7!1m0!1m5!1m1!1s0x4790fd4a1e0151b9:0x9fe7c73f1c48fccb!2m2!1d7.9549347!2d47.9588822?entry=ttu\" target=\"_blank\" rel=\"noopener\">Anfahrt<\/a><\/p>\n<h2>\u00d6ffnungszeiten<\/h2>\n<p>Die \u00d6ffnungszeiten unserer Gesch\u00e4ftsstelle findest Du <a href=\"https:\/\/svkirchzarten.de\/verein\/geschaeftsstelle\/\">hier.<\/a><\/p>\n<h2>Sportst\u00e4tten<\/h2>\n<p>Eine \u00dcbersicht \u00fcber unsere Sportst\u00e4tten findest Du <a href=\"https:\/\/svkirchzarten.de\/verein\/sportstaetten\/\">hier.<\/a>[\/vc_column_text][\/vc_column][\/vc_row]\n","protected":false},"excerpt":{"rendered":"<p>[vc_row type=&#8220;in_container&#8220; full_screen_row_position=&#8220;middle&#8220; column_margin=&#8220;default&#8220; column_direction=&#8220;default&#8220; column_direction_tablet=&#8220;default&#8220; column_direction_phone=&#8220;default&#8220; scene_position=&#8220;center&#8220; text_color=&#8220;dark&#8220; text_align=&#8220;left&#8220;&#8230;<\/p>\n","protected":false},"author":1,"featured_media":0,"parent":0,"menu_order":0,"comment_status":"closed","ping_status":"closed","template":"","meta":{"footnotes":""},"class_list":["post-9","page","type-page","status-publish"],"yoast_head":"<!-- This site is optimized with the Yoast SEO plugin v27.3 - https:\/\/yoast.com\/product\/yoast-seo-wordpress\/ -->\n<title>Kontakt | SVKfit<\/title>\n<meta name=\"description\" content=\"Kontaktiere uns, wenn Du mehr \u00fcber SVKfit wissen m\u00f6chtest. Das individuelle und ger\u00e4tegest\u00fctzte Gesundheits- und Fitnesstraining des SV Kirchzarten.\" \/>\n<meta name=\"robots\" content=\"index, follow, max-snippet:-1, max-image-preview:large, max-video-preview:-1\" \/>\n<link rel=\"canonical\" href=\"https:\/\/svkirchzarten.de\/svkfit\/kontakt\/\" \/>\n<meta property=\"og:locale\" content=\"de_DE\" \/>\n<meta property=\"og:type\" content=\"article\" \/>\n<meta property=\"og:title\" content=\"Kontakt | SVKfit\" \/>\n<meta property=\"og:description\" content=\"Kontaktiere uns, wenn Du mehr \u00fcber SVKfit wissen m\u00f6chtest. Das individuelle und ger\u00e4tegest\u00fctzte Gesundheits- und Fitnesstraining des SV Kirchzarten.\" \/>\n<meta property=\"og:url\" content=\"https:\/\/svkirchzarten.de\/svkfit\/kontakt\/\" \/>\n<meta property=\"og:site_name\" content=\"SVKfit\" \/>\n<meta property=\"article:modified_time\" content=\"2026-03-30T10:38:50+00:00\" \/>\n<meta name=\"twitter:card\" content=\"summary_large_image\" \/>\n<meta name=\"twitter:label1\" content=\"Gesch\u00e4tzte Lesezeit\" \/>\n\t<meta name=\"twitter:data1\" content=\"1\u00a0Minute\" \/>\n<script type=\"application\/ld+json\" class=\"yoast-schema-graph\">{\"@context\":\"https:\\\/\\\/schema.org\",\"@graph\":[{\"@type\":\"WebPage\",\"@id\":\"https:\\\/\\\/svkirchzarten.de\\\/svkfit\\\/kontakt\\\/\",\"url\":\"https:\\\/\\\/svkirchzarten.de\\\/svkfit\\\/kontakt\\\/\",\"name\":\"Kontakt | SVKfit\",\"isPartOf\":{\"@id\":\"https:\\\/\\\/svkirchzarten.de\\\/svkfit\\\/#website\"},\"datePublished\":\"2017-11-28T13:19:26+00:00\",\"dateModified\":\"2026-03-30T10:38:50+00:00\",\"description\":\"Kontaktiere uns, wenn Du mehr \u00fcber SVKfit wissen m\u00f6chtest. Das individuelle und ger\u00e4tegest\u00fctzte Gesundheits- und Fitnesstraining des SV Kirchzarten.\",\"breadcrumb\":{\"@id\":\"https:\\\/\\\/svkirchzarten.de\\\/svkfit\\\/kontakt\\\/#breadcrumb\"},\"inLanguage\":\"de\",\"potentialAction\":[{\"@type\":\"ReadAction\",\"target\":[\"https:\\\/\\\/svkirchzarten.de\\\/svkfit\\\/kontakt\\\/\"]}]},{\"@type\":\"BreadcrumbList\",\"@id\":\"https:\\\/\\\/svkirchzarten.de\\\/svkfit\\\/kontakt\\\/#breadcrumb\",\"itemListElement\":[{\"@type\":\"ListItem\",\"position\":1,\"name\":\"SV Kirchzarten\",\"item\":\"https:\\\/\\\/svkirchzarten.de\\\/svkfit\\\/\"},{\"@type\":\"ListItem\",\"position\":2,\"name\":\"Kontakt\"}]},{\"@type\":\"WebSite\",\"@id\":\"https:\\\/\\\/svkirchzarten.de\\\/svkfit\\\/#website\",\"url\":\"https:\\\/\\\/svkirchzarten.de\\\/svkfit\\\/\",\"name\":\"SVKfit. Das individuelle und ger\u00e4tegest\u00fctzte Gesundheits- und Fitnesstraining des SV Kirchzarten.\",\"description\":\"\",\"publisher\":{\"@id\":\"https:\\\/\\\/svkirchzarten.de\\\/svkfit\\\/#organization\"},\"potentialAction\":[{\"@type\":\"SearchAction\",\"target\":{\"@type\":\"EntryPoint\",\"urlTemplate\":\"https:\\\/\\\/svkirchzarten.de\\\/svkfit\\\/?s={search_term_string}\"},\"query-input\":{\"@type\":\"PropertyValueSpecification\",\"valueRequired\":true,\"valueName\":\"search_term_string\"}}],\"inLanguage\":\"de\"},{\"@type\":\"Organization\",\"@id\":\"https:\\\/\\\/svkirchzarten.de\\\/svkfit\\\/#organization\",\"name\":\"SV Kirchzarten e.V. - SVKfit\",\"url\":\"https:\\\/\\\/svkirchzarten.de\\\/svkfit\\\/\",\"logo\":{\"@type\":\"ImageObject\",\"inLanguage\":\"de\",\"@id\":\"https:\\\/\\\/svkirchzarten.de\\\/svkfit\\\/#\\\/schema\\\/logo\\\/image\\\/\",\"url\":\"https:\\\/\\\/svkirchzarten.de\\\/svkfit\\\/wp-content\\\/uploads\\\/sites\\\/11\\\/2021\\\/02\\\/sv-kirchzarten-logo.svg\",\"contentUrl\":\"https:\\\/\\\/svkirchzarten.de\\\/svkfit\\\/wp-content\\\/uploads\\\/sites\\\/11\\\/2021\\\/02\\\/sv-kirchzarten-logo.svg\",\"width\":1,\"height\":1,\"caption\":\"SV Kirchzarten e.V. - SVKfit\"},\"image\":{\"@id\":\"https:\\\/\\\/svkirchzarten.de\\\/svkfit\\\/#\\\/schema\\\/logo\\\/image\\\/\"}}]}<\/script>\n<!-- \/ Yoast SEO plugin. -->","yoast_head_json":{"title":"Kontakt | SVKfit","description":"Kontaktiere uns, wenn Du mehr \u00fcber SVKfit wissen m\u00f6chtest. Das individuelle und ger\u00e4tegest\u00fctzte Gesundheits- und Fitnesstraining des SV Kirchzarten.","robots":{"index":"index","follow":"follow","max-snippet":"max-snippet:-1","max-image-preview":"max-image-preview:large","max-video-preview":"max-video-preview:-1"},"canonical":"https:\/\/svkirchzarten.de\/svkfit\/kontakt\/","og_locale":"de_DE","og_type":"article","og_title":"Kontakt | SVKfit","og_description":"Kontaktiere uns, wenn Du mehr \u00fcber SVKfit wissen m\u00f6chtest. Das individuelle und ger\u00e4tegest\u00fctzte Gesundheits- und Fitnesstraining des SV Kirchzarten.","og_url":"https:\/\/svkirchzarten.de\/svkfit\/kontakt\/","og_site_name":"SVKfit","article_modified_time":"2026-03-30T10:38:50+00:00","twitter_card":"summary_large_image","twitter_misc":{"Gesch\u00e4tzte Lesezeit":"1\u00a0Minute"},"schema":{"@context":"https:\/\/schema.org","@graph":[{"@type":"WebPage","@id":"https:\/\/svkirchzarten.de\/svkfit\/kontakt\/","url":"https:\/\/svkirchzarten.de\/svkfit\/kontakt\/","name":"Kontakt | SVKfit","isPartOf":{"@id":"https:\/\/svkirchzarten.de\/svkfit\/#website"},"datePublished":"2017-11-28T13:19:26+00:00","dateModified":"2026-03-30T10:38:50+00:00","description":"Kontaktiere uns, wenn Du mehr \u00fcber SVKfit wissen m\u00f6chtest. Das individuelle und ger\u00e4tegest\u00fctzte Gesundheits- und Fitnesstraining des SV Kirchzarten.","breadcrumb":{"@id":"https:\/\/svkirchzarten.de\/svkfit\/kontakt\/#breadcrumb"},"inLanguage":"de","potentialAction":[{"@type":"ReadAction","target":["https:\/\/svkirchzarten.de\/svkfit\/kontakt\/"]}]},{"@type":"BreadcrumbList","@id":"https:\/\/svkirchzarten.de\/svkfit\/kontakt\/#breadcrumb","itemListElement":[{"@type":"ListItem","position":1,"name":"SV Kirchzarten","item":"https:\/\/svkirchzarten.de\/svkfit\/"},{"@type":"ListItem","position":2,"name":"Kontakt"}]},{"@type":"WebSite","@id":"https:\/\/svkirchzarten.de\/svkfit\/#website","url":"https:\/\/svkirchzarten.de\/svkfit\/","name":"SVKfit. Das individuelle und ger\u00e4tegest\u00fctzte Gesundheits- und Fitnesstraining des SV Kirchzarten.","description":"","publisher":{"@id":"https:\/\/svkirchzarten.de\/svkfit\/#organization"},"potentialAction":[{"@type":"SearchAction","target":{"@type":"EntryPoint","urlTemplate":"https:\/\/svkirchzarten.de\/svkfit\/?s={search_term_string}"},"query-input":{"@type":"PropertyValueSpecification","valueRequired":true,"valueName":"search_term_string"}}],"inLanguage":"de"},{"@type":"Organization","@id":"https:\/\/svkirchzarten.de\/svkfit\/#organization","name":"SV Kirchzarten e.V. - SVKfit","url":"https:\/\/svkirchzarten.de\/svkfit\/","logo":{"@type":"ImageObject","inLanguage":"de","@id":"https:\/\/svkirchzarten.de\/svkfit\/#\/schema\/logo\/image\/","url":"https:\/\/svkirchzarten.de\/svkfit\/wp-content\/uploads\/sites\/11\/2021\/02\/sv-kirchzarten-logo.svg","contentUrl":"https:\/\/svkirchzarten.de\/svkfit\/wp-content\/uploads\/sites\/11\/2021\/02\/sv-kirchzarten-logo.svg","width":1,"height":1,"caption":"SV Kirchzarten e.V. - SVKfit"},"image":{"@id":"https:\/\/svkirchzarten.de\/svkfit\/#\/schema\/logo\/image\/"}}]}},"publishpress_future_action":{"enabled":false,"date":"2026-04-16 15:03:04","action":"change-status","newStatus":"draft","terms":[],"taxonomy":"","extraData":[]},"publishpress_future_workflow_manual_trigger":{"enabledWorkflows":[]},"_links":{"self":[{"href":"https:\/\/svkirchzarten.de\/svkfit\/wp-json\/wp\/v2\/pages\/9","targetHints":{"allow":["GET"]}}],"collection":[{"href":"https:\/\/svkirchzarten.de\/svkfit\/wp-json\/wp\/v2\/pages"}],"about":[{"href":"https:\/\/svkirchzarten.de\/svkfit\/wp-json\/wp\/v2\/types\/page"}],"author":[{"embeddable":true,"href":"https:\/\/svkirchzarten.de\/svkfit\/wp-json\/wp\/v2\/users\/1"}],"replies":[{"embeddable":true,"href":"https:\/\/svkirchzarten.de\/svkfit\/wp-json\/wp\/v2\/comments?post=9"}],"version-history":[{"count":1,"href":"https:\/\/svkirchzarten.de\/svkfit\/wp-json\/wp\/v2\/pages\/9\/revisions"}],"predecessor-version":[{"id":830,"href":"https:\/\/svkirchzarten.de\/svkfit\/wp-json\/wp\/v2\/pages\/9\/revisions\/830"}],"wp:attachment":[{"href":"https:\/\/svkirchzarten.de\/svkfit\/wp-json\/wp\/v2\/media?parent=9"}],"curies":[{"name":"wp","href":"https:\/\/api.w.org\/{rel}","templated":true}]}}