{"id":8,"date":"2017-11-28T14:19:10","date_gmt":"2017-11-28T13:19:10","guid":{"rendered":"http:\/\/dev.svkirchzarten.de\/ski-rad\/?page_id=8"},"modified":"2024-03-05T14:17:30","modified_gmt":"2024-03-05T13:17:30","slug":"kontakt","status":"publish","type":"page","link":"https:\/\/svkirchzarten.de\/ski\/kontakt\/","title":{"rendered":"Kontakt"},"content":{"rendered":"[vc_row type=&#8220;in_container&#8220; full_screen_row_position=&#8220;middle&#8220; column_margin=&#8220;default&#8220; column_direction=&#8220;default&#8220; column_direction_tablet=&#8220;default&#8220; column_direction_phone=&#8220;default&#8220; scene_position=&#8220;center&#8220; text_color=&#8220;dark&#8220; text_align=&#8220;left&#8220; row_border_radius=&#8220;none&#8220; row_border_radius_applies=&#8220;bg&#8220; overflow=&#8220;visible&#8220; overlay_strength=&#8220;0.3&#8243; gradient_direction=&#8220;left_to_right&#8220; shape_divider_position=&#8220;bottom&#8220; bg_image_animation=&#8220;none&#8220;][vc_column column_padding=&#8220;no-extra-padding&#8220; column_padding_tablet=&#8220;inherit&#8220; column_padding_phone=&#8220;inherit&#8220; column_padding_position=&#8220;all&#8220; column_element_direction_desktop=&#8220;default&#8220; column_element_spacing=&#8220;default&#8220; desktop_text_alignment=&#8220;default&#8220; tablet_text_alignment=&#8220;default&#8220; phone_text_alignment=&#8220;default&#8220; background_color_opacity=&#8220;1&#8243; background_hover_color_opacity=&#8220;1&#8243; column_backdrop_filter=&#8220;none&#8220; column_shadow=&#8220;none&#8220; column_border_radius=&#8220;none&#8220; column_link_target=&#8220;_self&#8220; column_position=&#8220;default&#8220; gradient_direction=&#8220;left_to_right&#8220; overlay_strength=&#8220;0.3&#8243; width=&#8220;2\/3&#8243; tablet_width_inherit=&#8220;default&#8220; animation_type=&#8220;default&#8220; bg_image_animation=&#8220;none&#8220; border_type=&#8220;simple&#8220; column_border_width=&#8220;none&#8220; column_border_style=&#8220;solid&#8220;][vc_column_text]\n<h2>Wie k\u00f6nnen wir Dir weiterhelfen?<\/h2>\n<p>Wir freuen uns \u00fcber Deine Nachricht[\/vc_column_text]<div class=\"wpforms-container wpforms-container-full\" id=\"wpforms-581\"><form id=\"wpforms-form-581\" class=\"wpforms-validate wpforms-form wpforms-ajax-form\" data-formid=\"581\" method=\"post\" enctype=\"multipart\/form-data\" action=\"\/ski\/wp-json\/wp\/v2\/pages\/8\" data-token=\"99c739768c09f46b1d2ab9449b382c59\" data-token-time=\"1776851979\"><noscript class=\"wpforms-error-noscript\">Bitte aktiviere JavaScript in deinem Browser, um dieses Formular fertigzustellen.<\/noscript><div class=\"wpforms-field-container\"><div id=\"wpforms-581-field_0-container\" class=\"wpforms-field wpforms-field-name\" data-field-id=\"0\"><label class=\"wpforms-field-label\">Name <span class=\"wpforms-required-label\">*<\/span><\/label><div class=\"wpforms-field-row wpforms-field-medium\"><div class=\"wpforms-field-row-block wpforms-first wpforms-one-half\"><input type=\"text\" id=\"wpforms-581-field_0\" class=\"wpforms-field-name-first wpforms-field-required\" name=\"wpforms[fields][0][first]\" required><label for=\"wpforms-581-field_0\" class=\"wpforms-field-sublabel after\">Vorname<\/label><\/div><div class=\"wpforms-field-row-block wpforms-one-half\"><input type=\"text\" id=\"wpforms-581-field_0-last\" class=\"wpforms-field-name-last wpforms-field-required\" name=\"wpforms[fields][0][last]\" required><label for=\"wpforms-581-field_0-last\" class=\"wpforms-field-sublabel after\">Nachname<\/label><\/div><\/div><\/div><div id=\"wpforms-581-field_1-container\" class=\"wpforms-field wpforms-field-email\" data-field-id=\"1\"><label class=\"wpforms-field-label\" for=\"wpforms-581-field_1\">E-Mail <span class=\"wpforms-required-label\">*<\/span><\/label><input type=\"email\" id=\"wpforms-581-field_1\" class=\"wpforms-field-medium wpforms-field-required\" name=\"wpforms[fields][1]\" spellcheck=\"false\" required><\/div><div id=\"wpforms-581-field_4-container\" class=\"wpforms-field wpforms-field-text\" data-field-id=\"4\"><label class=\"wpforms-field-label\" for=\"wpforms-581-field_4\">Telefonnummer<\/label><input type=\"text\" id=\"wpforms-581-field_4\" class=\"wpforms-field-medium\" name=\"wpforms[fields][4]\" ><\/div><div id=\"wpforms-581-field_2-container\" class=\"wpforms-field wpforms-field-textarea\" data-field-id=\"2\"><label class=\"wpforms-field-label\" for=\"wpforms-581-field_2\">Kommentar oder Nachricht <span class=\"wpforms-required-label\">*<\/span><\/label><textarea id=\"wpforms-581-field_2\" class=\"wpforms-field-medium wpforms-field-required\" name=\"wpforms[fields][2]\" required><\/textarea><\/div>\t\t<div id=\"wpforms-581-field_3-container\"\n\t\t\tclass=\"wpforms-field wpforms-field-text\"\n\t\t\tdata-field-type=\"text\"\n\t\t\tdata-field-id=\"3\"\n\t\t\t>\n\t\t\t<label class=\"wpforms-field-label\" for=\"wpforms-581-field_3\" >Kommentar Telefonnummer E-Mail<\/label>\n\t\t\t<input type=\"text\" id=\"wpforms-581-field_3\" class=\"wpforms-field-medium\" name=\"wpforms[fields][3]\" >\n\t\t<\/div>\n\t\t<div id=\"wpforms-581-field_5-container\" class=\"wpforms-field wpforms-field-radio\" data-field-id=\"5\"><label class=\"wpforms-field-label\">DSGVO-Einverst\u00e4ndnis <span class=\"wpforms-required-label\">*<\/span><\/label><ul id=\"wpforms-581-field_5\" class=\"wpforms-field-required\"><li class=\"choice-1 depth-1\"><input type=\"radio\" id=\"wpforms-581-field_5_1\" name=\"wpforms[fields][5]\" value=\"Ich akzeptiere die &lt;a href=&quot;\/datenschutz\/&quot; target=&quot;_blank&quot;&gt;Datenschutzbedingungen&lt;\/a&gt; des SV Kirchzarten e.V.\" required ><label class=\"wpforms-field-label-inline\" for=\"wpforms-581-field_5_1\">Ich akzeptiere die <a href=\"\/datenschutz\/\" target=\"_blank\">Datenschutzbedingungen<\/a> des SV Kirchzarten e.V.<\/label><\/li><\/ul><\/div><script>\n\t\t\t\t( function() {\n\t\t\t\t\tconst style = document.createElement( 'style' );\n\t\t\t\t\tstyle.appendChild( document.createTextNode( '#wpforms-581-field_3-container { position: absolute !important; overflow: hidden !important; display: inline !important; height: 1px !important; width: 1px !important; z-index: -1000 !important; padding: 0 !important; } #wpforms-581-field_3-container input { visibility: hidden; } #wpforms-conversational-form-page #wpforms-581-field_3-container label { counter-increment: none; }' ) );\n\t\t\t\t\tdocument.head.appendChild( style );\n\t\t\t\t\tdocument.currentScript?.remove();\n\t\t\t\t} )();\n\t\t\t<\/script><\/div><!-- .wpforms-field-container --><input type=\"text\" name=\"vceuj\" value=\"\" style=\"display: none !important;\" \/><div class=\"wpforms-submit-container\" ><input type=\"hidden\" name=\"wpforms[id]\" value=\"581\"><input type=\"hidden\" name=\"page_title\" value=\"\"><input type=\"hidden\" name=\"page_url\" value=\"https:\/\/svkirchzarten.de\/ski\/wp-json\/wp\/v2\/pages\/8\"><input type=\"hidden\" name=\"url_referer\" value=\"\"><button type=\"submit\" name=\"wpforms[submit]\" id=\"wpforms-submit-581\" class=\"wpforms-submit\" data-alt-text=\"Senden\u2026\" data-submit-text=\"Absenden\" aria-live=\"assertive\" value=\"wpforms-submit\">Absenden<\/button><img loading=\"lazy\" decoding=\"async\" src=\"https:\/\/svkirchzarten.de\/ski\/wp-content\/plugins\/wpforms-lite\/assets\/images\/submit-spin.svg\" class=\"wpforms-submit-spinner\" style=\"display: none;\" width=\"26\" height=\"26\" alt=\"Wird geladen\"><\/div><\/form><\/div>  <!-- .wpforms-container -->[\/vc_column][vc_column column_padding=&#8220;no-extra-padding&#8220; column_padding_tablet=&#8220;inherit&#8220; column_padding_phone=&#8220;inherit&#8220; column_padding_position=&#8220;all&#8220; column_element_direction_desktop=&#8220;default&#8220; column_element_spacing=&#8220;default&#8220; desktop_text_alignment=&#8220;default&#8220; tablet_text_alignment=&#8220;default&#8220; phone_text_alignment=&#8220;default&#8220; background_color_opacity=&#8220;1&#8243; background_hover_color_opacity=&#8220;1&#8243; column_backdrop_filter=&#8220;none&#8220; column_shadow=&#8220;none&#8220; column_border_radius=&#8220;none&#8220; column_link_target=&#8220;_self&#8220; column_position=&#8220;default&#8220; gradient_direction=&#8220;left_to_right&#8220; overlay_strength=&#8220;0.3&#8243; width=&#8220;1\/3&#8243; tablet_width_inherit=&#8220;default&#8220; animation_type=&#8220;default&#8220; bg_image_animation=&#8220;none&#8220; border_type=&#8220;simple&#8220; column_border_width=&#8220;none&#8220; column_border_style=&#8220;solid&#8220;][vc_column_text]\n<h2>Adresse<\/h2>\n<p>Sportverein Kirchzarten e.V.<br \/>\nOberrieder Stra\u00dfe 3<br \/>\n79199 Kirchzarten<\/p>\n<p><a href=\"https:\/\/www.google.com\/maps\/dir\/\/Sportverein+Kirchzarten+e.V.+Oberrieder+Str.+3+79199+Kirchzarten\/@47.9588822,7.9549347,16z\/data=!4m8!4m7!1m0!1m5!1m1!1s0x4790fd4a1e0151b9:0x9fe7c73f1c48fccb!2m2!1d7.9549347!2d47.9588822?entry=ttu\" target=\"_blank\" rel=\"noopener\">Anfahrt<\/a><\/p>\n<h2>\u00d6ffnungszeiten<\/h2>\n<p>Die \u00d6ffnungszeiten unserer Gesch\u00e4ftsstelle findest Du <a href=\"https:\/\/svkirchzarten.de\/verein\/geschaeftsstelle\/\">hier.<\/a><\/p>\n<h2>Sportst\u00e4tten<\/h2>\n<p>Eine \u00dcbersicht \u00fcber unsere Sportst\u00e4tten findest Du <a href=\"https:\/\/svkirchzarten.de\/verein\/sportstaetten\/\">hier.<\/a>[\/vc_column_text][\/vc_column][\/vc_row]\n","protected":false},"excerpt":{"rendered":"<p>[vc_row type=&#8220;in_container&#8220; full_screen_row_position=&#8220;middle&#8220; column_margin=&#8220;default&#8220; column_direction=&#8220;default&#8220; column_direction_tablet=&#8220;default&#8220; column_direction_phone=&#8220;default&#8220; scene_position=&#8220;center&#8220; text_color=&#8220;dark&#8220; text_align=&#8220;left&#8220;&#8230;<\/p>\n","protected":false},"author":1,"featured_media":0,"parent":0,"menu_order":0,"comment_status":"closed","ping_status":"closed","template":"","meta":{"footnotes":""},"class_list":["post-8","page","type-page","status-publish"],"yoast_head":"<!-- This site is optimized with the Yoast SEO plugin v27.4 - https:\/\/yoast.com\/product\/yoast-seo-wordpress\/ -->\n<title>Kontakt | Ski<\/title>\n<meta name=\"robots\" content=\"index, follow, max-snippet:-1, max-image-preview:large, max-video-preview:-1\" \/>\n<link rel=\"canonical\" href=\"https:\/\/svkirchzarten.de\/ski\/kontakt\/\" \/>\n<meta property=\"og:locale\" content=\"de_DE\" \/>\n<meta property=\"og:type\" content=\"article\" \/>\n<meta property=\"og:title\" content=\"Kontakt | Ski\" \/>\n<meta property=\"og:description\" content=\"[vc_row type=&#8220;in_container&#8220; full_screen_row_position=&#8220;middle&#8220; column_margin=&#8220;default&#8220; column_direction=&#8220;default&#8220; column_direction_tablet=&#8220;default&#8220; column_direction_phone=&#8220;default&#8220; scene_position=&#8220;center&#8220; text_color=&#8220;dark&#8220; text_align=&#8220;left&#8220;...\" \/>\n<meta property=\"og:url\" content=\"https:\/\/svkirchzarten.de\/ski\/kontakt\/\" \/>\n<meta property=\"og:site_name\" content=\"Ski\" \/>\n<meta property=\"article:modified_time\" content=\"2024-03-05T13:17:30+00:00\" \/>\n<meta name=\"twitter:card\" content=\"summary_large_image\" \/>\n<meta name=\"twitter:label1\" content=\"Gesch\u00e4tzte Lesezeit\" \/>\n\t<meta name=\"twitter:data1\" content=\"1\u00a0Minute\" \/>\n<script type=\"application\/ld+json\" class=\"yoast-schema-graph\">{\"@context\":\"https:\\\/\\\/schema.org\",\"@graph\":[{\"@type\":\"WebPage\",\"@id\":\"https:\\\/\\\/svkirchzarten.de\\\/ski\\\/kontakt\\\/\",\"url\":\"https:\\\/\\\/svkirchzarten.de\\\/ski\\\/kontakt\\\/\",\"name\":\"Kontakt | Ski\",\"isPartOf\":{\"@id\":\"https:\\\/\\\/svkirchzarten.de\\\/ski\\\/#website\"},\"datePublished\":\"2017-11-28T13:19:10+00:00\",\"dateModified\":\"2024-03-05T13:17:30+00:00\",\"breadcrumb\":{\"@id\":\"https:\\\/\\\/svkirchzarten.de\\\/ski\\\/kontakt\\\/#breadcrumb\"},\"inLanguage\":\"de\",\"potentialAction\":[{\"@type\":\"ReadAction\",\"target\":[\"https:\\\/\\\/svkirchzarten.de\\\/ski\\\/kontakt\\\/\"]}]},{\"@type\":\"BreadcrumbList\",\"@id\":\"https:\\\/\\\/svkirchzarten.de\\\/ski\\\/kontakt\\\/#breadcrumb\",\"itemListElement\":[{\"@type\":\"ListItem\",\"position\":1,\"name\":\"SV Kirchzarten\",\"item\":\"https:\\\/\\\/svkirchzarten.de\\\/ski\\\/\"},{\"@type\":\"ListItem\",\"position\":2,\"name\":\"Kontakt\"}]},{\"@type\":\"WebSite\",\"@id\":\"https:\\\/\\\/svkirchzarten.de\\\/ski\\\/#website\",\"url\":\"https:\\\/\\\/svkirchzarten.de\\\/ski\\\/\",\"name\":\"Sportverein Kirchzarten e.V. - Ski-Abteilung\",\"description\":\"\",\"publisher\":{\"@id\":\"https:\\\/\\\/svkirchzarten.de\\\/ski\\\/#organization\"},\"alternateName\":\"SV Kirchzarten Ski\",\"potentialAction\":[{\"@type\":\"SearchAction\",\"target\":{\"@type\":\"EntryPoint\",\"urlTemplate\":\"https:\\\/\\\/svkirchzarten.de\\\/ski\\\/?s={search_term_string}\"},\"query-input\":{\"@type\":\"PropertyValueSpecification\",\"valueRequired\":true,\"valueName\":\"search_term_string\"}}],\"inLanguage\":\"de\"},{\"@type\":\"Organization\",\"@id\":\"https:\\\/\\\/svkirchzarten.de\\\/ski\\\/#organization\",\"name\":\"Sportverein Kirchzarten e.V. - Ski-Abteilung\",\"url\":\"https:\\\/\\\/svkirchzarten.de\\\/ski\\\/\",\"logo\":{\"@type\":\"ImageObject\",\"inLanguage\":\"de\",\"@id\":\"https:\\\/\\\/svkirchzarten.de\\\/ski\\\/#\\\/schema\\\/logo\\\/image\\\/\",\"url\":\"https:\\\/\\\/svkirchzarten.de\\\/ski\\\/wp-content\\\/uploads\\\/sites\\\/7\\\/2021\\\/02\\\/sv-kirchzarten-logo.svg\",\"contentUrl\":\"https:\\\/\\\/svkirchzarten.de\\\/ski\\\/wp-content\\\/uploads\\\/sites\\\/7\\\/2021\\\/02\\\/sv-kirchzarten-logo.svg\",\"width\":1,\"height\":1,\"caption\":\"Sportverein Kirchzarten e.V. - Ski-Abteilung\"},\"image\":{\"@id\":\"https:\\\/\\\/svkirchzarten.de\\\/ski\\\/#\\\/schema\\\/logo\\\/image\\\/\"}}]}<\/script>\n<!-- \/ Yoast SEO plugin. -->","yoast_head_json":{"title":"Kontakt | Ski","robots":{"index":"index","follow":"follow","max-snippet":"max-snippet:-1","max-image-preview":"max-image-preview:large","max-video-preview":"max-video-preview:-1"},"canonical":"https:\/\/svkirchzarten.de\/ski\/kontakt\/","og_locale":"de_DE","og_type":"article","og_title":"Kontakt | Ski","og_description":"[vc_row type=&#8220;in_container&#8220; full_screen_row_position=&#8220;middle&#8220; column_margin=&#8220;default&#8220; column_direction=&#8220;default&#8220; column_direction_tablet=&#8220;default&#8220; column_direction_phone=&#8220;default&#8220; scene_position=&#8220;center&#8220; text_color=&#8220;dark&#8220; text_align=&#8220;left&#8220;...","og_url":"https:\/\/svkirchzarten.de\/ski\/kontakt\/","og_site_name":"Ski","article_modified_time":"2024-03-05T13:17:30+00:00","twitter_card":"summary_large_image","twitter_misc":{"Gesch\u00e4tzte Lesezeit":"1\u00a0Minute"},"schema":{"@context":"https:\/\/schema.org","@graph":[{"@type":"WebPage","@id":"https:\/\/svkirchzarten.de\/ski\/kontakt\/","url":"https:\/\/svkirchzarten.de\/ski\/kontakt\/","name":"Kontakt | Ski","isPartOf":{"@id":"https:\/\/svkirchzarten.de\/ski\/#website"},"datePublished":"2017-11-28T13:19:10+00:00","dateModified":"2024-03-05T13:17:30+00:00","breadcrumb":{"@id":"https:\/\/svkirchzarten.de\/ski\/kontakt\/#breadcrumb"},"inLanguage":"de","potentialAction":[{"@type":"ReadAction","target":["https:\/\/svkirchzarten.de\/ski\/kontakt\/"]}]},{"@type":"BreadcrumbList","@id":"https:\/\/svkirchzarten.de\/ski\/kontakt\/#breadcrumb","itemListElement":[{"@type":"ListItem","position":1,"name":"SV Kirchzarten","item":"https:\/\/svkirchzarten.de\/ski\/"},{"@type":"ListItem","position":2,"name":"Kontakt"}]},{"@type":"WebSite","@id":"https:\/\/svkirchzarten.de\/ski\/#website","url":"https:\/\/svkirchzarten.de\/ski\/","name":"Sportverein Kirchzarten e.V. - Ski-Abteilung","description":"","publisher":{"@id":"https:\/\/svkirchzarten.de\/ski\/#organization"},"alternateName":"SV Kirchzarten Ski","potentialAction":[{"@type":"SearchAction","target":{"@type":"EntryPoint","urlTemplate":"https:\/\/svkirchzarten.de\/ski\/?s={search_term_string}"},"query-input":{"@type":"PropertyValueSpecification","valueRequired":true,"valueName":"search_term_string"}}],"inLanguage":"de"},{"@type":"Organization","@id":"https:\/\/svkirchzarten.de\/ski\/#organization","name":"Sportverein Kirchzarten e.V. - Ski-Abteilung","url":"https:\/\/svkirchzarten.de\/ski\/","logo":{"@type":"ImageObject","inLanguage":"de","@id":"https:\/\/svkirchzarten.de\/ski\/#\/schema\/logo\/image\/","url":"https:\/\/svkirchzarten.de\/ski\/wp-content\/uploads\/sites\/7\/2021\/02\/sv-kirchzarten-logo.svg","contentUrl":"https:\/\/svkirchzarten.de\/ski\/wp-content\/uploads\/sites\/7\/2021\/02\/sv-kirchzarten-logo.svg","width":1,"height":1,"caption":"Sportverein Kirchzarten e.V. - Ski-Abteilung"},"image":{"@id":"https:\/\/svkirchzarten.de\/ski\/#\/schema\/logo\/image\/"}}]}},"publishpress_future_action":{"enabled":false,"date":"2026-04-29 11:59:39","action":"change-status","newStatus":"draft","terms":[],"taxonomy":"","extraData":[]},"publishpress_future_workflow_manual_trigger":{"enabledWorkflows":[]},"_links":{"self":[{"href":"https:\/\/svkirchzarten.de\/ski\/wp-json\/wp\/v2\/pages\/8","targetHints":{"allow":["GET"]}}],"collection":[{"href":"https:\/\/svkirchzarten.de\/ski\/wp-json\/wp\/v2\/pages"}],"about":[{"href":"https:\/\/svkirchzarten.de\/ski\/wp-json\/wp\/v2\/types\/page"}],"author":[{"embeddable":true,"href":"https:\/\/svkirchzarten.de\/ski\/wp-json\/wp\/v2\/users\/1"}],"replies":[{"embeddable":true,"href":"https:\/\/svkirchzarten.de\/ski\/wp-json\/wp\/v2\/comments?post=8"}],"version-history":[{"count":0,"href":"https:\/\/svkirchzarten.de\/ski\/wp-json\/wp\/v2\/pages\/8\/revisions"}],"wp:attachment":[{"href":"https:\/\/svkirchzarten.de\/ski\/wp-json\/wp\/v2\/media?parent=8"}],"curies":[{"name":"wp","href":"https:\/\/api.w.org\/{rel}","templated":true}]}}