{"id":139,"date":"2018-11-12T09:01:35","date_gmt":"2018-11-12T08:01:35","guid":{"rendered":"https:\/\/svkirchzarten.de\/ski\/?page_id=139"},"modified":"2018-11-12T10:05:07","modified_gmt":"2018-11-12T09:05:07","slug":"snowboardkurs-details","status":"publish","type":"page","link":"https:\/\/svkirchzarten.de\/ski\/schneesportschule\/snowboardkurs-details\/","title":{"rendered":"Snowboardkurs-Details"},"content":{"rendered":"[vc_row type=&#8220;in_container&#8220; full_screen_row_position=&#8220;middle&#8220; scene_position=&#8220;center&#8220; text_color=&#8220;dark&#8220; text_align=&#8220;left&#8220; overlay_strength=&#8220;0.3&#8243;][vc_column column_padding=&#8220;no-extra-padding&#8220; column_padding_position=&#8220;all&#8220; background_color_opacity=&#8220;1&#8243; background_hover_color_opacity=&#8220;1&#8243; column_shadow=&#8220;none&#8220; width=&#8220;1\/1&#8243; tablet_text_alignment=&#8220;default&#8220; phone_text_alignment=&#8220;default&#8220; column_border_width=&#8220;none&#8220; column_border_style=&#8220;solid&#8220;][vc_column_text]Nach \u00fcber 20 Jahren Erfahrung mit Snowboardkursen sind wir mit unserem Team inzwischen in der Lage, jedem Wunsch gerecht zu werden. Neben unseren Anf\u00e4nger- und Fortgeschrittenenkursen f\u00fchren wir auch Spezialkurse f\u00fcr Erwachsene, Familien, Freestyler oder Nachwuchsrennl\u00e4ufer auf Anfrage durch.<\/p>\n<p>Wer auf Frustrationserlebnisse verzichten und in kurzer Zeit das Kurvenfahren beherrschen will, ist bei uns an der richtigen Stelle.<br \/>\nNach \u00fcber 20 Jahren Erfahrung im Snowboardlehrwesen haben wir uns in allen Bereichen des Snowboardsports spezialisiert. Daher k\u00f6nnen wir Freestyle- und Freeride-Elemente sowohl in die Anf\u00e4nger- und Fortgeschrittenenkurse integrieren, als auch Snowboardtraining mit den Schwerpunkten Springen, Pistentricks, Freeriding und Carven anbieten.<\/p>\n<p>Dank unseres gro\u00dfen Teams an qualifizierten und lizenzierten Snowboardlehrern sind wir in der Lage, mit geeigneten Spiel- und \u00dcbungsformen in kleinen Gruppen (4-6 Boarder) den Spa\u00df am Snowboarden f\u00fcr Jung und Alt zu vermitteln. Auf Anfrage f\u00fchren wir auch Spezialkurse (Einzelunterricht, Familien, Gruppen) sowie Tandemfahrten durch.<\/p>\n<h4>Zielgruppen:<\/h4>\n<ul>\n<li>Snowboard-Anf\u00e4nger ab 8 Jahren: lernen in kurzer Zeit Kurvenfahren und Liften<\/li>\n<li>Snowboard-Fortgeschrittene ab 9 Jahren: k\u00f6nnen schon alleine Liften und Kurven Fahren, wollen sich aber vielseitig verbessern<\/li>\n<li>Snowboard-Training (Springen, Trixen, Freeriden, Carven). Setzt gute Kondition und Fahrtechnik voraus. Hier werden Tricks und spezielle Techniken vermittelt.<\/li>\n<\/ul>\n[\/vc_column_text][\/vc_column][\/vc_row][vc_row type=&#8220;in_container&#8220; full_screen_row_position=&#8220;middle&#8220; scene_position=&#8220;center&#8220; text_color=&#8220;dark&#8220; text_align=&#8220;left&#8220; overlay_strength=&#8220;0.3&#8243;][vc_column column_padding=&#8220;no-extra-padding&#8220; column_padding_position=&#8220;all&#8220; background_color_opacity=&#8220;1&#8243; background_hover_color_opacity=&#8220;1&#8243; column_shadow=&#8220;none&#8220; width=&#8220;1\/1&#8243; tablet_text_alignment=&#8220;default&#8220; phone_text_alignment=&#8220;default&#8220; column_border_width=&#8220;none&#8220; column_border_style=&#8220;solid&#8220;][nectar_btn size=&#8220;medium&#8220; button_style=&#8220;regular&#8220; button_color_2=&#8220;Accent-Color&#8220; icon_family=&#8220;none&#8220; url=&#8220;https:\/\/svkirchzarten.de\/ski\/schneesportschule\/&#8220; text=&#8220;zur\u00fcck&#8220;][\/vc_column][\/vc_row]\n","protected":false},"excerpt":{"rendered":"<p>[vc_row type=&#8220;in_container&#8220; full_screen_row_position=&#8220;middle&#8220; scene_position=&#8220;center&#8220; text_color=&#8220;dark&#8220; text_align=&#8220;left&#8220; overlay_strength=&#8220;0.3&#8243;][vc_column column_padding=&#8220;no-extra-padding&#8220; column_padding_position=&#8220;all&#8220; background_color_opacity=&#8220;1&#8243;&#8230;<\/p>\n","protected":false},"author":3,"featured_media":0,"parent":62,"menu_order":0,"comment_status":"closed","ping_status":"closed","template":"","meta":{"footnotes":""},"class_list":["post-139","page","type-page","status-publish"],"yoast_head":"<!-- This site is optimized with the Yoast SEO plugin v27.3 - https:\/\/yoast.com\/product\/yoast-seo-wordpress\/ -->\n<title>Snowboardkurs-Details | Ski<\/title>\n<meta name=\"robots\" content=\"index, follow, max-snippet:-1, max-image-preview:large, max-video-preview:-1\" \/>\n<link rel=\"canonical\" href=\"https:\/\/svkirchzarten.de\/ski\/schneesportschule\/snowboardkurs-details\/\" \/>\n<meta property=\"og:locale\" content=\"de_DE\" \/>\n<meta property=\"og:type\" content=\"article\" \/>\n<meta property=\"og:title\" content=\"Snowboardkurs-Details | Ski\" \/>\n<meta property=\"og:description\" content=\"[vc_row type=&#8220;in_container&#8220; full_screen_row_position=&#8220;middle&#8220; scene_position=&#8220;center&#8220; text_color=&#8220;dark&#8220; text_align=&#8220;left&#8220; overlay_strength=&#8220;0.3&#8243;][vc_column column_padding=&#8220;no-extra-padding&#8220; column_padding_position=&#8220;all&#8220; background_color_opacity=&#8220;1&#8243;...\" \/>\n<meta property=\"og:url\" content=\"https:\/\/svkirchzarten.de\/ski\/schneesportschule\/snowboardkurs-details\/\" \/>\n<meta property=\"og:site_name\" content=\"Ski\" \/>\n<meta property=\"article:modified_time\" content=\"2018-11-12T09:05:07+00:00\" \/>\n<meta name=\"twitter:card\" content=\"summary_large_image\" \/>\n<meta name=\"twitter:label1\" content=\"Gesch\u00e4tzte Lesezeit\" \/>\n\t<meta name=\"twitter:data1\" content=\"2\u00a0Minuten\" \/>\n<script type=\"application\/ld+json\" class=\"yoast-schema-graph\">{\"@context\":\"https:\\\/\\\/schema.org\",\"@graph\":[{\"@type\":\"WebPage\",\"@id\":\"https:\\\/\\\/svkirchzarten.de\\\/ski\\\/schneesportschule\\\/snowboardkurs-details\\\/\",\"url\":\"https:\\\/\\\/svkirchzarten.de\\\/ski\\\/schneesportschule\\\/snowboardkurs-details\\\/\",\"name\":\"Snowboardkurs-Details | Ski\",\"isPartOf\":{\"@id\":\"https:\\\/\\\/svkirchzarten.de\\\/ski\\\/#website\"},\"datePublished\":\"2018-11-12T08:01:35+00:00\",\"dateModified\":\"2018-11-12T09:05:07+00:00\",\"breadcrumb\":{\"@id\":\"https:\\\/\\\/svkirchzarten.de\\\/ski\\\/schneesportschule\\\/snowboardkurs-details\\\/#breadcrumb\"},\"inLanguage\":\"de\",\"potentialAction\":[{\"@type\":\"ReadAction\",\"target\":[\"https:\\\/\\\/svkirchzarten.de\\\/ski\\\/schneesportschule\\\/snowboardkurs-details\\\/\"]}]},{\"@type\":\"BreadcrumbList\",\"@id\":\"https:\\\/\\\/svkirchzarten.de\\\/ski\\\/schneesportschule\\\/snowboardkurs-details\\\/#breadcrumb\",\"itemListElement\":[{\"@type\":\"ListItem\",\"position\":1,\"name\":\"SV Kirchzarten\",\"item\":\"https:\\\/\\\/svkirchzarten.de\\\/ski\\\/\"},{\"@type\":\"ListItem\",\"position\":2,\"name\":\"Schneesportschule\",\"item\":\"https:\\\/\\\/svkirchzarten.de\\\/ski\\\/schneesportschule\\\/\"},{\"@type\":\"ListItem\",\"position\":3,\"name\":\"Snowboardkurs-Details\"}]},{\"@type\":\"WebSite\",\"@id\":\"https:\\\/\\\/svkirchzarten.de\\\/ski\\\/#website\",\"url\":\"https:\\\/\\\/svkirchzarten.de\\\/ski\\\/\",\"name\":\"Sportverein Kirchzarten e.V. - Ski-Abteilung\",\"description\":\"\",\"publisher\":{\"@id\":\"https:\\\/\\\/svkirchzarten.de\\\/ski\\\/#organization\"},\"alternateName\":\"SV Kirchzarten Ski\",\"potentialAction\":[{\"@type\":\"SearchAction\",\"target\":{\"@type\":\"EntryPoint\",\"urlTemplate\":\"https:\\\/\\\/svkirchzarten.de\\\/ski\\\/?s={search_term_string}\"},\"query-input\":{\"@type\":\"PropertyValueSpecification\",\"valueRequired\":true,\"valueName\":\"search_term_string\"}}],\"inLanguage\":\"de\"},{\"@type\":\"Organization\",\"@id\":\"https:\\\/\\\/svkirchzarten.de\\\/ski\\\/#organization\",\"name\":\"Sportverein Kirchzarten e.V. - Ski-Abteilung\",\"url\":\"https:\\\/\\\/svkirchzarten.de\\\/ski\\\/\",\"logo\":{\"@type\":\"ImageObject\",\"inLanguage\":\"de\",\"@id\":\"https:\\\/\\\/svkirchzarten.de\\\/ski\\\/#\\\/schema\\\/logo\\\/image\\\/\",\"url\":\"https:\\\/\\\/svkirchzarten.de\\\/ski\\\/wp-content\\\/uploads\\\/sites\\\/7\\\/2021\\\/02\\\/sv-kirchzarten-logo.svg\",\"contentUrl\":\"https:\\\/\\\/svkirchzarten.de\\\/ski\\\/wp-content\\\/uploads\\\/sites\\\/7\\\/2021\\\/02\\\/sv-kirchzarten-logo.svg\",\"width\":1,\"height\":1,\"caption\":\"Sportverein Kirchzarten e.V. - Ski-Abteilung\"},\"image\":{\"@id\":\"https:\\\/\\\/svkirchzarten.de\\\/ski\\\/#\\\/schema\\\/logo\\\/image\\\/\"}}]}<\/script>\n<!-- \/ Yoast SEO plugin. -->","yoast_head_json":{"title":"Snowboardkurs-Details | Ski","robots":{"index":"index","follow":"follow","max-snippet":"max-snippet:-1","max-image-preview":"max-image-preview:large","max-video-preview":"max-video-preview:-1"},"canonical":"https:\/\/svkirchzarten.de\/ski\/schneesportschule\/snowboardkurs-details\/","og_locale":"de_DE","og_type":"article","og_title":"Snowboardkurs-Details | Ski","og_description":"[vc_row type=&#8220;in_container&#8220; full_screen_row_position=&#8220;middle&#8220; scene_position=&#8220;center&#8220; text_color=&#8220;dark&#8220; text_align=&#8220;left&#8220; overlay_strength=&#8220;0.3&#8243;][vc_column column_padding=&#8220;no-extra-padding&#8220; column_padding_position=&#8220;all&#8220; background_color_opacity=&#8220;1&#8243;...","og_url":"https:\/\/svkirchzarten.de\/ski\/schneesportschule\/snowboardkurs-details\/","og_site_name":"Ski","article_modified_time":"2018-11-12T09:05:07+00:00","twitter_card":"summary_large_image","twitter_misc":{"Gesch\u00e4tzte Lesezeit":"2\u00a0Minuten"},"schema":{"@context":"https:\/\/schema.org","@graph":[{"@type":"WebPage","@id":"https:\/\/svkirchzarten.de\/ski\/schneesportschule\/snowboardkurs-details\/","url":"https:\/\/svkirchzarten.de\/ski\/schneesportschule\/snowboardkurs-details\/","name":"Snowboardkurs-Details | Ski","isPartOf":{"@id":"https:\/\/svkirchzarten.de\/ski\/#website"},"datePublished":"2018-11-12T08:01:35+00:00","dateModified":"2018-11-12T09:05:07+00:00","breadcrumb":{"@id":"https:\/\/svkirchzarten.de\/ski\/schneesportschule\/snowboardkurs-details\/#breadcrumb"},"inLanguage":"de","potentialAction":[{"@type":"ReadAction","target":["https:\/\/svkirchzarten.de\/ski\/schneesportschule\/snowboardkurs-details\/"]}]},{"@type":"BreadcrumbList","@id":"https:\/\/svkirchzarten.de\/ski\/schneesportschule\/snowboardkurs-details\/#breadcrumb","itemListElement":[{"@type":"ListItem","position":1,"name":"SV Kirchzarten","item":"https:\/\/svkirchzarten.de\/ski\/"},{"@type":"ListItem","position":2,"name":"Schneesportschule","item":"https:\/\/svkirchzarten.de\/ski\/schneesportschule\/"},{"@type":"ListItem","position":3,"name":"Snowboardkurs-Details"}]},{"@type":"WebSite","@id":"https:\/\/svkirchzarten.de\/ski\/#website","url":"https:\/\/svkirchzarten.de\/ski\/","name":"Sportverein Kirchzarten e.V. - Ski-Abteilung","description":"","publisher":{"@id":"https:\/\/svkirchzarten.de\/ski\/#organization"},"alternateName":"SV Kirchzarten Ski","potentialAction":[{"@type":"SearchAction","target":{"@type":"EntryPoint","urlTemplate":"https:\/\/svkirchzarten.de\/ski\/?s={search_term_string}"},"query-input":{"@type":"PropertyValueSpecification","valueRequired":true,"valueName":"search_term_string"}}],"inLanguage":"de"},{"@type":"Organization","@id":"https:\/\/svkirchzarten.de\/ski\/#organization","name":"Sportverein Kirchzarten e.V. - Ski-Abteilung","url":"https:\/\/svkirchzarten.de\/ski\/","logo":{"@type":"ImageObject","inLanguage":"de","@id":"https:\/\/svkirchzarten.de\/ski\/#\/schema\/logo\/image\/","url":"https:\/\/svkirchzarten.de\/ski\/wp-content\/uploads\/sites\/7\/2021\/02\/sv-kirchzarten-logo.svg","contentUrl":"https:\/\/svkirchzarten.de\/ski\/wp-content\/uploads\/sites\/7\/2021\/02\/sv-kirchzarten-logo.svg","width":1,"height":1,"caption":"Sportverein Kirchzarten e.V. - Ski-Abteilung"},"image":{"@id":"https:\/\/svkirchzarten.de\/ski\/#\/schema\/logo\/image\/"}}]}},"publishpress_future_action":{"enabled":false,"date":"2026-04-11 13:38:53","action":"change-status","newStatus":"draft","terms":[],"taxonomy":"","extraData":[]},"publishpress_future_workflow_manual_trigger":{"enabledWorkflows":[]},"_links":{"self":[{"href":"https:\/\/svkirchzarten.de\/ski\/wp-json\/wp\/v2\/pages\/139","targetHints":{"allow":["GET"]}}],"collection":[{"href":"https:\/\/svkirchzarten.de\/ski\/wp-json\/wp\/v2\/pages"}],"about":[{"href":"https:\/\/svkirchzarten.de\/ski\/wp-json\/wp\/v2\/types\/page"}],"author":[{"embeddable":true,"href":"https:\/\/svkirchzarten.de\/ski\/wp-json\/wp\/v2\/users\/3"}],"replies":[{"embeddable":true,"href":"https:\/\/svkirchzarten.de\/ski\/wp-json\/wp\/v2\/comments?post=139"}],"version-history":[{"count":0,"href":"https:\/\/svkirchzarten.de\/ski\/wp-json\/wp\/v2\/pages\/139\/revisions"}],"up":[{"embeddable":true,"href":"https:\/\/svkirchzarten.de\/ski\/wp-json\/wp\/v2\/pages\/62"}],"wp:attachment":[{"href":"https:\/\/svkirchzarten.de\/ski\/wp-json\/wp\/v2\/media?parent=139"}],"curies":[{"name":"wp","href":"https:\/\/api.w.org\/{rel}","templated":true}]}}