{"id":137,"date":"2018-11-12T08:50:08","date_gmt":"2018-11-12T07:50:08","guid":{"rendered":"https:\/\/svkirchzarten.de\/ski\/?page_id=137"},"modified":"2018-11-12T09:46:42","modified_gmt":"2018-11-12T08:46:42","slug":"skikurs-details","status":"publish","type":"page","link":"https:\/\/svkirchzarten.de\/ski\/schneesportschule\/skikurs-details\/","title":{"rendered":"Skikurs-Details"},"content":{"rendered":"[vc_row type=&#8220;in_container&#8220; full_screen_row_position=&#8220;middle&#8220; scene_position=&#8220;center&#8220; text_color=&#8220;dark&#8220; text_align=&#8220;left&#8220; overlay_strength=&#8220;0.3&#8243;][vc_column column_padding=&#8220;no-extra-padding&#8220; column_padding_position=&#8220;all&#8220; background_color_opacity=&#8220;1&#8243; background_hover_color_opacity=&#8220;1&#8243; column_shadow=&#8220;none&#8220; width=&#8220;1\/1&#8243; tablet_text_alignment=&#8220;default&#8220; phone_text_alignment=&#8220;default&#8220; column_border_width=&#8220;none&#8220; column_border_style=&#8220;solid&#8220;][vc_column_text]F\u00fcr Jung und Alt organisieren wir ein vielf\u00e4ltiges Skikurs-Programm. Um optimale Lernbedingungen zu schaffen, bieten wir f\u00fcr unterschiedliche Zielgruppen und Altersklassen spezielle Kurse an. Die Gruppen werden jeweils auf 6-9 Teilnehmer begrenzt. Das Mindestalter ist 6 Jahre.<\/p>\n<p>Unsere lizenzierten Skilehrer sowie methodisch geschulte Aspiranten f\u00fchren durch unterschiedliche Spiel- und \u00dcbungsformen die &#8222;kleinen&#8220; und &#8222;gro\u00dfen&#8220; Skisch\u00fcler zum selbst\u00e4ndigen und sicheren Skifahren in unterschiedlichem Gel\u00e4nde.<br \/>\nDabei stehen das gemeinsame sportliche Erlebnis und die Freude am Sport im Mittelpunkt.<\/p>\n<p>F\u00fcr optimalen Lernerfolg und Fahrkomfort empfehlen wir den Einsatz moderner Carvingski, aus Sicherheitsgr\u00fcnden auch das Tragen eines Helms. Die Skiausr\u00fcstung sollte vor Kursbeginn auf Funktionalit\u00e4t<br \/>\nund Wetterfestigkeit \u00fcberpr\u00fcft werden.<\/p>\n<h4>Zielgruppen<\/h4>\n<ul>\n<li>Ski-Anf\u00e4nger ab 6 Jahren und Erwachsene: hier geht&#8217;s ganz von Anfang an los. Erst im Flachen und wenn alles klappt auch schon mit dem Lift am Hang! Maximaler Spa\u00df und Lernerfolg sind damit auch f\u00fcr Erwachsene garantiert.<\/li>\n<li>Ski Fortgeschrittene: hier werden aus den ersten B\u00f6gen am Hang parallele Kurven in leichterem Gel\u00e4nde.<\/li>\n<li>Ski-Sportiv: hier werden die parallelen Kurven zunehmend sicherer und auch in schwierigerem Gel\u00e4nde ge\u00fcbt.<br \/>\nSportiv: sicheres paralleles Fahren auch in schwierigerem Gel\u00e4nde ist die Basis f\u00fcr den &#8222;Feinschliff&#8220;. Je nach Schneelage gibt&#8217;s Carven pur, Fahrten im Gel\u00e4nde, Tricks und Grundlagen der Renntechnik.<\/li>\n<\/ul>\n[\/vc_column_text][\/vc_column][\/vc_row][vc_row type=&#8220;in_container&#8220; full_screen_row_position=&#8220;middle&#8220; scene_position=&#8220;center&#8220; text_color=&#8220;dark&#8220; text_align=&#8220;left&#8220; overlay_strength=&#8220;0.3&#8243;][vc_column column_padding=&#8220;no-extra-padding&#8220; column_padding_position=&#8220;all&#8220; background_color_opacity=&#8220;1&#8243; background_hover_color_opacity=&#8220;1&#8243; column_shadow=&#8220;none&#8220; width=&#8220;1\/1&#8243; tablet_text_alignment=&#8220;default&#8220; phone_text_alignment=&#8220;default&#8220; column_border_width=&#8220;none&#8220; column_border_style=&#8220;solid&#8220;][nectar_btn size=&#8220;medium&#8220; button_style=&#8220;regular&#8220; button_color_2=&#8220;Accent-Color&#8220; icon_family=&#8220;default_arrow&#8220; url=&#8220;https:\/\/svkirchzarten.de\/ski\/schneesportschule&#8220; text=&#8220;zur\u00fcck&#8220;][\/vc_column][\/vc_row]\n","protected":false},"excerpt":{"rendered":"<p>[vc_row type=&#8220;in_container&#8220; full_screen_row_position=&#8220;middle&#8220; scene_position=&#8220;center&#8220; text_color=&#8220;dark&#8220; text_align=&#8220;left&#8220; overlay_strength=&#8220;0.3&#8243;][vc_column column_padding=&#8220;no-extra-padding&#8220; column_padding_position=&#8220;all&#8220; background_color_opacity=&#8220;1&#8243;&#8230;<\/p>\n","protected":false},"author":3,"featured_media":0,"parent":62,"menu_order":0,"comment_status":"closed","ping_status":"closed","template":"","meta":{"footnotes":""},"class_list":["post-137","page","type-page","status-publish"],"yoast_head":"<!-- This site is optimized with the Yoast SEO plugin v27.4 - https:\/\/yoast.com\/product\/yoast-seo-wordpress\/ -->\n<title>Skikurs-Details | Ski<\/title>\n<meta name=\"robots\" content=\"index, follow, max-snippet:-1, max-image-preview:large, max-video-preview:-1\" \/>\n<link rel=\"canonical\" href=\"https:\/\/svkirchzarten.de\/ski\/schneesportschule\/skikurs-details\/\" \/>\n<meta property=\"og:locale\" content=\"de_DE\" \/>\n<meta property=\"og:type\" content=\"article\" \/>\n<meta property=\"og:title\" content=\"Skikurs-Details | Ski\" \/>\n<meta property=\"og:description\" content=\"[vc_row type=&#8220;in_container&#8220; full_screen_row_position=&#8220;middle&#8220; scene_position=&#8220;center&#8220; text_color=&#8220;dark&#8220; text_align=&#8220;left&#8220; overlay_strength=&#8220;0.3&#8243;][vc_column column_padding=&#8220;no-extra-padding&#8220; column_padding_position=&#8220;all&#8220; background_color_opacity=&#8220;1&#8243;...\" \/>\n<meta property=\"og:url\" content=\"https:\/\/svkirchzarten.de\/ski\/schneesportschule\/skikurs-details\/\" \/>\n<meta property=\"og:site_name\" content=\"Ski\" \/>\n<meta property=\"article:modified_time\" content=\"2018-11-12T08:46:42+00:00\" \/>\n<meta name=\"twitter:card\" content=\"summary_large_image\" \/>\n<meta name=\"twitter:label1\" content=\"Gesch\u00e4tzte Lesezeit\" \/>\n\t<meta name=\"twitter:data1\" content=\"2\u00a0Minuten\" \/>\n<script type=\"application\/ld+json\" class=\"yoast-schema-graph\">{\"@context\":\"https:\\\/\\\/schema.org\",\"@graph\":[{\"@type\":\"WebPage\",\"@id\":\"https:\\\/\\\/svkirchzarten.de\\\/ski\\\/schneesportschule\\\/skikurs-details\\\/\",\"url\":\"https:\\\/\\\/svkirchzarten.de\\\/ski\\\/schneesportschule\\\/skikurs-details\\\/\",\"name\":\"Skikurs-Details | Ski\",\"isPartOf\":{\"@id\":\"https:\\\/\\\/svkirchzarten.de\\\/ski\\\/#website\"},\"datePublished\":\"2018-11-12T07:50:08+00:00\",\"dateModified\":\"2018-11-12T08:46:42+00:00\",\"breadcrumb\":{\"@id\":\"https:\\\/\\\/svkirchzarten.de\\\/ski\\\/schneesportschule\\\/skikurs-details\\\/#breadcrumb\"},\"inLanguage\":\"de\",\"potentialAction\":[{\"@type\":\"ReadAction\",\"target\":[\"https:\\\/\\\/svkirchzarten.de\\\/ski\\\/schneesportschule\\\/skikurs-details\\\/\"]}]},{\"@type\":\"BreadcrumbList\",\"@id\":\"https:\\\/\\\/svkirchzarten.de\\\/ski\\\/schneesportschule\\\/skikurs-details\\\/#breadcrumb\",\"itemListElement\":[{\"@type\":\"ListItem\",\"position\":1,\"name\":\"SV Kirchzarten\",\"item\":\"https:\\\/\\\/svkirchzarten.de\\\/ski\\\/\"},{\"@type\":\"ListItem\",\"position\":2,\"name\":\"Schneesportschule\",\"item\":\"https:\\\/\\\/svkirchzarten.de\\\/ski\\\/schneesportschule\\\/\"},{\"@type\":\"ListItem\",\"position\":3,\"name\":\"Skikurs-Details\"}]},{\"@type\":\"WebSite\",\"@id\":\"https:\\\/\\\/svkirchzarten.de\\\/ski\\\/#website\",\"url\":\"https:\\\/\\\/svkirchzarten.de\\\/ski\\\/\",\"name\":\"Sportverein Kirchzarten e.V. - Ski-Abteilung\",\"description\":\"\",\"publisher\":{\"@id\":\"https:\\\/\\\/svkirchzarten.de\\\/ski\\\/#organization\"},\"alternateName\":\"SV Kirchzarten Ski\",\"potentialAction\":[{\"@type\":\"SearchAction\",\"target\":{\"@type\":\"EntryPoint\",\"urlTemplate\":\"https:\\\/\\\/svkirchzarten.de\\\/ski\\\/?s={search_term_string}\"},\"query-input\":{\"@type\":\"PropertyValueSpecification\",\"valueRequired\":true,\"valueName\":\"search_term_string\"}}],\"inLanguage\":\"de\"},{\"@type\":\"Organization\",\"@id\":\"https:\\\/\\\/svkirchzarten.de\\\/ski\\\/#organization\",\"name\":\"Sportverein Kirchzarten e.V. - Ski-Abteilung\",\"url\":\"https:\\\/\\\/svkirchzarten.de\\\/ski\\\/\",\"logo\":{\"@type\":\"ImageObject\",\"inLanguage\":\"de\",\"@id\":\"https:\\\/\\\/svkirchzarten.de\\\/ski\\\/#\\\/schema\\\/logo\\\/image\\\/\",\"url\":\"https:\\\/\\\/svkirchzarten.de\\\/ski\\\/wp-content\\\/uploads\\\/sites\\\/7\\\/2021\\\/02\\\/sv-kirchzarten-logo.svg\",\"contentUrl\":\"https:\\\/\\\/svkirchzarten.de\\\/ski\\\/wp-content\\\/uploads\\\/sites\\\/7\\\/2021\\\/02\\\/sv-kirchzarten-logo.svg\",\"width\":1,\"height\":1,\"caption\":\"Sportverein Kirchzarten e.V. - Ski-Abteilung\"},\"image\":{\"@id\":\"https:\\\/\\\/svkirchzarten.de\\\/ski\\\/#\\\/schema\\\/logo\\\/image\\\/\"}}]}<\/script>\n<!-- \/ Yoast SEO plugin. -->","yoast_head_json":{"title":"Skikurs-Details | Ski","robots":{"index":"index","follow":"follow","max-snippet":"max-snippet:-1","max-image-preview":"max-image-preview:large","max-video-preview":"max-video-preview:-1"},"canonical":"https:\/\/svkirchzarten.de\/ski\/schneesportschule\/skikurs-details\/","og_locale":"de_DE","og_type":"article","og_title":"Skikurs-Details | Ski","og_description":"[vc_row type=&#8220;in_container&#8220; full_screen_row_position=&#8220;middle&#8220; scene_position=&#8220;center&#8220; text_color=&#8220;dark&#8220; text_align=&#8220;left&#8220; overlay_strength=&#8220;0.3&#8243;][vc_column column_padding=&#8220;no-extra-padding&#8220; column_padding_position=&#8220;all&#8220; background_color_opacity=&#8220;1&#8243;...","og_url":"https:\/\/svkirchzarten.de\/ski\/schneesportschule\/skikurs-details\/","og_site_name":"Ski","article_modified_time":"2018-11-12T08:46:42+00:00","twitter_card":"summary_large_image","twitter_misc":{"Gesch\u00e4tzte Lesezeit":"2\u00a0Minuten"},"schema":{"@context":"https:\/\/schema.org","@graph":[{"@type":"WebPage","@id":"https:\/\/svkirchzarten.de\/ski\/schneesportschule\/skikurs-details\/","url":"https:\/\/svkirchzarten.de\/ski\/schneesportschule\/skikurs-details\/","name":"Skikurs-Details | Ski","isPartOf":{"@id":"https:\/\/svkirchzarten.de\/ski\/#website"},"datePublished":"2018-11-12T07:50:08+00:00","dateModified":"2018-11-12T08:46:42+00:00","breadcrumb":{"@id":"https:\/\/svkirchzarten.de\/ski\/schneesportschule\/skikurs-details\/#breadcrumb"},"inLanguage":"de","potentialAction":[{"@type":"ReadAction","target":["https:\/\/svkirchzarten.de\/ski\/schneesportschule\/skikurs-details\/"]}]},{"@type":"BreadcrumbList","@id":"https:\/\/svkirchzarten.de\/ski\/schneesportschule\/skikurs-details\/#breadcrumb","itemListElement":[{"@type":"ListItem","position":1,"name":"SV Kirchzarten","item":"https:\/\/svkirchzarten.de\/ski\/"},{"@type":"ListItem","position":2,"name":"Schneesportschule","item":"https:\/\/svkirchzarten.de\/ski\/schneesportschule\/"},{"@type":"ListItem","position":3,"name":"Skikurs-Details"}]},{"@type":"WebSite","@id":"https:\/\/svkirchzarten.de\/ski\/#website","url":"https:\/\/svkirchzarten.de\/ski\/","name":"Sportverein Kirchzarten e.V. - Ski-Abteilung","description":"","publisher":{"@id":"https:\/\/svkirchzarten.de\/ski\/#organization"},"alternateName":"SV Kirchzarten Ski","potentialAction":[{"@type":"SearchAction","target":{"@type":"EntryPoint","urlTemplate":"https:\/\/svkirchzarten.de\/ski\/?s={search_term_string}"},"query-input":{"@type":"PropertyValueSpecification","valueRequired":true,"valueName":"search_term_string"}}],"inLanguage":"de"},{"@type":"Organization","@id":"https:\/\/svkirchzarten.de\/ski\/#organization","name":"Sportverein Kirchzarten e.V. - Ski-Abteilung","url":"https:\/\/svkirchzarten.de\/ski\/","logo":{"@type":"ImageObject","inLanguage":"de","@id":"https:\/\/svkirchzarten.de\/ski\/#\/schema\/logo\/image\/","url":"https:\/\/svkirchzarten.de\/ski\/wp-content\/uploads\/sites\/7\/2021\/02\/sv-kirchzarten-logo.svg","contentUrl":"https:\/\/svkirchzarten.de\/ski\/wp-content\/uploads\/sites\/7\/2021\/02\/sv-kirchzarten-logo.svg","width":1,"height":1,"caption":"Sportverein Kirchzarten e.V. - Ski-Abteilung"},"image":{"@id":"https:\/\/svkirchzarten.de\/ski\/#\/schema\/logo\/image\/"}}]}},"publishpress_future_action":{"enabled":false,"date":"2026-04-29 12:53:26","action":"change-status","newStatus":"draft","terms":[],"taxonomy":"","extraData":[]},"publishpress_future_workflow_manual_trigger":{"enabledWorkflows":[]},"_links":{"self":[{"href":"https:\/\/svkirchzarten.de\/ski\/wp-json\/wp\/v2\/pages\/137","targetHints":{"allow":["GET"]}}],"collection":[{"href":"https:\/\/svkirchzarten.de\/ski\/wp-json\/wp\/v2\/pages"}],"about":[{"href":"https:\/\/svkirchzarten.de\/ski\/wp-json\/wp\/v2\/types\/page"}],"author":[{"embeddable":true,"href":"https:\/\/svkirchzarten.de\/ski\/wp-json\/wp\/v2\/users\/3"}],"replies":[{"embeddable":true,"href":"https:\/\/svkirchzarten.de\/ski\/wp-json\/wp\/v2\/comments?post=137"}],"version-history":[{"count":0,"href":"https:\/\/svkirchzarten.de\/ski\/wp-json\/wp\/v2\/pages\/137\/revisions"}],"up":[{"embeddable":true,"href":"https:\/\/svkirchzarten.de\/ski\/wp-json\/wp\/v2\/pages\/62"}],"wp:attachment":[{"href":"https:\/\/svkirchzarten.de\/ski\/wp-json\/wp\/v2\/media?parent=137"}],"curies":[{"name":"wp","href":"https:\/\/api.w.org\/{rel}","templated":true}]}}