{"id":135,"date":"2018-11-12T08:47:41","date_gmt":"2018-11-12T07:47:41","guid":{"rendered":"https:\/\/svkirchzarten.de\/ski\/?page_id=135"},"modified":"2022-11-25T08:16:30","modified_gmt":"2022-11-25T07:16:30","slug":"kinderclub-details","status":"publish","type":"page","link":"https:\/\/svkirchzarten.de\/ski\/schneesportschule\/kinderclub-details\/","title":{"rendered":"Kinderclub-Details"},"content":{"rendered":"[vc_row type=&#8220;in_container&#8220; full_screen_row_position=&#8220;middle&#8220; column_margin=&#8220;default&#8220; column_direction=&#8220;default&#8220; column_direction_tablet=&#8220;default&#8220; column_direction_phone=&#8220;default&#8220; scene_position=&#8220;center&#8220; text_color=&#8220;dark&#8220; text_align=&#8220;left&#8220; row_border_radius=&#8220;none&#8220; row_border_radius_applies=&#8220;bg&#8220; overflow=&#8220;visible&#8220; overlay_strength=&#8220;0.3&#8243; gradient_direction=&#8220;left_to_right&#8220; shape_divider_position=&#8220;bottom&#8220; bg_image_animation=&#8220;none&#8220;][vc_column column_padding=&#8220;no-extra-padding&#8220; column_padding_tablet=&#8220;inherit&#8220; column_padding_phone=&#8220;inherit&#8220; column_padding_position=&#8220;all&#8220; column_element_spacing=&#8220;default&#8220; background_color_opacity=&#8220;1&#8243; background_hover_color_opacity=&#8220;1&#8243; column_shadow=&#8220;none&#8220; column_border_radius=&#8220;none&#8220; column_link_target=&#8220;_self&#8220; column_position=&#8220;default&#8220; gradient_direction=&#8220;left_to_right&#8220; overlay_strength=&#8220;0.3&#8243; width=&#8220;1\/1&#8243; tablet_width_inherit=&#8220;default&#8220; tablet_text_alignment=&#8220;default&#8220; phone_text_alignment=&#8220;default&#8220; animation_type=&#8220;default&#8220; bg_image_animation=&#8220;none&#8220; border_type=&#8220;simple&#8220; column_border_width=&#8220;none&#8220; column_border_style=&#8220;solid&#8220;][vc_column_text]Wir f\u00fchren Ihre 4 bis 5 j\u00e4hrigen Kinder mit vielen verschiedenen \u00dcberraschungen durch das Programm im Kinderclub. Alle Kinder treffen sich im Kinderclub, sowohl die Anf\u00e4nger als auch diejenigen mit Vorkenntnissen (Pistengruppe), die dann von dort aus auch an den Lift und auf die Piste gehen.<\/p>\n<p><strong>Kinderclub-Ablauf:<\/strong><\/p>\n<p>Auch in diesem Winter f\u00fchren wir Ihre 4 bis 5 j\u00e4hrigen Kinder mit vielen verschiedenen \u00dcberraschungen durch das Programm im Kinderclub. Die Kinder treffen sich im Kinderclub bei unserem roten SVK-Zelt. Die Kinder sollten bei Kursbeginn das 4. Lebensjahr vollendet haben. Eine Anmeldung von j\u00fcngeren Kindern kann nur unter vorheriger Absprache mit der Schneesportschule (<a href=\"mailto:schneesportschule@svkirchzarten.de\">schneesportschule@svkirchzarten.de<\/a>) erfolgen. Voraussetzung f\u00fcr die Teilnahme von Kindern unter 4 Jahren ist, dass die Eltern vor Ort im Kursgebiet bleiben und jederzeit erreichbar sind.<\/p>\n<p>Nachdem Sie am Eingang des Kinderclubs begr\u00fc\u00dft worden sind, lernen Sie und Ihr Kind die zust\u00e4ndigen Gruppenbetreuer\/Innen kennen. Diese werden Ihnen erl\u00e4utern, was f\u00fcr den Skitag geplant ist und wann Sie Ihr Kind wieder abholen k\u00f6nnen. Unsere Erfahrung hat gezeigt, dass die Kinder sich zu sehr von der direkten Anwesenheit der Eltern ablenken lassen. Ist die Trennung manchmal anfangs nicht einfach, suchen die Kinder doch sehr schnell den Anschluss und lassen sich durch Spielen und gemeinsame Erlebnisse im Schnee prima ablenken und begeistern.<\/p>\n<p>Wenn Sie Ihr Kind im Kinderclub wieder abholen, haben Sie gen\u00fcgend Zeit, sich alles von Ihrem Kind zeigen zu lassen und mit den Betreuer\/Innen zu sprechen.<\/p>\n<p>Wir empfehlen allen Eltern w\u00e4hrend der Kurszeit vor Ort im Kursgebiet zu bleiben, jedoch mit dem n\u00f6tigen Abstand zum Kursgeschehen, damit der Ablauf nicht gest\u00f6rt wird.<\/p>\n<p>&nbsp;<\/p>\n<p><strong>Kinderclub-Konzept:<\/strong><\/p>\n<p>Unser Ziel ist es, w\u00e4hrend der Skikurstage, den Kindern ein positives Gef\u00fchl f\u00fcr die Skiausr\u00fcstung zu vermitteln, Spa\u00df an der Bewegung mit dem Ski zu entwickeln und sich im Schnee so richtig wohl zu f\u00fchlen.<br \/>\nGerade f\u00fcr die Kleinen sind diese elementaren Erlebnisse von gro\u00dfer Bedeutung und sind die Voraussetzung f\u00fcr das Ski- oder Snowboardfahren \u201eam gro\u00dfen Hang\u201c. Deshalb nehmen wir uns viel Zeit f\u00fcr diese Erfahrungen, setzen unterschiedliches Material ein und warten mit vielen Spielen aus unserer geheimen Ideenkiste auf.<\/p>\n<p>Die Kinder werden von erfahrenen und ganz jungen Ski- und Snowboardlehrer\/Innen unseres Vereins intensiv betreut. Diese Mischung ist f\u00fcr uns wichtig, da wir m\u00f6glichst alle Anliegen der Kinder und Eltern erf\u00fcllen wollen. Sei es mit vielen lustigen Spielen, sei es mit erfahrenem Know-How oder einfach mit der pers\u00f6nlichen Note eines jeden Einzelnen von uns.<\/p>\n<p>Die Kinderclubzeiten sind an die regul\u00e4ren Kurszeiten angeglichen, damit Sie selbst an einem unserer Ski- oder Snowboardkurse teilnehmen k\u00f6nnen oder einfach einmal Zeit zum Ausspannen haben.<\/p>\n<p><strong>Kinderclub-Checkliste<\/strong><\/p>\n<ul>\n<li>Ski und Schuhe, Helm ist Pflicht f\u00fcr eine Teilnahme an den Skikursen<\/li>\n<li>warme Skikleidung, Handschuhe, M\u00fctze, evtl. Schal<\/li>\n<li>Rucksack mit Vesper und Getr\u00e4nk (je nach Wetterlage warm oder kalt), Papiertaschent\u00fccher<\/li>\n<li>Bitte schon zu Hause das Gesicht des Kindes mit Sonnencreme oder K\u00e4lteschutz eincremen<\/li>\n<li>Kinder im Kinderclub brauchen keine Skist\u00f6cke!!<\/li>\n<li>Die komplette Ausr\u00fcstung des Kindes bitte mit Namen kennzeichnen (insbesondere die Ski).<\/li>\n<li>Die Ski und Skischuhe m\u00fcssen vor Kursbeginn im Fachgesch\u00e4ft richtig eingestellt werden. Vor Ort ist kein Verleih von Ausr\u00fcstung oder jeglicher Service durch unsere Ski- und Snowboardlehrer m\u00f6glich.<\/li>\n<li>Sollten Allergien, Behinderungen oder irgendwelche Einschr\u00e4nkungen des Kindes bestehen \u2013 bitte vorab bei der Anmeldung und nochmals vor Ort zum Kursbeginn mitteilen.<\/li>\n<li>Die Anreise zum Kursort ist privat zu organisieren; bitte eine rechtzeitige Anreise einplanen<\/li>\n<li>Bei Fragen zum Kinderclub stehen wir Ihnen gerne zur Verf\u00fcgung:\u00a0<a href=\"mailto:schneesportschule@svkirchzarten.de\">schneesportschule@svkirchzarten.de<\/a> oder bei der SVK-Gesch\u00e4ftsstelle\u00a0<a href=\"mailto:info@svkirchzarten.de\">info@svkirchzarten.de<\/a>\u00a0unter Tel. 07661-4018<\/li>\n<li>Kurzfristige \u00c4nderungen zum Kursort bzw. Absagen des Kurses erhalten Sie per Mail.<\/li>\n<\/ul>\n[\/vc_column_text][\/vc_column][\/vc_row][vc_row type=&#8220;in_container&#8220; full_screen_row_position=&#8220;middle&#8220; column_margin=&#8220;default&#8220; column_direction=&#8220;default&#8220; column_direction_tablet=&#8220;default&#8220; column_direction_phone=&#8220;default&#8220; scene_position=&#8220;center&#8220; text_color=&#8220;dark&#8220; text_align=&#8220;left&#8220; row_border_radius=&#8220;none&#8220; row_border_radius_applies=&#8220;bg&#8220; overflow=&#8220;visible&#8220; overlay_strength=&#8220;0.3&#8243; gradient_direction=&#8220;left_to_right&#8220; shape_divider_position=&#8220;bottom&#8220; bg_image_animation=&#8220;none&#8220;][vc_column column_padding=&#8220;no-extra-padding&#8220; column_padding_tablet=&#8220;inherit&#8220; column_padding_phone=&#8220;inherit&#8220; column_padding_position=&#8220;all&#8220; column_element_spacing=&#8220;default&#8220; background_color_opacity=&#8220;1&#8243; background_hover_color_opacity=&#8220;1&#8243; column_shadow=&#8220;none&#8220; column_border_radius=&#8220;none&#8220; column_link_target=&#8220;_self&#8220; column_position=&#8220;default&#8220; gradient_direction=&#8220;left_to_right&#8220; overlay_strength=&#8220;0.3&#8243; width=&#8220;1\/1&#8243; tablet_width_inherit=&#8220;default&#8220; tablet_text_alignment=&#8220;default&#8220; phone_text_alignment=&#8220;default&#8220; animation_type=&#8220;default&#8220; bg_image_animation=&#8220;none&#8220; border_type=&#8220;simple&#8220; column_border_width=&#8220;none&#8220; column_border_style=&#8220;solid&#8220;][nectar_btn size=&#8220;medium&#8220; button_style=&#8220;regular&#8220; button_color_2=&#8220;Accent-Color&#8220; icon_family=&#8220;default_arrow&#8220; url=&#8220;https:\/\/svkirchzarten.de\/ski\/schneesportschule&#8220; text=&#8220;zur\u00fcck&#8220;][\/vc_column][\/vc_row]\n","protected":false},"excerpt":{"rendered":"<p>[vc_row type=&#8220;in_container&#8220; full_screen_row_position=&#8220;middle&#8220; column_margin=&#8220;default&#8220; column_direction=&#8220;default&#8220; column_direction_tablet=&#8220;default&#8220; column_direction_phone=&#8220;default&#8220; scene_position=&#8220;center&#8220; text_color=&#8220;dark&#8220; text_align=&#8220;left&#8220;&#8230;<\/p>\n","protected":false},"author":3,"featured_media":0,"parent":62,"menu_order":0,"comment_status":"closed","ping_status":"closed","template":"","meta":{"footnotes":""},"class_list":["post-135","page","type-page","status-publish"],"yoast_head":"<!-- This site is optimized with the Yoast SEO plugin v27.4 - https:\/\/yoast.com\/product\/yoast-seo-wordpress\/ -->\n<title>Kinderclub-Details | Ski<\/title>\n<meta name=\"robots\" content=\"index, follow, max-snippet:-1, max-image-preview:large, max-video-preview:-1\" \/>\n<link rel=\"canonical\" href=\"https:\/\/svkirchzarten.de\/ski\/schneesportschule\/kinderclub-details\/\" \/>\n<meta property=\"og:locale\" content=\"de_DE\" \/>\n<meta property=\"og:type\" content=\"article\" \/>\n<meta property=\"og:title\" content=\"Kinderclub-Details | Ski\" \/>\n<meta property=\"og:description\" content=\"[vc_row type=&#8220;in_container&#8220; full_screen_row_position=&#8220;middle&#8220; column_margin=&#8220;default&#8220; column_direction=&#8220;default&#8220; column_direction_tablet=&#8220;default&#8220; column_direction_phone=&#8220;default&#8220; scene_position=&#8220;center&#8220; text_color=&#8220;dark&#8220; text_align=&#8220;left&#8220;...\" \/>\n<meta property=\"og:url\" content=\"https:\/\/svkirchzarten.de\/ski\/schneesportschule\/kinderclub-details\/\" \/>\n<meta property=\"og:site_name\" content=\"Ski\" \/>\n<meta property=\"article:modified_time\" content=\"2022-11-25T07:16:30+00:00\" \/>\n<meta name=\"twitter:card\" content=\"summary_large_image\" \/>\n<meta name=\"twitter:label1\" content=\"Gesch\u00e4tzte Lesezeit\" \/>\n\t<meta name=\"twitter:data1\" content=\"4\u00a0Minuten\" \/>\n<script type=\"application\/ld+json\" class=\"yoast-schema-graph\">{\"@context\":\"https:\\\/\\\/schema.org\",\"@graph\":[{\"@type\":\"WebPage\",\"@id\":\"https:\\\/\\\/svkirchzarten.de\\\/ski\\\/schneesportschule\\\/kinderclub-details\\\/\",\"url\":\"https:\\\/\\\/svkirchzarten.de\\\/ski\\\/schneesportschule\\\/kinderclub-details\\\/\",\"name\":\"Kinderclub-Details | Ski\",\"isPartOf\":{\"@id\":\"https:\\\/\\\/svkirchzarten.de\\\/ski\\\/#website\"},\"datePublished\":\"2018-11-12T07:47:41+00:00\",\"dateModified\":\"2022-11-25T07:16:30+00:00\",\"breadcrumb\":{\"@id\":\"https:\\\/\\\/svkirchzarten.de\\\/ski\\\/schneesportschule\\\/kinderclub-details\\\/#breadcrumb\"},\"inLanguage\":\"de\",\"potentialAction\":[{\"@type\":\"ReadAction\",\"target\":[\"https:\\\/\\\/svkirchzarten.de\\\/ski\\\/schneesportschule\\\/kinderclub-details\\\/\"]}]},{\"@type\":\"BreadcrumbList\",\"@id\":\"https:\\\/\\\/svkirchzarten.de\\\/ski\\\/schneesportschule\\\/kinderclub-details\\\/#breadcrumb\",\"itemListElement\":[{\"@type\":\"ListItem\",\"position\":1,\"name\":\"SV Kirchzarten\",\"item\":\"https:\\\/\\\/svkirchzarten.de\\\/ski\\\/\"},{\"@type\":\"ListItem\",\"position\":2,\"name\":\"Schneesportschule\",\"item\":\"https:\\\/\\\/svkirchzarten.de\\\/ski\\\/schneesportschule\\\/\"},{\"@type\":\"ListItem\",\"position\":3,\"name\":\"Kinderclub-Details\"}]},{\"@type\":\"WebSite\",\"@id\":\"https:\\\/\\\/svkirchzarten.de\\\/ski\\\/#website\",\"url\":\"https:\\\/\\\/svkirchzarten.de\\\/ski\\\/\",\"name\":\"Sportverein Kirchzarten e.V. - Ski-Abteilung\",\"description\":\"\",\"publisher\":{\"@id\":\"https:\\\/\\\/svkirchzarten.de\\\/ski\\\/#organization\"},\"alternateName\":\"SV Kirchzarten Ski\",\"potentialAction\":[{\"@type\":\"SearchAction\",\"target\":{\"@type\":\"EntryPoint\",\"urlTemplate\":\"https:\\\/\\\/svkirchzarten.de\\\/ski\\\/?s={search_term_string}\"},\"query-input\":{\"@type\":\"PropertyValueSpecification\",\"valueRequired\":true,\"valueName\":\"search_term_string\"}}],\"inLanguage\":\"de\"},{\"@type\":\"Organization\",\"@id\":\"https:\\\/\\\/svkirchzarten.de\\\/ski\\\/#organization\",\"name\":\"Sportverein Kirchzarten e.V. - Ski-Abteilung\",\"url\":\"https:\\\/\\\/svkirchzarten.de\\\/ski\\\/\",\"logo\":{\"@type\":\"ImageObject\",\"inLanguage\":\"de\",\"@id\":\"https:\\\/\\\/svkirchzarten.de\\\/ski\\\/#\\\/schema\\\/logo\\\/image\\\/\",\"url\":\"https:\\\/\\\/svkirchzarten.de\\\/ski\\\/wp-content\\\/uploads\\\/sites\\\/7\\\/2021\\\/02\\\/sv-kirchzarten-logo.svg\",\"contentUrl\":\"https:\\\/\\\/svkirchzarten.de\\\/ski\\\/wp-content\\\/uploads\\\/sites\\\/7\\\/2021\\\/02\\\/sv-kirchzarten-logo.svg\",\"width\":1,\"height\":1,\"caption\":\"Sportverein Kirchzarten e.V. - Ski-Abteilung\"},\"image\":{\"@id\":\"https:\\\/\\\/svkirchzarten.de\\\/ski\\\/#\\\/schema\\\/logo\\\/image\\\/\"}}]}<\/script>\n<!-- \/ Yoast SEO plugin. -->","yoast_head_json":{"title":"Kinderclub-Details | Ski","robots":{"index":"index","follow":"follow","max-snippet":"max-snippet:-1","max-image-preview":"max-image-preview:large","max-video-preview":"max-video-preview:-1"},"canonical":"https:\/\/svkirchzarten.de\/ski\/schneesportschule\/kinderclub-details\/","og_locale":"de_DE","og_type":"article","og_title":"Kinderclub-Details | Ski","og_description":"[vc_row type=&#8220;in_container&#8220; full_screen_row_position=&#8220;middle&#8220; column_margin=&#8220;default&#8220; column_direction=&#8220;default&#8220; column_direction_tablet=&#8220;default&#8220; column_direction_phone=&#8220;default&#8220; scene_position=&#8220;center&#8220; text_color=&#8220;dark&#8220; text_align=&#8220;left&#8220;...","og_url":"https:\/\/svkirchzarten.de\/ski\/schneesportschule\/kinderclub-details\/","og_site_name":"Ski","article_modified_time":"2022-11-25T07:16:30+00:00","twitter_card":"summary_large_image","twitter_misc":{"Gesch\u00e4tzte Lesezeit":"4\u00a0Minuten"},"schema":{"@context":"https:\/\/schema.org","@graph":[{"@type":"WebPage","@id":"https:\/\/svkirchzarten.de\/ski\/schneesportschule\/kinderclub-details\/","url":"https:\/\/svkirchzarten.de\/ski\/schneesportschule\/kinderclub-details\/","name":"Kinderclub-Details | Ski","isPartOf":{"@id":"https:\/\/svkirchzarten.de\/ski\/#website"},"datePublished":"2018-11-12T07:47:41+00:00","dateModified":"2022-11-25T07:16:30+00:00","breadcrumb":{"@id":"https:\/\/svkirchzarten.de\/ski\/schneesportschule\/kinderclub-details\/#breadcrumb"},"inLanguage":"de","potentialAction":[{"@type":"ReadAction","target":["https:\/\/svkirchzarten.de\/ski\/schneesportschule\/kinderclub-details\/"]}]},{"@type":"BreadcrumbList","@id":"https:\/\/svkirchzarten.de\/ski\/schneesportschule\/kinderclub-details\/#breadcrumb","itemListElement":[{"@type":"ListItem","position":1,"name":"SV Kirchzarten","item":"https:\/\/svkirchzarten.de\/ski\/"},{"@type":"ListItem","position":2,"name":"Schneesportschule","item":"https:\/\/svkirchzarten.de\/ski\/schneesportschule\/"},{"@type":"ListItem","position":3,"name":"Kinderclub-Details"}]},{"@type":"WebSite","@id":"https:\/\/svkirchzarten.de\/ski\/#website","url":"https:\/\/svkirchzarten.de\/ski\/","name":"Sportverein Kirchzarten e.V. - Ski-Abteilung","description":"","publisher":{"@id":"https:\/\/svkirchzarten.de\/ski\/#organization"},"alternateName":"SV Kirchzarten Ski","potentialAction":[{"@type":"SearchAction","target":{"@type":"EntryPoint","urlTemplate":"https:\/\/svkirchzarten.de\/ski\/?s={search_term_string}"},"query-input":{"@type":"PropertyValueSpecification","valueRequired":true,"valueName":"search_term_string"}}],"inLanguage":"de"},{"@type":"Organization","@id":"https:\/\/svkirchzarten.de\/ski\/#organization","name":"Sportverein Kirchzarten e.V. - Ski-Abteilung","url":"https:\/\/svkirchzarten.de\/ski\/","logo":{"@type":"ImageObject","inLanguage":"de","@id":"https:\/\/svkirchzarten.de\/ski\/#\/schema\/logo\/image\/","url":"https:\/\/svkirchzarten.de\/ski\/wp-content\/uploads\/sites\/7\/2021\/02\/sv-kirchzarten-logo.svg","contentUrl":"https:\/\/svkirchzarten.de\/ski\/wp-content\/uploads\/sites\/7\/2021\/02\/sv-kirchzarten-logo.svg","width":1,"height":1,"caption":"Sportverein Kirchzarten e.V. - Ski-Abteilung"},"image":{"@id":"https:\/\/svkirchzarten.de\/ski\/#\/schema\/logo\/image\/"}}]}},"publishpress_future_action":{"enabled":false,"date":"2026-04-29 12:12:33","action":"change-status","newStatus":"draft","terms":[],"taxonomy":"","extraData":[]},"publishpress_future_workflow_manual_trigger":{"enabledWorkflows":[]},"_links":{"self":[{"href":"https:\/\/svkirchzarten.de\/ski\/wp-json\/wp\/v2\/pages\/135","targetHints":{"allow":["GET"]}}],"collection":[{"href":"https:\/\/svkirchzarten.de\/ski\/wp-json\/wp\/v2\/pages"}],"about":[{"href":"https:\/\/svkirchzarten.de\/ski\/wp-json\/wp\/v2\/types\/page"}],"author":[{"embeddable":true,"href":"https:\/\/svkirchzarten.de\/ski\/wp-json\/wp\/v2\/users\/3"}],"replies":[{"embeddable":true,"href":"https:\/\/svkirchzarten.de\/ski\/wp-json\/wp\/v2\/comments?post=135"}],"version-history":[{"count":0,"href":"https:\/\/svkirchzarten.de\/ski\/wp-json\/wp\/v2\/pages\/135\/revisions"}],"up":[{"embeddable":true,"href":"https:\/\/svkirchzarten.de\/ski\/wp-json\/wp\/v2\/pages\/62"}],"wp:attachment":[{"href":"https:\/\/svkirchzarten.de\/ski\/wp-json\/wp\/v2\/media?parent=135"}],"curies":[{"name":"wp","href":"https:\/\/api.w.org\/{rel}","templated":true}]}}