{"id":41,"date":"2019-11-07T11:37:12","date_gmt":"2019-11-07T10:37:12","guid":{"rendered":"https:\/\/svkirchzarten.de\/ski-nordisch\/?page_id=41"},"modified":"2019-11-20T10:21:24","modified_gmt":"2019-11-20T09:21:24","slug":"paedagogisches-konzept","status":"publish","type":"page","link":"https:\/\/svkirchzarten.de\/ski-nordisch\/paedagogisches-konzept\/","title":{"rendered":"P\u00e4dagogisches Konzept"},"content":{"rendered":"<h2><span style=\"font-size: 16px\">\u00a0 <\/span><\/h2>\n<h1><span style=\"font-size: 16px\"><em>\u201eEin guter Anfang braucht Begeisterung, ein gutes Ende noch viel mehr!\u201c<\/em><\/span><\/h1>\n<p>&nbsp;<\/p>\n<p>In p\u00e4dagogischer und sozialer Perspektive stellt sich in einer pluralen Gesellschaft zunehmend die Frage, wie es gelingt, Kinder und Jugendliche nachhaltig f\u00fcr den trainingsintensiven Leistungssport im Skilanglauf zu begeistern, und so langfristig Erfolg auf nationaler und internationaler Ebene zu realisieren.<\/p>\n<p>Eine <b>erste<\/b> Antwort darauf ist f\u00fcr uns Trainer und Betreuer unser eigenes Verhalten, das als Modell dessen gelten soll, was der Sport, aber auch das Leben von den Kindern und Jugendlichen fordern wird: Begeisterungsf\u00e4higkeit, Kreativit\u00e4t, Pfiffigkeit, kritisch-konstruktives Denken, Flei\u00df, Durchhalteverm\u00f6gen, Leidenschaft, aber auch Hilfsbereitschaft, Empathie und Fairness.<\/p>\n<p>Anstrengungsbereitschaft als ein Pers\u00f6nlichkeitsmerkmal f\u00fcr ein gelingendes Leben ist f\u00fcr uns etwas, worauf wir ebenso hinarbeiten, wie zu lernen, dass ausgehaltene Entt\u00e4uschungen gleichfalls zu einem stabilen Miteinander geh\u00f6ren wie gemeinsame sportliche Erfolge.<\/p>\n<p>Einen <b>zweiten<\/b> und entscheidenden Beitrag sehen wir darin, jedem einzelnen unserer Nachwuchssportler Bedeutung zu geben. Ihnen aufzuzeigen, was sie sich zutrauen d\u00fcrfen, was aus ihnen werden kann und wo ihre Potenziale und Entwicklungsm\u00f6glichkeiten liegen. Wir sehen uns nicht nur als Bezugspersonen, die sie fordern und an denen sie sich orientieren k\u00f6nnen, sondern wir zielen insbesondere darauf ab, ihnen eine Vision von ihrer eigenen Entwicklung und ihren eigenen Potenzialen zu geben. Dazu f\u00fchren wir trainingsbegleitend, aber auch losgel\u00f6st von Trainingsma\u00dfnahmen zahlreiche Einzelgespr\u00e4che. Zwischenmenschliche Beziehungen dieser Art sind f\u00fcr uns letztlich der N\u00e4hrboden f\u00fcr die Entwicklung starker Pers\u00f6nlichkeiten, die nicht nur im Sport, sondern auch im sp\u00e4teren Leben bestehen werden.<\/p>\n<p><b>Drittens<\/b> gestalten wir das Training methodisch so, dass unsere Nachwuchsathleten den Glauben an die eigene Kraft und St\u00e4rke entwickeln k\u00f6nnen. Es sind die vielf\u00e4ltigen positiven Erfahrungen und oft auch die beeindruckenden Naturerlebnisse in Training und Wettkampf, die eine dauerhafte Motivation aufbauen und ein gro\u00dfes Vertrauen in das eigene Leistungsverm\u00f6gen schaffen. Aber auch die Grenzen der eigenen Leistungsf\u00e4higkeit sowie der Respekt vor der Leistung anderer werden dabei immer wieder erfahrbar und abgen\u00f6tigt.<\/p>\n<p>Unsere p\u00e4dagogische Verantwortung sehen wir letztlich in einer ausgewogenen Balance zwischen F\u00fchrung und Verst\u00e4ndnis. Als Trainer und Betreuer packen wir unsere Athleten nicht in Watte, sondern formulieren klar und deutlich unsere Ziele. Wir fordern unsere Athleten und stehen voll und ganz hinter unseren Forderungen. Wir \u00fcben auch deutlich konstruktive Kritik, machen dabei aber unseren Athleten immer Mut und unterst\u00fctzen sie jederzeit in ihren Anstrengungen. Verst\u00e4ndnis in Training und Wettkampf bedeutet f\u00fcr uns, den Nachwuchsathleten nie nur nach seinen sportlichen Leistungen zu beurteilen, sondern vor allem und zuvorderst als Mensch. Seine Motive, sein Bem\u00fchen und seine emotionalen St\u00e4rken ebenso wie seine problematischen Seiten wahrzunehmen und dabei Dem\u00fctigungen und Blo\u00dfstellungen zu vermeiden. Das Wohl unserer Sportlerinnen und Sportler hat immer Vorrang, auch vor kurzfristigen Erfolgen! \u00dcbergeordnetes Ziel unseres Wirkens ist es, die Jungen und M\u00e4dchen losgel\u00f6st von Siegen und Platzierungen so f\u00fcr den Wintersport zu begeistern, dass daraus die eine \u00fcberdauernde, lebenslange Motivation f\u00fcr Sport und Bewegung erw\u00e4chst.<\/p>\n<p>Zu einem solcherma\u00dfen nachhaltigen Sportverst\u00e4ndnis z\u00e4hlt f\u00fcr uns auch die aktive Besch\u00e4ftigung mit der Frage, wie es gelingen kann, \u00fcber den Skilanglauf auch jungen Menschen mit Behinderung ein H\u00f6chstma\u00df an Aktivit\u00e4t und Teilhabe innerhalb einer solidarischen Gemeinschaft zu sichern. Seit mehreren Jahren wirken teils namhafte ehemalige Hochleistungssportler ebenso wie Jugendliche aus unserer Nachwuchsabteilung als Begleitl\u00e4ufer von blinden und sehbehinderten Skilangl\u00e4uferinnen und Skilangl\u00e4ufern auf nationaler und internationaler Ebene mit. Mit den Erfahrungen eines hauptamtlichen im Behindertensport t\u00e4tigen Trainers, der unserer Skilanglaufabteilung entstammt und uns nach wie vor unterst\u00fctzt sowie den besonderen F\u00e4higkeiten der als Begleitl\u00e4ufer aktiven Sportler ist es uns gelungen, im Sch\u00fclerbereich Kinder mit Behinderung erfolgreich zu integrieren.<\/p>\n<p>Einen weiteren Schritt, um eine konsequente Nachwuchsarbeit mit einer breiten Basis an Kindern und Jugendlichen realisieren zu k\u00f6nnen, sehen wir darin, die finanziellen Eintrittsbarrieren niedrig zu halten. Wir m\u00f6chten Nachwuchsathleten aller Bev\u00f6lkerungsschichten den Beginn einer sportlichen Karriere erm\u00f6glichen. Dazu haben wir einen vereinseigenen Sportmaterialpool aufgebaut, \u00fcber den Trainingsger\u00e4te wie z.B. Skiroller gegen eine geringe Geb\u00fchr geliehen werden k\u00f6nnen. Des Weiteren besteht eine enge Kooperation mit lokalen Sportgesch\u00e4ften, um den Athleten kosteng\u00fcnstige Einkaufsm\u00f6glichkeiten zu erm\u00f6glichen.<\/p>\n<p>Der Zugang zu Trainingsst\u00e4tten, die im Skilanglauf ein kontinuierliches Training erm\u00f6glichen, ist aus unserer Sicht mit die entscheidende Voraussetzung f\u00fcr eine erfolgreiche Jugendarbeit im Skisport. Aus diesem Grund setzt sich unsere nordische Skisportabteilung seit mehreren Jahren nachhaltig f\u00fcr den Ausbau des Nordic-Centers am Notschrei ein. Ein umfassendes ehrenamtliches Engagement unserer Mitglieder hat mit dazu beigetragen, dass heute mit dem Nordic-Center Notschrei eine Trainings- und Wettkampfst\u00e4tte auf internationalem Niveau vorhanden ist. Dort finden Kinder und Jugendliche neben schneesicheren Loipen im Winter und abgesicherten Rollerstrecken im Sommer auch Funktionsgeb\u00e4ude vor, die ihnen den Aufenthalt in der Natur auch bei widrigen Wetterverh\u00e4ltnissen erm\u00f6glichen und einen verantwortbaren Trainingsbetrieb garantieren.<\/p>\n<p>Wir bekennen uns klar zur Leistung im Sport. Deshalb sind wir der \u00dcberzeugung, dass wir auch bei der Ausrichtung von Wettk\u00e4mpfen gerade f\u00fcr unseren sportlichen Nachwuchs eine Vorbildfunktion haben. Aus diesem Grund beteiligt sich die Abteilung \u201eSki Nordisch\u201c seit Jahren an der Ausrichtung von Wettk\u00e4mpfen auf Landes- und Bundesebene.<\/p>\n<p>Ein weiteres Mosaik im Gesamtkonzept unserer Nachwuchsarbeit ist eine qualifizierte Trainerausbildung. In den zur\u00fcckliegenden Jahren ist es uns gelungen, aus dem eigenen sportlichen Nachwuchs neun junge Frauen und M\u00e4nner f\u00fcr eine Ausbildung als \u00dcbungsleiter und Trainer C bzw. B zu gewinnen.<\/p>\n<p>Nichts ist erfolgreicher als der Erfolg! Diesen bemessen wir nicht nur an den vielen ausgezeichneten Platzierungen unseres Nachwuchses, sondern auch am kontinuierlich wachsenden Zuspruch unserer Arbeit. Die stetig zunehmenden Sch\u00fclerzahlen in unseren Trainingsgruppen sind Anerkennung und Ansporn unserer Arbeit zugleich.<\/p>\n","protected":false},"excerpt":{"rendered":"<p>\u00a0 \u201eEin guter Anfang braucht Begeisterung, ein gutes Ende noch&#8230;<\/p>\n","protected":false},"author":16,"featured_media":0,"parent":0,"menu_order":0,"comment_status":"closed","ping_status":"closed","template":"","meta":{"footnotes":""},"class_list":["post-41","page","type-page","status-publish"],"yoast_head":"<!-- This site is optimized with the Yoast SEO plugin v27.3 - https:\/\/yoast.com\/product\/yoast-seo-wordpress\/ -->\n<title>P\u00e4dagogisches Konzept | Ski Nordisch &amp; Biathlon<\/title>\n<meta name=\"robots\" content=\"index, follow, max-snippet:-1, max-image-preview:large, max-video-preview:-1\" \/>\n<link rel=\"canonical\" href=\"https:\/\/svkirchzarten.de\/ski-nordisch\/paedagogisches-konzept\/\" \/>\n<meta property=\"og:locale\" content=\"de_DE\" \/>\n<meta property=\"og:type\" content=\"article\" \/>\n<meta property=\"og:title\" content=\"P\u00e4dagogisches Konzept | Ski Nordisch &amp; Biathlon\" \/>\n<meta property=\"og:description\" content=\"\u00a0 \u201eEin guter Anfang braucht Begeisterung, ein gutes Ende noch...\" \/>\n<meta property=\"og:url\" content=\"https:\/\/svkirchzarten.de\/ski-nordisch\/paedagogisches-konzept\/\" \/>\n<meta property=\"og:site_name\" content=\"Ski Nordisch &amp; Biathlon\" \/>\n<meta property=\"article:modified_time\" content=\"2019-11-20T09:21:24+00:00\" \/>\n<meta name=\"twitter:card\" content=\"summary_large_image\" \/>\n<meta name=\"twitter:label1\" content=\"Gesch\u00e4tzte Lesezeit\" \/>\n\t<meta name=\"twitter:data1\" content=\"5\u00a0Minuten\" \/>\n<script type=\"application\/ld+json\" class=\"yoast-schema-graph\">{\"@context\":\"https:\\\/\\\/schema.org\",\"@graph\":[{\"@type\":\"WebPage\",\"@id\":\"https:\\\/\\\/svkirchzarten.de\\\/ski-nordisch\\\/paedagogisches-konzept\\\/\",\"url\":\"https:\\\/\\\/svkirchzarten.de\\\/ski-nordisch\\\/paedagogisches-konzept\\\/\",\"name\":\"P\u00e4dagogisches Konzept | Ski Nordisch &amp; Biathlon\",\"isPartOf\":{\"@id\":\"https:\\\/\\\/svkirchzarten.de\\\/ski-nordisch\\\/#website\"},\"datePublished\":\"2019-11-07T10:37:12+00:00\",\"dateModified\":\"2019-11-20T09:21:24+00:00\",\"breadcrumb\":{\"@id\":\"https:\\\/\\\/svkirchzarten.de\\\/ski-nordisch\\\/paedagogisches-konzept\\\/#breadcrumb\"},\"inLanguage\":\"de\",\"potentialAction\":[{\"@type\":\"ReadAction\",\"target\":[\"https:\\\/\\\/svkirchzarten.de\\\/ski-nordisch\\\/paedagogisches-konzept\\\/\"]}]},{\"@type\":\"BreadcrumbList\",\"@id\":\"https:\\\/\\\/svkirchzarten.de\\\/ski-nordisch\\\/paedagogisches-konzept\\\/#breadcrumb\",\"itemListElement\":[{\"@type\":\"ListItem\",\"position\":1,\"name\":\"SV Kirchzarten\",\"item\":\"https:\\\/\\\/svkirchzarten.de\\\/ski-nordisch\\\/\"},{\"@type\":\"ListItem\",\"position\":2,\"name\":\"P\u00e4dagogisches Konzept\"}]},{\"@type\":\"WebSite\",\"@id\":\"https:\\\/\\\/svkirchzarten.de\\\/ski-nordisch\\\/#website\",\"url\":\"https:\\\/\\\/svkirchzarten.de\\\/ski-nordisch\\\/\",\"name\":\"Ski Nordisch\",\"description\":\"\",\"alternateName\":\"SV Kirchzarten Ski Nordisch\",\"potentialAction\":[{\"@type\":\"SearchAction\",\"target\":{\"@type\":\"EntryPoint\",\"urlTemplate\":\"https:\\\/\\\/svkirchzarten.de\\\/ski-nordisch\\\/?s={search_term_string}\"},\"query-input\":{\"@type\":\"PropertyValueSpecification\",\"valueRequired\":true,\"valueName\":\"search_term_string\"}}],\"inLanguage\":\"de\"}]}<\/script>\n<!-- \/ Yoast SEO plugin. -->","yoast_head_json":{"title":"P\u00e4dagogisches Konzept | Ski Nordisch &amp; Biathlon","robots":{"index":"index","follow":"follow","max-snippet":"max-snippet:-1","max-image-preview":"max-image-preview:large","max-video-preview":"max-video-preview:-1"},"canonical":"https:\/\/svkirchzarten.de\/ski-nordisch\/paedagogisches-konzept\/","og_locale":"de_DE","og_type":"article","og_title":"P\u00e4dagogisches Konzept | Ski Nordisch &amp; Biathlon","og_description":"\u00a0 \u201eEin guter Anfang braucht Begeisterung, ein gutes Ende noch...","og_url":"https:\/\/svkirchzarten.de\/ski-nordisch\/paedagogisches-konzept\/","og_site_name":"Ski Nordisch &amp; Biathlon","article_modified_time":"2019-11-20T09:21:24+00:00","twitter_card":"summary_large_image","twitter_misc":{"Gesch\u00e4tzte Lesezeit":"5\u00a0Minuten"},"schema":{"@context":"https:\/\/schema.org","@graph":[{"@type":"WebPage","@id":"https:\/\/svkirchzarten.de\/ski-nordisch\/paedagogisches-konzept\/","url":"https:\/\/svkirchzarten.de\/ski-nordisch\/paedagogisches-konzept\/","name":"P\u00e4dagogisches Konzept | Ski Nordisch &amp; Biathlon","isPartOf":{"@id":"https:\/\/svkirchzarten.de\/ski-nordisch\/#website"},"datePublished":"2019-11-07T10:37:12+00:00","dateModified":"2019-11-20T09:21:24+00:00","breadcrumb":{"@id":"https:\/\/svkirchzarten.de\/ski-nordisch\/paedagogisches-konzept\/#breadcrumb"},"inLanguage":"de","potentialAction":[{"@type":"ReadAction","target":["https:\/\/svkirchzarten.de\/ski-nordisch\/paedagogisches-konzept\/"]}]},{"@type":"BreadcrumbList","@id":"https:\/\/svkirchzarten.de\/ski-nordisch\/paedagogisches-konzept\/#breadcrumb","itemListElement":[{"@type":"ListItem","position":1,"name":"SV Kirchzarten","item":"https:\/\/svkirchzarten.de\/ski-nordisch\/"},{"@type":"ListItem","position":2,"name":"P\u00e4dagogisches Konzept"}]},{"@type":"WebSite","@id":"https:\/\/svkirchzarten.de\/ski-nordisch\/#website","url":"https:\/\/svkirchzarten.de\/ski-nordisch\/","name":"Ski Nordisch","description":"","alternateName":"SV Kirchzarten Ski Nordisch","potentialAction":[{"@type":"SearchAction","target":{"@type":"EntryPoint","urlTemplate":"https:\/\/svkirchzarten.de\/ski-nordisch\/?s={search_term_string}"},"query-input":{"@type":"PropertyValueSpecification","valueRequired":true,"valueName":"search_term_string"}}],"inLanguage":"de"}]}},"publishpress_future_action":{"enabled":false,"date":"2026-04-20 11:29:31","action":"change-status","newStatus":"draft","terms":[],"taxonomy":"","extraData":[]},"publishpress_future_workflow_manual_trigger":{"enabledWorkflows":[]},"_links":{"self":[{"href":"https:\/\/svkirchzarten.de\/ski-nordisch\/wp-json\/wp\/v2\/pages\/41","targetHints":{"allow":["GET"]}}],"collection":[{"href":"https:\/\/svkirchzarten.de\/ski-nordisch\/wp-json\/wp\/v2\/pages"}],"about":[{"href":"https:\/\/svkirchzarten.de\/ski-nordisch\/wp-json\/wp\/v2\/types\/page"}],"author":[{"embeddable":true,"href":"https:\/\/svkirchzarten.de\/ski-nordisch\/wp-json\/wp\/v2\/users\/16"}],"replies":[{"embeddable":true,"href":"https:\/\/svkirchzarten.de\/ski-nordisch\/wp-json\/wp\/v2\/comments?post=41"}],"version-history":[{"count":0,"href":"https:\/\/svkirchzarten.de\/ski-nordisch\/wp-json\/wp\/v2\/pages\/41\/revisions"}],"wp:attachment":[{"href":"https:\/\/svkirchzarten.de\/ski-nordisch\/wp-json\/wp\/v2\/media?parent=41"}],"curies":[{"name":"wp","href":"https:\/\/api.w.org\/{rel}","templated":true}]}}