{"id":32,"date":"2019-11-08T09:56:52","date_gmt":"2019-11-08T08:56:52","guid":{"rendered":"https:\/\/svkirchzarten.de\/ski-nordisch\/?page_id=32"},"modified":"2019-11-20T22:00:05","modified_gmt":"2019-11-20T21:00:05","slug":"training","status":"publish","type":"page","link":"https:\/\/svkirchzarten.de\/ski-nordisch\/training\/","title":{"rendered":"TRAINING"},"content":{"rendered":"[vc_row type=&#8220;full_width_content&#8220; full_screen_row_position=&#8220;middle&#8220; equal_height=&#8220;yes&#8220; content_placement=&#8220;middle&#8220; bg_color=&#8220;#ffffff&#8220; scene_position=&#8220;center&#8220; text_color=&#8220;dark&#8220; text_align=&#8220;left&#8220; overlay_strength=&#8220;0.3&#8243;][vc_column column_padding=&#8220;padding-10-percent&#8220; column_padding_position=&#8220;all&#8220; background_color=&#8220;#f4f4f4&#8243; background_color_opacity=&#8220;1&#8243; background_hover_color_opacity=&#8220;1&#8243; column_shadow=&#8220;none&#8220; width=&#8220;1\/2&#8243; tablet_text_alignment=&#8220;default&#8220; phone_text_alignment=&#8220;default&#8220; column_border_width=&#8220;none&#8220; column_border_style=&#8220;solid&#8220;][vc_row_inner column_margin=&#8220;default&#8220; text_align=&#8220;left&#8220;][vc_column_inner enable_animation=&#8220;true&#8220; animation=&#8220;fade-in-from-bottom&#8220; column_padding=&#8220;no-extra-padding&#8220; column_padding_position=&#8220;all&#8220; background_color_opacity=&#8220;1&#8243; width=&#8220;1\/1&#8243; column_border_width=&#8220;none&#8220; column_border_style=&#8220;solid&#8220;][vc_custom_heading text=&#8220;Training&#8220; font_container=&#8220;tag:h5|text_align:left|color:%23bfbfbf&#8220; use_theme_fonts=&#8220;yes&#8220; css=&#8220;.vc_custom_1573494069706{margin-bottom: 10px !important;}&#8220;][vc_custom_heading text=&#8220;Abwechslungsreich &amp; effektiv&#8220; font_container=&#8220;tag:h2|font_size:40|text_align:left|line_height:50px&#8220; use_theme_fonts=&#8220;yes&#8220;][vc_custom_heading text=&#8220;Das Training findet organisiert nach Alter an verschiedenen Trainingsst\u00e4tten im Dreisamtal, am Nordic Center Notschrei sowie am Thurner statt.<br \/>\nUnsere Trainingsst\u00e4tten sind top ausgebaut, modern und sowohl mit \u00f6ffentlichen Verkehrsmitteln, als auch mit dem Privat-PKW gut zu erreichen.<br \/>\n\u00dcber den Sommer wird viel Crosslauf und Skirollertraining im Dreisamtal angeboten.<br \/>\nIm Winter findet das Training regelm\u00e4\u00dfig in der Nordic-Arena am Notschrei statt. Fahrdienste zu den Trainingsst\u00e4tten im Schwarzwald werden organisiert.<br \/>\nUnser Training ist generell wettkampforientiert.<br \/>\nMehr Infos bei G\u00fcnter Huhn, Sportwart Nordisch: +49 171 78 21 253<br \/>\nAlternativ bieten Trainer der Nordic-Schule Notschrei Mittwochabends immer Schnuppertraining an, f\u00fcr alle Altersklassen, die keine Wettk\u00e4mpfe bestreiten wollen.<br \/>\n&#8220; font_container=&#8220;tag:p|text_align:left|color:rgba(12%2C9%2C3%2C0.6)&#8220; use_theme_fonts=&#8220;yes&#8220; link=&#8220;|||&#8220;][nectar_btn size=&#8220;small&#8220; open_new_tab=&#8220;true&#8220; button_style=&#8220;regular&#8220; button_color_2=&#8220;Accent-Color&#8220; icon_family=&#8220;none&#8220; url=&#8220;https:\/\/www.nordic-schule-notschrei.de\/Offenes-Kindertraining-93217.html&#8220; text=&#8220;offenes Training Nordic-Schule Notschrei&#8220;][\/vc_column_inner][\/vc_row_inner][\/vc_column][vc_column column_padding=&#8220;no-extra-padding&#8220; column_padding_position=&#8220;all&#8220; background_color_opacity=&#8220;1&#8243; background_hover_color_opacity=&#8220;1&#8243; background_image=&#8220;193&#8243; enable_bg_scale=&#8220;true&#8220; column_shadow=&#8220;none&#8220; width=&#8220;1\/2&#8243; tablet_text_alignment=&#8220;default&#8220; phone_text_alignment=&#8220;default&#8220; column_border_width=&#8220;none&#8220; column_border_style=&#8220;solid&#8220;][\/vc_column][\/vc_row][vc_row type=&#8220;full_width_content&#8220; full_screen_row_position=&#8220;middle&#8220; equal_height=&#8220;yes&#8220; content_placement=&#8220;middle&#8220; scene_position=&#8220;center&#8220; text_color=&#8220;dark&#8220; text_align=&#8220;left&#8220; overlay_strength=&#8220;0.3&#8243;][vc_column column_padding=&#8220;no-extra-padding&#8220; column_padding_position=&#8220;all&#8220; background_color_opacity=&#8220;1&#8243; background_hover_color_opacity=&#8220;1&#8243; background_image=&#8220;356&#8243; enable_bg_scale=&#8220;true&#8220; column_shadow=&#8220;none&#8220; width=&#8220;1\/2&#8243; tablet_text_alignment=&#8220;default&#8220; phone_text_alignment=&#8220;default&#8220; column_border_width=&#8220;none&#8220; column_border_style=&#8220;solid&#8220;][\/vc_column][vc_column column_padding=&#8220;padding-10-percent&#8220; column_padding_position=&#8220;all&#8220; background_color=&#8220;#ffffff&#8220; background_color_opacity=&#8220;1&#8243; background_hover_color_opacity=&#8220;1&#8243; column_shadow=&#8220;none&#8220; width=&#8220;1\/2&#8243; tablet_text_alignment=&#8220;default&#8220; phone_text_alignment=&#8220;default&#8220; column_border_width=&#8220;none&#8220; column_border_style=&#8220;solid&#8220;][vc_row_inner column_margin=&#8220;default&#8220; text_align=&#8220;left&#8220;][vc_column_inner enable_animation=&#8220;true&#8220; animation=&#8220;fade-in-from-bottom&#8220; column_padding=&#8220;no-extra-padding&#8220; column_padding_position=&#8220;all&#8220; background_color_opacity=&#8220;1&#8243; width=&#8220;1\/1&#8243; column_border_width=&#8220;none&#8220; column_border_style=&#8220;solid&#8220;][vc_custom_heading text=&#8220;Mehr Informationen&#8220; font_container=&#8220;tag:h5|text_align:left|color:%23bfbfbf&#8220; use_theme_fonts=&#8220;yes&#8220; css=&#8220;.vc_custom_1573493958060{margin-bottom: 10px !important;}&#8220;][vc_custom_heading text=&#8220;Hier findest du unsere Trainingszeiten&#8220; font_container=&#8220;tag:h2|font_size:40|text_align:left|line_height:50px&#8220; use_theme_fonts=&#8220;yes&#8220;][nectar_btn size=&#8220;large&#8220; button_style=&#8220;see-through-2&#8243; hover_text_color_override=&#8220;#ffffff&#8220; icon_family=&#8220;none&#8220; url=&#8220;https:\/\/svkirchzarten.de\/ski-nordisch\/?page_id=43&#8243; text=&#8220;Trainingszeiten&#8220; margin_top=&#8220;30&#8243;][\/vc_column_inner][\/vc_row_inner][\/vc_column][\/vc_row][vc_row type=&#8220;in_container&#8220; full_screen_row_position=&#8220;middle&#8220; scene_position=&#8220;center&#8220; text_color=&#8220;dark&#8220; text_align=&#8220;left&#8220; overlay_strength=&#8220;0.3&#8243;][vc_column column_padding=&#8220;no-extra-padding&#8220; column_padding_position=&#8220;all&#8220; background_color_opacity=&#8220;1&#8243; background_hover_color_opacity=&#8220;1&#8243; column_shadow=&#8220;none&#8220; width=&#8220;1\/1&#8243; tablet_text_alignment=&#8220;default&#8220; phone_text_alignment=&#8220;default&#8220; column_border_width=&#8220;none&#8220; column_border_style=&#8220;solid&#8220;][\/vc_column][\/vc_row]\n","protected":false},"excerpt":{"rendered":"<p>[vc_row type=&#8220;full_width_content&#8220; full_screen_row_position=&#8220;middle&#8220; equal_height=&#8220;yes&#8220; content_placement=&#8220;middle&#8220; bg_color=&#8220;#ffffff&#8220; scene_position=&#8220;center&#8220; text_color=&#8220;dark&#8220; text_align=&#8220;left&#8220; overlay_strength=&#8220;0.3&#8243;][vc_column&#8230;<\/p>\n","protected":false},"author":16,"featured_media":9,"parent":0,"menu_order":4,"comment_status":"closed","ping_status":"closed","template":"","meta":{"footnotes":""},"class_list":["post-32","page","type-page","status-publish","has-post-thumbnail"],"yoast_head":"<!-- This site is optimized with the Yoast SEO plugin v27.3 - https:\/\/yoast.com\/product\/yoast-seo-wordpress\/ -->\n<title>TRAINING | Ski Nordisch &amp; Biathlon<\/title>\n<meta name=\"robots\" content=\"index, follow, max-snippet:-1, max-image-preview:large, max-video-preview:-1\" \/>\n<link rel=\"canonical\" href=\"https:\/\/svkirchzarten.de\/ski-nordisch\/training\/\" \/>\n<meta property=\"og:locale\" content=\"de_DE\" \/>\n<meta property=\"og:type\" content=\"article\" \/>\n<meta property=\"og:title\" content=\"TRAINING | Ski Nordisch &amp; Biathlon\" \/>\n<meta property=\"og:description\" content=\"[vc_row type=&#8220;full_width_content&#8220; full_screen_row_position=&#8220;middle&#8220; equal_height=&#8220;yes&#8220; content_placement=&#8220;middle&#8220; bg_color=&#8220;#ffffff&#8220; scene_position=&#8220;center&#8220; text_color=&#8220;dark&#8220; text_align=&#8220;left&#8220; overlay_strength=&#8220;0.3&#8243;][vc_column...\" \/>\n<meta property=\"og:url\" content=\"https:\/\/svkirchzarten.de\/ski-nordisch\/training\/\" \/>\n<meta property=\"og:site_name\" content=\"Ski Nordisch &amp; Biathlon\" \/>\n<meta property=\"article:modified_time\" content=\"2019-11-20T21:00:05+00:00\" \/>\n<meta property=\"og:image\" content=\"https:\/\/svkirchzarten.de\/ski-nordisch\/wp-content\/uploads\/sites\/24\/2019\/11\/finland-2215318_1920.jpg\" \/>\n\t<meta property=\"og:image:width\" content=\"1920\" \/>\n\t<meta property=\"og:image:height\" content=\"1280\" \/>\n\t<meta property=\"og:image:type\" content=\"image\/jpeg\" \/>\n<meta name=\"twitter:card\" content=\"summary_large_image\" \/>\n<meta name=\"twitter:label1\" content=\"Gesch\u00e4tzte Lesezeit\" \/>\n\t<meta name=\"twitter:data1\" content=\"3\u00a0Minuten\" \/>\n<script type=\"application\/ld+json\" class=\"yoast-schema-graph\">{\"@context\":\"https:\\\/\\\/schema.org\",\"@graph\":[{\"@type\":\"WebPage\",\"@id\":\"https:\\\/\\\/svkirchzarten.de\\\/ski-nordisch\\\/training\\\/\",\"url\":\"https:\\\/\\\/svkirchzarten.de\\\/ski-nordisch\\\/training\\\/\",\"name\":\"TRAINING | Ski Nordisch &amp; Biathlon\",\"isPartOf\":{\"@id\":\"https:\\\/\\\/svkirchzarten.de\\\/ski-nordisch\\\/#website\"},\"primaryImageOfPage\":{\"@id\":\"https:\\\/\\\/svkirchzarten.de\\\/ski-nordisch\\\/training\\\/#primaryimage\"},\"image\":{\"@id\":\"https:\\\/\\\/svkirchzarten.de\\\/ski-nordisch\\\/training\\\/#primaryimage\"},\"thumbnailUrl\":\"https:\\\/\\\/svkirchzarten.de\\\/ski-nordisch\\\/wp-content\\\/uploads\\\/sites\\\/24\\\/2019\\\/11\\\/finland-2215318_1920.jpg\",\"datePublished\":\"2019-11-08T08:56:52+00:00\",\"dateModified\":\"2019-11-20T21:00:05+00:00\",\"breadcrumb\":{\"@id\":\"https:\\\/\\\/svkirchzarten.de\\\/ski-nordisch\\\/training\\\/#breadcrumb\"},\"inLanguage\":\"de\",\"potentialAction\":[{\"@type\":\"ReadAction\",\"target\":[\"https:\\\/\\\/svkirchzarten.de\\\/ski-nordisch\\\/training\\\/\"]}]},{\"@type\":\"ImageObject\",\"inLanguage\":\"de\",\"@id\":\"https:\\\/\\\/svkirchzarten.de\\\/ski-nordisch\\\/training\\\/#primaryimage\",\"url\":\"https:\\\/\\\/svkirchzarten.de\\\/ski-nordisch\\\/wp-content\\\/uploads\\\/sites\\\/24\\\/2019\\\/11\\\/finland-2215318_1920.jpg\",\"contentUrl\":\"https:\\\/\\\/svkirchzarten.de\\\/ski-nordisch\\\/wp-content\\\/uploads\\\/sites\\\/24\\\/2019\\\/11\\\/finland-2215318_1920.jpg\",\"width\":1920,\"height\":1280},{\"@type\":\"BreadcrumbList\",\"@id\":\"https:\\\/\\\/svkirchzarten.de\\\/ski-nordisch\\\/training\\\/#breadcrumb\",\"itemListElement\":[{\"@type\":\"ListItem\",\"position\":1,\"name\":\"SV Kirchzarten\",\"item\":\"https:\\\/\\\/svkirchzarten.de\\\/ski-nordisch\\\/\"},{\"@type\":\"ListItem\",\"position\":2,\"name\":\"TRAINING\"}]},{\"@type\":\"WebSite\",\"@id\":\"https:\\\/\\\/svkirchzarten.de\\\/ski-nordisch\\\/#website\",\"url\":\"https:\\\/\\\/svkirchzarten.de\\\/ski-nordisch\\\/\",\"name\":\"Ski Nordisch\",\"description\":\"\",\"alternateName\":\"SV Kirchzarten Ski Nordisch\",\"potentialAction\":[{\"@type\":\"SearchAction\",\"target\":{\"@type\":\"EntryPoint\",\"urlTemplate\":\"https:\\\/\\\/svkirchzarten.de\\\/ski-nordisch\\\/?s={search_term_string}\"},\"query-input\":{\"@type\":\"PropertyValueSpecification\",\"valueRequired\":true,\"valueName\":\"search_term_string\"}}],\"inLanguage\":\"de\"}]}<\/script>\n<!-- \/ Yoast SEO plugin. -->","yoast_head_json":{"title":"TRAINING | Ski Nordisch &amp; Biathlon","robots":{"index":"index","follow":"follow","max-snippet":"max-snippet:-1","max-image-preview":"max-image-preview:large","max-video-preview":"max-video-preview:-1"},"canonical":"https:\/\/svkirchzarten.de\/ski-nordisch\/training\/","og_locale":"de_DE","og_type":"article","og_title":"TRAINING | Ski Nordisch &amp; Biathlon","og_description":"[vc_row type=&#8220;full_width_content&#8220; full_screen_row_position=&#8220;middle&#8220; equal_height=&#8220;yes&#8220; content_placement=&#8220;middle&#8220; bg_color=&#8220;#ffffff&#8220; scene_position=&#8220;center&#8220; text_color=&#8220;dark&#8220; text_align=&#8220;left&#8220; overlay_strength=&#8220;0.3&#8243;][vc_column...","og_url":"https:\/\/svkirchzarten.de\/ski-nordisch\/training\/","og_site_name":"Ski Nordisch &amp; Biathlon","article_modified_time":"2019-11-20T21:00:05+00:00","og_image":[{"width":1920,"height":1280,"url":"https:\/\/svkirchzarten.de\/ski-nordisch\/wp-content\/uploads\/sites\/24\/2019\/11\/finland-2215318_1920.jpg","type":"image\/jpeg"}],"twitter_card":"summary_large_image","twitter_misc":{"Gesch\u00e4tzte Lesezeit":"3\u00a0Minuten"},"schema":{"@context":"https:\/\/schema.org","@graph":[{"@type":"WebPage","@id":"https:\/\/svkirchzarten.de\/ski-nordisch\/training\/","url":"https:\/\/svkirchzarten.de\/ski-nordisch\/training\/","name":"TRAINING | Ski Nordisch &amp; Biathlon","isPartOf":{"@id":"https:\/\/svkirchzarten.de\/ski-nordisch\/#website"},"primaryImageOfPage":{"@id":"https:\/\/svkirchzarten.de\/ski-nordisch\/training\/#primaryimage"},"image":{"@id":"https:\/\/svkirchzarten.de\/ski-nordisch\/training\/#primaryimage"},"thumbnailUrl":"https:\/\/svkirchzarten.de\/ski-nordisch\/wp-content\/uploads\/sites\/24\/2019\/11\/finland-2215318_1920.jpg","datePublished":"2019-11-08T08:56:52+00:00","dateModified":"2019-11-20T21:00:05+00:00","breadcrumb":{"@id":"https:\/\/svkirchzarten.de\/ski-nordisch\/training\/#breadcrumb"},"inLanguage":"de","potentialAction":[{"@type":"ReadAction","target":["https:\/\/svkirchzarten.de\/ski-nordisch\/training\/"]}]},{"@type":"ImageObject","inLanguage":"de","@id":"https:\/\/svkirchzarten.de\/ski-nordisch\/training\/#primaryimage","url":"https:\/\/svkirchzarten.de\/ski-nordisch\/wp-content\/uploads\/sites\/24\/2019\/11\/finland-2215318_1920.jpg","contentUrl":"https:\/\/svkirchzarten.de\/ski-nordisch\/wp-content\/uploads\/sites\/24\/2019\/11\/finland-2215318_1920.jpg","width":1920,"height":1280},{"@type":"BreadcrumbList","@id":"https:\/\/svkirchzarten.de\/ski-nordisch\/training\/#breadcrumb","itemListElement":[{"@type":"ListItem","position":1,"name":"SV Kirchzarten","item":"https:\/\/svkirchzarten.de\/ski-nordisch\/"},{"@type":"ListItem","position":2,"name":"TRAINING"}]},{"@type":"WebSite","@id":"https:\/\/svkirchzarten.de\/ski-nordisch\/#website","url":"https:\/\/svkirchzarten.de\/ski-nordisch\/","name":"Ski Nordisch","description":"","alternateName":"SV Kirchzarten Ski Nordisch","potentialAction":[{"@type":"SearchAction","target":{"@type":"EntryPoint","urlTemplate":"https:\/\/svkirchzarten.de\/ski-nordisch\/?s={search_term_string}"},"query-input":{"@type":"PropertyValueSpecification","valueRequired":true,"valueName":"search_term_string"}}],"inLanguage":"de"}]}},"publishpress_future_action":{"enabled":false,"date":"2026-04-18 13:54:16","action":"change-status","newStatus":"draft","terms":[],"taxonomy":"","extraData":[]},"publishpress_future_workflow_manual_trigger":{"enabledWorkflows":[]},"_links":{"self":[{"href":"https:\/\/svkirchzarten.de\/ski-nordisch\/wp-json\/wp\/v2\/pages\/32","targetHints":{"allow":["GET"]}}],"collection":[{"href":"https:\/\/svkirchzarten.de\/ski-nordisch\/wp-json\/wp\/v2\/pages"}],"about":[{"href":"https:\/\/svkirchzarten.de\/ski-nordisch\/wp-json\/wp\/v2\/types\/page"}],"author":[{"embeddable":true,"href":"https:\/\/svkirchzarten.de\/ski-nordisch\/wp-json\/wp\/v2\/users\/16"}],"replies":[{"embeddable":true,"href":"https:\/\/svkirchzarten.de\/ski-nordisch\/wp-json\/wp\/v2\/comments?post=32"}],"version-history":[{"count":0,"href":"https:\/\/svkirchzarten.de\/ski-nordisch\/wp-json\/wp\/v2\/pages\/32\/revisions"}],"wp:featuredmedia":[{"embeddable":true,"href":"https:\/\/svkirchzarten.de\/ski-nordisch\/wp-json\/wp\/v2\/media\/9"}],"wp:attachment":[{"href":"https:\/\/svkirchzarten.de\/ski-nordisch\/wp-json\/wp\/v2\/media?parent=32"}],"curies":[{"name":"wp","href":"https:\/\/api.w.org\/{rel}","templated":true}]}}