{"id":2,"date":"2019-11-06T08:55:48","date_gmt":"2019-11-06T07:55:48","guid":{"rendered":"https:\/\/svkirchzarten.de\/ski-nordisch\/?page_id=2"},"modified":"2025-09-25T10:39:30","modified_gmt":"2025-09-25T08:39:30","slug":"beispiel-seite","status":"publish","type":"page","link":"https:\/\/svkirchzarten.de\/ski-nordisch\/","title":{"rendered":"SKI NORDISCH"},"content":{"rendered":"[vc_row type=&#8220;in_container&#8220; full_screen_row_position=&#8220;middle&#8220; column_margin=&#8220;default&#8220; column_direction=&#8220;default&#8220; column_direction_tablet=&#8220;default&#8220; column_direction_phone=&#8220;default&#8220; scene_position=&#8220;center&#8220; text_color=&#8220;dark&#8220; text_align=&#8220;left&#8220; row_border_radius=&#8220;none&#8220; row_border_radius_applies=&#8220;bg&#8220; overflow=&#8220;visible&#8220; overlay_strength=&#8220;0.3&#8243; gradient_direction=&#8220;left_to_right&#8220; shape_divider_position=&#8220;bottom&#8220; bg_image_animation=&#8220;none&#8220;][vc_column column_padding=&#8220;no-extra-padding&#8220; column_padding_tablet=&#8220;inherit&#8220; column_padding_phone=&#8220;inherit&#8220; column_padding_position=&#8220;all&#8220; column_element_direction_desktop=&#8220;default&#8220; column_element_spacing=&#8220;default&#8220; desktop_text_alignment=&#8220;default&#8220; tablet_text_alignment=&#8220;default&#8220; phone_text_alignment=&#8220;default&#8220; background_color_opacity=&#8220;1&#8243; background_hover_color_opacity=&#8220;1&#8243; column_backdrop_filter=&#8220;none&#8220; column_shadow=&#8220;none&#8220; column_border_radius=&#8220;none&#8220; column_link_target=&#8220;_self&#8220; column_position=&#8220;default&#8220; gradient_direction=&#8220;left_to_right&#8220; overlay_strength=&#8220;0.3&#8243; width=&#8220;1\/1&#8243; tablet_width_inherit=&#8220;default&#8220; animation_type=&#8220;default&#8220; bg_image_animation=&#8220;none&#8220; border_type=&#8220;simple&#8220; column_border_width=&#8220;none&#8220; column_border_style=&#8220;solid&#8220;][vc_column_text]\r\n<h3 style=\"text-align: left;\">Sch\u00f6n, dass du hier bist!<\/h3>\r\n<h4 style=\"text-align: right;\">\u00a0<\/h4>\r\n[\/vc_column_text][recent_posts style=&#8220;classic_enhanced_alt&#8220; columns=&#8220;4&#8243; category=&#8220;nordisch&#8220; order=&#8220;DESC&#8220; orderby=&#8220;date&#8220; blog_remove_post_author=&#8220;true&#8220; blog_remove_post_comment_number=&#8220;true&#8220; blog_remove_post_nectar_love=&#8220;true&#8220;][vc_row_inner column_margin=&#8220;default&#8220; column_direction=&#8220;default&#8220; column_direction_tablet=&#8220;default&#8220; column_direction_phone=&#8220;default&#8220; text_align=&#8220;left&#8220; row_position=&#8220;default&#8220; row_position_tablet=&#8220;inherit&#8220; row_position_phone=&#8220;inherit&#8220; overflow=&#8220;visible&#8220; pointer_events=&#8220;all&#8220;][vc_column_inner column_padding=&#8220;no-extra-padding&#8220; column_padding_tablet=&#8220;inherit&#8220; column_padding_phone=&#8220;inherit&#8220; column_padding_position=&#8220;all&#8220; column_element_direction_desktop=&#8220;default&#8220; column_element_spacing=&#8220;default&#8220; desktop_text_alignment=&#8220;default&#8220; tablet_text_alignment=&#8220;default&#8220; phone_text_alignment=&#8220;default&#8220; background_color_opacity=&#8220;1&#8243; background_hover_color_opacity=&#8220;1&#8243; column_backdrop_filter=&#8220;none&#8220; column_shadow=&#8220;none&#8220; column_border_radius=&#8220;none&#8220; column_link_target=&#8220;_self&#8220; overflow=&#8220;visible&#8220; gradient_direction=&#8220;left_to_right&#8220; overlay_strength=&#8220;0.3&#8243; width=&#8220;1\/1&#8243; tablet_width_inherit=&#8220;default&#8220; animation_type=&#8220;default&#8220; bg_image_animation=&#8220;none&#8220; border_type=&#8220;simple&#8220; column_border_width=&#8220;none&#8220; column_border_style=&#8220;solid&#8220;][\/vc_column_inner][\/vc_row_inner][vc_row_inner column_margin=&#8220;default&#8220; column_direction=&#8220;default&#8220; column_direction_tablet=&#8220;default&#8220; column_direction_phone=&#8220;default&#8220; text_align=&#8220;left&#8220; row_position=&#8220;default&#8220; row_position_tablet=&#8220;inherit&#8220; row_position_phone=&#8220;inherit&#8220; overflow=&#8220;visible&#8220; pointer_events=&#8220;all&#8220;][vc_column_inner column_padding=&#8220;no-extra-padding&#8220; column_padding_tablet=&#8220;inherit&#8220; column_padding_phone=&#8220;inherit&#8220; column_padding_position=&#8220;all&#8220; column_element_direction_desktop=&#8220;default&#8220; column_element_spacing=&#8220;default&#8220; desktop_text_alignment=&#8220;default&#8220; tablet_text_alignment=&#8220;default&#8220; phone_text_alignment=&#8220;default&#8220; background_color_opacity=&#8220;1&#8243; background_hover_color_opacity=&#8220;1&#8243; column_backdrop_filter=&#8220;none&#8220; column_shadow=&#8220;none&#8220; column_border_radius=&#8220;none&#8220; column_link_target=&#8220;_self&#8220; overflow=&#8220;visible&#8220; gradient_direction=&#8220;left_to_right&#8220; overlay_strength=&#8220;0.3&#8243; width=&#8220;1\/1&#8243; tablet_width_inherit=&#8220;default&#8220; animation_type=&#8220;default&#8220; bg_image_animation=&#8220;none&#8220; border_type=&#8220;simple&#8220; column_border_width=&#8220;none&#8220; column_border_style=&#8220;solid&#8220;][vc_column_text]\r\n<iframe loading=\"lazy\"  id=\"_ytid_76285\"  width=\"1080\" height=\"608\"  data-origwidth=\"1080\" data-origheight=\"608\" src=\"https:\/\/www.youtube.com\/embed\/KMPDAhraRDs?enablejsapi=1&autoplay=0&cc_load_policy=0&cc_lang_pref=&iv_load_policy=1&loop=0&rel=1&fs=1&playsinline=0&autohide=2&theme=dark&color=red&controls=1&disablekb=0&\" class=\"__youtube_prefs__  no-lazyload\" title=\"YouTube player\"  allow=\"fullscreen; accelerometer; autoplay; clipboard-write; encrypted-media; gyroscope; picture-in-picture; web-share\" referrerpolicy=\"strict-origin-when-cross-origin\" allowfullscreen data-no-lazy=\"1\" data-skipgform_ajax_framebjll=\"\"><\/iframe>\r\n[\/vc_column_text][\/vc_column_inner][\/vc_row_inner][vc_column_text]\r\n<p>Die Nordisch-Sparte des SVK ist Teil der Ski- und Radabteilung und wird gef\u00fchrt von Sportwart G\u00fcnter Huhn.<\/p>\r\n<p>Schwerpunkt dieser Sparte ist die Jugendarbeit. \u00dcber das gesamte Jahr hinweg gestalten die Trainerinnen und Trainer ein abwechslungsreiches Sportangebot.\u00a0Aktuell ist der SV Kirchzarten in fast jeder Altersklasse erfolgreich vertreten \u2013 systematisches Training, intrinsische Motivation, hohe Einsatzbereitschaft bei Trainern, Sportlern und Eltern zahlen sich aus.<\/p>\r\n<p>Alle sind mit Herzblut dabei \u2013 egal, ob Anf\u00e4nger oder Kaderathlet; denn bei Schneetreiben und Minusgraden laufen die roten SVK-ler erst richtig warm.<\/p>\r\n<p>Ah, nat\u00fcrlich darf nicht unerw\u00e4hnt bleiben: der Spa\u00df steht \u00fcber allem!<\/p>\r\n<p>Bei den Kleinen wird spielerisch erst an die Klassisch- und sp\u00e4ter an die Skatingtechnik herangef\u00fchrt. Da wird auch schon mal mit Skiern \u201egekickt\u201c. Die Gro\u00dfen trainieren zielorientiert und regelm\u00e4\u00dfig mit Leistungskontrollen an den St\u00fctzpunkten\u00a0<i>Notschrei <\/i>und\u00a0<i>Thurner<\/i>.<\/p>\r\n<p>Neugierig geworden? Dann melde dich bei <a href=\"mailto:g.huhn@t-online.de\">G\u00fcnter Huhn<\/a>, ( +49 171 78 21 253) um weitere Infos zu bekommen! Unter <a href=\"https:\/\/svkirchzarten.de\/ski-nordisch\/?page_id=43\">Trainingszeiten<\/a> findest du weitere Informationen und hier geht es zu unserem <a href=\"https:\/\/svkirchzarten.de\/ski-nordisch\/?page_id=45\">Trainerteam<\/a>! Ski heil!<\/p>\r\n[\/vc_column_text][vc_row_inner column_margin=&#8220;default&#8220; column_direction=&#8220;default&#8220; column_direction_tablet=&#8220;default&#8220; column_direction_phone=&#8220;default&#8220; text_align=&#8220;left&#8220; row_position=&#8220;default&#8220; row_position_tablet=&#8220;inherit&#8220; row_position_phone=&#8220;inherit&#8220; overflow=&#8220;visible&#8220; pointer_events=&#8220;all&#8220;][vc_column_inner column_padding=&#8220;no-extra-padding&#8220; column_padding_tablet=&#8220;inherit&#8220; column_padding_phone=&#8220;inherit&#8220; column_padding_position=&#8220;all&#8220; column_element_direction_desktop=&#8220;default&#8220; column_element_spacing=&#8220;default&#8220; desktop_text_alignment=&#8220;default&#8220; tablet_text_alignment=&#8220;default&#8220; phone_text_alignment=&#8220;default&#8220; background_color_opacity=&#8220;1&#8243; background_hover_color_opacity=&#8220;1&#8243; column_backdrop_filter=&#8220;none&#8220; column_shadow=&#8220;none&#8220; column_border_radius=&#8220;none&#8220; column_link_target=&#8220;_self&#8220; overflow=&#8220;visible&#8220; gradient_direction=&#8220;left_to_right&#8220; overlay_strength=&#8220;0.3&#8243; width=&#8220;1\/1&#8243; tablet_width_inherit=&#8220;default&#8220; animation_type=&#8220;default&#8220; bg_image_animation=&#8220;none&#8220; border_type=&#8220;simple&#8220; column_border_width=&#8220;none&#8220; column_border_style=&#8220;solid&#8220;][\/vc_column_inner][\/vc_row_inner][\/vc_column][\/vc_row][vc_row type=&#8220;in_container&#8220; full_screen_row_position=&#8220;middle&#8220; column_margin=&#8220;default&#8220; column_direction=&#8220;default&#8220; column_direction_tablet=&#8220;default&#8220; column_direction_phone=&#8220;default&#8220; scene_position=&#8220;center&#8220; text_color=&#8220;dark&#8220; text_align=&#8220;left&#8220; row_border_radius=&#8220;none&#8220; row_border_radius_applies=&#8220;bg&#8220; overflow=&#8220;visible&#8220; overlay_strength=&#8220;0.3&#8243; gradient_direction=&#8220;left_to_right&#8220; shape_divider_position=&#8220;bottom&#8220; bg_image_animation=&#8220;none&#8220;][vc_column column_padding=&#8220;no-extra-padding&#8220; column_padding_tablet=&#8220;inherit&#8220; column_padding_phone=&#8220;inherit&#8220; column_padding_position=&#8220;all&#8220; column_element_direction_desktop=&#8220;default&#8220; column_element_spacing=&#8220;default&#8220; desktop_text_alignment=&#8220;default&#8220; tablet_text_alignment=&#8220;default&#8220; phone_text_alignment=&#8220;default&#8220; background_color=&#8220;#ffffff&#8220; background_color_opacity=&#8220;1&#8243; background_hover_color_opacity=&#8220;1&#8243; column_backdrop_filter=&#8220;none&#8220; column_shadow=&#8220;none&#8220; column_border_radius=&#8220;none&#8220; column_link_target=&#8220;_self&#8220; column_position=&#8220;default&#8220; gradient_direction=&#8220;left_to_right&#8220; overlay_strength=&#8220;0.3&#8243; width=&#8220;1\/1&#8243; tablet_width_inherit=&#8220;default&#8220; animation_type=&#8220;default&#8220; bg_image_animation=&#8220;none&#8220; border_type=&#8220;simple&#8220; column_border_width=&#8220;none&#8220; column_border_style=&#8220;solid&#8220;][vc_gallery css=&#8220;.vc_custom_1758780950965{background-color: #eaeaea !important;}&#8220; type=&#8220;image_grid&#8220; images=&#8220;262,261,259,258,302,2024,2148&#8243; image_grid_loading=&#8220;default&#8220; layout=&#8220;4&#8243; item_spacing=&#8220;default&#8220; gallery_style=&#8220;1&#8243; load_in_animation=&#8220;none&#8220;][\/vc_column][\/vc_row][vc_row type=&#8220;in_container&#8220; full_screen_row_position=&#8220;middle&#8220; column_margin=&#8220;default&#8220; column_direction=&#8220;default&#8220; column_direction_tablet=&#8220;default&#8220; column_direction_phone=&#8220;default&#8220; scene_position=&#8220;center&#8220; text_color=&#8220;dark&#8220; text_align=&#8220;left&#8220; row_border_radius=&#8220;none&#8220; row_border_radius_applies=&#8220;bg&#8220; overflow=&#8220;visible&#8220; overlay_strength=&#8220;0.3&#8243; gradient_direction=&#8220;left_to_right&#8220; shape_divider_position=&#8220;bottom&#8220; bg_image_animation=&#8220;none&#8220;][vc_column column_padding=&#8220;no-extra-padding&#8220; column_padding_tablet=&#8220;inherit&#8220; column_padding_phone=&#8220;inherit&#8220; column_padding_position=&#8220;all&#8220; column_element_direction_desktop=&#8220;default&#8220; column_element_spacing=&#8220;default&#8220; desktop_text_alignment=&#8220;default&#8220; tablet_text_alignment=&#8220;default&#8220; phone_text_alignment=&#8220;default&#8220; background_color=&#8220;#ffffff&#8220; background_color_opacity=&#8220;1&#8243; background_hover_color_opacity=&#8220;1&#8243; column_backdrop_filter=&#8220;none&#8220; column_shadow=&#8220;none&#8220; column_border_radius=&#8220;none&#8220; column_link_target=&#8220;_self&#8220; column_position=&#8220;default&#8220; gradient_direction=&#8220;left_to_right&#8220; overlay_strength=&#8220;0.3&#8243; width=&#8220;1\/1&#8243; tablet_width_inherit=&#8220;default&#8220; animation_type=&#8220;default&#8220; bg_image_animation=&#8220;none&#8220; border_type=&#8220;simple&#8220; column_border_width=&#8220;none&#8220; column_border_style=&#8220;solid&#8220;][\/vc_column][\/vc_row]","protected":false},"excerpt":{"rendered":"<p>[vc_row type=&#8220;in_container&#8220; full_screen_row_position=&#8220;middle&#8220; column_margin=&#8220;default&#8220; column_direction=&#8220;default&#8220; column_direction_tablet=&#8220;default&#8220; column_direction_phone=&#8220;default&#8220; scene_position=&#8220;center&#8220; text_color=&#8220;dark&#8220; text_align=&#8220;left&#8220;&#8230;<\/p>\n","protected":false},"author":3,"featured_media":0,"parent":0,"menu_order":0,"comment_status":"closed","ping_status":"closed","template":"template-home-1.php","meta":{"footnotes":""},"class_list":["post-2","page","type-page","status-publish"],"yoast_head":"<!-- This site is optimized with the Yoast SEO plugin v27.3 - https:\/\/yoast.com\/product\/yoast-seo-wordpress\/ -->\n<title>SV Kirchzarten | Langlauftraining Ski nordisch Notschrei<\/title>\n<meta name=\"description\" content=\"Die Ski nordisch Abteilung des SV Kirchzarten bietet im Winter gezieltes Langlauftraining am Notschrei und im Sommer Skirollertraining im Dreisamtal an.\" \/>\n<meta name=\"robots\" content=\"index, follow, max-snippet:-1, max-image-preview:large, max-video-preview:-1\" \/>\n<link rel=\"canonical\" href=\"https:\/\/svkirchzarten.de\/ski-nordisch\/\" \/>\n<meta property=\"og:locale\" content=\"de_DE\" \/>\n<meta property=\"og:type\" content=\"article\" \/>\n<meta property=\"og:title\" content=\"SV Kirchzarten | Langlauftraining Ski nordisch Notschrei\" \/>\n<meta property=\"og:description\" content=\"Die Ski nordisch Abteilung des SV Kirchzarten bietet im Winter gezieltes Langlauftraining am Notschrei und im Sommer Skirollertraining im Dreisamtal an.\" \/>\n<meta property=\"og:url\" content=\"https:\/\/svkirchzarten.de\/ski-nordisch\/\" \/>\n<meta property=\"og:site_name\" content=\"Ski Nordisch &amp; Biathlon\" \/>\n<meta property=\"article:modified_time\" content=\"2025-09-25T08:39:30+00:00\" \/>\n<meta name=\"twitter:card\" content=\"summary_large_image\" \/>\n<meta name=\"twitter:label1\" content=\"Gesch\u00e4tzte Lesezeit\" \/>\n\t<meta name=\"twitter:data1\" content=\"2\u00a0Minuten\" \/>\n<script type=\"application\/ld+json\" class=\"yoast-schema-graph\">{\"@context\":\"https:\\\/\\\/schema.org\",\"@graph\":[{\"@type\":\"WebPage\",\"@id\":\"https:\\\/\\\/svkirchzarten.de\\\/ski-nordisch\\\/\",\"url\":\"https:\\\/\\\/svkirchzarten.de\\\/ski-nordisch\\\/\",\"name\":\"SV Kirchzarten | Langlauftraining Ski nordisch Notschrei\",\"isPartOf\":{\"@id\":\"https:\\\/\\\/svkirchzarten.de\\\/ski-nordisch\\\/#website\"},\"datePublished\":\"2019-11-06T07:55:48+00:00\",\"dateModified\":\"2025-09-25T08:39:30+00:00\",\"description\":\"Die Ski nordisch Abteilung des SV Kirchzarten bietet im Winter gezieltes Langlauftraining am Notschrei und im Sommer Skirollertraining im Dreisamtal an.\",\"breadcrumb\":{\"@id\":\"https:\\\/\\\/svkirchzarten.de\\\/ski-nordisch\\\/#breadcrumb\"},\"inLanguage\":\"de\",\"potentialAction\":[{\"@type\":\"ReadAction\",\"target\":[\"https:\\\/\\\/svkirchzarten.de\\\/ski-nordisch\\\/\"]}]},{\"@type\":\"BreadcrumbList\",\"@id\":\"https:\\\/\\\/svkirchzarten.de\\\/ski-nordisch\\\/#breadcrumb\",\"itemListElement\":[{\"@type\":\"ListItem\",\"position\":1,\"name\":\"SV Kirchzarten\",\"item\":\"https:\\\/\\\/svkirchzarten.de\\\/ski-nordisch\\\/\"},{\"@type\":\"ListItem\",\"position\":2,\"name\":\"SKI NORDISCH\"}]},{\"@type\":\"WebSite\",\"@id\":\"https:\\\/\\\/svkirchzarten.de\\\/ski-nordisch\\\/#website\",\"url\":\"https:\\\/\\\/svkirchzarten.de\\\/ski-nordisch\\\/\",\"name\":\"Ski Nordisch\",\"description\":\"\",\"alternateName\":\"SV Kirchzarten Ski Nordisch\",\"potentialAction\":[{\"@type\":\"SearchAction\",\"target\":{\"@type\":\"EntryPoint\",\"urlTemplate\":\"https:\\\/\\\/svkirchzarten.de\\\/ski-nordisch\\\/?s={search_term_string}\"},\"query-input\":{\"@type\":\"PropertyValueSpecification\",\"valueRequired\":true,\"valueName\":\"search_term_string\"}}],\"inLanguage\":\"de\"}]}<\/script>\n<!-- \/ Yoast SEO plugin. -->","yoast_head_json":{"title":"SV Kirchzarten | Langlauftraining Ski nordisch Notschrei","description":"Die Ski nordisch Abteilung des SV Kirchzarten bietet im Winter gezieltes Langlauftraining am Notschrei und im Sommer Skirollertraining im Dreisamtal an.","robots":{"index":"index","follow":"follow","max-snippet":"max-snippet:-1","max-image-preview":"max-image-preview:large","max-video-preview":"max-video-preview:-1"},"canonical":"https:\/\/svkirchzarten.de\/ski-nordisch\/","og_locale":"de_DE","og_type":"article","og_title":"SV Kirchzarten | Langlauftraining Ski nordisch Notschrei","og_description":"Die Ski nordisch Abteilung des SV Kirchzarten bietet im Winter gezieltes Langlauftraining am Notschrei und im Sommer Skirollertraining im Dreisamtal an.","og_url":"https:\/\/svkirchzarten.de\/ski-nordisch\/","og_site_name":"Ski Nordisch &amp; Biathlon","article_modified_time":"2025-09-25T08:39:30+00:00","twitter_card":"summary_large_image","twitter_misc":{"Gesch\u00e4tzte Lesezeit":"2\u00a0Minuten"},"schema":{"@context":"https:\/\/schema.org","@graph":[{"@type":"WebPage","@id":"https:\/\/svkirchzarten.de\/ski-nordisch\/","url":"https:\/\/svkirchzarten.de\/ski-nordisch\/","name":"SV Kirchzarten | Langlauftraining Ski nordisch Notschrei","isPartOf":{"@id":"https:\/\/svkirchzarten.de\/ski-nordisch\/#website"},"datePublished":"2019-11-06T07:55:48+00:00","dateModified":"2025-09-25T08:39:30+00:00","description":"Die Ski nordisch Abteilung des SV Kirchzarten bietet im Winter gezieltes Langlauftraining am Notschrei und im Sommer Skirollertraining im Dreisamtal an.","breadcrumb":{"@id":"https:\/\/svkirchzarten.de\/ski-nordisch\/#breadcrumb"},"inLanguage":"de","potentialAction":[{"@type":"ReadAction","target":["https:\/\/svkirchzarten.de\/ski-nordisch\/"]}]},{"@type":"BreadcrumbList","@id":"https:\/\/svkirchzarten.de\/ski-nordisch\/#breadcrumb","itemListElement":[{"@type":"ListItem","position":1,"name":"SV Kirchzarten","item":"https:\/\/svkirchzarten.de\/ski-nordisch\/"},{"@type":"ListItem","position":2,"name":"SKI NORDISCH"}]},{"@type":"WebSite","@id":"https:\/\/svkirchzarten.de\/ski-nordisch\/#website","url":"https:\/\/svkirchzarten.de\/ski-nordisch\/","name":"Ski Nordisch","description":"","alternateName":"SV Kirchzarten Ski Nordisch","potentialAction":[{"@type":"SearchAction","target":{"@type":"EntryPoint","urlTemplate":"https:\/\/svkirchzarten.de\/ski-nordisch\/?s={search_term_string}"},"query-input":{"@type":"PropertyValueSpecification","valueRequired":true,"valueName":"search_term_string"}}],"inLanguage":"de"}]}},"publishpress_future_action":{"enabled":false,"date":"2026-04-16 13:37:10","action":"change-status","newStatus":"draft","terms":[],"taxonomy":"","extraData":[]},"publishpress_future_workflow_manual_trigger":{"enabledWorkflows":[]},"_links":{"self":[{"href":"https:\/\/svkirchzarten.de\/ski-nordisch\/wp-json\/wp\/v2\/pages\/2","targetHints":{"allow":["GET"]}}],"collection":[{"href":"https:\/\/svkirchzarten.de\/ski-nordisch\/wp-json\/wp\/v2\/pages"}],"about":[{"href":"https:\/\/svkirchzarten.de\/ski-nordisch\/wp-json\/wp\/v2\/types\/page"}],"author":[{"embeddable":true,"href":"https:\/\/svkirchzarten.de\/ski-nordisch\/wp-json\/wp\/v2\/users\/3"}],"replies":[{"embeddable":true,"href":"https:\/\/svkirchzarten.de\/ski-nordisch\/wp-json\/wp\/v2\/comments?post=2"}],"version-history":[{"count":3,"href":"https:\/\/svkirchzarten.de\/ski-nordisch\/wp-json\/wp\/v2\/pages\/2\/revisions"}],"predecessor-version":[{"id":2150,"href":"https:\/\/svkirchzarten.de\/ski-nordisch\/wp-json\/wp\/v2\/pages\/2\/revisions\/2150"}],"wp:attachment":[{"href":"https:\/\/svkirchzarten.de\/ski-nordisch\/wp-json\/wp\/v2\/media?parent=2"}],"curies":[{"name":"wp","href":"https:\/\/api.w.org\/{rel}","templated":true}]}}