{"id":70,"date":"2018-05-24T14:52:52","date_gmt":"2018-05-24T12:52:52","guid":{"rendered":"https:\/\/svkirchzarten.de\/rad\/?page_id=70"},"modified":"2026-03-03T22:01:20","modified_gmt":"2026-03-03T21:01:20","slug":"bikeschule-und-bambini","status":"publish","type":"page","link":"https:\/\/svkirchzarten.de\/rad\/bikeschule-und-bambini\/","title":{"rendered":"Bikeschule und Bambini"},"content":{"rendered":"[vc_row type=&#8220;in_container&#8220; full_screen_row_position=&#8220;middle&#8220; column_margin=&#8220;default&#8220; column_direction=&#8220;default&#8220; column_direction_tablet=&#8220;default&#8220; column_direction_phone=&#8220;default&#8220; scene_position=&#8220;center&#8220; text_color=&#8220;dark&#8220; text_align=&#8220;left&#8220; row_border_radius=&#8220;none&#8220; row_border_radius_applies=&#8220;bg&#8220; row_position_desktop=&#8220;default&#8220; row_position_tablet=&#8220;inherit&#8220; row_position_phone=&#8220;inherit&#8220; overflow=&#8220;visible&#8220; overlay_strength=&#8220;0.3&#8243; gradient_direction=&#8220;left_to_right&#8220; shape_divider_position=&#8220;bottom&#8220; bg_image_animation=&#8220;none&#8220;][vc_column column_padding=&#8220;no-extra-padding&#8220; column_padding_tablet=&#8220;inherit&#8220; column_padding_phone=&#8220;inherit&#8220; column_padding_position=&#8220;all&#8220; flex_gap_desktop=&#8220;10px&#8220; column_element_direction_desktop=&#8220;default&#8220; column_element_spacing=&#8220;default&#8220; desktop_text_alignment=&#8220;default&#8220; tablet_text_alignment=&#8220;default&#8220; phone_text_alignment=&#8220;default&#8220; background_color_opacity=&#8220;1&#8243; background_hover_color_opacity=&#8220;1&#8243; column_backdrop_filter=&#8220;none&#8220; column_shadow=&#8220;none&#8220; column_border_radius=&#8220;none&#8220; column_link_target=&#8220;_self&#8220; column_position=&#8220;default&#8220; gradient_direction=&#8220;left_to_right&#8220; overlay_strength=&#8220;0.3&#8243; width=&#8220;1\/1&#8243; tablet_width_inherit=&#8220;default&#8220; animation_type=&#8220;default&#8220; bg_image_animation=&#8220;none&#8220; border_type=&#8220;simple&#8220; column_border_width=&#8220;none&#8220; column_border_style=&#8220;solid&#8220;][vc_column_text css=&#8220;&#8220; text_direction=&#8220;default&#8220;]\n<h4>vielseitig, spa\u00dfbetont, gemeinschaftlich<\/h4>\n<p>Herzlich Willkommen in der Bikeschule des SV Kirchzarten.<br \/>\nWir vermitteln Kindern und Jugendlichen die Freude am Biken und viele Facetten des Mountainbike-Sports. Fahrtechnik und Kondition werden spa\u00dfbetont und ohne Wettkampfdruck ausgebildet. Wir erleben Gemeinschaft und sind r\u00fccksichtsvoll in der Natur unterwegs. Wir stehen f\u00fcr Inklusion, Toleranz und Vielfalt.[\/vc_column_text][\/vc_column][\/vc_row][vc_row type=&#8220;in_container&#8220; full_screen_row_position=&#8220;middle&#8220; column_margin=&#8220;default&#8220; column_direction=&#8220;default&#8220; column_direction_tablet=&#8220;default&#8220; column_direction_phone=&#8220;default&#8220; scene_position=&#8220;center&#8220; text_color=&#8220;dark&#8220; text_align=&#8220;left&#8220; row_border_radius=&#8220;none&#8220; row_border_radius_applies=&#8220;bg&#8220; row_position_desktop=&#8220;default&#8220; row_position_tablet=&#8220;inherit&#8220; row_position_phone=&#8220;inherit&#8220; overflow=&#8220;visible&#8220; overlay_strength=&#8220;0.3&#8243; gradient_direction=&#8220;left_to_right&#8220; shape_divider_position=&#8220;bottom&#8220; bg_image_animation=&#8220;none&#8220;][vc_column column_padding=&#8220;no-extra-padding&#8220; column_padding_tablet=&#8220;inherit&#8220; column_padding_phone=&#8220;inherit&#8220; column_padding_position=&#8220;all&#8220; flex_gap_desktop=&#8220;10px&#8220; column_element_direction_desktop=&#8220;default&#8220; column_element_spacing=&#8220;default&#8220; desktop_text_alignment=&#8220;default&#8220; tablet_text_alignment=&#8220;default&#8220; phone_text_alignment=&#8220;default&#8220; background_color_opacity=&#8220;1&#8243; background_hover_color_opacity=&#8220;1&#8243; column_backdrop_filter=&#8220;none&#8220; column_shadow=&#8220;none&#8220; column_border_radius=&#8220;none&#8220; column_link_target=&#8220;_self&#8220; column_position=&#8220;default&#8220; gradient_direction=&#8220;left_to_right&#8220; overlay_strength=&#8220;0.3&#8243; width=&#8220;1\/1&#8243; tablet_width_inherit=&#8220;default&#8220; animation_type=&#8220;default&#8220; bg_image_animation=&#8220;none&#8220; border_type=&#8220;simple&#8220; column_border_width=&#8220;none&#8220; column_border_style=&#8220;solid&#8220;][vc_gallery css=&#8220;&#8220; type=&#8220;image_grid&#8220; images=&#8220;1453,1452,1414,1402&#8243; image_grid_loading=&#8220;default&#8220; layout=&#8220;4&#8243; item_spacing=&#8220;default&#8220; gallery_style=&#8220;7&#8243; load_in_animation=&#8220;none&#8220;][\/vc_column][\/vc_row][vc_row type=&#8220;in_container&#8220; full_screen_row_position=&#8220;middle&#8220; column_margin=&#8220;default&#8220; column_direction=&#8220;default&#8220; column_direction_tablet=&#8220;default&#8220; column_direction_phone=&#8220;default&#8220; scene_position=&#8220;center&#8220; text_color=&#8220;dark&#8220; text_align=&#8220;left&#8220; row_border_radius=&#8220;none&#8220; row_border_radius_applies=&#8220;bg&#8220; row_position_desktop=&#8220;default&#8220; row_position_tablet=&#8220;inherit&#8220; row_position_phone=&#8220;inherit&#8220; overflow=&#8220;visible&#8220; overlay_strength=&#8220;0.3&#8243; gradient_direction=&#8220;left_to_right&#8220; shape_divider_position=&#8220;bottom&#8220; bg_image_animation=&#8220;none&#8220;][vc_column column_padding=&#8220;no-extra-padding&#8220; column_padding_tablet=&#8220;inherit&#8220; column_padding_phone=&#8220;inherit&#8220; column_padding_position=&#8220;all&#8220; flex_gap_desktop=&#8220;10px&#8220; column_element_direction_desktop=&#8220;default&#8220; column_element_spacing=&#8220;default&#8220; desktop_text_alignment=&#8220;default&#8220; tablet_text_alignment=&#8220;default&#8220; phone_text_alignment=&#8220;default&#8220; background_color_opacity=&#8220;1&#8243; background_hover_color_opacity=&#8220;1&#8243; column_backdrop_filter=&#8220;none&#8220; column_shadow=&#8220;none&#8220; column_border_radius=&#8220;none&#8220; column_link_target=&#8220;_self&#8220; column_position=&#8220;default&#8220; gradient_direction=&#8220;left_to_right&#8220; overlay_strength=&#8220;0.3&#8243; width=&#8220;1\/1&#8243; tablet_width_inherit=&#8220;default&#8220; animation_type=&#8220;default&#8220; bg_image_animation=&#8220;none&#8220; border_type=&#8220;simple&#8220; column_border_width=&#8220;none&#8220; column_border_style=&#8220;solid&#8220;][vc_column_text css=&#8220;&#8220; text_direction=&#8220;default&#8220;]\n<h4><strong><span style=\"color: #ff0000\">\u00bb <\/span>Termine 2026<\/strong><\/h4>\n<p><span style=\"color: #cc0000\">10.01.26\u00a0 \u00a0Anmeldebeginn f\u00fcr die Saison 2026\u00a0<\/span><br \/>\n<span style=\"color: #999999\"><em>Fastnachtsferien(16.02.-20.02.)<\/em><\/span><br \/>\n<strong>07.03.26\u00a0 \u00a0Streckenpflegetag 1 (verschoben vom 14.3.)<\/strong><br \/>\n<span style=\"color: #999999\"><em>Osterferien (30.03.-11.04.)<\/em><\/span><br \/>\n13.04.26\u00a0 \u00a0Kurstermin 1 (Bambini 16:00 bis 17:00 Uhr; Bikesch\u00fcler 17:30 bis 19:00 Uhr)<br \/>\n20.04.26\u00a0 \u00a0Kurstermin 2<br \/>\n27.04.26\u00a0 \u00a0Kurstermin 3<br \/>\n04.05.26\u00a0 \u00a0Kurstermin 4<br \/>\n11.05.26\u00a0 \u00a0Kurstermin 5<br \/>\n18.05.26\u00a0 \u00a0Kurstermin 6<br \/>\n<strong>23.05.26\u00a0 \u00a0Streckenpflegetag 2<\/strong><br \/>\n<span style=\"color: #999999\"><em>Pfingstferien (25.05. \u2013 05.06.)<\/em><\/span><br \/>\n08.06.26\u00a0 \u00a0Kurstermin 7<br \/>\n15.06.26\u00a0 \u00a0Kurstermin 8<br \/>\n22.06.26\u00a0 \u00a0Kurstermin 9<br \/>\n29.06.26\u00a0 \u00a0Kurstermin 10<br \/>\n06.07.26\u00a0 \u00a0Kurstermin 11<br \/>\n<strong>11.07.26\u00a0 \u00a0Streckenpflegetag 3<\/strong><br \/>\n13.07.26\u00a0 \u00a0Kurstermin12<br \/>\n20.07.26\u00a0 \u00a0Kurstermin 13<br \/>\n27.07.26\u00a0 \u00a0Kurstermin 14<br \/>\n<span style=\"color: #999999\"><em>Sommerferien (30.07.-13.09.)<\/em><\/span><br \/>\n14.09.26\u00a0 \u00a0Kurstermin 15<br \/>\n21.09.26\u00a0 \u00a0Kurstermin 16<br \/>\n28.09.26\u00a0 \u00a0Kurstermin 17<br \/>\n05.10.26\u00a0 \u00a0Kurstermin 18 (Achtung: Bikeschule endet bereits um 18:30 Uhr wegen Dunkelheit)<br \/>\n18.10.26\u00a0 \u00a0Saisonabschluss (10:00 Uhr bis 13:00 Uhr)<br \/>\n<strong>24.10.26\u00a0 \u00a0Streckenpflegetag 4<\/strong><br \/>\n<span style=\"color: #999999\"><em>Herbstferien (25.10.-01.11.)<\/em><\/span><br \/>\n<span style=\"color: #999999\"><em>Saisonende<\/em><\/span><br \/>\n<span style=\"color: #cc0000\">06.12.26\u00a0 \u00a0Anmeldebeginn f\u00fcr die Saison 2027<\/span>[\/vc_column_text][\/vc_column][\/vc_row][vc_row type=&#8220;in_container&#8220; full_screen_row_position=&#8220;middle&#8220; column_margin=&#8220;default&#8220; column_direction=&#8220;default&#8220; column_direction_tablet=&#8220;default&#8220; column_direction_phone=&#8220;default&#8220; scene_position=&#8220;center&#8220; text_color=&#8220;dark&#8220; text_align=&#8220;left&#8220; row_border_radius=&#8220;none&#8220; row_border_radius_applies=&#8220;bg&#8220; row_position_desktop=&#8220;default&#8220; row_position_tablet=&#8220;inherit&#8220; row_position_phone=&#8220;inherit&#8220; overflow=&#8220;visible&#8220; overlay_strength=&#8220;0.3&#8243; gradient_direction=&#8220;left_to_right&#8220; shape_divider_position=&#8220;bottom&#8220; bg_image_animation=&#8220;none&#8220;][vc_column column_padding=&#8220;no-extra-padding&#8220; column_padding_tablet=&#8220;inherit&#8220; column_padding_phone=&#8220;inherit&#8220; column_padding_position=&#8220;all&#8220; flex_gap_desktop=&#8220;10px&#8220; column_element_direction_desktop=&#8220;default&#8220; column_element_spacing=&#8220;default&#8220; desktop_text_alignment=&#8220;default&#8220; tablet_text_alignment=&#8220;default&#8220; phone_text_alignment=&#8220;default&#8220; background_color_opacity=&#8220;1&#8243; background_hover_color_opacity=&#8220;1&#8243; column_backdrop_filter=&#8220;none&#8220; column_shadow=&#8220;none&#8220; column_border_radius=&#8220;none&#8220; column_link_target=&#8220;_self&#8220; column_position=&#8220;default&#8220; gradient_direction=&#8220;left_to_right&#8220; overlay_strength=&#8220;0.3&#8243; width=&#8220;1\/1&#8243; tablet_width_inherit=&#8220;default&#8220; animation_type=&#8220;default&#8220; bg_image_animation=&#8220;none&#8220; border_type=&#8220;simple&#8220; column_border_width=&#8220;none&#8220; column_border_style=&#8220;solid&#8220;][vc_column_text css=&#8220;&#8220; text_direction=&#8220;default&#8220;]\n<h4><strong><span style=\"color: #ff0000\">\u00bb<\/span> Anmeldung <\/strong><\/h4>\n<p>Die Anmeldung ist in der Zeit vom 10. Januar bis 1. August 2026 hier auf der Homepage m\u00f6glich. Aufgrund begrenzter Teilnehmerzahlen f\u00fchren wir eine Warteliste f\u00fcr Nachr\u00fccker. Info \u00fcber die Gruppeneinteilung erfolgt kurzfristig vor Kursbeginn per E-Mail.<\/p>\n<h4><strong><span style=\"color: #ff0000\">\u00bb <span style=\"color: #000000\">Teamverst\u00e4rkung<\/span><\/span><\/strong><\/h4>\n<p>Aufgrund der gro\u00dfen Nachfrage suchen wir neue Helfer*innen und \u00dcbungsleiter*innen. Bei Engagement im Verein wird ein Platz f\u00fcr das Kind in der Bikeschule garantiert.<br \/>\nBitte meldet Euch unter <a href=\"mailto:bikeschule@svkirchzarten.de\">bikeschule@svkirchzarten.de<\/a>.<\/p>\n<h4><strong><span style=\"color: #ff0000\">\u00bb <\/span>Helfereinsatz<\/strong><\/h4>\n<p>Mit erfolgter Anmeldung wird von jeder Familie mindestens ein Helfereinsatz pro Saison erwartet. F\u00fcr den Kursbetrieb wurde im Hexenwald mit viel Aufwand ein gro\u00dfartiges Trainingsgel\u00e4nde eingerichtet. Damit der Hexenwald Trailpark immer in einem guten Zustand bleibt, sind regelm\u00e4\u00dfige Streckenpflegetage erforderlich. Die ehrenamtliche Arbeit im Hexenwald ist auch Voraussetzung, um F\u00f6rdergelder f\u00fcr den Unterhalt des Trailparks zu erhalten.<\/p>\n<h4><strong><span style=\"color: #ff0000\">\u00bb <\/span>Kursgeb\u00fchr und Mitgliedschaft<\/strong><\/h4>\n<p>Mit der Anmeldung wird die gesamte Kursgeb\u00fchr f\u00e4llig und zum Ende des Kurses im Herbst abgebucht. F\u00fcr Personen, die nach maximal 2 Schnupperterminen abgemeldet werden, wird lediglich ein Teilbetrag abgebucht. Erforderlich dazu ist eine schriftliche Abmeldung bei der Gesch\u00e4ftsstelle des SVK.<br \/>\nTermine, die nicht stattfinden konnten (aufgrund von Gewitter oder Sturm), werden <u>nicht<\/u> anteilig r\u00fcckerstattet.<br \/>\nDie Vereinsmitgliedschaft im SVK ist (nach 2 Schnupperterminen) verpflichtend. <strong>Der Antrag zur Vereinsmitgliedschaft steht auf unserer Homepage <\/strong><a href=\"https:\/\/svkirchzarten.de\/mitgliedschaft\/\">www.svkirchzarten.de\/mitgliedschaft<\/a> zum Download bereit.<\/p>\n<h4><strong><span style=\"color: #ff0000\">\u00bb <\/span>Infoblatt<\/strong><\/h4>\n<p>Was f\u00fcr den Start n\u00f6tig ist, erf\u00e4hrst du in den Elterninformationen:\u00a0<a href=\"https:\/\/svkirchzarten.de\/rad\/wp-content\/uploads\/sites\/15\/2025\/12\/Elterninfo_Bikeschule_2026.pdf\" target=\"_blank\" rel=\"noopener\">Elterninfo Bikeschule 2026<\/a>[\/vc_column_text][\/vc_column][\/vc_row][vc_row type=&#8220;in_container&#8220; full_screen_row_position=&#8220;middle&#8220; column_margin=&#8220;default&#8220; column_direction=&#8220;default&#8220; column_direction_tablet=&#8220;default&#8220; column_direction_phone=&#8220;default&#8220; scene_position=&#8220;center&#8220; text_color=&#8220;dark&#8220; text_align=&#8220;left&#8220; row_border_radius=&#8220;none&#8220; row_border_radius_applies=&#8220;bg&#8220; row_position_desktop=&#8220;default&#8220; row_position_tablet=&#8220;inherit&#8220; row_position_phone=&#8220;inherit&#8220; overflow=&#8220;visible&#8220; overlay_strength=&#8220;0.3&#8243; gradient_direction=&#8220;left_to_right&#8220; shape_divider_position=&#8220;bottom&#8220; bg_image_animation=&#8220;none&#8220;][vc_column column_padding=&#8220;no-extra-padding&#8220; column_padding_tablet=&#8220;inherit&#8220; column_padding_phone=&#8220;inherit&#8220; column_padding_position=&#8220;all&#8220; flex_gap_desktop=&#8220;10px&#8220; column_element_direction_desktop=&#8220;default&#8220; column_element_spacing=&#8220;default&#8220; desktop_text_alignment=&#8220;default&#8220; tablet_text_alignment=&#8220;default&#8220; phone_text_alignment=&#8220;default&#8220; background_color_opacity=&#8220;1&#8243; background_hover_color_opacity=&#8220;1&#8243; column_backdrop_filter=&#8220;none&#8220; column_shadow=&#8220;none&#8220; column_border_radius=&#8220;none&#8220; column_link_target=&#8220;_self&#8220; column_position=&#8220;default&#8220; gradient_direction=&#8220;left_to_right&#8220; overlay_strength=&#8220;0.3&#8243; width=&#8220;1\/3&#8243; tablet_width_inherit=&#8220;default&#8220; animation_type=&#8220;default&#8220; bg_image_animation=&#8220;none&#8220; border_type=&#8220;simple&#8220; column_border_width=&#8220;none&#8220; column_border_style=&#8220;solid&#8220;][fancy_box box_style=&#8220;default&#8220; icon_family=&#8220;none&#8220; image_url=&#8220;936&#8243; color=&#8220;accent-color&#8220; border_radius=&#8220;default&#8220; image_loading=&#8220;default&#8220; link_url=&#8220;https:\/\/svkirchzarten.de\/rad\/bambini\/&#8220;]\n<h3 style=\"text-align: center\">Anmeldung<br \/>\nBambini<\/h3>\n<p style=\"text-align: center\"><strong>MTB-Training f\u00fcr Kindergartenkinder<\/strong><\/p>\n[\/fancy_box][\/vc_column][vc_column column_padding=&#8220;no-extra-padding&#8220; column_padding_tablet=&#8220;inherit&#8220; column_padding_phone=&#8220;inherit&#8220; column_padding_position=&#8220;all&#8220; flex_gap_desktop=&#8220;10px&#8220; column_element_direction_desktop=&#8220;default&#8220; column_element_spacing=&#8220;default&#8220; desktop_text_alignment=&#8220;default&#8220; tablet_text_alignment=&#8220;default&#8220; phone_text_alignment=&#8220;default&#8220; background_color_opacity=&#8220;1&#8243; background_hover_color_opacity=&#8220;1&#8243; column_backdrop_filter=&#8220;none&#8220; column_shadow=&#8220;none&#8220; column_border_radius=&#8220;none&#8220; column_link_target=&#8220;_self&#8220; column_position=&#8220;default&#8220; gradient_direction=&#8220;left_to_right&#8220; overlay_strength=&#8220;0.3&#8243; width=&#8220;1\/3&#8243; tablet_width_inherit=&#8220;default&#8220; animation_type=&#8220;default&#8220; bg_image_animation=&#8220;none&#8220; border_type=&#8220;simple&#8220; column_border_width=&#8220;none&#8220; column_border_style=&#8220;solid&#8220;][fancy_box box_style=&#8220;default&#8220; icon_family=&#8220;none&#8220; image_url=&#8220;1452&#8243; color=&#8220;accent-color&#8220; border_radius=&#8220;default&#8220; image_loading=&#8220;default&#8220; link_url=&#8220;https:\/\/svkirchzarten.de\/rad\/bikeschule\/&#8220;]\n<h3 style=\"text-align: center\">Anmeldung<br \/>\nBikeschule<\/h3>\n<p style=\"text-align: center\"><strong>MTB-Training f\u00fcr Sch\u00fcler*innen<\/strong><\/p>\n[\/fancy_box][\/vc_column][vc_column column_padding=&#8220;no-extra-padding&#8220; column_padding_tablet=&#8220;inherit&#8220; column_padding_phone=&#8220;inherit&#8220; column_padding_position=&#8220;all&#8220; flex_gap_desktop=&#8220;10px&#8220; column_element_direction_desktop=&#8220;default&#8220; column_element_spacing=&#8220;default&#8220; desktop_text_alignment=&#8220;default&#8220; tablet_text_alignment=&#8220;default&#8220; phone_text_alignment=&#8220;default&#8220; background_color_opacity=&#8220;1&#8243; background_hover_color_opacity=&#8220;1&#8243; column_backdrop_filter=&#8220;none&#8220; column_shadow=&#8220;none&#8220; column_border_radius=&#8220;none&#8220; column_link_target=&#8220;_self&#8220; column_position=&#8220;default&#8220; gradient_direction=&#8220;left_to_right&#8220; overlay_strength=&#8220;0.3&#8243; width=&#8220;1\/3&#8243; tablet_width_inherit=&#8220;default&#8220; animation_type=&#8220;default&#8220; bg_image_animation=&#8220;none&#8220; border_type=&#8220;simple&#8220; column_border_width=&#8220;none&#8220; column_border_style=&#8220;solid&#8220;][fancy_box box_style=&#8220;default&#8220; icon_family=&#8220;none&#8220; image_url=&#8220;1186&#8243; color=&#8220;accent-color&#8220; border_radius=&#8220;default&#8220; image_loading=&#8220;default&#8220; link_url=&#8220;https:\/\/svkirchzarten.de\/rad\/bikeschule-girls-only\/&#8220;]\n<h3 style=\"text-align: center\">Anmeldung<br \/>\nBikeschule<\/h3>\n<h3 style=\"text-align: center\">GIRLS ONLY<\/h3>\n<p style=\"text-align: center\"><strong>MTB-Training f\u00fcr Sch\u00fclerinnen\u00a0 und Jugendliche<\/strong><\/p>\n[\/fancy_box][\/vc_column][\/vc_row]\n","protected":false},"excerpt":{"rendered":"<p>[vc_row type=&#8220;in_container&#8220; full_screen_row_position=&#8220;middle&#8220; column_margin=&#8220;default&#8220; column_direction=&#8220;default&#8220; column_direction_tablet=&#8220;default&#8220; column_direction_phone=&#8220;default&#8220; scene_position=&#8220;center&#8220; text_color=&#8220;dark&#8220; text_align=&#8220;left&#8220;&#8230;<\/p>\n","protected":false},"author":3,"featured_media":0,"parent":0,"menu_order":0,"comment_status":"closed","ping_status":"closed","template":"","meta":{"footnotes":""},"class_list":["post-70","page","type-page","status-publish"],"yoast_head":"<!-- This site is optimized with the Yoast SEO plugin v27.4 - https:\/\/yoast.com\/product\/yoast-seo-wordpress\/ -->\n<title>Bikeschule und Bambini | Rad<\/title>\n<meta name=\"robots\" content=\"index, follow, max-snippet:-1, max-image-preview:large, max-video-preview:-1\" \/>\n<link rel=\"canonical\" href=\"https:\/\/svkirchzarten.de\/rad\/bikeschule-und-bambini\/\" \/>\n<meta property=\"og:locale\" content=\"de_DE\" \/>\n<meta property=\"og:type\" content=\"article\" \/>\n<meta property=\"og:title\" content=\"Bikeschule und Bambini | Rad\" \/>\n<meta property=\"og:description\" content=\"[vc_row type=&#8220;in_container&#8220; full_screen_row_position=&#8220;middle&#8220; column_margin=&#8220;default&#8220; column_direction=&#8220;default&#8220; column_direction_tablet=&#8220;default&#8220; column_direction_phone=&#8220;default&#8220; scene_position=&#8220;center&#8220; text_color=&#8220;dark&#8220; text_align=&#8220;left&#8220;...\" \/>\n<meta property=\"og:url\" content=\"https:\/\/svkirchzarten.de\/rad\/bikeschule-und-bambini\/\" \/>\n<meta property=\"og:site_name\" content=\"Rad\" \/>\n<meta property=\"article:publisher\" content=\"https:\/\/www.facebook.com\/svkirchzarten\/\" \/>\n<meta property=\"article:modified_time\" content=\"2026-03-03T21:01:20+00:00\" \/>\n<meta name=\"twitter:card\" content=\"summary_large_image\" \/>\n<meta name=\"twitter:label1\" content=\"Gesch\u00e4tzte Lesezeit\" \/>\n\t<meta name=\"twitter:data1\" content=\"4\u00a0Minuten\" \/>\n<script type=\"application\/ld+json\" class=\"yoast-schema-graph\">{\"@context\":\"https:\\\/\\\/schema.org\",\"@graph\":[{\"@type\":\"WebPage\",\"@id\":\"https:\\\/\\\/svkirchzarten.de\\\/rad\\\/bikeschule-und-bambini\\\/\",\"url\":\"https:\\\/\\\/svkirchzarten.de\\\/rad\\\/bikeschule-und-bambini\\\/\",\"name\":\"Bikeschule und Bambini | Rad\",\"isPartOf\":{\"@id\":\"https:\\\/\\\/svkirchzarten.de\\\/rad\\\/#website\"},\"datePublished\":\"2018-05-24T12:52:52+00:00\",\"dateModified\":\"2026-03-03T21:01:20+00:00\",\"breadcrumb\":{\"@id\":\"https:\\\/\\\/svkirchzarten.de\\\/rad\\\/bikeschule-und-bambini\\\/#breadcrumb\"},\"inLanguage\":\"de\",\"potentialAction\":[{\"@type\":\"ReadAction\",\"target\":[\"https:\\\/\\\/svkirchzarten.de\\\/rad\\\/bikeschule-und-bambini\\\/\"]}]},{\"@type\":\"BreadcrumbList\",\"@id\":\"https:\\\/\\\/svkirchzarten.de\\\/rad\\\/bikeschule-und-bambini\\\/#breadcrumb\",\"itemListElement\":[{\"@type\":\"ListItem\",\"position\":1,\"name\":\"SV Kirchzarten\",\"item\":\"https:\\\/\\\/svkirchzarten.de\\\/rad\\\/\"},{\"@type\":\"ListItem\",\"position\":2,\"name\":\"Bikeschule und Bambini\"}]},{\"@type\":\"WebSite\",\"@id\":\"https:\\\/\\\/svkirchzarten.de\\\/rad\\\/#website\",\"url\":\"https:\\\/\\\/svkirchzarten.de\\\/rad\\\/\",\"name\":\"Rad\",\"description\":\"\",\"publisher\":{\"@id\":\"https:\\\/\\\/svkirchzarten.de\\\/rad\\\/#organization\"},\"alternateName\":\"SV Kirchzarten Rad\",\"potentialAction\":[{\"@type\":\"SearchAction\",\"target\":{\"@type\":\"EntryPoint\",\"urlTemplate\":\"https:\\\/\\\/svkirchzarten.de\\\/rad\\\/?s={search_term_string}\"},\"query-input\":{\"@type\":\"PropertyValueSpecification\",\"valueRequired\":true,\"valueName\":\"search_term_string\"}}],\"inLanguage\":\"de\"},{\"@type\":\"Organization\",\"@id\":\"https:\\\/\\\/svkirchzarten.de\\\/rad\\\/#organization\",\"name\":\"Rad\",\"url\":\"https:\\\/\\\/svkirchzarten.de\\\/rad\\\/\",\"logo\":{\"@type\":\"ImageObject\",\"inLanguage\":\"de\",\"@id\":\"https:\\\/\\\/svkirchzarten.de\\\/rad\\\/#\\\/schema\\\/logo\\\/image\\\/\",\"url\":\"https:\\\/\\\/svkirchzarten.de\\\/rad\\\/wp-content\\\/uploads\\\/sites\\\/15\\\/2021\\\/02\\\/sv-kirchzarten-logo.svg\",\"contentUrl\":\"https:\\\/\\\/svkirchzarten.de\\\/rad\\\/wp-content\\\/uploads\\\/sites\\\/15\\\/2021\\\/02\\\/sv-kirchzarten-logo.svg\",\"width\":1,\"height\":1,\"caption\":\"Rad\"},\"image\":{\"@id\":\"https:\\\/\\\/svkirchzarten.de\\\/rad\\\/#\\\/schema\\\/logo\\\/image\\\/\"},\"sameAs\":[\"https:\\\/\\\/www.facebook.com\\\/svkirchzarten\\\/\"]}]}<\/script>\n<!-- \/ Yoast SEO plugin. -->","yoast_head_json":{"title":"Bikeschule und Bambini | Rad","robots":{"index":"index","follow":"follow","max-snippet":"max-snippet:-1","max-image-preview":"max-image-preview:large","max-video-preview":"max-video-preview:-1"},"canonical":"https:\/\/svkirchzarten.de\/rad\/bikeschule-und-bambini\/","og_locale":"de_DE","og_type":"article","og_title":"Bikeschule und Bambini | Rad","og_description":"[vc_row type=&#8220;in_container&#8220; full_screen_row_position=&#8220;middle&#8220; column_margin=&#8220;default&#8220; column_direction=&#8220;default&#8220; column_direction_tablet=&#8220;default&#8220; column_direction_phone=&#8220;default&#8220; scene_position=&#8220;center&#8220; text_color=&#8220;dark&#8220; text_align=&#8220;left&#8220;...","og_url":"https:\/\/svkirchzarten.de\/rad\/bikeschule-und-bambini\/","og_site_name":"Rad","article_publisher":"https:\/\/www.facebook.com\/svkirchzarten\/","article_modified_time":"2026-03-03T21:01:20+00:00","twitter_card":"summary_large_image","twitter_misc":{"Gesch\u00e4tzte Lesezeit":"4\u00a0Minuten"},"schema":{"@context":"https:\/\/schema.org","@graph":[{"@type":"WebPage","@id":"https:\/\/svkirchzarten.de\/rad\/bikeschule-und-bambini\/","url":"https:\/\/svkirchzarten.de\/rad\/bikeschule-und-bambini\/","name":"Bikeschule und Bambini | Rad","isPartOf":{"@id":"https:\/\/svkirchzarten.de\/rad\/#website"},"datePublished":"2018-05-24T12:52:52+00:00","dateModified":"2026-03-03T21:01:20+00:00","breadcrumb":{"@id":"https:\/\/svkirchzarten.de\/rad\/bikeschule-und-bambini\/#breadcrumb"},"inLanguage":"de","potentialAction":[{"@type":"ReadAction","target":["https:\/\/svkirchzarten.de\/rad\/bikeschule-und-bambini\/"]}]},{"@type":"BreadcrumbList","@id":"https:\/\/svkirchzarten.de\/rad\/bikeschule-und-bambini\/#breadcrumb","itemListElement":[{"@type":"ListItem","position":1,"name":"SV Kirchzarten","item":"https:\/\/svkirchzarten.de\/rad\/"},{"@type":"ListItem","position":2,"name":"Bikeschule und Bambini"}]},{"@type":"WebSite","@id":"https:\/\/svkirchzarten.de\/rad\/#website","url":"https:\/\/svkirchzarten.de\/rad\/","name":"Rad","description":"","publisher":{"@id":"https:\/\/svkirchzarten.de\/rad\/#organization"},"alternateName":"SV Kirchzarten Rad","potentialAction":[{"@type":"SearchAction","target":{"@type":"EntryPoint","urlTemplate":"https:\/\/svkirchzarten.de\/rad\/?s={search_term_string}"},"query-input":{"@type":"PropertyValueSpecification","valueRequired":true,"valueName":"search_term_string"}}],"inLanguage":"de"},{"@type":"Organization","@id":"https:\/\/svkirchzarten.de\/rad\/#organization","name":"Rad","url":"https:\/\/svkirchzarten.de\/rad\/","logo":{"@type":"ImageObject","inLanguage":"de","@id":"https:\/\/svkirchzarten.de\/rad\/#\/schema\/logo\/image\/","url":"https:\/\/svkirchzarten.de\/rad\/wp-content\/uploads\/sites\/15\/2021\/02\/sv-kirchzarten-logo.svg","contentUrl":"https:\/\/svkirchzarten.de\/rad\/wp-content\/uploads\/sites\/15\/2021\/02\/sv-kirchzarten-logo.svg","width":1,"height":1,"caption":"Rad"},"image":{"@id":"https:\/\/svkirchzarten.de\/rad\/#\/schema\/logo\/image\/"},"sameAs":["https:\/\/www.facebook.com\/svkirchzarten\/"]}]}},"publishpress_future_action":{"enabled":false,"date":"2026-04-29 10:45:08","action":"change-status","newStatus":"draft","terms":[],"taxonomy":"","extraData":[]},"publishpress_future_workflow_manual_trigger":{"enabledWorkflows":[]},"_links":{"self":[{"href":"https:\/\/svkirchzarten.de\/rad\/wp-json\/wp\/v2\/pages\/70","targetHints":{"allow":["GET"]}}],"collection":[{"href":"https:\/\/svkirchzarten.de\/rad\/wp-json\/wp\/v2\/pages"}],"about":[{"href":"https:\/\/svkirchzarten.de\/rad\/wp-json\/wp\/v2\/types\/page"}],"author":[{"embeddable":true,"href":"https:\/\/svkirchzarten.de\/rad\/wp-json\/wp\/v2\/users\/3"}],"replies":[{"embeddable":true,"href":"https:\/\/svkirchzarten.de\/rad\/wp-json\/wp\/v2\/comments?post=70"}],"version-history":[{"count":26,"href":"https:\/\/svkirchzarten.de\/rad\/wp-json\/wp\/v2\/pages\/70\/revisions"}],"predecessor-version":[{"id":1509,"href":"https:\/\/svkirchzarten.de\/rad\/wp-json\/wp\/v2\/pages\/70\/revisions\/1509"}],"wp:attachment":[{"href":"https:\/\/svkirchzarten.de\/rad\/wp-json\/wp\/v2\/media?parent=70"}],"curies":[{"name":"wp","href":"https:\/\/api.w.org\/{rel}","templated":true}]}}