{"id":20,"date":"2018-01-22T10:50:46","date_gmt":"2018-01-22T09:50:46","guid":{"rendered":"http:\/\/dev.svkirchzarten.de\/rad\/?page_id=20"},"modified":"2020-03-03T15:17:27","modified_gmt":"2020-03-03T14:17:27","slug":"test-hexenwald","status":"publish","type":"page","link":"https:\/\/svkirchzarten.de\/rad\/hexenwald-trailpark\/test-hexenwald\/","title":{"rendered":"Streckenplan"},"content":{"rendered":"<p><a href=\"https:\/\/svkirchzarten.de\/rad\/wp-content\/uploads\/sites\/15\/2020\/03\/Hexenwald-Trailpark-Streckenplan_web-1024x854-1.jpg\"><img loading=\"lazy\" decoding=\"async\" class=\"aligncenter size-full wp-image-462\" src=\"https:\/\/svkirchzarten.de\/rad\/wp-content\/uploads\/sites\/15\/2020\/03\/Hexenwald-Trailpark-Streckenplan_web-1024x854-1.jpg\" alt=\"\" width=\"1024\" height=\"854\" srcset=\"https:\/\/svkirchzarten.de\/rad\/wp-content\/uploads\/sites\/15\/2020\/03\/Hexenwald-Trailpark-Streckenplan_web-1024x854-1.jpg 1024w, https:\/\/svkirchzarten.de\/rad\/wp-content\/uploads\/sites\/15\/2020\/03\/Hexenwald-Trailpark-Streckenplan_web-1024x854-1-300x250.jpg 300w, https:\/\/svkirchzarten.de\/rad\/wp-content\/uploads\/sites\/15\/2020\/03\/Hexenwald-Trailpark-Streckenplan_web-1024x854-1-768x641.jpg 768w\" sizes=\"auto, (max-width: 1024px) 100vw, 1024px\" \/><\/a>Streckenplan Hexenwald Trailpark SV Kirchzarten<\/p>\n<p>&nbsp;<\/p>\n<p><strong>Bitte beachten: Parkpl\u00e4tze stehen nur am Sportgel\u00e4nde zur Verf\u00fcgung!<\/strong><\/p>\n","protected":false},"excerpt":{"rendered":"<p>Streckenplan Hexenwald Trailpark SV Kirchzarten &nbsp; Bitte beachten: Parkpl\u00e4tze stehen&#8230;<\/p>\n","protected":false},"author":3,"featured_media":0,"parent":33,"menu_order":0,"comment_status":"closed","ping_status":"closed","template":"","meta":{"footnotes":""},"class_list":["post-20","page","type-page","status-publish"],"yoast_head":"<!-- This site is optimized with the Yoast SEO plugin v27.3 - https:\/\/yoast.com\/product\/yoast-seo-wordpress\/ -->\n<title>Streckenplan | Rad<\/title>\n<meta name=\"robots\" content=\"index, follow, max-snippet:-1, max-image-preview:large, max-video-preview:-1\" \/>\n<link rel=\"canonical\" href=\"https:\/\/svkirchzarten.de\/rad\/hexenwald-trailpark\/test-hexenwald\/\" \/>\n<meta property=\"og:locale\" content=\"de_DE\" \/>\n<meta property=\"og:type\" content=\"article\" \/>\n<meta property=\"og:title\" content=\"Streckenplan | Rad\" \/>\n<meta property=\"og:description\" content=\"Streckenplan Hexenwald Trailpark SV Kirchzarten &nbsp; Bitte beachten: Parkpl\u00e4tze stehen...\" \/>\n<meta property=\"og:url\" content=\"https:\/\/svkirchzarten.de\/rad\/hexenwald-trailpark\/test-hexenwald\/\" \/>\n<meta property=\"og:site_name\" content=\"Rad\" \/>\n<meta property=\"article:publisher\" content=\"https:\/\/www.facebook.com\/svkirchzarten\/\" \/>\n<meta property=\"article:modified_time\" content=\"2020-03-03T14:17:27+00:00\" \/>\n<meta property=\"og:image\" content=\"https:\/\/svkirchzarten.de\/rad\/wp-content\/uploads\/sites\/15\/2020\/03\/Hexenwald-Trailpark-Streckenplan_web-1024x854-1.jpg\" \/>\n<meta name=\"twitter:card\" content=\"summary_large_image\" \/>\n<script type=\"application\/ld+json\" class=\"yoast-schema-graph\">{\"@context\":\"https:\\\/\\\/schema.org\",\"@graph\":[{\"@type\":\"WebPage\",\"@id\":\"https:\\\/\\\/svkirchzarten.de\\\/rad\\\/hexenwald-trailpark\\\/test-hexenwald\\\/\",\"url\":\"https:\\\/\\\/svkirchzarten.de\\\/rad\\\/hexenwald-trailpark\\\/test-hexenwald\\\/\",\"name\":\"Streckenplan | Rad\",\"isPartOf\":{\"@id\":\"https:\\\/\\\/svkirchzarten.de\\\/rad\\\/#website\"},\"primaryImageOfPage\":{\"@id\":\"https:\\\/\\\/svkirchzarten.de\\\/rad\\\/hexenwald-trailpark\\\/test-hexenwald\\\/#primaryimage\"},\"image\":{\"@id\":\"https:\\\/\\\/svkirchzarten.de\\\/rad\\\/hexenwald-trailpark\\\/test-hexenwald\\\/#primaryimage\"},\"thumbnailUrl\":\"https:\\\/\\\/svkirchzarten.de\\\/rad\\\/wp-content\\\/uploads\\\/sites\\\/15\\\/2020\\\/03\\\/Hexenwald-Trailpark-Streckenplan_web-1024x854-1.jpg\",\"datePublished\":\"2018-01-22T09:50:46+00:00\",\"dateModified\":\"2020-03-03T14:17:27+00:00\",\"breadcrumb\":{\"@id\":\"https:\\\/\\\/svkirchzarten.de\\\/rad\\\/hexenwald-trailpark\\\/test-hexenwald\\\/#breadcrumb\"},\"inLanguage\":\"de\",\"potentialAction\":[{\"@type\":\"ReadAction\",\"target\":[\"https:\\\/\\\/svkirchzarten.de\\\/rad\\\/hexenwald-trailpark\\\/test-hexenwald\\\/\"]}]},{\"@type\":\"ImageObject\",\"inLanguage\":\"de\",\"@id\":\"https:\\\/\\\/svkirchzarten.de\\\/rad\\\/hexenwald-trailpark\\\/test-hexenwald\\\/#primaryimage\",\"url\":\"https:\\\/\\\/svkirchzarten.de\\\/rad\\\/wp-content\\\/uploads\\\/sites\\\/15\\\/2020\\\/03\\\/Hexenwald-Trailpark-Streckenplan_web-1024x854-1.jpg\",\"contentUrl\":\"https:\\\/\\\/svkirchzarten.de\\\/rad\\\/wp-content\\\/uploads\\\/sites\\\/15\\\/2020\\\/03\\\/Hexenwald-Trailpark-Streckenplan_web-1024x854-1.jpg\",\"width\":1024,\"height\":854},{\"@type\":\"BreadcrumbList\",\"@id\":\"https:\\\/\\\/svkirchzarten.de\\\/rad\\\/hexenwald-trailpark\\\/test-hexenwald\\\/#breadcrumb\",\"itemListElement\":[{\"@type\":\"ListItem\",\"position\":1,\"name\":\"SV Kirchzarten\",\"item\":\"https:\\\/\\\/svkirchzarten.de\\\/rad\\\/\"},{\"@type\":\"ListItem\",\"position\":2,\"name\":\"Hexenwald-Trailpark\",\"item\":\"https:\\\/\\\/svkirchzarten.de\\\/rad\\\/hexenwald-trailpark\\\/\"},{\"@type\":\"ListItem\",\"position\":3,\"name\":\"Streckenplan\"}]},{\"@type\":\"WebSite\",\"@id\":\"https:\\\/\\\/svkirchzarten.de\\\/rad\\\/#website\",\"url\":\"https:\\\/\\\/svkirchzarten.de\\\/rad\\\/\",\"name\":\"Rad\",\"description\":\"\",\"publisher\":{\"@id\":\"https:\\\/\\\/svkirchzarten.de\\\/rad\\\/#organization\"},\"alternateName\":\"SV Kirchzarten Rad\",\"potentialAction\":[{\"@type\":\"SearchAction\",\"target\":{\"@type\":\"EntryPoint\",\"urlTemplate\":\"https:\\\/\\\/svkirchzarten.de\\\/rad\\\/?s={search_term_string}\"},\"query-input\":{\"@type\":\"PropertyValueSpecification\",\"valueRequired\":true,\"valueName\":\"search_term_string\"}}],\"inLanguage\":\"de\"},{\"@type\":\"Organization\",\"@id\":\"https:\\\/\\\/svkirchzarten.de\\\/rad\\\/#organization\",\"name\":\"Rad\",\"url\":\"https:\\\/\\\/svkirchzarten.de\\\/rad\\\/\",\"logo\":{\"@type\":\"ImageObject\",\"inLanguage\":\"de\",\"@id\":\"https:\\\/\\\/svkirchzarten.de\\\/rad\\\/#\\\/schema\\\/logo\\\/image\\\/\",\"url\":\"https:\\\/\\\/svkirchzarten.de\\\/rad\\\/wp-content\\\/uploads\\\/sites\\\/15\\\/2021\\\/02\\\/sv-kirchzarten-logo.svg\",\"contentUrl\":\"https:\\\/\\\/svkirchzarten.de\\\/rad\\\/wp-content\\\/uploads\\\/sites\\\/15\\\/2021\\\/02\\\/sv-kirchzarten-logo.svg\",\"width\":1,\"height\":1,\"caption\":\"Rad\"},\"image\":{\"@id\":\"https:\\\/\\\/svkirchzarten.de\\\/rad\\\/#\\\/schema\\\/logo\\\/image\\\/\"},\"sameAs\":[\"https:\\\/\\\/www.facebook.com\\\/svkirchzarten\\\/\"]}]}<\/script>\n<!-- \/ Yoast SEO plugin. -->","yoast_head_json":{"title":"Streckenplan | Rad","robots":{"index":"index","follow":"follow","max-snippet":"max-snippet:-1","max-image-preview":"max-image-preview:large","max-video-preview":"max-video-preview:-1"},"canonical":"https:\/\/svkirchzarten.de\/rad\/hexenwald-trailpark\/test-hexenwald\/","og_locale":"de_DE","og_type":"article","og_title":"Streckenplan | Rad","og_description":"Streckenplan Hexenwald Trailpark SV Kirchzarten &nbsp; Bitte beachten: Parkpl\u00e4tze stehen...","og_url":"https:\/\/svkirchzarten.de\/rad\/hexenwald-trailpark\/test-hexenwald\/","og_site_name":"Rad","article_publisher":"https:\/\/www.facebook.com\/svkirchzarten\/","article_modified_time":"2020-03-03T14:17:27+00:00","og_image":[{"url":"https:\/\/svkirchzarten.de\/rad\/wp-content\/uploads\/sites\/15\/2020\/03\/Hexenwald-Trailpark-Streckenplan_web-1024x854-1.jpg","type":"","width":"","height":""}],"twitter_card":"summary_large_image","schema":{"@context":"https:\/\/schema.org","@graph":[{"@type":"WebPage","@id":"https:\/\/svkirchzarten.de\/rad\/hexenwald-trailpark\/test-hexenwald\/","url":"https:\/\/svkirchzarten.de\/rad\/hexenwald-trailpark\/test-hexenwald\/","name":"Streckenplan | Rad","isPartOf":{"@id":"https:\/\/svkirchzarten.de\/rad\/#website"},"primaryImageOfPage":{"@id":"https:\/\/svkirchzarten.de\/rad\/hexenwald-trailpark\/test-hexenwald\/#primaryimage"},"image":{"@id":"https:\/\/svkirchzarten.de\/rad\/hexenwald-trailpark\/test-hexenwald\/#primaryimage"},"thumbnailUrl":"https:\/\/svkirchzarten.de\/rad\/wp-content\/uploads\/sites\/15\/2020\/03\/Hexenwald-Trailpark-Streckenplan_web-1024x854-1.jpg","datePublished":"2018-01-22T09:50:46+00:00","dateModified":"2020-03-03T14:17:27+00:00","breadcrumb":{"@id":"https:\/\/svkirchzarten.de\/rad\/hexenwald-trailpark\/test-hexenwald\/#breadcrumb"},"inLanguage":"de","potentialAction":[{"@type":"ReadAction","target":["https:\/\/svkirchzarten.de\/rad\/hexenwald-trailpark\/test-hexenwald\/"]}]},{"@type":"ImageObject","inLanguage":"de","@id":"https:\/\/svkirchzarten.de\/rad\/hexenwald-trailpark\/test-hexenwald\/#primaryimage","url":"https:\/\/svkirchzarten.de\/rad\/wp-content\/uploads\/sites\/15\/2020\/03\/Hexenwald-Trailpark-Streckenplan_web-1024x854-1.jpg","contentUrl":"https:\/\/svkirchzarten.de\/rad\/wp-content\/uploads\/sites\/15\/2020\/03\/Hexenwald-Trailpark-Streckenplan_web-1024x854-1.jpg","width":1024,"height":854},{"@type":"BreadcrumbList","@id":"https:\/\/svkirchzarten.de\/rad\/hexenwald-trailpark\/test-hexenwald\/#breadcrumb","itemListElement":[{"@type":"ListItem","position":1,"name":"SV Kirchzarten","item":"https:\/\/svkirchzarten.de\/rad\/"},{"@type":"ListItem","position":2,"name":"Hexenwald-Trailpark","item":"https:\/\/svkirchzarten.de\/rad\/hexenwald-trailpark\/"},{"@type":"ListItem","position":3,"name":"Streckenplan"}]},{"@type":"WebSite","@id":"https:\/\/svkirchzarten.de\/rad\/#website","url":"https:\/\/svkirchzarten.de\/rad\/","name":"Rad","description":"","publisher":{"@id":"https:\/\/svkirchzarten.de\/rad\/#organization"},"alternateName":"SV Kirchzarten Rad","potentialAction":[{"@type":"SearchAction","target":{"@type":"EntryPoint","urlTemplate":"https:\/\/svkirchzarten.de\/rad\/?s={search_term_string}"},"query-input":{"@type":"PropertyValueSpecification","valueRequired":true,"valueName":"search_term_string"}}],"inLanguage":"de"},{"@type":"Organization","@id":"https:\/\/svkirchzarten.de\/rad\/#organization","name":"Rad","url":"https:\/\/svkirchzarten.de\/rad\/","logo":{"@type":"ImageObject","inLanguage":"de","@id":"https:\/\/svkirchzarten.de\/rad\/#\/schema\/logo\/image\/","url":"https:\/\/svkirchzarten.de\/rad\/wp-content\/uploads\/sites\/15\/2021\/02\/sv-kirchzarten-logo.svg","contentUrl":"https:\/\/svkirchzarten.de\/rad\/wp-content\/uploads\/sites\/15\/2021\/02\/sv-kirchzarten-logo.svg","width":1,"height":1,"caption":"Rad"},"image":{"@id":"https:\/\/svkirchzarten.de\/rad\/#\/schema\/logo\/image\/"},"sameAs":["https:\/\/www.facebook.com\/svkirchzarten\/"]}]}},"publishpress_future_action":{"enabled":false,"date":"2026-04-20 15:14:37","action":"change-status","newStatus":"draft","terms":[],"taxonomy":"","extraData":[]},"publishpress_future_workflow_manual_trigger":{"enabledWorkflows":[]},"_links":{"self":[{"href":"https:\/\/svkirchzarten.de\/rad\/wp-json\/wp\/v2\/pages\/20","targetHints":{"allow":["GET"]}}],"collection":[{"href":"https:\/\/svkirchzarten.de\/rad\/wp-json\/wp\/v2\/pages"}],"about":[{"href":"https:\/\/svkirchzarten.de\/rad\/wp-json\/wp\/v2\/types\/page"}],"author":[{"embeddable":true,"href":"https:\/\/svkirchzarten.de\/rad\/wp-json\/wp\/v2\/users\/3"}],"replies":[{"embeddable":true,"href":"https:\/\/svkirchzarten.de\/rad\/wp-json\/wp\/v2\/comments?post=20"}],"version-history":[{"count":0,"href":"https:\/\/svkirchzarten.de\/rad\/wp-json\/wp\/v2\/pages\/20\/revisions"}],"up":[{"embeddable":true,"href":"https:\/\/svkirchzarten.de\/rad\/wp-json\/wp\/v2\/pages\/33"}],"wp:attachment":[{"href":"https:\/\/svkirchzarten.de\/rad\/wp-json\/wp\/v2\/media?parent=20"}],"curies":[{"name":"wp","href":"https:\/\/api.w.org\/{rel}","templated":true}]}}