{"id":1481,"date":"2025-12-30T12:27:50","date_gmt":"2025-12-30T11:27:50","guid":{"rendered":"https:\/\/svkirchzarten.de\/rad\/?page_id=1481"},"modified":"2026-01-04T10:58:09","modified_gmt":"2026-01-04T09:58:09","slug":"bikeschule-girls-only","status":"publish","type":"page","link":"https:\/\/svkirchzarten.de\/rad\/bikeschule-und-bambini\/bikeschule-girls-only\/","title":{"rendered":"Bikeschule GIRLS ONLY"},"content":{"rendered":"[vc_row type=&#8220;in_container&#8220; full_screen_row_position=&#8220;middle&#8220; column_margin=&#8220;default&#8220; column_direction=&#8220;default&#8220; column_direction_tablet=&#8220;default&#8220; column_direction_phone=&#8220;default&#8220; scene_position=&#8220;center&#8220; text_color=&#8220;dark&#8220; text_align=&#8220;left&#8220; row_border_radius=&#8220;none&#8220; row_border_radius_applies=&#8220;bg&#8220; overflow=&#8220;visible&#8220; overlay_strength=&#8220;0.3&#8243; gradient_direction=&#8220;left_to_right&#8220; shape_divider_position=&#8220;bottom&#8220; bg_image_animation=&#8220;none&#8220;][vc_column column_padding=&#8220;no-extra-padding&#8220; column_padding_tablet=&#8220;inherit&#8220; column_padding_phone=&#8220;inherit&#8220; column_padding_position=&#8220;all&#8220; column_element_direction_desktop=&#8220;default&#8220; column_element_spacing=&#8220;default&#8220; desktop_text_alignment=&#8220;default&#8220; tablet_text_alignment=&#8220;default&#8220; phone_text_alignment=&#8220;default&#8220; background_color_opacity=&#8220;1&#8243; background_hover_color_opacity=&#8220;1&#8243; column_backdrop_filter=&#8220;none&#8220; column_shadow=&#8220;none&#8220; column_border_radius=&#8220;none&#8220; column_link_target=&#8220;_self&#8220; column_position=&#8220;default&#8220; gradient_direction=&#8220;left_to_right&#8220; overlay_strength=&#8220;0.3&#8243; width=&#8220;1\/1&#8243; tablet_width_inherit=&#8220;default&#8220; animation_type=&#8220;default&#8220; bg_image_animation=&#8220;none&#8220; border_type=&#8220;simple&#8220; column_border_width=&#8220;none&#8220; column_border_style=&#8220;solid&#8220;][vc_column_text css=&#8220;&#8220; text_direction=&#8220;default&#8220;]\n<h4><strong>MTB Training f\u00fcr Sch\u00fclerinnen und Jugendliche<\/strong><\/h4>\n<p><strong><span style=\"color: #cc0000\">\u00bb<\/span> Mindestalter: <\/strong>M\u00e4dchen, die zum 30.06.25 das 6. Lebensjahr vollendet haben.<br \/>\n<strong><span style=\"color: #cc0000\">\u00bb<\/span> Zeitpunkt: <\/strong>Montags, 17:30 Uhr bis 19:00 Uhr. Start ab dem 13. April 2026<br \/>\n<strong><span style=\"color: #cc0000\">\u00bb <\/span>M\u00e4dchengruppe<\/strong><\/p>\n<p>Die M\u00e4dchengruppe der Bikeschule. F\u00fcr alle M\u00e4dchen, die beim Mountainbiken lieber unter sich bleiben m\u00f6chten.<\/p>\n<p>Ab dem Grundschulalter treffen sich M\u00e4dchen in der Bikeschule zum gemeinsamen Mountainbiken. Die Teilnehmerinnen brauchen keine Vorerfahrungen. Voraussetzung ist jedoch ein funktionst\u00fcchtiges Mountainbike. In den altersgerechten Gruppen lernen die Bikesch\u00fclerinnen den sicheren und r\u00fccksichtsvollen Umgang mit dem Mountainbike. Dabei steht die Freude am Sport und das gemeinsame sowie respektvolle Erlebnis in der Natur im Vordergrund.<\/p>\n<p>Das Training f\u00fcr die Sch\u00fclerinnen startet an den Kurstagen um 17:30 Uhr an der Pyramide am Schulzentrum und dauert 1,5 Stunden. Die Gruppen sind auf 10 Teilnehmerinnen begrenzt und werden von jeweils zwei \u00dcbungsleiter*innen betreut. Info \u00fcber die Gruppeneinteilung und zum Treffpunkt erfolgt kurzfristig vor Kursbeginn per E-Mail. Was man f\u00fcr die Teilnahme sonst noch wissen sollte, ist der <a href=\"https:\/\/svkirchzarten.de\/rad\/wp-content\/uploads\/sites\/15\/2025\/12\/Elterninfo_Bikeschule_2026.pdf\" target=\"_blank\" rel=\"noopener\"><strong>Elterninfo<\/strong><\/a> zu entnehmen. Bitte diese unbedingt <u>vor<\/u> der Anmeldung durchlesen.[\/vc_column_text][\/vc_column][\/vc_row][vc_row type=&#8220;in_container&#8220; full_screen_row_position=&#8220;middle&#8220; column_margin=&#8220;default&#8220; column_direction=&#8220;default&#8220; column_direction_tablet=&#8220;default&#8220; column_direction_phone=&#8220;default&#8220; scene_position=&#8220;center&#8220; text_color=&#8220;dark&#8220; text_align=&#8220;left&#8220; row_border_radius=&#8220;none&#8220; row_border_radius_applies=&#8220;bg&#8220; overflow=&#8220;visible&#8220; overlay_strength=&#8220;0.3&#8243; gradient_direction=&#8220;left_to_right&#8220; shape_divider_position=&#8220;bottom&#8220; bg_image_animation=&#8220;none&#8220;][vc_column column_padding=&#8220;no-extra-padding&#8220; column_padding_tablet=&#8220;inherit&#8220; column_padding_phone=&#8220;inherit&#8220; column_padding_position=&#8220;all&#8220; column_element_direction_desktop=&#8220;default&#8220; column_element_spacing=&#8220;default&#8220; desktop_text_alignment=&#8220;default&#8220; tablet_text_alignment=&#8220;default&#8220; phone_text_alignment=&#8220;default&#8220; background_color_opacity=&#8220;1&#8243; background_hover_color_opacity=&#8220;1&#8243; column_backdrop_filter=&#8220;none&#8220; column_shadow=&#8220;none&#8220; column_border_radius=&#8220;none&#8220; column_link_target=&#8220;_self&#8220; column_position=&#8220;default&#8220; gradient_direction=&#8220;left_to_right&#8220; overlay_strength=&#8220;0.3&#8243; width=&#8220;1\/1&#8243; tablet_width_inherit=&#8220;default&#8220; animation_type=&#8220;default&#8220; bg_image_animation=&#8220;none&#8220; border_type=&#8220;simple&#8220; column_border_width=&#8220;none&#8220; column_border_style=&#8220;solid&#8220;][vc_column_text css=&#8220;&#8220; text_direction=&#8220;default&#8220;]\n<h4>Anmeldung Bikeschule GIRLS ONY<\/h4>\n[\/vc_column_text][\/vc_column][\/vc_row][vc_row type=&#8220;in_container&#8220; full_screen_row_position=&#8220;middle&#8220; column_margin=&#8220;default&#8220; column_direction=&#8220;default&#8220; column_direction_tablet=&#8220;default&#8220; column_direction_phone=&#8220;default&#8220; scene_position=&#8220;center&#8220; text_color=&#8220;dark&#8220; text_align=&#8220;left&#8220; row_border_radius=&#8220;none&#8220; row_border_radius_applies=&#8220;bg&#8220; overflow=&#8220;visible&#8220; overlay_strength=&#8220;0.3&#8243; gradient_direction=&#8220;left_to_right&#8220; shape_divider_position=&#8220;bottom&#8220; bg_image_animation=&#8220;none&#8220;][vc_column column_padding=&#8220;no-extra-padding&#8220; column_padding_tablet=&#8220;inherit&#8220; column_padding_phone=&#8220;inherit&#8220; column_padding_position=&#8220;all&#8220; column_element_direction_desktop=&#8220;default&#8220; column_element_spacing=&#8220;default&#8220; desktop_text_alignment=&#8220;default&#8220; tablet_text_alignment=&#8220;default&#8220; phone_text_alignment=&#8220;default&#8220; background_color_opacity=&#8220;1&#8243; background_hover_color_opacity=&#8220;1&#8243; column_backdrop_filter=&#8220;none&#8220; column_shadow=&#8220;none&#8220; column_border_radius=&#8220;none&#8220; column_link_target=&#8220;_self&#8220; column_position=&#8220;default&#8220; gradient_direction=&#8220;left_to_right&#8220; overlay_strength=&#8220;0.3&#8243; width=&#8220;1\/1&#8243; tablet_width_inherit=&#8220;default&#8220; animation_type=&#8220;default&#8220; bg_image_animation=&#8220;none&#8220; border_type=&#8220;simple&#8220; column_border_width=&#8220;none&#8220; column_border_style=&#8220;solid&#8220;][vc_raw_js]JTNDaWZyYW1lJTIwaWQlM0QlMjI2MWVmYTRlNzhmOGJlODA3NzI3YTI1YmIlMjIlMjB3aWR0aCUzRCUyMjEwMCUyNSUyMiUyMGhlaWdodCUzRCUyMjE1MCUyMiUyMGNsYXNzJTNEJTIyeW9sYXdvLXdpZGdldCUyMiUyMGFsbG93JTNEJTIycGF5bWVudCUyMiUyMHNyYyUzRCUyMmh0dHBzJTNBJTJGJTJGd2lkZ2V0cy55b2xhd28uZGUlMkZ3JTJGNjFlZmE0ZTc4ZjhiZTgwNzcyN2EyNWJiJTIyJTIwZnJhbWVib3JkZXIlM0QlMjIwJTIyJTIwZGF0YS1vZmZzZXQteCUzRCUyMjUwJTIyJTIwc2Nyb2xsaW5nJTNEJTIybm8lMjIlM0UlM0MlMkZpZnJhbWUlM0UlM0NzY3JpcHQlMjB0eXBlJTNEJTIydGV4dCUyRmphdmFzY3JpcHQlMjIlMjBzcmMlM0QlMjJodHRwcyUzQSUyRiUyRndpZGdldHMueW9sYXdvLmRlJTJGYXNzZXRzJTJGc2NyaXB0LmpzJTIyJTNFJTNDJTJGc2NyaXB0JTNF[\/vc_raw_js][\/vc_column][\/vc_row]\n","protected":false},"excerpt":{"rendered":"<p>[vc_row type=&#8220;in_container&#8220; full_screen_row_position=&#8220;middle&#8220; column_margin=&#8220;default&#8220; column_direction=&#8220;default&#8220; column_direction_tablet=&#8220;default&#8220; column_direction_phone=&#8220;default&#8220; scene_position=&#8220;center&#8220; text_color=&#8220;dark&#8220; text_align=&#8220;left&#8220;&#8230;<\/p>\n","protected":false},"author":28,"featured_media":0,"parent":70,"menu_order":0,"comment_status":"closed","ping_status":"closed","template":"","meta":{"footnotes":""},"class_list":["post-1481","page","type-page","status-publish"],"yoast_head":"<!-- This site is optimized with the Yoast SEO plugin v27.4 - https:\/\/yoast.com\/product\/yoast-seo-wordpress\/ -->\n<title>Bikeschule GIRLS ONLY | Rad<\/title>\n<meta name=\"robots\" content=\"index, follow, max-snippet:-1, max-image-preview:large, max-video-preview:-1\" \/>\n<link rel=\"canonical\" href=\"https:\/\/svkirchzarten.de\/rad\/bikeschule-und-bambini\/bikeschule-girls-only\/\" \/>\n<meta property=\"og:locale\" content=\"de_DE\" \/>\n<meta property=\"og:type\" content=\"article\" \/>\n<meta property=\"og:title\" content=\"Bikeschule GIRLS ONLY | Rad\" \/>\n<meta property=\"og:description\" content=\"[vc_row type=&#8220;in_container&#8220; full_screen_row_position=&#8220;middle&#8220; column_margin=&#8220;default&#8220; column_direction=&#8220;default&#8220; column_direction_tablet=&#8220;default&#8220; column_direction_phone=&#8220;default&#8220; scene_position=&#8220;center&#8220; text_color=&#8220;dark&#8220; text_align=&#8220;left&#8220;...\" \/>\n<meta property=\"og:url\" content=\"https:\/\/svkirchzarten.de\/rad\/bikeschule-und-bambini\/bikeschule-girls-only\/\" \/>\n<meta property=\"og:site_name\" content=\"Rad\" \/>\n<meta property=\"article:publisher\" content=\"https:\/\/www.facebook.com\/svkirchzarten\/\" \/>\n<meta property=\"article:modified_time\" content=\"2026-01-04T09:58:09+00:00\" \/>\n<meta name=\"twitter:card\" content=\"summary_large_image\" \/>\n<meta name=\"twitter:label1\" content=\"Gesch\u00e4tzte Lesezeit\" \/>\n\t<meta name=\"twitter:data1\" content=\"1\u00a0Minute\" \/>\n<script type=\"application\/ld+json\" class=\"yoast-schema-graph\">{\"@context\":\"https:\\\/\\\/schema.org\",\"@graph\":[{\"@type\":\"WebPage\",\"@id\":\"https:\\\/\\\/svkirchzarten.de\\\/rad\\\/bikeschule-und-bambini\\\/bikeschule-girls-only\\\/\",\"url\":\"https:\\\/\\\/svkirchzarten.de\\\/rad\\\/bikeschule-und-bambini\\\/bikeschule-girls-only\\\/\",\"name\":\"Bikeschule GIRLS ONLY | Rad\",\"isPartOf\":{\"@id\":\"https:\\\/\\\/svkirchzarten.de\\\/rad\\\/#website\"},\"datePublished\":\"2025-12-30T11:27:50+00:00\",\"dateModified\":\"2026-01-04T09:58:09+00:00\",\"breadcrumb\":{\"@id\":\"https:\\\/\\\/svkirchzarten.de\\\/rad\\\/bikeschule-und-bambini\\\/bikeschule-girls-only\\\/#breadcrumb\"},\"inLanguage\":\"de\",\"potentialAction\":[{\"@type\":\"ReadAction\",\"target\":[\"https:\\\/\\\/svkirchzarten.de\\\/rad\\\/bikeschule-und-bambini\\\/bikeschule-girls-only\\\/\"]}]},{\"@type\":\"BreadcrumbList\",\"@id\":\"https:\\\/\\\/svkirchzarten.de\\\/rad\\\/bikeschule-und-bambini\\\/bikeschule-girls-only\\\/#breadcrumb\",\"itemListElement\":[{\"@type\":\"ListItem\",\"position\":1,\"name\":\"SV Kirchzarten\",\"item\":\"https:\\\/\\\/svkirchzarten.de\\\/rad\\\/\"},{\"@type\":\"ListItem\",\"position\":2,\"name\":\"Bikeschule und Bambini\",\"item\":\"https:\\\/\\\/svkirchzarten.de\\\/rad\\\/bikeschule-und-bambini\\\/\"},{\"@type\":\"ListItem\",\"position\":3,\"name\":\"Bikeschule GIRLS ONLY\"}]},{\"@type\":\"WebSite\",\"@id\":\"https:\\\/\\\/svkirchzarten.de\\\/rad\\\/#website\",\"url\":\"https:\\\/\\\/svkirchzarten.de\\\/rad\\\/\",\"name\":\"Rad\",\"description\":\"\",\"publisher\":{\"@id\":\"https:\\\/\\\/svkirchzarten.de\\\/rad\\\/#organization\"},\"alternateName\":\"SV Kirchzarten Rad\",\"potentialAction\":[{\"@type\":\"SearchAction\",\"target\":{\"@type\":\"EntryPoint\",\"urlTemplate\":\"https:\\\/\\\/svkirchzarten.de\\\/rad\\\/?s={search_term_string}\"},\"query-input\":{\"@type\":\"PropertyValueSpecification\",\"valueRequired\":true,\"valueName\":\"search_term_string\"}}],\"inLanguage\":\"de\"},{\"@type\":\"Organization\",\"@id\":\"https:\\\/\\\/svkirchzarten.de\\\/rad\\\/#organization\",\"name\":\"Rad\",\"url\":\"https:\\\/\\\/svkirchzarten.de\\\/rad\\\/\",\"logo\":{\"@type\":\"ImageObject\",\"inLanguage\":\"de\",\"@id\":\"https:\\\/\\\/svkirchzarten.de\\\/rad\\\/#\\\/schema\\\/logo\\\/image\\\/\",\"url\":\"https:\\\/\\\/svkirchzarten.de\\\/rad\\\/wp-content\\\/uploads\\\/sites\\\/15\\\/2021\\\/02\\\/sv-kirchzarten-logo.svg\",\"contentUrl\":\"https:\\\/\\\/svkirchzarten.de\\\/rad\\\/wp-content\\\/uploads\\\/sites\\\/15\\\/2021\\\/02\\\/sv-kirchzarten-logo.svg\",\"width\":1,\"height\":1,\"caption\":\"Rad\"},\"image\":{\"@id\":\"https:\\\/\\\/svkirchzarten.de\\\/rad\\\/#\\\/schema\\\/logo\\\/image\\\/\"},\"sameAs\":[\"https:\\\/\\\/www.facebook.com\\\/svkirchzarten\\\/\"]}]}<\/script>\n<!-- \/ Yoast SEO plugin. -->","yoast_head_json":{"title":"Bikeschule GIRLS ONLY | Rad","robots":{"index":"index","follow":"follow","max-snippet":"max-snippet:-1","max-image-preview":"max-image-preview:large","max-video-preview":"max-video-preview:-1"},"canonical":"https:\/\/svkirchzarten.de\/rad\/bikeschule-und-bambini\/bikeschule-girls-only\/","og_locale":"de_DE","og_type":"article","og_title":"Bikeschule GIRLS ONLY | Rad","og_description":"[vc_row type=&#8220;in_container&#8220; full_screen_row_position=&#8220;middle&#8220; column_margin=&#8220;default&#8220; column_direction=&#8220;default&#8220; column_direction_tablet=&#8220;default&#8220; column_direction_phone=&#8220;default&#8220; scene_position=&#8220;center&#8220; text_color=&#8220;dark&#8220; text_align=&#8220;left&#8220;...","og_url":"https:\/\/svkirchzarten.de\/rad\/bikeschule-und-bambini\/bikeschule-girls-only\/","og_site_name":"Rad","article_publisher":"https:\/\/www.facebook.com\/svkirchzarten\/","article_modified_time":"2026-01-04T09:58:09+00:00","twitter_card":"summary_large_image","twitter_misc":{"Gesch\u00e4tzte Lesezeit":"1\u00a0Minute"},"schema":{"@context":"https:\/\/schema.org","@graph":[{"@type":"WebPage","@id":"https:\/\/svkirchzarten.de\/rad\/bikeschule-und-bambini\/bikeschule-girls-only\/","url":"https:\/\/svkirchzarten.de\/rad\/bikeschule-und-bambini\/bikeschule-girls-only\/","name":"Bikeschule GIRLS ONLY | Rad","isPartOf":{"@id":"https:\/\/svkirchzarten.de\/rad\/#website"},"datePublished":"2025-12-30T11:27:50+00:00","dateModified":"2026-01-04T09:58:09+00:00","breadcrumb":{"@id":"https:\/\/svkirchzarten.de\/rad\/bikeschule-und-bambini\/bikeschule-girls-only\/#breadcrumb"},"inLanguage":"de","potentialAction":[{"@type":"ReadAction","target":["https:\/\/svkirchzarten.de\/rad\/bikeschule-und-bambini\/bikeschule-girls-only\/"]}]},{"@type":"BreadcrumbList","@id":"https:\/\/svkirchzarten.de\/rad\/bikeschule-und-bambini\/bikeschule-girls-only\/#breadcrumb","itemListElement":[{"@type":"ListItem","position":1,"name":"SV Kirchzarten","item":"https:\/\/svkirchzarten.de\/rad\/"},{"@type":"ListItem","position":2,"name":"Bikeschule und Bambini","item":"https:\/\/svkirchzarten.de\/rad\/bikeschule-und-bambini\/"},{"@type":"ListItem","position":3,"name":"Bikeschule GIRLS ONLY"}]},{"@type":"WebSite","@id":"https:\/\/svkirchzarten.de\/rad\/#website","url":"https:\/\/svkirchzarten.de\/rad\/","name":"Rad","description":"","publisher":{"@id":"https:\/\/svkirchzarten.de\/rad\/#organization"},"alternateName":"SV Kirchzarten Rad","potentialAction":[{"@type":"SearchAction","target":{"@type":"EntryPoint","urlTemplate":"https:\/\/svkirchzarten.de\/rad\/?s={search_term_string}"},"query-input":{"@type":"PropertyValueSpecification","valueRequired":true,"valueName":"search_term_string"}}],"inLanguage":"de"},{"@type":"Organization","@id":"https:\/\/svkirchzarten.de\/rad\/#organization","name":"Rad","url":"https:\/\/svkirchzarten.de\/rad\/","logo":{"@type":"ImageObject","inLanguage":"de","@id":"https:\/\/svkirchzarten.de\/rad\/#\/schema\/logo\/image\/","url":"https:\/\/svkirchzarten.de\/rad\/wp-content\/uploads\/sites\/15\/2021\/02\/sv-kirchzarten-logo.svg","contentUrl":"https:\/\/svkirchzarten.de\/rad\/wp-content\/uploads\/sites\/15\/2021\/02\/sv-kirchzarten-logo.svg","width":1,"height":1,"caption":"Rad"},"image":{"@id":"https:\/\/svkirchzarten.de\/rad\/#\/schema\/logo\/image\/"},"sameAs":["https:\/\/www.facebook.com\/svkirchzarten\/"]}]}},"publishpress_future_action":{"enabled":false,"date":"2026-05-03 12:22:00","action":"change-status","newStatus":"draft","terms":[],"taxonomy":"","extraData":[]},"publishpress_future_workflow_manual_trigger":{"enabledWorkflows":[]},"_links":{"self":[{"href":"https:\/\/svkirchzarten.de\/rad\/wp-json\/wp\/v2\/pages\/1481","targetHints":{"allow":["GET"]}}],"collection":[{"href":"https:\/\/svkirchzarten.de\/rad\/wp-json\/wp\/v2\/pages"}],"about":[{"href":"https:\/\/svkirchzarten.de\/rad\/wp-json\/wp\/v2\/types\/page"}],"author":[{"embeddable":true,"href":"https:\/\/svkirchzarten.de\/rad\/wp-json\/wp\/v2\/users\/28"}],"replies":[{"embeddable":true,"href":"https:\/\/svkirchzarten.de\/rad\/wp-json\/wp\/v2\/comments?post=1481"}],"version-history":[{"count":4,"href":"https:\/\/svkirchzarten.de\/rad\/wp-json\/wp\/v2\/pages\/1481\/revisions"}],"predecessor-version":[{"id":1499,"href":"https:\/\/svkirchzarten.de\/rad\/wp-json\/wp\/v2\/pages\/1481\/revisions\/1499"}],"up":[{"embeddable":true,"href":"https:\/\/svkirchzarten.de\/rad\/wp-json\/wp\/v2\/pages\/70"}],"wp:attachment":[{"href":"https:\/\/svkirchzarten.de\/rad\/wp-json\/wp\/v2\/media?parent=1481"}],"curies":[{"name":"wp","href":"https:\/\/api.w.org\/{rel}","templated":true}]}}