{"id":3107,"date":"2024-05-06T14:16:13","date_gmt":"2024-05-06T12:16:13","guid":{"rendered":"https:\/\/svkirchzarten.de\/fussball\/?page_id=3107"},"modified":"2024-05-13T16:11:52","modified_gmt":"2024-05-13T14:11:52","slug":"wir-suchen-trainerinnen","status":"publish","type":"page","link":"https:\/\/svkirchzarten.de\/fussball\/wir-suchen-trainerinnen\/","title":{"rendered":"Wir suchen Trainer:Innen"},"content":{"rendered":"[vc_row type=&#8220;in_container&#8220; full_screen_row_position=&#8220;middle&#8220; column_margin=&#8220;default&#8220; column_direction=&#8220;default&#8220; column_direction_tablet=&#8220;default&#8220; column_direction_phone=&#8220;default&#8220; scene_position=&#8220;center&#8220; text_color=&#8220;dark&#8220; text_align=&#8220;left&#8220; row_border_radius=&#8220;none&#8220; row_border_radius_applies=&#8220;bg&#8220; overflow=&#8220;visible&#8220; overlay_strength=&#8220;0.3&#8243; gradient_direction=&#8220;left_to_right&#8220; shape_divider_position=&#8220;bottom&#8220; bg_image_animation=&#8220;none&#8220;][vc_column column_padding=&#8220;no-extra-padding&#8220; column_padding_tablet=&#8220;inherit&#8220; column_padding_phone=&#8220;inherit&#8220; column_padding_position=&#8220;all&#8220; column_element_direction_desktop=&#8220;default&#8220; column_element_spacing=&#8220;default&#8220; desktop_text_alignment=&#8220;default&#8220; tablet_text_alignment=&#8220;default&#8220; phone_text_alignment=&#8220;default&#8220; background_color_opacity=&#8220;1&#8243; background_hover_color_opacity=&#8220;1&#8243; column_backdrop_filter=&#8220;none&#8220; column_shadow=&#8220;none&#8220; column_border_radius=&#8220;none&#8220; column_link_target=&#8220;_self&#8220; column_position=&#8220;default&#8220; gradient_direction=&#8220;left_to_right&#8220; overlay_strength=&#8220;0.3&#8243; width=&#8220;2\/3&#8243; tablet_width_inherit=&#8220;default&#8220; animation_type=&#8220;default&#8220; bg_image_animation=&#8220;none&#8220; border_type=&#8220;simple&#8220; column_border_width=&#8220;none&#8220; column_border_style=&#8220;solid&#8220;][vc_column_text]Wir suchen Verst\u00e4rkung f\u00fcr die SV Kickschule, die Nachwuchsmannschaften des SV Kirchzarten. Dazu geh\u00f6ren auch die verschiedenen Teams mit den Nachbarvereinen in der JFV Dreisamtal.<\/p>\n<p>Ob junges Talent oder alter Hase (m\u00e4nnlich und weiblich), der die Kickschuhe schon an den Nagel geh\u00e4ngt hat. Wenn Du schon einen Trainerlehrgang oder gar eine Lizenz hast, umso besser. Wenn nicht, dann unterst\u00fctzen wir Dich gerne bei den verschiedenen Ausbildungs- und Fortbildungsm\u00f6glichkeiten. Nicht nur durch Hospitation bei den unterschiedlichen Teams, sondern auch durch \u00dcbernahme von Ausbildungskosten und sp\u00e4ter auch durch finanzielle Aufwandsentsch\u00e4digungen f\u00fcr \u00dcbungsleiter.<\/p>\n<p>Wir geben Dir Raum f\u00fcr eine pers\u00f6nliche Entwicklung und ein eigenst\u00e4ndiges Training im Einklang mit unserer Vision der SV Kickschule.<\/p>\n<p>Dazu gibt es ein Sportgel\u00e4nde, um das uns viele Vereine beneiden. Mit drei Rasenpl\u00e4tzen, einem Kunstrasen und auch im Winter stehen f\u00fcr den Kinderfu\u00dfball Sporthallen zur Verf\u00fcgung.<\/p>\n<p>Genauer suchen wir Unterst\u00fctzung f\u00fcr diese Teams<\/p>\n<p><strong>E2-Jugend (SV Kirchzarten)<\/strong><\/p>\n<p><strong><b>C2-Jugend (Spielgemeinschaft mit SF Oberried)<\/b><\/strong><\/p>\n<p><strong>B3-Jugend (Kooperation im JFV Dreisamtal)<\/strong><\/p>\n<p>Hier kannst Du Dich bei uns melden. Wir freuen uns.[\/vc_column_text]<div class=\"wpforms-container wpforms-container-full\" id=\"wpforms-3102\"><form id=\"wpforms-form-3102\" class=\"wpforms-validate wpforms-form wpforms-ajax-form\" data-formid=\"3102\" method=\"post\" enctype=\"multipart\/form-data\" action=\"\/fussball\/wp-json\/wp\/v2\/pages\/3107\" data-token=\"1d1e9987f831949a17f59691d897197d\" data-token-time=\"1778065588\"><noscript class=\"wpforms-error-noscript\">Bitte aktiviere JavaScript in deinem Browser, um dieses Formular fertigzustellen.<\/noscript><div class=\"wpforms-field-container\"><div id=\"wpforms-3102-field_0-container\" class=\"wpforms-field wpforms-field-name\" data-field-id=\"0\"><label class=\"wpforms-field-label\">Name <span class=\"wpforms-required-label\">*<\/span><\/label><div class=\"wpforms-field-row wpforms-field-medium\"><div class=\"wpforms-field-row-block wpforms-first wpforms-one-half\"><input type=\"text\" id=\"wpforms-3102-field_0\" class=\"wpforms-field-name-first wpforms-field-required\" name=\"wpforms[fields][0][first]\" required><label for=\"wpforms-3102-field_0\" class=\"wpforms-field-sublabel after\">Vorname<\/label><\/div><div class=\"wpforms-field-row-block wpforms-one-half\"><input type=\"text\" id=\"wpforms-3102-field_0-last\" class=\"wpforms-field-name-last wpforms-field-required\" name=\"wpforms[fields][0][last]\" required><label for=\"wpforms-3102-field_0-last\" class=\"wpforms-field-sublabel after\">Nachname<\/label><\/div><\/div><\/div>\t\t<div id=\"wpforms-3102-field_3-container\"\n\t\t\tclass=\"wpforms-field wpforms-field-text\"\n\t\t\tdata-field-type=\"text\"\n\t\t\tdata-field-id=\"3\"\n\t\t\t>\n\t\t\t<label class=\"wpforms-field-label\" for=\"wpforms-3102-field_3\" >oder Sonstige E-Mail<\/label>\n\t\t\t<input type=\"text\" id=\"wpforms-3102-field_3\" class=\"wpforms-field-medium\" name=\"wpforms[fields][3]\" >\n\t\t<\/div>\n\t\t<div id=\"wpforms-3102-field_10-container\" class=\"wpforms-field wpforms-field-select wpforms-field-select-style-classic\" data-field-id=\"10\"><label class=\"wpforms-field-label\" for=\"wpforms-3102-field_10\">Geschlecht <span class=\"wpforms-required-label\">*<\/span><\/label><select id=\"wpforms-3102-field_10\" class=\"wpforms-field-medium wpforms-field-required\" name=\"wpforms[fields][10]\" required=\"required\"><option value=\"\" class=\"placeholder\" disabled  selected='selected'>Bitte w\u00e4hlen<\/option><option value=\"M\u00e4nnlich\"  class=\"choice-1 depth-1\"  >M\u00e4nnlich<\/option><option value=\"Weiblich\"  class=\"choice-2 depth-1\"  >Weiblich<\/option><option value=\"Divers\"  class=\"choice-3 depth-1\"  >Divers<\/option><\/select><\/div><div id=\"wpforms-3102-field_1-container\" class=\"wpforms-field wpforms-field-email\" data-field-id=\"1\"><label class=\"wpforms-field-label\" for=\"wpforms-3102-field_1\">E-Mail <span class=\"wpforms-required-label\">*<\/span><\/label><input type=\"email\" id=\"wpforms-3102-field_1\" class=\"wpforms-field-medium wpforms-field-required\" name=\"wpforms[fields][1]\" spellcheck=\"false\" required><\/div><div id=\"wpforms-3102-field_17-container\" class=\"wpforms-field wpforms-field-text\" data-field-id=\"17\"><label class=\"wpforms-field-label\" for=\"wpforms-3102-field_17\">Aktueller Verein<\/label><input type=\"text\" id=\"wpforms-3102-field_17\" class=\"wpforms-field-medium\" name=\"wpforms[fields][17]\" ><\/div><div id=\"wpforms-3102-field_18-container\" class=\"wpforms-field wpforms-field-text\" data-field-id=\"18\"><label class=\"wpforms-field-label\" for=\"wpforms-3102-field_18\">Ich habe eine Trainerlizenz oder -zertifikat<\/label><input type=\"text\" id=\"wpforms-3102-field_18\" class=\"wpforms-field-medium\" name=\"wpforms[fields][18]\" ><\/div><div id=\"wpforms-3102-field_2-container\" class=\"wpforms-field wpforms-field-textarea\" data-field-id=\"2\"><label class=\"wpforms-field-label\" for=\"wpforms-3102-field_2\">Sonstige Anmerkungen<\/label><textarea id=\"wpforms-3102-field_2\" class=\"wpforms-field-medium\" name=\"wpforms[fields][2]\" ><\/textarea><\/div><div id=\"wpforms-3102-field_19-container\" class=\"wpforms-field wpforms-field-gdpr-checkbox\" data-field-id=\"19\"><label class=\"wpforms-field-label\">DSGVO-Einverst\u00e4ndnis <span class=\"wpforms-required-label\">*<\/span><\/label><ul id=\"wpforms-3102-field_19\" class=\"wpforms-field-required\"><li class=\"choice-1\"><input type=\"checkbox\" id=\"wpforms-3102-field_19_1\" name=\"wpforms[fields][19][]\" value=\"Ich akzeptiere die &lt;a target=&quot;_blank&quot; href=&quot;https:\/\/svkirchzarten.de\/datenschutz\/&quot;&gt;Datenschutzbedingungen&lt;\/a&gt; des SV Kirchzarten e.V.\" required ><label class=\"wpforms-field-label-inline\" for=\"wpforms-3102-field_19_1\">Ich akzeptiere die <a target=\"_blank\" href=\"https:\/\/svkirchzarten.de\/datenschutz\/\">Datenschutzbedingungen<\/a> des SV Kirchzarten e.V.<\/label><\/li><\/ul><\/div><script>\n\t\t\t\t( function() {\n\t\t\t\t\tconst style = document.createElement( 'style' );\n\t\t\t\t\tstyle.appendChild( document.createTextNode( '#wpforms-3102-field_3-container { position: absolute !important; overflow: hidden !important; display: inline !important; height: 1px !important; width: 1px !important; z-index: -1000 !important; padding: 0 !important; } #wpforms-3102-field_3-container input { visibility: hidden; } #wpforms-conversational-form-page #wpforms-3102-field_3-container label { counter-increment: none; }' ) );\n\t\t\t\t\tdocument.head.appendChild( style );\n\t\t\t\t\tdocument.currentScript?.remove();\n\t\t\t\t} )();\n\t\t\t<\/script><\/div><!-- .wpforms-field-container --><input type=\"text\" name=\"s1dqC\" value=\"\" style=\"display: none !important;\" \/><div class=\"wpforms-submit-container\" ><input type=\"hidden\" name=\"wpforms[id]\" value=\"3102\"><input type=\"hidden\" name=\"page_title\" value=\"\"><input type=\"hidden\" name=\"page_url\" value=\"https:\/\/svkirchzarten.de\/fussball\/wp-json\/wp\/v2\/pages\/3107\"><input type=\"hidden\" name=\"url_referer\" value=\"\"><button type=\"submit\" name=\"wpforms[submit]\" id=\"wpforms-submit-3102\" class=\"wpforms-submit nectar-button small regular accent-color regular-button\" data-alt-text=\"Senden\u2026\" data-submit-text=\"Absenden\" aria-live=\"assertive\" value=\"wpforms-submit\">Absenden<\/button><img loading=\"lazy\" decoding=\"async\" src=\"https:\/\/svkirchzarten.de\/fussball\/wp-content\/plugins\/wpforms-lite\/assets\/images\/submit-spin.svg\" class=\"wpforms-submit-spinner\" style=\"display: none;\" width=\"26\" height=\"26\" alt=\"Wird geladen\"><\/div><\/form><\/div>  <!-- .wpforms-container -->[\/vc_column][vc_column column_padding=&#8220;no-extra-padding&#8220; column_padding_tablet=&#8220;inherit&#8220; column_padding_phone=&#8220;inherit&#8220; column_padding_position=&#8220;all&#8220; column_element_direction_desktop=&#8220;default&#8220; column_element_spacing=&#8220;default&#8220; desktop_text_alignment=&#8220;default&#8220; tablet_text_alignment=&#8220;default&#8220; phone_text_alignment=&#8220;default&#8220; background_color_opacity=&#8220;1&#8243; background_hover_color_opacity=&#8220;1&#8243; column_backdrop_filter=&#8220;none&#8220; column_shadow=&#8220;none&#8220; column_border_radius=&#8220;none&#8220; column_link_target=&#8220;_self&#8220; column_position=&#8220;default&#8220; gradient_direction=&#8220;left_to_right&#8220; overlay_strength=&#8220;0.3&#8243; width=&#8220;1\/3&#8243; tablet_width_inherit=&#8220;default&#8220; animation_type=&#8220;default&#8220; bg_image_animation=&#8220;none&#8220; border_type=&#8220;simple&#8220; column_border_width=&#8220;none&#8220; column_border_style=&#8220;solid&#8220;][\/vc_column][\/vc_row]\n","protected":false},"excerpt":{"rendered":"<p>[vc_row type=&#8220;in_container&#8220; full_screen_row_position=&#8220;middle&#8220; column_margin=&#8220;default&#8220; column_direction=&#8220;default&#8220; column_direction_tablet=&#8220;default&#8220; column_direction_phone=&#8220;default&#8220; scene_position=&#8220;center&#8220; text_color=&#8220;dark&#8220; text_align=&#8220;left&#8220;&#8230;<\/p>\n","protected":false},"author":27,"featured_media":0,"parent":0,"menu_order":0,"comment_status":"closed","ping_status":"closed","template":"","meta":{"footnotes":""},"class_list":["post-3107","page","type-page","status-publish"],"yoast_head":"<!-- This site is optimized with the Yoast SEO plugin v27.5 - https:\/\/yoast.com\/product\/yoast-seo-wordpress\/ -->\n<title>Wir suchen Trainer:Innen | Fu\u00dfball<\/title>\n<meta name=\"robots\" content=\"index, follow, max-snippet:-1, max-image-preview:large, max-video-preview:-1\" \/>\n<link rel=\"canonical\" href=\"https:\/\/svkirchzarten.de\/fussball\/wir-suchen-trainerinnen\/\" \/>\n<meta property=\"og:locale\" content=\"de_DE\" \/>\n<meta property=\"og:type\" content=\"article\" \/>\n<meta property=\"og:title\" content=\"Wir suchen Trainer:Innen | Fu\u00dfball\" \/>\n<meta property=\"og:description\" content=\"[vc_row type=&#8220;in_container&#8220; full_screen_row_position=&#8220;middle&#8220; column_margin=&#8220;default&#8220; column_direction=&#8220;default&#8220; column_direction_tablet=&#8220;default&#8220; column_direction_phone=&#8220;default&#8220; scene_position=&#8220;center&#8220; text_color=&#8220;dark&#8220; text_align=&#8220;left&#8220;...\" \/>\n<meta property=\"og:url\" content=\"https:\/\/svkirchzarten.de\/fussball\/wir-suchen-trainerinnen\/\" \/>\n<meta property=\"og:site_name\" content=\"Fu\u00dfball\" \/>\n<meta property=\"article:modified_time\" content=\"2024-05-13T14:11:52+00:00\" \/>\n<meta name=\"twitter:card\" content=\"summary_large_image\" \/>\n<meta name=\"twitter:label1\" content=\"Gesch\u00e4tzte Lesezeit\" \/>\n\t<meta name=\"twitter:data1\" content=\"2\u00a0Minuten\" \/>\n<script type=\"application\/ld+json\" class=\"yoast-schema-graph\">{\"@context\":\"https:\\\/\\\/schema.org\",\"@graph\":[{\"@type\":\"WebPage\",\"@id\":\"https:\\\/\\\/svkirchzarten.de\\\/fussball\\\/wir-suchen-trainerinnen\\\/\",\"url\":\"https:\\\/\\\/svkirchzarten.de\\\/fussball\\\/wir-suchen-trainerinnen\\\/\",\"name\":\"Wir suchen Trainer:Innen | Fu\u00dfball\",\"isPartOf\":{\"@id\":\"https:\\\/\\\/svkirchzarten.de\\\/fussball\\\/#website\"},\"datePublished\":\"2024-05-06T12:16:13+00:00\",\"dateModified\":\"2024-05-13T14:11:52+00:00\",\"breadcrumb\":{\"@id\":\"https:\\\/\\\/svkirchzarten.de\\\/fussball\\\/wir-suchen-trainerinnen\\\/#breadcrumb\"},\"inLanguage\":\"de\",\"potentialAction\":[{\"@type\":\"ReadAction\",\"target\":[\"https:\\\/\\\/svkirchzarten.de\\\/fussball\\\/wir-suchen-trainerinnen\\\/\"]}]},{\"@type\":\"BreadcrumbList\",\"@id\":\"https:\\\/\\\/svkirchzarten.de\\\/fussball\\\/wir-suchen-trainerinnen\\\/#breadcrumb\",\"itemListElement\":[{\"@type\":\"ListItem\",\"position\":1,\"name\":\"SV Kirchzarten\",\"item\":\"https:\\\/\\\/svkirchzarten.de\\\/fussball\\\/\"},{\"@type\":\"ListItem\",\"position\":2,\"name\":\"Wir suchen Trainer:Innen\"}]},{\"@type\":\"WebSite\",\"@id\":\"https:\\\/\\\/svkirchzarten.de\\\/fussball\\\/#website\",\"url\":\"https:\\\/\\\/svkirchzarten.de\\\/fussball\\\/\",\"name\":\"SV Kirchzarten - Fu\u00dfball\",\"description\":\"Sport vereint.\",\"publisher\":{\"@id\":\"https:\\\/\\\/svkirchzarten.de\\\/fussball\\\/#organization\"},\"alternateName\":\"SV Kirchzarten - Fu\u00dfball\",\"potentialAction\":[{\"@type\":\"SearchAction\",\"target\":{\"@type\":\"EntryPoint\",\"urlTemplate\":\"https:\\\/\\\/svkirchzarten.de\\\/fussball\\\/?s={search_term_string}\"},\"query-input\":{\"@type\":\"PropertyValueSpecification\",\"valueRequired\":true,\"valueName\":\"search_term_string\"}}],\"inLanguage\":\"de\"},{\"@type\":\"Organization\",\"@id\":\"https:\\\/\\\/svkirchzarten.de\\\/fussball\\\/#organization\",\"name\":\"Fu\u00dfball\",\"url\":\"https:\\\/\\\/svkirchzarten.de\\\/fussball\\\/\",\"logo\":{\"@type\":\"ImageObject\",\"inLanguage\":\"de\",\"@id\":\"https:\\\/\\\/svkirchzarten.de\\\/fussball\\\/#\\\/schema\\\/logo\\\/image\\\/\",\"url\":\"https:\\\/\\\/svkirchzarten.de\\\/fussball\\\/wp-content\\\/uploads\\\/sites\\\/2\\\/2021\\\/02\\\/sv-kirchzarten-logo.svg\",\"contentUrl\":\"https:\\\/\\\/svkirchzarten.de\\\/fussball\\\/wp-content\\\/uploads\\\/sites\\\/2\\\/2021\\\/02\\\/sv-kirchzarten-logo.svg\",\"width\":1,\"height\":1,\"caption\":\"Fu\u00dfball\"},\"image\":{\"@id\":\"https:\\\/\\\/svkirchzarten.de\\\/fussball\\\/#\\\/schema\\\/logo\\\/image\\\/\"}}]}<\/script>\n<!-- \/ Yoast SEO plugin. -->","yoast_head_json":{"title":"Wir suchen Trainer:Innen | Fu\u00dfball","robots":{"index":"index","follow":"follow","max-snippet":"max-snippet:-1","max-image-preview":"max-image-preview:large","max-video-preview":"max-video-preview:-1"},"canonical":"https:\/\/svkirchzarten.de\/fussball\/wir-suchen-trainerinnen\/","og_locale":"de_DE","og_type":"article","og_title":"Wir suchen Trainer:Innen | Fu\u00dfball","og_description":"[vc_row type=&#8220;in_container&#8220; full_screen_row_position=&#8220;middle&#8220; column_margin=&#8220;default&#8220; column_direction=&#8220;default&#8220; column_direction_tablet=&#8220;default&#8220; column_direction_phone=&#8220;default&#8220; scene_position=&#8220;center&#8220; text_color=&#8220;dark&#8220; text_align=&#8220;left&#8220;...","og_url":"https:\/\/svkirchzarten.de\/fussball\/wir-suchen-trainerinnen\/","og_site_name":"Fu\u00dfball","article_modified_time":"2024-05-13T14:11:52+00:00","twitter_card":"summary_large_image","twitter_misc":{"Gesch\u00e4tzte Lesezeit":"2\u00a0Minuten"},"schema":{"@context":"https:\/\/schema.org","@graph":[{"@type":"WebPage","@id":"https:\/\/svkirchzarten.de\/fussball\/wir-suchen-trainerinnen\/","url":"https:\/\/svkirchzarten.de\/fussball\/wir-suchen-trainerinnen\/","name":"Wir suchen Trainer:Innen | Fu\u00dfball","isPartOf":{"@id":"https:\/\/svkirchzarten.de\/fussball\/#website"},"datePublished":"2024-05-06T12:16:13+00:00","dateModified":"2024-05-13T14:11:52+00:00","breadcrumb":{"@id":"https:\/\/svkirchzarten.de\/fussball\/wir-suchen-trainerinnen\/#breadcrumb"},"inLanguage":"de","potentialAction":[{"@type":"ReadAction","target":["https:\/\/svkirchzarten.de\/fussball\/wir-suchen-trainerinnen\/"]}]},{"@type":"BreadcrumbList","@id":"https:\/\/svkirchzarten.de\/fussball\/wir-suchen-trainerinnen\/#breadcrumb","itemListElement":[{"@type":"ListItem","position":1,"name":"SV Kirchzarten","item":"https:\/\/svkirchzarten.de\/fussball\/"},{"@type":"ListItem","position":2,"name":"Wir suchen Trainer:Innen"}]},{"@type":"WebSite","@id":"https:\/\/svkirchzarten.de\/fussball\/#website","url":"https:\/\/svkirchzarten.de\/fussball\/","name":"SV Kirchzarten - Fu\u00dfball","description":"Sport vereint.","publisher":{"@id":"https:\/\/svkirchzarten.de\/fussball\/#organization"},"alternateName":"SV Kirchzarten - Fu\u00dfball","potentialAction":[{"@type":"SearchAction","target":{"@type":"EntryPoint","urlTemplate":"https:\/\/svkirchzarten.de\/fussball\/?s={search_term_string}"},"query-input":{"@type":"PropertyValueSpecification","valueRequired":true,"valueName":"search_term_string"}}],"inLanguage":"de"},{"@type":"Organization","@id":"https:\/\/svkirchzarten.de\/fussball\/#organization","name":"Fu\u00dfball","url":"https:\/\/svkirchzarten.de\/fussball\/","logo":{"@type":"ImageObject","inLanguage":"de","@id":"https:\/\/svkirchzarten.de\/fussball\/#\/schema\/logo\/image\/","url":"https:\/\/svkirchzarten.de\/fussball\/wp-content\/uploads\/sites\/2\/2021\/02\/sv-kirchzarten-logo.svg","contentUrl":"https:\/\/svkirchzarten.de\/fussball\/wp-content\/uploads\/sites\/2\/2021\/02\/sv-kirchzarten-logo.svg","width":1,"height":1,"caption":"Fu\u00dfball"},"image":{"@id":"https:\/\/svkirchzarten.de\/fussball\/#\/schema\/logo\/image\/"}}]}},"publishpress_future_action":{"enabled":false,"date":"2026-05-13 13:06:28","action":"change-status","newStatus":"draft","terms":[],"taxonomy":"","extraData":[]},"publishpress_future_workflow_manual_trigger":{"enabledWorkflows":[]},"_links":{"self":[{"href":"https:\/\/svkirchzarten.de\/fussball\/wp-json\/wp\/v2\/pages\/3107","targetHints":{"allow":["GET"]}}],"collection":[{"href":"https:\/\/svkirchzarten.de\/fussball\/wp-json\/wp\/v2\/pages"}],"about":[{"href":"https:\/\/svkirchzarten.de\/fussball\/wp-json\/wp\/v2\/types\/page"}],"author":[{"embeddable":true,"href":"https:\/\/svkirchzarten.de\/fussball\/wp-json\/wp\/v2\/users\/27"}],"replies":[{"embeddable":true,"href":"https:\/\/svkirchzarten.de\/fussball\/wp-json\/wp\/v2\/comments?post=3107"}],"version-history":[{"count":0,"href":"https:\/\/svkirchzarten.de\/fussball\/wp-json\/wp\/v2\/pages\/3107\/revisions"}],"wp:attachment":[{"href":"https:\/\/svkirchzarten.de\/fussball\/wp-json\/wp\/v2\/media?parent=3107"}],"curies":[{"name":"wp","href":"https:\/\/api.w.org\/{rel}","templated":true}]}}