{"id":1966,"date":"2021-10-12T16:42:06","date_gmt":"2021-10-12T14:42:06","guid":{"rendered":"https:\/\/svkirchzarten.de\/fussball\/?page_id=1966"},"modified":"2024-01-15T11:05:35","modified_gmt":"2024-01-15T10:05:35","slug":"unser-konzept","status":"publish","type":"page","link":"https:\/\/svkirchzarten.de\/fussball\/jugend\/unser-konzept\/","title":{"rendered":"unser Konzept"},"content":{"rendered":"[vc_row type=&#8220;in_container&#8220; full_screen_row_position=&#8220;middle&#8220; column_margin=&#8220;default&#8220; column_direction=&#8220;default&#8220; column_direction_tablet=&#8220;default&#8220; column_direction_phone=&#8220;default&#8220; scene_position=&#8220;center&#8220; text_color=&#8220;dark&#8220; text_align=&#8220;left&#8220; row_border_radius=&#8220;none&#8220; row_border_radius_applies=&#8220;bg&#8220; overflow=&#8220;visible&#8220; overlay_strength=&#8220;0.3&#8243; gradient_direction=&#8220;left_to_right&#8220; shape_divider_position=&#8220;bottom&#8220; bg_image_animation=&#8220;none&#8220;][vc_column column_padding=&#8220;no-extra-padding&#8220; column_padding_tablet=&#8220;inherit&#8220; column_padding_phone=&#8220;inherit&#8220; column_padding_position=&#8220;all&#8220; column_element_direction_desktop=&#8220;default&#8220; column_element_spacing=&#8220;default&#8220; desktop_text_alignment=&#8220;default&#8220; tablet_text_alignment=&#8220;default&#8220; phone_text_alignment=&#8220;default&#8220; background_color_opacity=&#8220;1&#8243; background_hover_color_opacity=&#8220;1&#8243; column_backdrop_filter=&#8220;none&#8220; column_shadow=&#8220;none&#8220; column_border_radius=&#8220;none&#8220; column_link_target=&#8220;_self&#8220; column_position=&#8220;default&#8220; gradient_direction=&#8220;left_to_right&#8220; overlay_strength=&#8220;0.3&#8243; width=&#8220;1\/1&#8243; tablet_width_inherit=&#8220;default&#8220; animation_type=&#8220;default&#8220; bg_image_animation=&#8220;none&#8220; border_type=&#8220;simple&#8220; column_border_width=&#8220;none&#8220; column_border_style=&#8220;solid&#8220;][vc_column_text]Die Arbeitsgruppe &#8222;Strategie Kinder- und Jugendfu\u00dfball&#8220; hat das Konzept ab dem Juli 2018 erarbeitet. Die Arbeitsgruppe trifft sich weiterhin, um es kontinuierlich weiterzuentwickeln und den aktuellen Erfordernissen anzupassen.\u00a0<a href=\"https:\/\/svkirchzarten.de\/fussball\/wp-content\/uploads\/sites\/2\/2021\/11\/Strategie-Kinder-und-Jugendfussball_SVK_v1.1_10-21_final.pdf\">Unser gesamtes Konzept steht hier zum Download zur Verf\u00fcgung<\/a><\/p>\n<h1>Kultur und Werte<\/h1>\n<h2>Unsere Trainingskultur<\/h2>\n<p>Als Trainingskultur legen wir folgende Aspekte zugrunde:<\/p>\n<ul>\n<li>Kinder und Jugendliche stark machen und ihnen ein sch\u00fctzendes Umfeld und Spa\u00df an der sportlichen Aktivit\u00e4t bieten.<\/li>\n<li>Wir schaffen eine Atmosph\u00e4re des gegenseitigen Vertrauens und halten diese aufrecht.<\/li>\n<li>Das Kind steht im Mittelpunkt. Jedes Kind hat das Recht auf Erfolgserlebnisse.<\/li>\n<li>Wir begleiten beim Erlernen von pers\u00f6nlichen, sozialen und sportlichen Kompetenzen. Vor allem die Trainer*innen und Betreuer*innen nehmen hier eine Vorbildrolle ein.<\/li>\n<li>Die Freude am Sport ist wichtiger als das Erlernen des Sports an sich.<\/li>\n<li>Wir nutzen unterschiedliche (Lern\/Lehr-) Methoden. Je j\u00fcnger die Kinder sind, desto mehr geht es um Sport und Bewegung allgemein und weniger um fu\u00dfballspezifische Trainingsinhalte.<\/li>\n<li>Eltern und Angeh\u00f6rigen werden positiv eingebunden.<\/li>\n<\/ul>\n<h2>Unsere Trainings- und Spielprinzipien<\/h2>\n<p>Es gibt sechs Trainingsprinzipien, die f\u00fcr die Trainingsarbeit des SV Kirchzarten von hoher Bedeutung sind:<\/p>\n<h3>1. Ganzheitliche Trainingsgestaltung<\/h3>\n<p>Das Training einzelner Leistungsfaktoren wie \u201eKonditionsbolzen\u201c oder isolierte Torsch\u00fcss\u00fcbungen sind nicht mehr zeitgem\u00e4\u00df. Stattdessen soll versucht werden, \u00dcbungen und Spielformen zu w\u00e4hlen, in denen m\u00f6glichst viele Bereiche wie Technik, Ausdauer, Koordination und Taktik gleichzeitig trainiert. Bei den \u00e4lteren Jahrg\u00e4ngen und aktiven spricht man von \u201etaktischer Periodisierung\u201c.<\/p>\n<h3>2. Schwerpunktsetzung und Trainingsplanung<\/h3>\n<p>Trainer*innen sollten Schwerpunkte f\u00fcr mehrere Woche setzen und nicht in jedem Training einen neuen Schwerpunkt setzen, zum Beispiel k\u00f6nnen mehrere Wochen hintereinander unterschiedliche Schusstechniken Innenseite\/Spannsto\u00df\/rechts\/links etc. trainiert werden (aber nicht isoliert, sondern m\u00f6glichst ganzheitlich und spielerisch, siehe oben).<\/p>\n<h3>3. Maximierung von Ballkontakten<\/h3>\n<p>Vor allem bei j\u00fcngeren Jahrg\u00e4ngen, aber bis mindestens in die D-Jugend sollten die Spieler maximal viele Ballkontakte haben. Dies wird erm\u00f6glicht durch z.B. einen Ball pro Spieler, kleine Spielfelder, kleine Teams. Trainer*innen sollten sich bei Abschlussspielen zur\u00fcck- oder ganz raushalten. Gruppen- und mannschaftstaktische Einheiten beginnen fr\u00fchestens im zweiten D-Jugend-Jahrgang.<\/p>\n<h3>4. Coaching und Korrektur<\/h3>\n<p>Neben einer guten Auswahl und Aufbau von \u00dcbungen und Spielformen, hat vor allem das regelm\u00e4\u00dfige und individuelle Coaching und Korrekturen des\/der Trainer*innen eine hohe Bedeutung. Trainer*innen m\u00fcssen fr\u00fchzeitig und eng auf die korrekte Ausf\u00fchrung von Techniken achten und ihren Spielern konstruktive Tipps zur Verbesserung geben. Wichtig dabei ist jedoch, dass das Feedback nicht zu kritisch ist, sondern auch Fortschritte (egal wie klein sie erscheinen m\u00f6gen) gelobt und vom Trainer*innen hervorgehoben werden.<\/p>\n<h3>5. Viel Spielzeit in Training und Spielen<\/h3>\n<p>Jedes Kind und jeder Jugendliche hat im Training und beim Spiel einen fairen Anteil an Spielzeit.<\/p>\n<h3>6. Wechselnde Spielpositionen statt Spezialisierung<\/h3>\n<p>Im Kinderfu\u00dfball soll ganzheitlich ausgebildet werden. Aus diesem Grund m\u00fcssen die Kinder Perspektivenvielfalt erleben. Damit wird gemeint, in unterschiedlichen Rollen (Torwart, Verteidiger, St\u00fcrmer) am Spiel teilzunehmen. Bewusst wird also auf ein zu fr\u00fches Festlegen von Positionen verzichtet und auch der sp\u00e4ter potentielle Torwart soll regelm\u00e4\u00dfig auf anderen Positionen zum Einsatz kommen. Die Spezialisierung beginnt erst ab der B-Jugend, wenn langsam der \u00dcbergang in die Aktiven vorbereitet wird.<\/p>\n<h2>Methodischer Fahrplan<\/h2>\n<p>Der methodische Fahrplan gilt als Leitlinie f\u00fcr das Training und ber\u00fccksichtigt die kindliche Entwicklung. Die folgenden drei Stufen werden innerhalb einer \u00dcbung nacheinander durchgef\u00fchrt.<\/p>\n<h3><strong>Offen starten<\/strong><\/h3>\n<p>Der offene Start dient dazu, die Kinder in erster Linie abzuholen und ihnen die M\u00f6glichkeit, neue Dinge auszuprobieren, zu geben. Zudem sollen sie je nach Interesse auch unbekannte Techniken ausprobieren und entdecken.<\/p>\n<h3><strong>\u00dcben<\/strong><\/h3>\n<p>Im folgenden Teil wir die Aufmerksamkeit klar auf die Qualit\u00e4t einer Technik oder Bewegung gelegt. Die Kinder sollen diese nun durch zahlreiche Wiederholungen ausprobieren und lernen. Dabei stehen ihnen die Trainer mit Hilfestellungen und Korrekturen zur Seite.<\/p>\n<h3>Wetteifern<\/h3>\n<p>Nach der intensiven \u00dcbungsphase soll die Konzentration durch einen initiierten Wettbewerb aufrechterhalten werden. Gleichzeitig steigert sich die Intensit\u00e4t, was zum Ende einer \u00dcbung eigentlich nicht der Normalit\u00e4t entspricht.<\/p>\n<h2>Verzahnung Aktive und Jugend<\/h2>\n<p>Um die Identifikation von Jugend- und Aktivenspielern und die Zusammengeh\u00f6rigkeit in unserem Verein zu st\u00e4rken, setzen wir unterschiedliche Elemente zur Verzahnung von Jugend- und Aktivenbereich um. Uns ist es ein wichtiges Anliegen, dass diese beiden Bereiche nicht als \u201egetrennte Inseln\u201c agieren, sondern miteinander verwoben sind.<br \/>\nIn einem ersten Schritt f\u00f6rdern wir dies insbesondere durch die Einf\u00fchrung von Pa-ten: Spieler der ersten und zweiten Herrenmannschaften \u00fcbernehmen feste Patenschaften f\u00fcr einzelne Jugenden. Im Detail stellt sich das Konzept folgenderma\u00dfen dar:<\/p>\n<h3><strong>Ziel<\/strong><\/h3>\n<ul>\n<li>Vereinsbindung und Identifikation sta\u0308rken<\/li>\n<li>Engagement der Aktivenspieler sta\u0308rken<\/li>\n<li>Verzahnung Jugend und Aktive fo\u0308rdern<\/li>\n<\/ul>\n<h3><strong>Zielgruppe<\/strong><\/h3>\n<ul>\n<li>Alle Aktivenspieler*innen des Vereins als Paten<\/li>\n<li>Idealerweise ein Tandem eines Spielers der Ersten Mannschaft fu\u0308r eine Mannschaft<\/li>\n<li>Jugendmannschaften: vorerst G-Jugend bis C-Jugend: elf Mannschaften (ma\u0308nnlich), zwei Mannschaften (weiblich)<\/li>\n<\/ul>\n<h3><strong>Aufgaben<\/strong><\/h3>\n<ul>\n<li>Zwei Hospitationen zu Beginn der Saison in der Mannschaft (einfach dabei sein und<br \/>\nMannschaft kennenlernen)<\/li>\n<li>U\u0308bernahme von einem Training zweimonatlich (ab dem Jahr 2022)<\/li>\n<li>Paten besuchen jeweils ein Ligaspiel in Hin- und Ru\u0308ckrunde der Jugendmannschaft und Jugendmannschaft besucht ebenfalls ein Ligaspiel in Hin- und Ru\u0308ckrunde der Aktiven<br \/>\nDie Paten werden bei den einzelnen Jugendmannschaften vorgestellt.<\/li>\n<\/ul>\n[\/vc_column_text][\/vc_column][\/vc_row]\n","protected":false},"excerpt":{"rendered":"<p>[vc_row type=&#8220;in_container&#8220; full_screen_row_position=&#8220;middle&#8220; column_margin=&#8220;default&#8220; column_direction=&#8220;default&#8220; column_direction_tablet=&#8220;default&#8220; column_direction_phone=&#8220;default&#8220; scene_position=&#8220;center&#8220; text_color=&#8220;dark&#8220; text_align=&#8220;left&#8220;&#8230;<\/p>\n","protected":false},"author":3,"featured_media":0,"parent":1961,"menu_order":0,"comment_status":"closed","ping_status":"closed","template":"","meta":{"footnotes":""},"class_list":["post-1966","page","type-page","status-publish"],"yoast_head":"<!-- This site is optimized with the Yoast SEO plugin v27.3 - https:\/\/yoast.com\/product\/yoast-seo-wordpress\/ -->\n<title>unser Konzept | Fu\u00dfball<\/title>\n<meta name=\"robots\" content=\"index, follow, max-snippet:-1, max-image-preview:large, max-video-preview:-1\" \/>\n<link rel=\"canonical\" href=\"https:\/\/svkirchzarten.de\/fussball\/jugend\/unser-konzept\/\" \/>\n<meta property=\"og:locale\" content=\"de_DE\" \/>\n<meta property=\"og:type\" content=\"article\" \/>\n<meta property=\"og:title\" content=\"unser Konzept | Fu\u00dfball\" \/>\n<meta property=\"og:description\" content=\"[vc_row type=&#8220;in_container&#8220; full_screen_row_position=&#8220;middle&#8220; column_margin=&#8220;default&#8220; column_direction=&#8220;default&#8220; column_direction_tablet=&#8220;default&#8220; column_direction_phone=&#8220;default&#8220; scene_position=&#8220;center&#8220; text_color=&#8220;dark&#8220; text_align=&#8220;left&#8220;...\" \/>\n<meta property=\"og:url\" content=\"https:\/\/svkirchzarten.de\/fussball\/jugend\/unser-konzept\/\" \/>\n<meta property=\"og:site_name\" content=\"Fu\u00dfball\" \/>\n<meta property=\"article:modified_time\" content=\"2024-01-15T10:05:35+00:00\" \/>\n<meta name=\"twitter:card\" content=\"summary_large_image\" \/>\n<meta name=\"twitter:label1\" content=\"Gesch\u00e4tzte Lesezeit\" \/>\n\t<meta name=\"twitter:data1\" content=\"5\u00a0Minuten\" \/>\n<script type=\"application\/ld+json\" class=\"yoast-schema-graph\">{\"@context\":\"https:\\\/\\\/schema.org\",\"@graph\":[{\"@type\":\"WebPage\",\"@id\":\"https:\\\/\\\/svkirchzarten.de\\\/fussball\\\/jugend\\\/unser-konzept\\\/\",\"url\":\"https:\\\/\\\/svkirchzarten.de\\\/fussball\\\/jugend\\\/unser-konzept\\\/\",\"name\":\"unser Konzept | Fu\u00dfball\",\"isPartOf\":{\"@id\":\"https:\\\/\\\/svkirchzarten.de\\\/fussball\\\/#website\"},\"datePublished\":\"2021-10-12T14:42:06+00:00\",\"dateModified\":\"2024-01-15T10:05:35+00:00\",\"breadcrumb\":{\"@id\":\"https:\\\/\\\/svkirchzarten.de\\\/fussball\\\/jugend\\\/unser-konzept\\\/#breadcrumb\"},\"inLanguage\":\"de\",\"potentialAction\":[{\"@type\":\"ReadAction\",\"target\":[\"https:\\\/\\\/svkirchzarten.de\\\/fussball\\\/jugend\\\/unser-konzept\\\/\"]}]},{\"@type\":\"BreadcrumbList\",\"@id\":\"https:\\\/\\\/svkirchzarten.de\\\/fussball\\\/jugend\\\/unser-konzept\\\/#breadcrumb\",\"itemListElement\":[{\"@type\":\"ListItem\",\"position\":1,\"name\":\"SV Kirchzarten\",\"item\":\"https:\\\/\\\/svkirchzarten.de\\\/fussball\\\/\"},{\"@type\":\"ListItem\",\"position\":2,\"name\":\"SV Kickschule\",\"item\":\"https:\\\/\\\/svkirchzarten.de\\\/fussball\\\/jugend\\\/\"},{\"@type\":\"ListItem\",\"position\":3,\"name\":\"unser Konzept\"}]},{\"@type\":\"WebSite\",\"@id\":\"https:\\\/\\\/svkirchzarten.de\\\/fussball\\\/#website\",\"url\":\"https:\\\/\\\/svkirchzarten.de\\\/fussball\\\/\",\"name\":\"SV Kirchzarten - Fu\u00dfball\",\"description\":\"Sport vereint.\",\"publisher\":{\"@id\":\"https:\\\/\\\/svkirchzarten.de\\\/fussball\\\/#organization\"},\"alternateName\":\"SV Kirchzarten - Fu\u00dfball\",\"potentialAction\":[{\"@type\":\"SearchAction\",\"target\":{\"@type\":\"EntryPoint\",\"urlTemplate\":\"https:\\\/\\\/svkirchzarten.de\\\/fussball\\\/?s={search_term_string}\"},\"query-input\":{\"@type\":\"PropertyValueSpecification\",\"valueRequired\":true,\"valueName\":\"search_term_string\"}}],\"inLanguage\":\"de\"},{\"@type\":\"Organization\",\"@id\":\"https:\\\/\\\/svkirchzarten.de\\\/fussball\\\/#organization\",\"name\":\"Fu\u00dfball\",\"url\":\"https:\\\/\\\/svkirchzarten.de\\\/fussball\\\/\",\"logo\":{\"@type\":\"ImageObject\",\"inLanguage\":\"de\",\"@id\":\"https:\\\/\\\/svkirchzarten.de\\\/fussball\\\/#\\\/schema\\\/logo\\\/image\\\/\",\"url\":\"https:\\\/\\\/svkirchzarten.de\\\/fussball\\\/wp-content\\\/uploads\\\/sites\\\/2\\\/2021\\\/02\\\/sv-kirchzarten-logo.svg\",\"contentUrl\":\"https:\\\/\\\/svkirchzarten.de\\\/fussball\\\/wp-content\\\/uploads\\\/sites\\\/2\\\/2021\\\/02\\\/sv-kirchzarten-logo.svg\",\"width\":1,\"height\":1,\"caption\":\"Fu\u00dfball\"},\"image\":{\"@id\":\"https:\\\/\\\/svkirchzarten.de\\\/fussball\\\/#\\\/schema\\\/logo\\\/image\\\/\"}}]}<\/script>\n<!-- \/ Yoast SEO plugin. -->","yoast_head_json":{"title":"unser Konzept | Fu\u00dfball","robots":{"index":"index","follow":"follow","max-snippet":"max-snippet:-1","max-image-preview":"max-image-preview:large","max-video-preview":"max-video-preview:-1"},"canonical":"https:\/\/svkirchzarten.de\/fussball\/jugend\/unser-konzept\/","og_locale":"de_DE","og_type":"article","og_title":"unser Konzept | Fu\u00dfball","og_description":"[vc_row type=&#8220;in_container&#8220; full_screen_row_position=&#8220;middle&#8220; column_margin=&#8220;default&#8220; column_direction=&#8220;default&#8220; column_direction_tablet=&#8220;default&#8220; column_direction_phone=&#8220;default&#8220; scene_position=&#8220;center&#8220; text_color=&#8220;dark&#8220; text_align=&#8220;left&#8220;...","og_url":"https:\/\/svkirchzarten.de\/fussball\/jugend\/unser-konzept\/","og_site_name":"Fu\u00dfball","article_modified_time":"2024-01-15T10:05:35+00:00","twitter_card":"summary_large_image","twitter_misc":{"Gesch\u00e4tzte Lesezeit":"5\u00a0Minuten"},"schema":{"@context":"https:\/\/schema.org","@graph":[{"@type":"WebPage","@id":"https:\/\/svkirchzarten.de\/fussball\/jugend\/unser-konzept\/","url":"https:\/\/svkirchzarten.de\/fussball\/jugend\/unser-konzept\/","name":"unser Konzept | Fu\u00dfball","isPartOf":{"@id":"https:\/\/svkirchzarten.de\/fussball\/#website"},"datePublished":"2021-10-12T14:42:06+00:00","dateModified":"2024-01-15T10:05:35+00:00","breadcrumb":{"@id":"https:\/\/svkirchzarten.de\/fussball\/jugend\/unser-konzept\/#breadcrumb"},"inLanguage":"de","potentialAction":[{"@type":"ReadAction","target":["https:\/\/svkirchzarten.de\/fussball\/jugend\/unser-konzept\/"]}]},{"@type":"BreadcrumbList","@id":"https:\/\/svkirchzarten.de\/fussball\/jugend\/unser-konzept\/#breadcrumb","itemListElement":[{"@type":"ListItem","position":1,"name":"SV Kirchzarten","item":"https:\/\/svkirchzarten.de\/fussball\/"},{"@type":"ListItem","position":2,"name":"SV Kickschule","item":"https:\/\/svkirchzarten.de\/fussball\/jugend\/"},{"@type":"ListItem","position":3,"name":"unser Konzept"}]},{"@type":"WebSite","@id":"https:\/\/svkirchzarten.de\/fussball\/#website","url":"https:\/\/svkirchzarten.de\/fussball\/","name":"SV Kirchzarten - Fu\u00dfball","description":"Sport vereint.","publisher":{"@id":"https:\/\/svkirchzarten.de\/fussball\/#organization"},"alternateName":"SV Kirchzarten - Fu\u00dfball","potentialAction":[{"@type":"SearchAction","target":{"@type":"EntryPoint","urlTemplate":"https:\/\/svkirchzarten.de\/fussball\/?s={search_term_string}"},"query-input":{"@type":"PropertyValueSpecification","valueRequired":true,"valueName":"search_term_string"}}],"inLanguage":"de"},{"@type":"Organization","@id":"https:\/\/svkirchzarten.de\/fussball\/#organization","name":"Fu\u00dfball","url":"https:\/\/svkirchzarten.de\/fussball\/","logo":{"@type":"ImageObject","inLanguage":"de","@id":"https:\/\/svkirchzarten.de\/fussball\/#\/schema\/logo\/image\/","url":"https:\/\/svkirchzarten.de\/fussball\/wp-content\/uploads\/sites\/2\/2021\/02\/sv-kirchzarten-logo.svg","contentUrl":"https:\/\/svkirchzarten.de\/fussball\/wp-content\/uploads\/sites\/2\/2021\/02\/sv-kirchzarten-logo.svg","width":1,"height":1,"caption":"Fu\u00dfball"},"image":{"@id":"https:\/\/svkirchzarten.de\/fussball\/#\/schema\/logo\/image\/"}}]}},"publishpress_future_action":{"enabled":false,"date":"2026-04-20 12:55:33","action":"change-status","newStatus":"draft","terms":[],"taxonomy":"","extraData":[]},"publishpress_future_workflow_manual_trigger":{"enabledWorkflows":[]},"_links":{"self":[{"href":"https:\/\/svkirchzarten.de\/fussball\/wp-json\/wp\/v2\/pages\/1966","targetHints":{"allow":["GET"]}}],"collection":[{"href":"https:\/\/svkirchzarten.de\/fussball\/wp-json\/wp\/v2\/pages"}],"about":[{"href":"https:\/\/svkirchzarten.de\/fussball\/wp-json\/wp\/v2\/types\/page"}],"author":[{"embeddable":true,"href":"https:\/\/svkirchzarten.de\/fussball\/wp-json\/wp\/v2\/users\/3"}],"replies":[{"embeddable":true,"href":"https:\/\/svkirchzarten.de\/fussball\/wp-json\/wp\/v2\/comments?post=1966"}],"version-history":[{"count":0,"href":"https:\/\/svkirchzarten.de\/fussball\/wp-json\/wp\/v2\/pages\/1966\/revisions"}],"up":[{"embeddable":true,"href":"https:\/\/svkirchzarten.de\/fussball\/wp-json\/wp\/v2\/pages\/1961"}],"wp:attachment":[{"href":"https:\/\/svkirchzarten.de\/fussball\/wp-json\/wp\/v2\/media?parent=1966"}],"curies":[{"name":"wp","href":"https:\/\/api.w.org\/{rel}","templated":true}]}}