{"id":2,"date":"2017-12-11T09:38:34","date_gmt":"2017-12-11T08:38:34","guid":{"rendered":"http:\/\/dev.svkirchzarten.de\/ferienfreizeit\/?page_id=2"},"modified":"2026-04-15T15:50:36","modified_gmt":"2026-04-15T13:50:36","slug":"sv-kirchzarten-ferienfreizeit","status":"publish","type":"page","link":"https:\/\/svkirchzarten.de\/ferienfreizeit\/","title":{"rendered":"SV Kirchzarten Ferienfreizeiten"},"content":{"rendered":"[vc_row type=&#8220;in_container&#8220; full_screen_row_position=&#8220;middle&#8220; column_margin=&#8220;default&#8220; column_direction=&#8220;default&#8220; column_direction_tablet=&#8220;default&#8220; column_direction_phone=&#8220;default&#8220; scene_position=&#8220;center&#8220; text_color=&#8220;dark&#8220; text_align=&#8220;left&#8220; row_border_radius=&#8220;none&#8220; row_border_radius_applies=&#8220;bg&#8220; row_position_desktop=&#8220;default&#8220; row_position_tablet=&#8220;inherit&#8220; row_position_phone=&#8220;inherit&#8220; overflow=&#8220;visible&#8220; overlay_strength=&#8220;0.3&#8243; gradient_direction=&#8220;left_to_right&#8220; shape_divider_position=&#8220;bottom&#8220; bg_image_animation=&#8220;none&#8220;][vc_column column_padding=&#8220;no-extra-padding&#8220; column_padding_tablet=&#8220;inherit&#8220; column_padding_phone=&#8220;inherit&#8220; column_padding_position=&#8220;all&#8220; flex_gap_desktop=&#8220;10px&#8220; column_element_direction_desktop=&#8220;default&#8220; column_element_spacing=&#8220;default&#8220; desktop_text_alignment=&#8220;default&#8220; tablet_text_alignment=&#8220;default&#8220; phone_text_alignment=&#8220;default&#8220; background_color_opacity=&#8220;1&#8243; background_hover_color_opacity=&#8220;1&#8243; column_backdrop_filter=&#8220;none&#8220; column_shadow=&#8220;none&#8220; column_border_radius=&#8220;none&#8220; column_link_target=&#8220;_self&#8220; column_position=&#8220;default&#8220; gradient_direction=&#8220;left_to_right&#8220; overlay_strength=&#8220;0.3&#8243; width=&#8220;1\/1&#8243; tablet_width_inherit=&#8220;default&#8220; animation_type=&#8220;default&#8220; bg_image_animation=&#8220;none&#8220; border_type=&#8220;simple&#8220; column_border_width=&#8220;none&#8220; column_border_style=&#8220;solid&#8220;][vc_custom_heading text=&#8220;Willkommen bei den SVK-Ferienfreizeiten<br \/>\nSpiel, Sport &amp; Spa\u00df im Verein&#8220; use_theme_fonts=&#8220;yes&#8220;][\/vc_column][\/vc_row][vc_row type=&#8220;in_container&#8220; full_screen_row_position=&#8220;middle&#8220; column_margin=&#8220;default&#8220; column_direction=&#8220;default&#8220; column_direction_tablet=&#8220;default&#8220; column_direction_phone=&#8220;default&#8220; scene_position=&#8220;center&#8220; text_color=&#8220;dark&#8220; text_align=&#8220;left&#8220; row_border_radius=&#8220;none&#8220; row_border_radius_applies=&#8220;bg&#8220; row_position_desktop=&#8220;default&#8220; row_position_tablet=&#8220;inherit&#8220; row_position_phone=&#8220;inherit&#8220; overflow=&#8220;visible&#8220; overlay_strength=&#8220;0.3&#8243; gradient_direction=&#8220;left_to_right&#8220; shape_divider_color=&#8220;#cc0000&#8243; shape_divider_position=&#8220;bottom&#8220; bg_image_animation=&#8220;none&#8220; shape_type=&#8220;curve_opacity&#8220;][vc_column column_padding=&#8220;no-extra-padding&#8220; column_padding_tablet=&#8220;inherit&#8220; column_padding_phone=&#8220;inherit&#8220; column_padding_position=&#8220;all&#8220; flex_gap_desktop=&#8220;10px&#8220; column_element_direction_desktop=&#8220;default&#8220; column_element_spacing=&#8220;default&#8220; desktop_text_alignment=&#8220;default&#8220; tablet_text_alignment=&#8220;default&#8220; phone_text_alignment=&#8220;default&#8220; background_color_opacity=&#8220;1&#8243; background_hover_color_opacity=&#8220;1&#8243; column_backdrop_filter=&#8220;none&#8220; column_shadow=&#8220;none&#8220; column_border_radius=&#8220;none&#8220; column_link_target=&#8220;_self&#8220; column_position=&#8220;default&#8220; gradient_direction=&#8220;left_to_right&#8220; overlay_strength=&#8220;0.3&#8243; width=&#8220;1\/2&#8243; tablet_width_inherit=&#8220;default&#8220; animation_type=&#8220;default&#8220; bg_image_animation=&#8220;none&#8220; border_type=&#8220;simple&#8220; column_border_width=&#8220;none&#8220; column_border_style=&#8220;solid&#8220;][vc_column_text]\n<h1>Ferienfreizeiten<\/h1>\n[\/vc_column_text][divider line_type=&#8220;No Line&#8220; custom_height=&#8220;10&#8243;][fancy_box box_style=&#8220;default&#8220; icon_family=&#8220;none&#8220; image_url=&#8220;632&#8243; color=&#8220;accent-color&#8220; border_radius=&#8220;default&#8220; image_loading=&#8220;default&#8220; link_url=&#8220;https:\/\/svkirchzarten.de\/ferienfreizeit\/&#8220; min_height=&#8220;250&#8243;]\n<h3 style=\"text-align: center;\"><strong>Ferienfreizeiten<\/strong><\/h3>\n[\/fancy_box][nectar_btn size=&#8220;jumbo&#8220; button_style=&#8220;regular&#8220; button_color_2=&#8220;Accent-Color&#8220; icon_family=&#8220;default_arrow&#8220; text=&#8220;zu Ferienfreizeiten | Information und Anmeldung&#8220; url=&#8220;#101&#8243;][vc_column_text]Der SVK richtet seit 2006 regelm\u00e4\u00dfig Sport-Ferienfreizeiten f\u00fcr Kinder und Jugendliche aus. Die Organisation und Durchf\u00fchrung der Ferienfreizeiten erfolgt mit Unterst\u00fctzung der SVK-Gesch\u00e4ftsstelle durch ehrenamtliche Trainer, Betreuer und Helfer des Vereins.<\/p>\n<p>&nbsp;<\/p>\n<p>F\u00fcr Fragen wendet Ihr Euch bitte an <a href=\"mailto:ferienfreizeit@svkirchzarten.de\">ferienfreizeit@svkirchzarten.de<\/a> oder an die SVK-Gesch\u00e4ftsstelle.[\/vc_column_text][vc_column_text css=&#8220;&#8220; text_direction=&#8220;default&#8220;]\n<h3>Termine 2026<\/h3>\n<ul>\n<li>Pfingst-Ferienfreizeit | 26.05.-29.05.2026<\/li>\n<li>Sommer-Ferienfreizeit Woche 1 | 03.-07.08.2026<\/li>\n<li>Sommer-Ferienfreizeit Woche 2 | 10.-14.08.2026<\/li>\n<li>Sommer-Ferienfreizeit Woche 5 | 31.08.-04.09.2026<\/li>\n<li>Sommer-Ferienfreizeit Woche 6 | 07.-11.09.2026<\/li>\n<\/ul>\n<p>Viele Gr\u00fc\u00dfe<br \/>\nEuer SVK-Ferienfreizeit-Team[\/vc_column_text][\/vc_column][vc_column column_padding=&#8220;no-extra-padding&#8220; column_padding_tablet=&#8220;inherit&#8220; column_padding_phone=&#8220;inherit&#8220; column_padding_position=&#8220;all&#8220; flex_gap_desktop=&#8220;10px&#8220; column_element_direction_desktop=&#8220;default&#8220; column_element_spacing=&#8220;default&#8220; desktop_text_alignment=&#8220;default&#8220; tablet_text_alignment=&#8220;default&#8220; phone_text_alignment=&#8220;default&#8220; background_color_opacity=&#8220;1&#8243; background_hover_color_opacity=&#8220;1&#8243; column_backdrop_filter=&#8220;none&#8220; column_shadow=&#8220;none&#8220; column_border_radius=&#8220;none&#8220; column_link_target=&#8220;_self&#8220; column_position=&#8220;default&#8220; gradient_direction=&#8220;left_to_right&#8220; overlay_strength=&#8220;0.3&#8243; width=&#8220;1\/2&#8243; tablet_width_inherit=&#8220;default&#8220; animation_type=&#8220;default&#8220; bg_image_animation=&#8220;none&#8220; border_type=&#8220;simple&#8220; column_border_width=&#8220;none&#8220; column_border_style=&#8220;solid&#8220;][vc_column_text]\n<h1>Ballschule<\/h1>\n[\/vc_column_text][divider line_type=&#8220;No Line&#8220; custom_height=&#8220;10&#8243;][fancy_box box_style=&#8220;default&#8220; icon_family=&#8220;none&#8220; image_url=&#8220;627&#8243; color=&#8220;accent-color&#8220; border_radius=&#8220;default&#8220; image_loading=&#8220;default&#8220; link_url=&#8220;https:\/\/svkirchzarten.de\/ferienfreizeit\/ballschule&#8220; min_height=&#8220;250&#8243;]\n<h3 style=\"text-align: center;\"><strong>Ballschule<\/strong><\/h3>\n[\/fancy_box][nectar_btn size=&#8220;jumbo&#8220; button_style=&#8220;regular&#8220; button_color_2=&#8220;Accent-Color&#8220; icon_family=&#8220;default_arrow&#8220; text=&#8220;zur Ballschule | Information und Anmeldung&#8220; url=&#8220;https:\/\/svkirchzarten.de\/ferienfreizeit\/ballschule\/&#8220;][\/vc_column][\/vc_row][vc_row type=&#8220;in_container&#8220; full_screen_row_position=&#8220;middle&#8220; column_margin=&#8220;default&#8220; column_direction=&#8220;default&#8220; column_direction_tablet=&#8220;default&#8220; column_direction_phone=&#8220;default&#8220; scene_position=&#8220;center&#8220; text_color=&#8220;dark&#8220; text_align=&#8220;left&#8220; row_border_radius=&#8220;none&#8220; row_border_radius_applies=&#8220;bg&#8220; row_position_desktop=&#8220;default&#8220; row_position_tablet=&#8220;inherit&#8220; row_position_phone=&#8220;inherit&#8220; overflow=&#8220;visible&#8220; id=&#8220;101&#8243; overlay_strength=&#8220;0.3&#8243; gradient_direction=&#8220;left_to_right&#8220; shape_divider_position=&#8220;bottom&#8220; bg_image_animation=&#8220;none&#8220; shape_type=&#8220;&#8220;][vc_column column_padding=&#8220;no-extra-padding&#8220; column_padding_tablet=&#8220;inherit&#8220; column_padding_phone=&#8220;inherit&#8220; column_padding_position=&#8220;all&#8220; flex_gap_desktop=&#8220;10px&#8220; column_element_direction_desktop=&#8220;default&#8220; column_element_spacing=&#8220;default&#8220; desktop_text_alignment=&#8220;default&#8220; tablet_text_alignment=&#8220;default&#8220; phone_text_alignment=&#8220;default&#8220; background_color_opacity=&#8220;1&#8243; background_hover_color_opacity=&#8220;1&#8243; column_backdrop_filter=&#8220;none&#8220; column_shadow=&#8220;none&#8220; column_border_radius=&#8220;none&#8220; column_link_target=&#8220;_self&#8220; column_position=&#8220;default&#8220; gradient_direction=&#8220;left_to_right&#8220; overlay_strength=&#8220;0.3&#8243; width=&#8220;1\/1&#8243; tablet_width_inherit=&#8220;default&#8220; animation_type=&#8220;default&#8220; bg_image_animation=&#8220;none&#8220; border_type=&#8220;simple&#8220; column_border_width=&#8220;none&#8220; column_border_style=&#8220;solid&#8220;][vc_column_text]\n<h1>Online-Anmeldung Ferienfreizeiten<\/h1>\n[\/vc_column_text][vc_raw_js]JTNDaWZyYW1lJTIwaWQlM0QlMjI1YWM0ODRlMjRkMDgyNzA2Zjc4OWU2ODclMjIlMjB3aWR0aCUzRCUyMjEwMCUyNSUyMiUyMGhlaWdodCUzRCUyMjE1MCUyMiUyMGNsYXNzJTNEJTIyeW9sYXdvLXdpZGdldCUyMiUyMHNyYyUzRCUyMmh0dHBzJTNBJTJGJTJGd2lkZ2V0cy55b2xhd28uZGUlMkZ3JTJGNWFjNDg0ZTI0ZDA4MjcwNmY3ODllNjg3JTIyJTIwZnJhbWVib3JkZXIlM0QlMjIwJTIyJTIwZGF0YS1vZmZzZXQteCUzRCUyMjUwJTIyJTIwc2Nyb2xsaW5nJTNEJTIybm8lMjIlM0UlM0MlMkZpZnJhbWUlM0UlMEElM0NzY3JpcHQlMjB0eXBlJTNEJTIydGV4dCUyRmphdmFzY3JpcHQlMjIlMjBzcmMlM0QlMjJodHRwcyUzQSUyRiUyRndpZGdldHMueW9sYXdvLmRlJTJGYXNzZXRzJTJGc2NyaXB0LmpzJTIyJTNFJTNDJTJGc2NyaXB0JTNF[\/vc_raw_js][\/vc_column][\/vc_row][vc_row type=&#8220;in_container&#8220; full_screen_row_position=&#8220;middle&#8220; column_margin=&#8220;default&#8220; column_direction=&#8220;default&#8220; column_direction_tablet=&#8220;default&#8220; column_direction_phone=&#8220;default&#8220; scene_position=&#8220;center&#8220; text_color=&#8220;dark&#8220; text_align=&#8220;left&#8220; row_border_radius=&#8220;none&#8220; row_border_radius_applies=&#8220;bg&#8220; row_position_desktop=&#8220;default&#8220; row_position_tablet=&#8220;inherit&#8220; row_position_phone=&#8220;inherit&#8220; overflow=&#8220;visible&#8220; overlay_strength=&#8220;0.3&#8243; gradient_direction=&#8220;left_to_right&#8220; shape_divider_position=&#8220;bottom&#8220; bg_image_animation=&#8220;none&#8220;][vc_column column_padding=&#8220;no-extra-padding&#8220; column_padding_tablet=&#8220;inherit&#8220; column_padding_phone=&#8220;inherit&#8220; column_padding_position=&#8220;all&#8220; flex_gap_desktop=&#8220;10px&#8220; column_element_direction_desktop=&#8220;default&#8220; column_element_spacing=&#8220;default&#8220; desktop_text_alignment=&#8220;default&#8220; tablet_text_alignment=&#8220;default&#8220; phone_text_alignment=&#8220;default&#8220; background_color_opacity=&#8220;1&#8243; background_hover_color_opacity=&#8220;1&#8243; column_backdrop_filter=&#8220;none&#8220; column_shadow=&#8220;none&#8220; column_border_radius=&#8220;none&#8220; column_link_target=&#8220;_self&#8220; column_position=&#8220;default&#8220; gradient_direction=&#8220;left_to_right&#8220; overlay_strength=&#8220;0.3&#8243; width=&#8220;1\/1&#8243; tablet_width_inherit=&#8220;default&#8220; animation_type=&#8220;default&#8220; bg_image_animation=&#8220;none&#8220; border_type=&#8220;simple&#8220; column_border_width=&#8220;none&#8220; column_border_style=&#8220;solid&#8220;][vc_column_text]\n<h3>Die SVK-Ferienfreizeiten werden besonders unterst\u00fctzt von:<\/h3>\n[\/vc_column_text][\/vc_column][\/vc_row][vc_row type=&#8220;in_container&#8220; full_screen_row_position=&#8220;middle&#8220; column_margin=&#8220;default&#8220; column_direction=&#8220;default&#8220; column_direction_tablet=&#8220;default&#8220; column_direction_phone=&#8220;default&#8220; scene_position=&#8220;center&#8220; text_color=&#8220;dark&#8220; text_align=&#8220;left&#8220; row_border_radius=&#8220;none&#8220; row_border_radius_applies=&#8220;bg&#8220; row_position_desktop=&#8220;default&#8220; row_position_tablet=&#8220;inherit&#8220; row_position_phone=&#8220;inherit&#8220; overflow=&#8220;visible&#8220; overlay_strength=&#8220;0.3&#8243; gradient_direction=&#8220;left_to_right&#8220; shape_divider_position=&#8220;bottom&#8220; bg_image_animation=&#8220;none&#8220;][vc_column column_padding=&#8220;no-extra-padding&#8220; column_padding_tablet=&#8220;inherit&#8220; column_padding_phone=&#8220;inherit&#8220; column_padding_position=&#8220;all&#8220; flex_gap_desktop=&#8220;10px&#8220; column_element_direction_desktop=&#8220;default&#8220; column_element_spacing=&#8220;default&#8220; desktop_text_alignment=&#8220;default&#8220; tablet_text_alignment=&#8220;default&#8220; phone_text_alignment=&#8220;default&#8220; background_color_opacity=&#8220;1&#8243; background_hover_color_opacity=&#8220;1&#8243; column_backdrop_filter=&#8220;none&#8220; column_shadow=&#8220;none&#8220; column_border_radius=&#8220;none&#8220; column_link_target=&#8220;_self&#8220; column_position=&#8220;default&#8220; gradient_direction=&#8220;left_to_right&#8220; overlay_strength=&#8220;0.3&#8243; width=&#8220;1\/1&#8243; tablet_width_inherit=&#8220;default&#8220; animation_type=&#8220;default&#8220; bg_image_animation=&#8220;none&#8220; border_type=&#8220;simple&#8220; column_border_width=&#8220;none&#8220; column_border_style=&#8220;solid&#8220;][vc_gallery type=&#8220;image_grid&#8220; images=&#8220;557,559,567&#8243; image_grid_loading=&#8220;default&#8220; layout=&#8220;3&#8243; item_spacing=&#8220;default&#8220; gallery_style=&#8220;1&#8243; load_in_animation=&#8220;none&#8220; img_size=&#8220;medium&#8220;][\/vc_column][\/vc_row]\n","protected":false},"excerpt":{"rendered":"<p>[vc_row type=&#8220;in_container&#8220; full_screen_row_position=&#8220;middle&#8220; column_margin=&#8220;default&#8220; column_direction=&#8220;default&#8220; column_direction_tablet=&#8220;default&#8220; column_direction_phone=&#8220;default&#8220; scene_position=&#8220;center&#8220; text_color=&#8220;dark&#8220; text_align=&#8220;left&#8220;&#8230;<\/p>\n","protected":false},"author":1,"featured_media":0,"parent":0,"menu_order":0,"comment_status":"closed","ping_status":"closed","template":"template-home-2.php","meta":{"footnotes":""},"class_list":["post-2","page","type-page","status-publish"],"yoast_head":"<!-- This site is optimized with the Yoast SEO plugin v27.4 - https:\/\/yoast.com\/product\/yoast-seo-wordpress\/ -->\n<title>SV Kirchzarten Ferienfreizeiten<\/title>\n<meta name=\"robots\" content=\"index, follow, max-snippet:-1, max-image-preview:large, max-video-preview:-1\" \/>\n<link rel=\"canonical\" href=\"https:\/\/svkirchzarten.de\/ferienfreizeit\/\" \/>\n<meta property=\"og:locale\" content=\"de_DE\" \/>\n<meta property=\"og:type\" content=\"article\" \/>\n<meta property=\"og:title\" content=\"SV Kirchzarten Ferienfreizeiten\" \/>\n<meta property=\"og:description\" content=\"[vc_row type=&#8220;in_container&#8220; full_screen_row_position=&#8220;middle&#8220; column_margin=&#8220;default&#8220; column_direction=&#8220;default&#8220; column_direction_tablet=&#8220;default&#8220; column_direction_phone=&#8220;default&#8220; scene_position=&#8220;center&#8220; text_color=&#8220;dark&#8220; text_align=&#8220;left&#8220;...\" \/>\n<meta property=\"og:url\" content=\"https:\/\/svkirchzarten.de\/ferienfreizeit\/\" \/>\n<meta property=\"og:site_name\" content=\"Ferienfreizeiten &amp; Ballschule\" \/>\n<meta property=\"article:modified_time\" content=\"2026-04-15T13:50:36+00:00\" \/>\n<meta name=\"twitter:card\" content=\"summary_large_image\" \/>\n<meta name=\"twitter:label1\" content=\"Gesch\u00e4tzte Lesezeit\" \/>\n\t<meta name=\"twitter:data1\" content=\"2\u00a0Minuten\" \/>\n<script type=\"application\/ld+json\" class=\"yoast-schema-graph\">{\"@context\":\"https:\\\/\\\/schema.org\",\"@graph\":[{\"@type\":\"WebPage\",\"@id\":\"https:\\\/\\\/svkirchzarten.de\\\/ferienfreizeit\\\/\",\"url\":\"https:\\\/\\\/svkirchzarten.de\\\/ferienfreizeit\\\/\",\"name\":\"SV Kirchzarten Ferienfreizeiten\",\"isPartOf\":{\"@id\":\"https:\\\/\\\/svkirchzarten.de\\\/ferienfreizeit\\\/#website\"},\"datePublished\":\"2017-12-11T08:38:34+00:00\",\"dateModified\":\"2026-04-15T13:50:36+00:00\",\"breadcrumb\":{\"@id\":\"https:\\\/\\\/svkirchzarten.de\\\/ferienfreizeit\\\/#breadcrumb\"},\"inLanguage\":\"de\",\"potentialAction\":[{\"@type\":\"ReadAction\",\"target\":[\"https:\\\/\\\/svkirchzarten.de\\\/ferienfreizeit\\\/\"]}]},{\"@type\":\"BreadcrumbList\",\"@id\":\"https:\\\/\\\/svkirchzarten.de\\\/ferienfreizeit\\\/#breadcrumb\",\"itemListElement\":[{\"@type\":\"ListItem\",\"position\":1,\"name\":\"SV Kirchzarten\",\"item\":\"https:\\\/\\\/svkirchzarten.de\\\/ferienfreizeit\\\/\"},{\"@type\":\"ListItem\",\"position\":2,\"name\":\"SV Kirchzarten Ferienfreizeiten\"}]},{\"@type\":\"WebSite\",\"@id\":\"https:\\\/\\\/svkirchzarten.de\\\/ferienfreizeit\\\/#website\",\"url\":\"https:\\\/\\\/svkirchzarten.de\\\/ferienfreizeit\\\/\",\"name\":\"Ferienfreizeiten &amp; Ballschule\",\"description\":\"SV Kirchzarten Ferienfreizeiten\",\"alternateName\":\"SV Kirchzarten Ferienfreizeit\",\"potentialAction\":[{\"@type\":\"SearchAction\",\"target\":{\"@type\":\"EntryPoint\",\"urlTemplate\":\"https:\\\/\\\/svkirchzarten.de\\\/ferienfreizeit\\\/?s={search_term_string}\"},\"query-input\":{\"@type\":\"PropertyValueSpecification\",\"valueRequired\":true,\"valueName\":\"search_term_string\"}}],\"inLanguage\":\"de\"}]}<\/script>\n<!-- \/ Yoast SEO plugin. -->","yoast_head_json":{"title":"SV Kirchzarten Ferienfreizeiten","robots":{"index":"index","follow":"follow","max-snippet":"max-snippet:-1","max-image-preview":"max-image-preview:large","max-video-preview":"max-video-preview:-1"},"canonical":"https:\/\/svkirchzarten.de\/ferienfreizeit\/","og_locale":"de_DE","og_type":"article","og_title":"SV Kirchzarten Ferienfreizeiten","og_description":"[vc_row type=&#8220;in_container&#8220; full_screen_row_position=&#8220;middle&#8220; column_margin=&#8220;default&#8220; column_direction=&#8220;default&#8220; column_direction_tablet=&#8220;default&#8220; column_direction_phone=&#8220;default&#8220; scene_position=&#8220;center&#8220; text_color=&#8220;dark&#8220; text_align=&#8220;left&#8220;...","og_url":"https:\/\/svkirchzarten.de\/ferienfreizeit\/","og_site_name":"Ferienfreizeiten &amp; Ballschule","article_modified_time":"2026-04-15T13:50:36+00:00","twitter_card":"summary_large_image","twitter_misc":{"Gesch\u00e4tzte Lesezeit":"2\u00a0Minuten"},"schema":{"@context":"https:\/\/schema.org","@graph":[{"@type":"WebPage","@id":"https:\/\/svkirchzarten.de\/ferienfreizeit\/","url":"https:\/\/svkirchzarten.de\/ferienfreizeit\/","name":"SV Kirchzarten Ferienfreizeiten","isPartOf":{"@id":"https:\/\/svkirchzarten.de\/ferienfreizeit\/#website"},"datePublished":"2017-12-11T08:38:34+00:00","dateModified":"2026-04-15T13:50:36+00:00","breadcrumb":{"@id":"https:\/\/svkirchzarten.de\/ferienfreizeit\/#breadcrumb"},"inLanguage":"de","potentialAction":[{"@type":"ReadAction","target":["https:\/\/svkirchzarten.de\/ferienfreizeit\/"]}]},{"@type":"BreadcrumbList","@id":"https:\/\/svkirchzarten.de\/ferienfreizeit\/#breadcrumb","itemListElement":[{"@type":"ListItem","position":1,"name":"SV Kirchzarten","item":"https:\/\/svkirchzarten.de\/ferienfreizeit\/"},{"@type":"ListItem","position":2,"name":"SV Kirchzarten Ferienfreizeiten"}]},{"@type":"WebSite","@id":"https:\/\/svkirchzarten.de\/ferienfreizeit\/#website","url":"https:\/\/svkirchzarten.de\/ferienfreizeit\/","name":"Ferienfreizeiten &amp; Ballschule","description":"SV Kirchzarten Ferienfreizeiten","alternateName":"SV Kirchzarten Ferienfreizeit","potentialAction":[{"@type":"SearchAction","target":{"@type":"EntryPoint","urlTemplate":"https:\/\/svkirchzarten.de\/ferienfreizeit\/?s={search_term_string}"},"query-input":{"@type":"PropertyValueSpecification","valueRequired":true,"valueName":"search_term_string"}}],"inLanguage":"de"}]}},"publishpress_future_action":{"enabled":false,"date":"2026-04-27 04:10:53","action":"change-status","newStatus":"draft","terms":[],"taxonomy":"","extraData":[]},"publishpress_future_workflow_manual_trigger":{"enabledWorkflows":[]},"_links":{"self":[{"href":"https:\/\/svkirchzarten.de\/ferienfreizeit\/wp-json\/wp\/v2\/pages\/2","targetHints":{"allow":["GET"]}}],"collection":[{"href":"https:\/\/svkirchzarten.de\/ferienfreizeit\/wp-json\/wp\/v2\/pages"}],"about":[{"href":"https:\/\/svkirchzarten.de\/ferienfreizeit\/wp-json\/wp\/v2\/types\/page"}],"author":[{"embeddable":true,"href":"https:\/\/svkirchzarten.de\/ferienfreizeit\/wp-json\/wp\/v2\/users\/1"}],"replies":[{"embeddable":true,"href":"https:\/\/svkirchzarten.de\/ferienfreizeit\/wp-json\/wp\/v2\/comments?post=2"}],"version-history":[{"count":9,"href":"https:\/\/svkirchzarten.de\/ferienfreizeit\/wp-json\/wp\/v2\/pages\/2\/revisions"}],"predecessor-version":[{"id":794,"href":"https:\/\/svkirchzarten.de\/ferienfreizeit\/wp-json\/wp\/v2\/pages\/2\/revisions\/794"}],"wp:attachment":[{"href":"https:\/\/svkirchzarten.de\/ferienfreizeit\/wp-json\/wp\/v2\/media?parent=2"}],"curies":[{"name":"wp","href":"https:\/\/api.w.org\/{rel}","templated":true}]}}